{"id":1227,"date":"2018-11-30T15:46:36","date_gmt":"2018-11-30T15:46:36","guid":{"rendered":"http:\/\/conselheirolafaiete.mg.gov.br\/v1\/?page_id=1227"},"modified":"2022-03-09T16:07:23","modified_gmt":"2022-03-09T19:07:23","slug":"portaria","status":"publish","type":"page","link":"https:\/\/conselheirolafaiete.mg.gov.br\/v1\/portaria\/","title":{"rendered":"Portarias"},"content":{"rendered":"<p>\u2013 Os arquivos disponibilizados encontram-se em formato PDF.<br \/>\n\u2013 Clique sobre o t\u00edtulo para fazer o download.<\/p>\n<p><strong><a href=\"https:\/\/conselheirolafaiete.mg.gov.br\/v1\/wp-content\/uploads\/2022\/03\/PORTARIA-N\u00ba535-DE-24-DE-FEVEREIRO-DE-2022-ALTERA-A-Portaria-n\u00ba531-2022-PAD-COVID-19-CPI-02-2021.pdf\">PORTARIA N\u00ba535, DE 24 DE FEVEREIRO DE 2022- ALTERA A Portaria n\u00ba531-2022- PAD COVID 19 &#8211; CPI 02-2021<\/a><\/strong><\/p>\n<p><strong><a href=\"https:\/\/conselheirolafaiete.mg.gov.br\/v1\/wp-content\/uploads\/2022\/03\/Portaria-n\u00ba531-2022-CPROC.DISCIPLINAR-PAD-COVID-19-CPI-02-2021.pdf\">Portaria n\u00ba531-2022 &#8211; CPROC.DISCIPLINAR&#8211; PAD COVID 19 &#8211; CPI 02-2021<\/a><\/strong><\/p>\n<p><strong><a href=\"https:\/\/conselheirolafaiete.mg.gov.br\/v1\/wp-content\/uploads\/2021\/07\/Portaria-04-2021-Comissao-de-Avaliacao-de-Desempenho.pdf\">Portaria 04-2021 &#8211; Comissao de Avaliacao de Desempenho<\/a><\/strong><\/p>\n<p><strong><a href=\"https:\/\/conselheirolafaiete.mg.gov.br\/v1\/wp-content\/uploads\/2019\/01\/PORTARIA-SMS-PMCL-N\u00ba-001-DE-07-DE-JANEIRO-DE-2019-INQU\u00c9RITO-ADMINISTRATIVO-LEN\u00c7\u00d3IS-POLICL\u00cdNICA-07-12-2019-1.pdf\">PORTARIA-SMS-PMCL N\u00ba 001, DE 07 DE JANEIRO DE 2019 (INQU\u00c9RITO ADMINISTRATIVO &#8211; LEN\u00c7\u00d3IS POLICL\u00cdNICA) 07-12-2019<\/a><\/strong><\/p>\n<p><strong><a href=\"https:\/\/conselheirolafaiete.mg.gov.br\/v1\/wp-content\/uploads\/2018\/12\/portaria-753.pdf\">Portaria 753<\/a><\/strong><\/p>\n<p><strong><a href=\"https:\/\/conselheirolafaiete.mg.gov.br\/v1\/wp-content\/uploads\/2018\/11\/Portaria-de-nomea\u00e7\u00e3o-AD-SEMDEC.pdf\">Portaria de nomea\u00e7\u00e3o AD SEMDEC<\/a><\/strong><\/p>\n<p><strong><a href=\"https:\/\/conselheirolafaiete.mg.gov.br\/v1\/wp-content\/uploads\/2018\/11\/Portaria-Semed-006-17-Comiss\u00e3o-Des.Func_.Prof_.Educa\u00e7\u00e3o.pdf\">Portaria Semed 006-17-Comiss\u00e3o Des.Func.Prof.Educa\u00e7\u00e3o<\/a><\/strong><\/p>\n<p><strong><a href=\"https:\/\/conselheirolafaiete.mg.gov.br\/v1\/wp-content\/uploads\/2018\/11\/PORTARIA-356-DMTT-normas-complementares-ao-decreto-92-de-2017.pdf\">PORTARIA N\u00ba 356, DE 11 DE SETEMBRO DE 2017 \u2013 DMTT<\/a><\/strong><\/p>\n<p><strong><a href=\"https:\/\/conselheirolafaiete.mg.gov.br\/v1\/wp-content\/uploads\/2018\/11\/Portaria-Semede-005-17-Comiss\u00e3oAvalia\u00e7\u00e3o-Desempenho.pdf\">Portaria Semede 005\/17, de 06\/06\/17, que constitui e comp\u00f5e a Comiss\u00e3o de Desenvolvimento Funcional dos Profissionais da Educa\u00e7\u00e3o P\u00fablica e d\u00e1 outras provid\u00eancias.<\/a><\/strong><\/p>\n<p><strong><a href=\"https:\/\/conselheirolafaiete.mg.gov.br\/v1\/wp-content\/uploads\/2018\/11\/portaria-264-comissao-auxiliar-ps-saude-3.pdf\">PORTARIA N.\u00ba 264\/2017 Nomeia Comiss\u00e3o Complementar para aux\u00edlio a Comiss\u00e3o Coordenadora de Processo Seletivo face elevado n\u00famero de inscritos e d\u00e1 Outras Provid\u00eancias<\/a><\/strong><\/p>\n<p><strong><a href=\"https:\/\/conselheirolafaiete.mg.gov.br\/v1\/wp-content\/uploads\/2018\/11\/portaria-257-comissao-ps-saude.pdf\">Portaria N.\u00ba 257\/2017 Nomeia Comiss\u00e3o Coordenadora de Processo Seletivo e d\u00e1 outras provid\u00eancias<\/a><\/strong><\/p>\n<p><strong><a href=\"https:\/\/conselheirolafaiete.mg.gov.br\/v1\/wp-content\/uploads\/2018\/11\/PORTARIA_COMISSAO_AVALIACAO_IMOVEIS_mod.pdf\">Portaria n\u00ba002, 30 de janeiro de 2017 \u2013 SEMED<\/a><\/strong><\/p>\n<p><strong><a href=\"https:\/\/conselheirolafaiete.mg.gov.br\/v1\/wp-content\/uploads\/2018\/11\/Portaria-01-2017.pdf\">Portaria n\u00ba001, 27 de janeiro de 2017 \u2013 SEMED<\/a><\/strong><\/p>\n<p><strong><a href=\"https:\/\/conselheirolafaiete.mg.gov.br\/v1\/wp-content\/uploads\/2018\/11\/portaria_001_SEMED_de_08_de_novembro_de_2016.pdf\">Portaria n\u00ba 001, de 08 de novembro de 2016 \u2013 SEMED<\/a><\/strong><\/p>\n<p><strong><a href=\"https:\/\/conselheirolafaiete.mg.gov.br\/v1\/wp-content\/uploads\/2018\/11\/portaria_nr_1102_de_14_de_outubro_de_2016.pdf\">Portaria n\u00ba 1.102, de 14 de outubro de 2016<\/a><\/strong><\/p>\n<p><strong><a href=\"https:\/\/conselheirolafaiete.mg.gov.br\/v1\/wp-content\/uploads\/2018\/11\/portaria_nr_1100_de_11_de_outubro_de_2016.pdf\">Portaria n\u00ba 1.100, de 11 de outubro de 2016<\/a><\/strong><\/p>\n<p><strong><a href=\"https:\/\/conselheirolafaiete.mg.gov.br\/v1\/wp-content\/uploads\/2018\/11\/portaria_nr_895_de_27_de_novembro_de_2015.pdf\">Portaria n\u00ba 895, de 27 de novembro de 2015<\/a><\/strong><\/p>\n<p><strong><a href=\"https:\/\/conselheirolafaiete.mg.gov.br\/v1\/wp-content\/uploads\/2018\/11\/PORTARIA_Nr_677_DE_19_DE_AGOSTO_DE_2014.pdf\">Portaria n\u00ba 677, de 19 de agosto de 2014<\/a><\/strong><\/p>\n<p><strong><a href=\"https:\/\/conselheirolafaiete.mg.gov.br\/v1\/wp-content\/uploads\/2018\/11\/PORTARIA_Nr_676_DE_19_DE_AGOSTO_DE_2014.pdf\">Portaria n\u00ba 676, de 19 de agosto de 2014<\/a><\/strong><\/p>\n<p><strong><a href=\"https:\/\/conselheirolafaiete.mg.gov.br\/v1\/wp-content\/uploads\/2018\/11\/PORTARIA_Nr_675_DE_14_DE_AGOSTO_DE_2014.pdf\">Portaria n\u00ba 675, de 14 de agosto de 2014<\/a><\/strong><\/p>\n<p><strong><a href=\"https:\/\/conselheirolafaiete.mg.gov.br\/v1\/wp-content\/uploads\/2018\/11\/PORTARIA_Nr_674_DE_14_DE_AGOSTO_DE_2014.pdf\">Portaria n\u00ba 674, de 14 de agosto de 2014<\/a><\/strong><\/p>\n<p><strong><a href=\"https:\/\/conselheirolafaiete.mg.gov.br\/v1\/wp-content\/uploads\/2018\/11\/PORTARIA_Nr_673_DE_14_DE_AGOSTO_DE_2014.pdf\">Portaria n\u00ba 673, de 14 de agosto de 2014<\/a><\/strong><\/p>\n<p><strong><a href=\"https:\/\/conselheirolafaiete.mg.gov.br\/v1\/wp-content\/uploads\/2018\/11\/PORTARIA_Nr_671_DE_14_DE_AGOSTO_DE_2014.pdf\">Portaria n\u00ba 671, de 14 de agosto de 2014<\/a><\/strong><\/p>\n<p><strong><a href=\"https:\/\/conselheirolafaiete.mg.gov.br\/v1\/wp-content\/uploads\/2018\/11\/PORTARIA_Nr_670_DE_14_DE_AGOSTO_DE_2014.pdf\">Portaria n\u00ba 670, de 14 de agosto de 2014<\/a><\/strong><\/p>\n<p><strong><a href=\"https:\/\/conselheirolafaiete.mg.gov.br\/v1\/wp-content\/uploads\/2018\/11\/PORTARIA_Nr_669_DE_14_DE_AGOSTO_DE_2014.pdf\">Portaria n\u00ba 669, de 14 de agosto de 2014<\/a><\/strong><\/p>\n<p><strong><a href=\"https:\/\/conselheirolafaiete.mg.gov.br\/v1\/wp-content\/uploads\/2018\/11\/PORTARIA_Nr_666_DE_11_DE_AGOSTO_DE_2014.pdf\">Portaria n\u00ba 666, de 11 de agosto de 2014<\/a><\/strong><\/p>\n<p><strong><a href=\"https:\/\/conselheirolafaiete.mg.gov.br\/v1\/wp-content\/uploads\/2018\/11\/PORTARIA_Nr_665_DE_08_DE_AGOSTO_DE_2014.pdf\">Portaria n\u00ba 665, de 08 de agosto de 2014<\/a><\/strong><\/p>\n<p><strong><a href=\"https:\/\/conselheirolafaiete.mg.gov.br\/v1\/wp-content\/uploads\/2018\/11\/PORTARIA_Nr_638_DE_18_DE_JULHO_DE_2014.pdf\">Portaria n\u00ba 638, de 18 de julho de 2014<\/a><\/strong><\/p>\n<p><strong><a href=\"https:\/\/conselheirolafaiete.mg.gov.br\/v1\/wp-content\/uploads\/2018\/11\/PORTARIA_Nr_634_DE_10_DE_JUNHO_DE_2014.pdf\">Portaria n\u00ba 634, de 10 de julho de 2014<\/a><\/strong><\/p>\n<p><strong><a href=\"https:\/\/conselheirolafaiete.mg.gov.br\/v1\/wp-content\/uploads\/2018\/11\/PORTARIA_Nr_622_DE_25_DE_JUNHO_DE_2014.pdf\">Portaria n\u00ba 622, de 25 de junho de 2014<\/a><\/strong><\/p>\n<p><strong><a href=\"https:\/\/conselheirolafaiete.mg.gov.br\/v1\/wp-content\/uploads\/2018\/11\/PORTARIA_Nr_534_DE_10_DE_ABRIL_DE_2014.pdf\" target=\"_blank\" rel=\"noopener\">Portaria n\u00ba 534, de 10 de abril de 2014<\/a><\/strong><\/p>\n<p><strong><a href=\"https:\/\/conselheirolafaiete.mg.gov.br\/v1\/wp-content\/uploads\/2018\/11\/PORTARIA_Nr_519_DE_03_DE_ABRIL_DE_2014.pdf\" target=\"_blank\" rel=\"noopener\">Portaria n\u00ba 519, de 03 de abril de 2014<\/a><\/strong><\/p>\n<p><strong><a href=\"https:\/\/conselheirolafaiete.mg.gov.br\/v1\/wp-content\/uploads\/2018\/11\/PORTARIA_Nr_489_DE_24_DE_FEVEREIRO_DE_2014-1.pdf\" target=\"_blank\" rel=\"noopener\">Portaria n\u00ba 489, de 24 de fevereiro de 2014<\/a><\/strong><\/p>\n<p><strong><a href=\"https:\/\/conselheirolafaiete.mg.gov.br\/v1\/wp-content\/uploads\/2018\/11\/PORTARIA_Nr_487_DE_20_DE_FEVEREIRO_DE_2014.pdf\" target=\"_blank\" rel=\"noopener\">Portaria n\u00ba 487, de 20 de fevereiro de 2014<\/a><\/strong><\/p>\n<p><strong><a href=\"https:\/\/conselheirolafaiete.mg.gov.br\/v1\/wp-content\/uploads\/2018\/11\/PORTARIA_Nr_486_DE_17_DE_FEVEREIRO_DE_2014.pdf\" target=\"_blank\" rel=\"noopener\">Portaria n\u00ba 486, de 17 de fevereiro de 2014<\/a><\/strong><\/p>\n<p><strong><a href=\"https:\/\/conselheirolafaiete.mg.gov.br\/v1\/wp-content\/uploads\/2018\/11\/PORTARIA_Nr_485_DE_17_DE_FEVEREIRO_DE_2014.pdf\" target=\"_blank\" rel=\"noopener\">Portaria n\u00ba 485, de 17 de fevereiro de 2014<\/a><\/strong><\/p>\n<p><strong><a href=\"https:\/\/conselheirolafaiete.mg.gov.br\/v1\/wp-content\/uploads\/2018\/11\/PORTARIA_Nr_484_DE_17_DE_FEVEREIRO_DE_2014.pdf\" target=\"_blank\" rel=\"noopener\">Portaria n\u00ba 484, de 17 de fevereiro de 2014<\/a><\/strong><\/p>\n<p><strong><a href=\"https:\/\/conselheirolafaiete.mg.gov.br\/v1\/wp-content\/uploads\/2018\/11\/PORTARIA_Nr_483_DE_10_DE_FEVEREIRO_DE_2014.pdf\" target=\"_blank\" rel=\"noopener\">Portaria n\u00ba 483, de 10 de fevereiro de 2014<\/a><\/strong><\/p>\n<p><strong><a href=\"https:\/\/conselheirolafaiete.mg.gov.br\/v1\/wp-content\/uploads\/2018\/11\/PORTARIA_Nr_482_DE_13_DE_FEVEREIRO_DE_2014.pdf\" target=\"_blank\" rel=\"noopener\">Portaria n\u00ba 482, de 13 de fevereiro de 2014<\/a><\/strong><\/p>\n<p><strong><a href=\"https:\/\/conselheirolafaiete.mg.gov.br\/v1\/wp-content\/uploads\/2018\/11\/PORTARIA_Nr_481_DE_10_DE_FEVEREIRO_DE_2014.pdf\" target=\"_blank\" rel=\"noopener\">Portaria n\u00ba 481, de 10 de fevereiro de 2014<\/a><\/strong><\/p>\n<p><strong><a href=\"https:\/\/conselheirolafaiete.mg.gov.br\/v1\/wp-content\/uploads\/2018\/11\/PORTARIA_Nr_480_DE_10_DE_FEVEREIRO_DE_2014.pdf\" target=\"_blank\" rel=\"noopener\">Portaria n\u00ba 480, de 10 de fevereiro de 2014<\/a><\/strong><\/p>\n<p><strong><a href=\"https:\/\/conselheirolafaiete.mg.gov.br\/v1\/wp-content\/uploads\/2018\/11\/PORTARIA_Nr_479_DE_10_DE_FEVEREIRO_DE_2014.pdf\" target=\"_blank\" rel=\"noopener\">Portaria n\u00ba 479, de 10 de fevereiro de 2014<\/a><\/strong><\/p>\n<p><strong><a href=\"https:\/\/conselheirolafaiete.mg.gov.br\/v1\/wp-content\/uploads\/2018\/11\/PORTARIA_Nr_478_DE_10_DE_FEVEREIRO_DE_2014.pdf\" target=\"_blank\" rel=\"noopener\">Portaria n\u00ba 478, de 10 de fevereiro de 2014<\/a><\/strong><\/p>\n<p><strong><a href=\"https:\/\/conselheirolafaiete.mg.gov.br\/v1\/wp-content\/uploads\/2018\/11\/PORTARIA_Nr_477_DE_10_DE_FEVEREIRO_DE_2014.pdf\" target=\"_blank\" rel=\"noopener\">Portaria n\u00ba 477, de 10 de fevereiro de 2014<\/a><\/strong><\/p>\n<p><strong><a href=\"https:\/\/conselheirolafaiete.mg.gov.br\/v1\/wp-content\/uploads\/2018\/11\/PORTARIA_Nr_475_DE_04_DE_FEVEREIRO_DE_2014.pdf\" target=\"_blank\" rel=\"noopener\">Portaria n\u00ba 475, de 04 de fevereiro de 2014<\/a><\/strong><\/p>\n<p><strong><a href=\"https:\/\/conselheirolafaiete.mg.gov.br\/v1\/wp-content\/uploads\/2018\/11\/PORTARIA_Nr_474_DE_04_DE_FEVEREIRO_DE_2014.pdf\" target=\"_blank\" rel=\"noopener\">Portaria n\u00ba 474, de 04 de fevereiro de 2014<\/a><\/strong><\/p>\n<p><strong><a href=\"https:\/\/conselheirolafaiete.mg.gov.br\/v1\/wp-content\/uploads\/2018\/11\/PORTARIA_Nr_473_DE_04_DE_FEVEREIRO_DE_2014.pdf\" target=\"_blank\" rel=\"noopener\">Portaria n\u00ba 473, de 04 de fevereiro de 2014<\/a><\/strong><\/p>\n<p><strong><a href=\"https:\/\/conselheirolafaiete.mg.gov.br\/v1\/wp-content\/uploads\/2018\/11\/PORTARIA_Nr_471_DE_03_DE_FEVEREIRO_DE_2014.pdf\" target=\"_blank\" rel=\"noopener\">Portaria n\u00ba 471, de 03 de fevereiro de 2014<\/a><\/strong><\/p>\n<p><strong><a href=\"https:\/\/conselheirolafaiete.mg.gov.br\/v1\/wp-content\/uploads\/2018\/11\/PORTARIA_Nr_469_DE_22_DE_JANEIRO_DE_2014.pdf\" target=\"_blank\" rel=\"noopener\">Portaria n\u00ba 469, de 22 de janeiro de 2014<\/a><\/strong><\/p>\n<p><strong><a href=\"https:\/\/conselheirolafaiete.mg.gov.br\/v1\/wp-content\/uploads\/2018\/11\/PORTARIA_Nr_467_DE_13_DE_JANEIRO_DE_2014.pdf\" target=\"_blank\" rel=\"noopener\">Portaria n\u00ba 467, de 13 de janeiro de 2014<\/a><\/strong><\/p>\n<p><strong><a href=\"https:\/\/conselheirolafaiete.mg.gov.br\/v1\/wp-content\/uploads\/2018\/11\/PORTARIA_Nr_466_DE_13_DE_JANEIRO_DE_2014.pdf\" target=\"_blank\" rel=\"noopener\">Portaria n\u00ba 466, de 13 de janeiro de 2014<\/a><\/strong><\/p>\n<p><strong><a href=\"https:\/\/conselheirolafaiete.mg.gov.br\/v1\/wp-content\/uploads\/2018\/11\/PORTARIA_Nr_465_DE_06_DE_JANEIRO_DE_2014.pdf\" target=\"_blank\" rel=\"noopener\">Portaria n\u00ba 465, de 06 de janeiro de 2014<\/a><\/strong><\/p>\n<p><strong><a href=\"https:\/\/conselheirolafaiete.mg.gov.br\/v1\/wp-content\/uploads\/2018\/11\/PORTARIA_Nr_464_DE_03_DE_JANEIRO_DE_2014.pdf\" target=\"_blank\" rel=\"noopener\">Portaria n\u00ba 464, de 03 de janeiro de 2014<\/a><\/strong><\/p>\n<p><strong><a href=\"https:\/\/conselheirolafaiete.mg.gov.br\/v1\/wp-content\/uploads\/2018\/11\/PORTARIA_Nr_463_DE_03_DE_JANEIRO_DE_2014.pdf\" target=\"_blank\" rel=\"noopener\">Portaria n\u00ba 463, de 02 de janeiro de 2014<\/a><\/strong><\/p>\n<p><strong><a href=\"https:\/\/conselheirolafaiete.mg.gov.br\/v1\/wp-content\/uploads\/2018\/11\/PORTARIA_Nr_462_DE_02_DE_JANEIRO_DE_2014.pdf\" target=\"_blank\" rel=\"noopener\">Portaria n\u00ba 462, de 02 de janeiro de 2014<\/a><\/strong><\/p>\n<p><strong><a href=\"https:\/\/conselheirolafaiete.mg.gov.br\/v1\/wp-content\/uploads\/2018\/11\/PORTARIA_Nr_461_DE_30_DE_DEZEMBRO_DE_2013.pdf\" target=\"_blank\" rel=\"noopener\">Portaria n\u00ba 461, de 30 de dezembro de 2013<\/a><\/strong><\/p>\n<p><strong><a href=\"https:\/\/conselheirolafaiete.mg.gov.br\/v1\/wp-content\/uploads\/2018\/11\/PORTARIA_Nr_460_DE_30_DE_DEZEMBRO_DE_2013.pdf\" target=\"_blank\" rel=\"noopener\">Portaria n\u00ba 460, de 30 de dezembro de 2013<\/a><\/strong><\/p>\n<p>&nbsp;<\/p>\n","protected":false},"excerpt":{"rendered":"<p>\u2013 Os arquivos disponibilizados encontram-se em formato PDF. \u2013 Clique sobre o t\u00edtulo para fazer o download. PORTARIA N\u00ba535, DE 24 DE FEVEREIRO DE 2022- ALTERA A Portaria n\u00ba531-2022- PAD COVID 19 &#8211; CPI 02-2021 Portaria n\u00ba531-2022 &#8211; CPROC.DISCIPLINAR&#8211; PAD COVID 19 &#8211; CPI 02-2021 Portaria 04-2021 &#8211; Comissao de Avaliacao de Desempenho PORTARIA-SMS-PMCL N\u00ba [&hellip;]<\/p>\n","protected":false},"author":2,"featured_media":0,"parent":0,"menu_order":0,"comment_status":"closed","ping_status":"closed","template":"","meta":{"footnotes":""},"class_list":["post-1227","page","type-page","status-publish","hentry"],"_links":{"self":[{"href":"https:\/\/conselheirolafaiete.mg.gov.br\/v1\/wp-json\/wp\/v2\/pages\/1227","targetHints":{"allow":["GET"]}}],"collection":[{"href":"https:\/\/conselheirolafaiete.mg.gov.br\/v1\/wp-json\/wp\/v2\/pages"}],"about":[{"href":"https:\/\/conselheirolafaiete.mg.gov.br\/v1\/wp-json\/wp\/v2\/types\/page"}],"author":[{"embeddable":true,"href":"https:\/\/conselheirolafaiete.mg.gov.br\/v1\/wp-json\/wp\/v2\/users\/2"}],"replies":[{"embeddable":true,"href":"https:\/\/conselheirolafaiete.mg.gov.br\/v1\/wp-json\/wp\/v2\/comments?post=1227"}],"version-history":[{"count":12,"href":"https:\/\/conselheirolafaiete.mg.gov.br\/v1\/wp-json\/wp\/v2\/pages\/1227\/revisions"}],"predecessor-version":[{"id":10966,"href":"https:\/\/conselheirolafaiete.mg.gov.br\/v1\/wp-json\/wp\/v2\/pages\/1227\/revisions\/10966"}],"wp:attachment":[{"href":"https:\/\/conselheirolafaiete.mg.gov.br\/v1\/wp-json\/wp\/v2\/media?parent=1227"}],"curies":[{"name":"wp","href":"https:\/\/api.w.org\/{rel}","templated":true}]}}