{"id":1423,"date":"2018-12-03T12:56:13","date_gmt":"2018-12-03T12:56:13","guid":{"rendered":"http:\/\/conselheirolafaiete.mg.gov.br\/v1\/?page_id=1423"},"modified":"2018-12-18T17:44:05","modified_gmt":"2018-12-18T17:44:05","slug":"convocacoes-2018","status":"publish","type":"page","link":"https:\/\/conselheirolafaiete.mg.gov.br\/v1\/convocacoes-2018\/","title":{"rendered":"Convoca\u00e7\u00f5es 2018"},"content":{"rendered":"<p><a href=\"https:\/\/conselheirolafaiete.mg.gov.br\/v1\/wp-content\/uploads\/2018\/12\/OF\u00cdCIO-234-CONVOCA\u00c7\u00c3O-CONCURSO-2015.pdf\">OF\u00cdCIO 234 &#8211; CONVOCA\u00c7\u00c3O CONCURSO 2015<\/a><\/p>\n<p><a href=\"https:\/\/conselheirolafaiete.mg.gov.br\/v1\/wp-content\/uploads\/2018\/12\/02-51\u00aa-CONVOCA\u00c7\u00c3O-Concurso.pdf\">02 -51\u00aa CONVOCA\u00c7\u00c3O Concurso<\/a><\/p>\n<p><a href=\"https:\/\/conselheirolafaiete.mg.gov.br\/v1\/wp-content\/uploads\/2018\/12\/10-CONVOCA\u00c7\u00c3O-Concurso.pdf\">10 &#8211; CONVOCA\u00c7\u00c3O Concurso<\/a><\/p>\n<p><a href=\"https:\/\/conselheirolafaiete.mg.gov.br\/v1\/wp-content\/uploads\/2018\/12\/06-52\u00aa-CONVOCA\u00c7\u00c3O-Concurso.pdf\">06 -52\u00aa CONVOCA\u00c7\u00c3O Concurso<\/a><\/p>\n<p><a href=\"https:\/\/conselheirolafaiete.mg.gov.br\/v1\/wp-content\/uploads\/2018\/12\/16-CONVOCA\u00c7\u00c3O-Concurso.pdf\">16 &#8211; CONVOCA\u00c7\u00c3O Concurso<\/a><\/p>\n<p><a href=\"https:\/\/conselheirolafaiete.mg.gov.br\/v1\/wp-content\/uploads\/2018\/12\/25-CONVOCA\u00c7\u00c3O-Concurso.pdf\">25 -CONVOCA\u00c7\u00c3O Concurso<\/a><\/p>\n<p><a href=\"https:\/\/conselheirolafaiete.mg.gov.br\/v1\/wp-content\/uploads\/2018\/12\/31-CONVOCA\u00c7\u00c3O-Concurso.pdf\">31 -CONVOCA\u00c7\u00c3O Concurso<\/a><\/p>\n<p><a href=\"https:\/\/conselheirolafaiete.mg.gov.br\/v1\/wp-content\/uploads\/2018\/12\/46-CONVOCA\u00c7\u00c3O-Concurso.pdf\">46 -CONVOCA\u00c7\u00c3O Concurso<\/a><\/p>\n<p><a href=\"https:\/\/conselheirolafaiete.mg.gov.br\/v1\/wp-content\/uploads\/2018\/12\/47-CONVOCA\u00c7\u00c3O-Concurso.pdf\">47 &#8211; CONVOCA\u00c7\u00c3O Concurso<\/a><\/p>\n<p><a href=\"https:\/\/conselheirolafaiete.mg.gov.br\/v1\/wp-content\/uploads\/2018\/12\/53-CONVOCA\u00c7\u00c3O-Concurso.pdf\">53 &#8211; CONVOCA\u00c7\u00c3O Concurso<\/a><\/p>\n<p><a href=\"https:\/\/conselheirolafaiete.mg.gov.br\/v1\/wp-content\/uploads\/2018\/12\/100-CONVOCA\u00c7\u00c3O-CONCURSO-2015.pdf\">100 &#8211; CONVOCA\u00c7\u00c3O CONCURSO 2015<\/a><\/p>\n<p><a href=\"https:\/\/conselheirolafaiete.mg.gov.br\/v1\/wp-content\/uploads\/2018\/12\/106-CONVOCA\u00c7\u00c3O-PROCESSO-SELETIVO-002-SMS-2018.pdf\">106- CONVOCA\u00c7\u00c3O PROCESSO SELETIVO 002-SMS-2018<\/a><\/p>\n<p><a href=\"https:\/\/conselheirolafaiete.mg.gov.br\/v1\/wp-content\/uploads\/2018\/12\/111-CONVOCA\u00c7AO-PROCESSO-SELETIVO-001-SMS-SMDS-2017-1.pdf\">111- CONVOCA\u00c7AO PROCESSO SELETIVO 001-SMS-SMDS-2017<\/a><\/p>\n<p><a href=\"https:\/\/conselheirolafaiete.mg.gov.br\/v1\/wp-content\/uploads\/2018\/12\/115-CONVOCA\u00c7AO-PROCESSO-SELETIVO-001-SMS-SMDS-2017.pdf\">115- CONVOCA\u00c7AO PROCESSO SELETIVO 001-SMS-SMDS-2017<\/a><\/p>\n<p><a href=\"https:\/\/conselheirolafaiete.mg.gov.br\/v1\/wp-content\/uploads\/2018\/12\/130-Convoca\u00e7ao-Processo-Seletivo-001-SMS-2018.pdf\">130- Convoca\u00e7ao Processo Seletivo 001-SMS-2018<\/a><\/p>\n<p><a href=\"https:\/\/conselheirolafaiete.mg.gov.br\/v1\/wp-content\/uploads\/2018\/12\/143-CONVOCA\u00c7\u00c3O-CONCURSO-2015.pdf\">143 &#8211; CONVOCA\u00c7\u00c3O CONCURSO 2015<\/a><\/p>\n<p><a href=\"https:\/\/conselheirolafaiete.mg.gov.br\/v1\/wp-content\/uploads\/2018\/12\/148-CONVOCA\u00c7\u00c3O-CONCURSO-2015.pdf\">148 &#8211; CONVOCA\u00c7\u00c3O CONCURSO 2015<\/a><\/p>\n<p><a href=\"https:\/\/conselheirolafaiete.mg.gov.br\/v1\/wp-content\/uploads\/2018\/12\/154-CONVOCA\u00c7\u00c3O-CONCURSO-2015.pdf\">154 &#8211; CONVOCA\u00c7\u00c3O CONCURSO 2015<\/a><\/p>\n<p><a href=\"https:\/\/conselheirolafaiete.mg.gov.br\/v1\/wp-content\/uploads\/2018\/12\/164-CONVOCA\u00c7\u00c3O-CONCURSO-2015.pdf\">164 &#8211; CONVOCA\u00c7\u00c3O CONCURSO 2015<\/a><\/p>\n<p><a href=\"https:\/\/conselheirolafaiete.mg.gov.br\/v1\/wp-content\/uploads\/2018\/12\/177-CONVOCA\u00c7\u00c3O-CONCURSO-2015.pdf\">177 &#8211; CONVOCA\u00c7\u00c3O CONCURSO 2015<\/a><\/p>\n<p><a href=\"https:\/\/conselheirolafaiete.mg.gov.br\/v1\/wp-content\/uploads\/2018\/12\/187-CONVOCA\u00c7\u00c3O-CONCURSO-2015.pdf\">187 &#8211; CONVOCA\u00c7\u00c3O CONCURSO 2015<\/a><\/p>\n<p><a href=\"https:\/\/conselheirolafaiete.mg.gov.br\/v1\/wp-content\/uploads\/2018\/12\/OF\u00cdCIO-002-51\u00aa-CONVOCA\u00c7\u00c3O-CONCURSO-2015-1.pdf\">OF\u00cdCIO 002 -51\u00aa CONVOCA\u00c7\u00c3O CONCURSO 2015<\/a><\/p>\n<p><a href=\"https:\/\/conselheirolafaiete.mg.gov.br\/v1\/wp-content\/uploads\/2018\/12\/OF\u00cdCIO-046-IMPRENSA-CONVOCA\u00c7\u00c3O-Concurso-1.pdf\">OF\u00cdCIO 046 -IMPRENSA -CONVOCA\u00c7\u00c3O Concurso<\/a><\/p>\n<p><a href=\"https:\/\/conselheirolafaiete.mg.gov.br\/v1\/wp-content\/uploads\/2018\/12\/OF\u00cdCIO-089-CONVOCA\u00c7\u00c3O-CONCURSO-2015.pdf\">OF\u00cdCIO 089 &#8211; CONVOCA\u00c7\u00c3O CONCURSO 2015<\/a><\/p>\n<p><a href=\"https:\/\/conselheirolafaiete.mg.gov.br\/v1\/wp-content\/uploads\/2018\/12\/OF\u00cdCIO-100-CONVOCA\u00c7\u00c3O-CONCURSO-2015-1.pdf\">OF\u00cdCIO 100 &#8211; CONVOCA\u00c7\u00c3O CONCURSO 2015<\/a><\/p>\n<p><a href=\"https:\/\/conselheirolafaiete.mg.gov.br\/v1\/wp-content\/uploads\/2018\/12\/OF\u00cdCIO-102-CONVOCA\u00c7\u00c3O-CONCURSO-2015-1.pdf\">OF\u00cdCIO 102 &#8211; CONVOCA\u00c7\u00c3O CONCURSO 2015<\/a><\/p>\n<p><a href=\"https:\/\/conselheirolafaiete.mg.gov.br\/v1\/wp-content\/uploads\/2018\/12\/OF\u00cdCIO-125-CONVOCA\u00c7\u00c3O-CONCURSO-2015-1.pdf\">OF\u00cdCIO 125 &#8211; CONVOCA\u00c7\u00c3O CONCURSO 2015<\/a><\/p>\n<p>&nbsp;<\/p>\n","protected":false},"excerpt":{"rendered":"<p>OF\u00cdCIO 234 &#8211; CONVOCA\u00c7\u00c3O CONCURSO 2015 02 -51\u00aa CONVOCA\u00c7\u00c3O Concurso 10 &#8211; CONVOCA\u00c7\u00c3O Concurso 06 -52\u00aa CONVOCA\u00c7\u00c3O Concurso 16 &#8211; CONVOCA\u00c7\u00c3O Concurso 25 -CONVOCA\u00c7\u00c3O Concurso 31 -CONVOCA\u00c7\u00c3O Concurso 46 -CONVOCA\u00c7\u00c3O Concurso 47 &#8211; CONVOCA\u00c7\u00c3O Concurso 53 &#8211; CONVOCA\u00c7\u00c3O Concurso 100 &#8211; CONVOCA\u00c7\u00c3O CONCURSO 2015 106- CONVOCA\u00c7\u00c3O PROCESSO SELETIVO 002-SMS-2018 111- CONVOCA\u00c7AO PROCESSO SELETIVO 001-SMS-SMDS-2017 115- [&hellip;]<\/p>\n","protected":false},"author":2,"featured_media":0,"parent":0,"menu_order":0,"comment_status":"closed","ping_status":"closed","template":"","meta":{"footnotes":""},"class_list":["post-1423","page","type-page","status-publish","hentry"],"_links":{"self":[{"href":"https:\/\/conselheirolafaiete.mg.gov.br\/v1\/wp-json\/wp\/v2\/pages\/1423","targetHints":{"allow":["GET"]}}],"collection":[{"href":"https:\/\/conselheirolafaiete.mg.gov.br\/v1\/wp-json\/wp\/v2\/pages"}],"about":[{"href":"https:\/\/conselheirolafaiete.mg.gov.br\/v1\/wp-json\/wp\/v2\/types\/page"}],"author":[{"embeddable":true,"href":"https:\/\/conselheirolafaiete.mg.gov.br\/v1\/wp-json\/wp\/v2\/users\/2"}],"replies":[{"embeddable":true,"href":"https:\/\/conselheirolafaiete.mg.gov.br\/v1\/wp-json\/wp\/v2\/comments?post=1423"}],"version-history":[{"count":4,"href":"https:\/\/conselheirolafaiete.mg.gov.br\/v1\/wp-json\/wp\/v2\/pages\/1423\/revisions"}],"predecessor-version":[{"id":2047,"href":"https:\/\/conselheirolafaiete.mg.gov.br\/v1\/wp-json\/wp\/v2\/pages\/1423\/revisions\/2047"}],"wp:attachment":[{"href":"https:\/\/conselheirolafaiete.mg.gov.br\/v1\/wp-json\/wp\/v2\/media?parent=1423"}],"curies":[{"name":"wp","href":"https:\/\/api.w.org\/{rel}","templated":true}]}}