{"id":1516,"date":"2018-12-03T13:28:52","date_gmt":"2018-12-03T13:28:52","guid":{"rendered":"http:\/\/conselheirolafaiete.mg.gov.br\/v1\/?page_id=1516"},"modified":"2018-12-03T13:33:31","modified_gmt":"2018-12-03T13:33:31","slug":"convocacoes-antes-2016","status":"publish","type":"page","link":"https:\/\/conselheirolafaiete.mg.gov.br\/v1\/convocacoes-antes-2016\/","title":{"rendered":"Convoca\u00e7\u00f5es antes 2016"},"content":{"rendered":"<p><a href=\"https:\/\/conselheirolafaiete.mg.gov.br\/v1\/wp-content\/uploads\/2018\/12\/02-CONCURSO-2009.pdf\">02 CONCURSO 2009<\/a><\/p>\n<p><a href=\"https:\/\/conselheirolafaiete.mg.gov.br\/v1\/wp-content\/uploads\/2018\/12\/03-CONVOCA\u00c7\u00c3O-CONCURSO-2007.pdf\">03 CONVOCA\u00c7\u00c3O CONCURSO 2007<\/a><\/p>\n<p><a href=\"https:\/\/conselheirolafaiete.mg.gov.br\/v1\/wp-content\/uploads\/2018\/12\/14-CONCURSO-2009.pdf\">14 CONCURSO 2009<\/a><\/p>\n<p><a href=\"https:\/\/conselheirolafaiete.mg.gov.br\/v1\/wp-content\/uploads\/2018\/12\/14-CONVOCA\u00c7\u00c3O-CONCURSO-2007-Daiane.pdf\">14 CONVOCA\u00c7\u00c3O CONCURSO 2007 Daiane<\/a><\/p>\n<p><a href=\"https:\/\/conselheirolafaiete.mg.gov.br\/v1\/wp-content\/uploads\/2018\/12\/18-CONCURSO-2009.pdf\">18 CONCURSO 2009<\/a><\/p>\n<p><a href=\"https:\/\/conselheirolafaiete.mg.gov.br\/v1\/wp-content\/uploads\/2018\/12\/29-CONCURSO-2009.pdf\">29 CONCURSO 2009<\/a><\/p>\n<p><a href=\"https:\/\/conselheirolafaiete.mg.gov.br\/v1\/wp-content\/uploads\/2018\/12\/37-CONCURSO-2009.pdf\">37 CONCURSO 2009<\/a><\/p>\n<p><a href=\"https:\/\/conselheirolafaiete.mg.gov.br\/v1\/wp-content\/uploads\/2018\/12\/62-CONCURSO-2009.pdf\">62 CONCURSO 2009<\/a><\/p>\n<p><a href=\"https:\/\/conselheirolafaiete.mg.gov.br\/v1\/wp-content\/uploads\/2018\/12\/65-CONVOCA\u00c7\u00c3O-CONCURSO-2009.pdf\">65 CONVOCA\u00c7\u00c3O CONCURSO 2009<\/a><\/p>\n<p><a href=\"https:\/\/conselheirolafaiete.mg.gov.br\/v1\/wp-content\/uploads\/2018\/12\/81-CONVOCA\u00c7\u00c3O-CONCURSO-2009.pdf\">81 CONVOCA\u00c7\u00c3O CONCURSO 2009<\/a><\/p>\n<p><a href=\"https:\/\/conselheirolafaiete.mg.gov.br\/v1\/wp-content\/uploads\/2018\/12\/89-CONVOCA\u00c7\u00c3O-CONCURSO-2009.pdf\">89 CONVOCA\u00c7\u00c3O CONCURSO 2009<\/a><\/p>\n<p><a href=\"https:\/\/conselheirolafaiete.mg.gov.br\/v1\/wp-content\/uploads\/2018\/12\/95-CONVOCA\u00c7\u00c3O-CONCURSO-2009.pdf\">95 CONVOCA\u00c7\u00c3O CONCURSO 2009<\/a><\/p>\n<p><a href=\"https:\/\/conselheirolafaiete.mg.gov.br\/v1\/wp-content\/uploads\/2018\/12\/114-CONVOCA\u00c7\u00c3O-CONCURSO-2009.pdf\">114 CONVOCA\u00c7\u00c3O CONCURSO 2009<\/a><\/p>\n<p><a href=\"https:\/\/conselheirolafaiete.mg.gov.br\/v1\/wp-content\/uploads\/2018\/12\/147-CONVOCA\u00c7\u00c3O-CONCURSO-2009-NOVO.pdf\">147 CONVOCA\u00c7\u00c3O CONCURSO 2009 NOVO<\/a><\/p>\n<p><a href=\"https:\/\/conselheirolafaiete.mg.gov.br\/v1\/wp-content\/uploads\/2018\/12\/161CONVOCA\u00c7\u00c3O-CONCURSO-2009.pdf\">161CONVOCA\u00c7\u00c3O CONCURSO 2009<\/a><\/p>\n<p><a href=\"https:\/\/conselheirolafaiete.mg.gov.br\/v1\/wp-content\/uploads\/2018\/12\/166-CONVOCA\u00c7\u00c3O-CONCURSO-2009.pdf\">166 CONVOCA\u00c7\u00c3O CONCURSO 2009<\/a><\/p>\n<p><a href=\"https:\/\/conselheirolafaiete.mg.gov.br\/v1\/wp-content\/uploads\/2018\/12\/170-CONVOCA\u00c7\u00c3O-CONCURSO-2009-NOVO.pdf\">170 CONVOCA\u00c7\u00c3O CONCURSO 2009 NOVO<\/a><\/p>\n<p><a href=\"https:\/\/conselheirolafaiete.mg.gov.br\/v1\/wp-content\/uploads\/2018\/12\/183-CONVOCA\u00c7\u00c3O-CONCURSO-2009-NOVO.pdf\">183 CONVOCA\u00c7\u00c3O CONCURSO 2009 NOVO<\/a><\/p>\n<p><a href=\"https:\/\/conselheirolafaiete.mg.gov.br\/v1\/wp-content\/uploads\/2018\/12\/184-CONVOCA\u00c7\u00c3O-CONCURSO-2007-ENFERMEIROS.pdf\">184 CONVOCA\u00c7\u00c3O CONCURSO 2007- ENFERMEIROS<\/a><\/p>\n<p><a href=\"https:\/\/conselheirolafaiete.mg.gov.br\/v1\/wp-content\/uploads\/2018\/12\/192-CONVOCA\u00c7\u00c3O-CONCURSO-2009-NOVO.pdf\">192 CONVOCA\u00c7\u00c3O CONCURSO 2009 NOVO<\/a><\/p>\n<p><a href=\"https:\/\/conselheirolafaiete.mg.gov.br\/v1\/wp-content\/uploads\/2018\/12\/206-CONVOCA\u00c7\u00c3O-CONCURSO-2007.pdf\">206 CONVOCA\u00c7\u00c3O CONCURSO 2007<\/a><\/p>\n<p><a href=\"https:\/\/conselheirolafaiete.mg.gov.br\/v1\/wp-content\/uploads\/2018\/12\/243-CONVOCA\u00c7\u00c3O-CONCURSO-2007.pdf\">243 CONVOCA\u00c7\u00c3O CONCURSO 2007<\/a><\/p>\n<p><a href=\"https:\/\/conselheirolafaiete.mg.gov.br\/v1\/wp-content\/uploads\/2018\/12\/262-CONVOCA\u00c7\u00c3O-CONCURSO-2007.pdf\">262 CONVOCA\u00c7\u00c3O CONCURSO 2007<\/a><\/p>\n<p><a href=\"https:\/\/conselheirolafaiete.mg.gov.br\/v1\/wp-content\/uploads\/2018\/12\/272-CONVOCA\u00c7\u00c3O-Geiza-Machado.pdf\">272 CONVOCA\u00c7\u00c3O Geiza Machado<\/a><\/p>\n<p><a href=\"https:\/\/conselheirolafaiete.mg.gov.br\/v1\/wp-content\/uploads\/2018\/12\/291-CONVOCA\u00c7\u00c3O-ana-claudia.pdf\">291 CONVOCA\u00c7\u00c3O ana claudia<\/a><\/p>\n<p><a href=\"https:\/\/conselheirolafaiete.mg.gov.br\/v1\/wp-content\/uploads\/2018\/12\/304-CONVOCA\u00c7\u00c3O-CAMILA-DA-FONSECA.pdf\">304 CONVOCA\u00c7\u00c3O CAMILA DA FONSECA<\/a><\/p>\n<p><a href=\"https:\/\/conselheirolafaiete.mg.gov.br\/v1\/wp-content\/uploads\/2018\/12\/321-CONVOCA\u00c7\u00c3O-TATIANE-ASSIS.pdf\">321 CONVOCA\u00c7\u00c3O TATIANE ASSIS<\/a><\/p>\n<p><a href=\"https:\/\/conselheirolafaiete.mg.gov.br\/v1\/wp-content\/uploads\/2018\/12\/415-CONVOCA\u00c7\u00c3O-CONCURSO-2007.pdf\">415 CONVOCA\u00c7\u00c3O CONCURSO 2007<\/a><\/p>\n<p><a href=\"https:\/\/conselheirolafaiete.mg.gov.br\/v1\/wp-content\/uploads\/2018\/12\/439-CONVOCA\u00c7\u00c3O-CONCURSO-2007.pdf\">439 CONVOCA\u00c7\u00c3O CONCURSO 2007<\/a><\/p>\n","protected":false},"excerpt":{"rendered":"<p>02 CONCURSO 2009 03 CONVOCA\u00c7\u00c3O CONCURSO 2007 14 CONCURSO 2009 14 CONVOCA\u00c7\u00c3O CONCURSO 2007 Daiane 18 CONCURSO 2009 29 CONCURSO 2009 37 CONCURSO 2009 62 CONCURSO 2009 65 CONVOCA\u00c7\u00c3O CONCURSO 2009 81 CONVOCA\u00c7\u00c3O CONCURSO 2009 89 CONVOCA\u00c7\u00c3O CONCURSO 2009 95 CONVOCA\u00c7\u00c3O CONCURSO 2009 114 CONVOCA\u00c7\u00c3O CONCURSO 2009 147 CONVOCA\u00c7\u00c3O CONCURSO 2009 NOVO 161CONVOCA\u00c7\u00c3O CONCURSO 2009 [&hellip;]<\/p>\n","protected":false},"author":2,"featured_media":0,"parent":0,"menu_order":0,"comment_status":"closed","ping_status":"closed","template":"","meta":{"footnotes":""},"class_list":["post-1516","page","type-page","status-publish","hentry"],"_links":{"self":[{"href":"https:\/\/conselheirolafaiete.mg.gov.br\/v1\/wp-json\/wp\/v2\/pages\/1516","targetHints":{"allow":["GET"]}}],"collection":[{"href":"https:\/\/conselheirolafaiete.mg.gov.br\/v1\/wp-json\/wp\/v2\/pages"}],"about":[{"href":"https:\/\/conselheirolafaiete.mg.gov.br\/v1\/wp-json\/wp\/v2\/types\/page"}],"author":[{"embeddable":true,"href":"https:\/\/conselheirolafaiete.mg.gov.br\/v1\/wp-json\/wp\/v2\/users\/2"}],"replies":[{"embeddable":true,"href":"https:\/\/conselheirolafaiete.mg.gov.br\/v1\/wp-json\/wp\/v2\/comments?post=1516"}],"version-history":[{"count":3,"href":"https:\/\/conselheirolafaiete.mg.gov.br\/v1\/wp-json\/wp\/v2\/pages\/1516\/revisions"}],"predecessor-version":[{"id":1548,"href":"https:\/\/conselheirolafaiete.mg.gov.br\/v1\/wp-json\/wp\/v2\/pages\/1516\/revisions\/1548"}],"wp:attachment":[{"href":"https:\/\/conselheirolafaiete.mg.gov.br\/v1\/wp-json\/wp\/v2\/media?parent=1516"}],"curies":[{"name":"wp","href":"https:\/\/api.w.org\/{rel}","templated":true}]}}