{"id":1550,"date":"2018-12-03T13:37:24","date_gmt":"2018-12-03T13:37:24","guid":{"rendered":"http:\/\/conselheirolafaiete.mg.gov.br\/v1\/?page_id=1550"},"modified":"2018-12-03T13:40:05","modified_gmt":"2018-12-03T13:40:05","slug":"desistencias-2018","status":"publish","type":"page","link":"https:\/\/conselheirolafaiete.mg.gov.br\/v1\/desistencias-2018\/","title":{"rendered":"Desist\u00eancias 2018"},"content":{"rendered":"<p><a href=\"https:\/\/conselheirolafaiete.mg.gov.br\/v1\/wp-content\/uploads\/2018\/12\/DESIST\u00caNCIA-CONCURSO.pdf\">&#8211; DESIST\u00caNCIA CONCURSO<\/a><\/p>\n<p><a href=\"https:\/\/conselheirolafaiete.mg.gov.br\/v1\/wp-content\/uploads\/2018\/12\/07-DESIST\u00caNCIA-CONCURSO.pdf\">07 &#8211; DESIST\u00caNCIA CONCURSO<\/a><\/p>\n<p><a href=\"https:\/\/conselheirolafaiete.mg.gov.br\/v1\/wp-content\/uploads\/2018\/12\/15-DESIST\u00caNCIA-CONCURSO.pdf\">15 &#8211; DESIST\u00caNCIA CONCURSO<\/a><\/p>\n<p><a href=\"https:\/\/conselheirolafaiete.mg.gov.br\/v1\/wp-content\/uploads\/2018\/12\/23-DESISTENCIA-CONCURSO.pdf\">23 DESISTENCIA CONCURSO<\/a><\/p>\n<p><a href=\"https:\/\/conselheirolafaiete.mg.gov.br\/v1\/wp-content\/uploads\/2018\/12\/30-DESIST\u00caNCIA-CONCURSO.pdf\">30 &#8211; DESIST\u00caNCIA CONCURSO<\/a><\/p>\n<p><a href=\"https:\/\/conselheirolafaiete.mg.gov.br\/v1\/wp-content\/uploads\/2018\/12\/52-DESIST\u00caNCIA-CONCURSO.pdf\">52- DESIST\u00caNCIA CONCURSO<\/a><\/p>\n<p><a href=\"https:\/\/conselheirolafaiete.mg.gov.br\/v1\/wp-content\/uploads\/2018\/12\/099-DESISTENCIA-CONCURSO-2015.pdf\">099 &#8211; DESISTENCIA CONCURSO 2015<\/a><\/p>\n<p><a href=\"https:\/\/conselheirolafaiete.mg.gov.br\/v1\/wp-content\/uploads\/2018\/12\/147-DESIST\u00caNCIA-CONCURSO.pdf\">147 &#8211; DESIST\u00caNCIA CONCURSO<\/a><\/p>\n<p><a href=\"https:\/\/conselheirolafaiete.mg.gov.br\/v1\/wp-content\/uploads\/2018\/12\/163-DESIST\u00caNCIA-CONCURSO.pdf\">163- DESIST\u00caNCIA CONCURSO<\/a><\/p>\n<p><a href=\"https:\/\/conselheirolafaiete.mg.gov.br\/v1\/wp-content\/uploads\/2018\/12\/181-DESIST\u00caNCIA-CONCURSO.pdf\">181- DESIST\u00caNCIA CONCURSO<\/a><\/p>\n<p><a href=\"https:\/\/conselheirolafaiete.mg.gov.br\/v1\/wp-content\/uploads\/2018\/12\/186-DESIST\u00caNCIA-CONCURSO.pdf\">186- DESIST\u00caNCIA CONCURSO<\/a><\/p>\n<p><a href=\"https:\/\/conselheirolafaiete.mg.gov.br\/v1\/wp-content\/uploads\/2018\/12\/OF\u00cdCIO-088-IMPRENSA-DESISTENCIA-CONCURSO-2015.pdf\">OF\u00cdCIO 088 &#8211; IMPRENSA &#8211; DESISTENCIA CONCURSO 2015<\/a><\/p>\n<p><a href=\"https:\/\/conselheirolafaiete.mg.gov.br\/v1\/wp-content\/uploads\/2018\/12\/OF\u00cdCIO-099-IMPRENSA-DESISTENCIA-CONCURSO-2015.pdf\">OF\u00cdCIO 099 &#8211; IMPRENSA &#8211; DESISTENCIA CONCURSO 2015<\/a><\/p>\n<p><a href=\"https:\/\/conselheirolafaiete.mg.gov.br\/v1\/wp-content\/uploads\/2018\/12\/OF\u00cdCIO-124-IMPRENSA-DESISTENCIA-CONCURSO-2015.pdf\">OF\u00cdCIO 124- IMPRENSA &#8211; DESISTENCIA CONCURSO 2015<\/a><\/p>\n","protected":false},"excerpt":{"rendered":"<p>&#8211; DESIST\u00caNCIA CONCURSO 07 &#8211; DESIST\u00caNCIA CONCURSO 15 &#8211; DESIST\u00caNCIA CONCURSO 23 DESISTENCIA CONCURSO 30 &#8211; DESIST\u00caNCIA CONCURSO 52- DESIST\u00caNCIA CONCURSO 099 &#8211; DESISTENCIA CONCURSO 2015 147 &#8211; DESIST\u00caNCIA CONCURSO 163- DESIST\u00caNCIA CONCURSO 181- DESIST\u00caNCIA CONCURSO 186- DESIST\u00caNCIA CONCURSO OF\u00cdCIO 088 &#8211; IMPRENSA &#8211; DESISTENCIA CONCURSO 2015 OF\u00cdCIO 099 &#8211; IMPRENSA &#8211; DESISTENCIA CONCURSO 2015 [&hellip;]<\/p>\n","protected":false},"author":2,"featured_media":0,"parent":0,"menu_order":0,"comment_status":"closed","ping_status":"closed","template":"","meta":{"footnotes":""},"class_list":["post-1550","page","type-page","status-publish","hentry"],"_links":{"self":[{"href":"https:\/\/conselheirolafaiete.mg.gov.br\/v1\/wp-json\/wp\/v2\/pages\/1550","targetHints":{"allow":["GET"]}}],"collection":[{"href":"https:\/\/conselheirolafaiete.mg.gov.br\/v1\/wp-json\/wp\/v2\/pages"}],"about":[{"href":"https:\/\/conselheirolafaiete.mg.gov.br\/v1\/wp-json\/wp\/v2\/types\/page"}],"author":[{"embeddable":true,"href":"https:\/\/conselheirolafaiete.mg.gov.br\/v1\/wp-json\/wp\/v2\/users\/2"}],"replies":[{"embeddable":true,"href":"https:\/\/conselheirolafaiete.mg.gov.br\/v1\/wp-json\/wp\/v2\/comments?post=1550"}],"version-history":[{"count":3,"href":"https:\/\/conselheirolafaiete.mg.gov.br\/v1\/wp-json\/wp\/v2\/pages\/1550\/revisions"}],"predecessor-version":[{"id":1568,"href":"https:\/\/conselheirolafaiete.mg.gov.br\/v1\/wp-json\/wp\/v2\/pages\/1550\/revisions\/1568"}],"wp:attachment":[{"href":"https:\/\/conselheirolafaiete.mg.gov.br\/v1\/wp-json\/wp\/v2\/media?parent=1550"}],"curies":[{"name":"wp","href":"https:\/\/api.w.org\/{rel}","templated":true}]}}