{"id":1577,"date":"2018-12-03T13:41:38","date_gmt":"2018-12-03T13:41:38","guid":{"rendered":"http:\/\/conselheirolafaiete.mg.gov.br\/v1\/?page_id=1577"},"modified":"2018-12-03T13:45:46","modified_gmt":"2018-12-03T13:45:46","slug":"desistencias-2016","status":"publish","type":"page","link":"https:\/\/conselheirolafaiete.mg.gov.br\/v1\/desistencias-2016\/","title":{"rendered":"Desist\u00eancias 2016"},"content":{"rendered":"<p><a href=\"https:\/\/conselheirolafaiete.mg.gov.br\/v1\/wp-content\/uploads\/2018\/12\/OF\u00cdCIO-227-DESISTENCIA-CONCURSO-2015.pdf\">OF\u00cdCIO 227 &#8211; DESISTENCIA CONCURSO 2015<\/a><\/p>\n<p><a href=\"https:\/\/conselheirolafaiete.mg.gov.br\/v1\/wp-content\/uploads\/2018\/12\/OF\u00cdCIO-218-DESISTENCIA-CONCURSO-2015.pdf\">OF\u00cdCIO 218 &#8211; DESISTENCIA CONCURSO 2015<\/a><\/p>\n<p><a href=\"https:\/\/conselheirolafaiete.mg.gov.br\/v1\/wp-content\/uploads\/2018\/12\/OF\u00cdCIO-214-DESISTENCIA-CONCURSO-2015.pdf\">OF\u00cdCIO 214 &#8211; &#8211; DESISTENCIA CONCURSO 2015<\/a><\/p>\n<p><a href=\"https:\/\/conselheirolafaiete.mg.gov.br\/v1\/wp-content\/uploads\/2018\/12\/OF\u00cdCIO-207-DESISTENCIA-CONCURSO-2015.pdf\">OF\u00cdCIO 207 &#8211; DESISTENCIA CONCURSO 2015<\/a><\/p>\n<p><a href=\"https:\/\/conselheirolafaiete.mg.gov.br\/v1\/wp-content\/uploads\/2018\/12\/OF\u00cdCIO-196-DESISTENCIA-CONCURSO-2015.pdf\">OF\u00cdCIO 196 &#8211; DESISTENCIA CONCURSO 2015<\/a><\/p>\n<p><a href=\"https:\/\/conselheirolafaiete.mg.gov.br\/v1\/wp-content\/uploads\/2018\/12\/OF\u00cdCIO-191-DESISTENCIA-CONCURSO-2015.pdf\">OF\u00cdCIO 191 &#8211; DESISTENCIA CONCURSO 2015<\/a><\/p>\n<p><a href=\"https:\/\/conselheirolafaiete.mg.gov.br\/v1\/wp-content\/uploads\/2018\/12\/OF\u00cdCIO-172-DESISTENCIA-CONCURSO-2015.pdf\">OF\u00cdCIO 172 &#8211; DESISTENCIA CONCURSO 2015<\/a><\/p>\n<p><a href=\"https:\/\/conselheirolafaiete.mg.gov.br\/v1\/wp-content\/uploads\/2018\/12\/OF\u00cdCIO-116-DESISTENCIA-CONCURSO-2015.pdf\">OF\u00cdCIO 116 &#8211; DESISTENCIA CONCURSO 2015<\/a><\/p>\n<p><a href=\"https:\/\/conselheirolafaiete.mg.gov.br\/v1\/wp-content\/uploads\/2018\/12\/OF\u00cdCIO-085-DESISTENCIA-CONCURSO-2015.pdf\">OF\u00cdCIO 085- DESISTENCIA CONCURSO 2015<\/a><\/p>\n<p><a href=\"https:\/\/conselheirolafaiete.mg.gov.br\/v1\/wp-content\/uploads\/2018\/12\/OF\u00cdCIO-080-DESISTENCIA-CONCURSO-2015.pdf\">OF\u00cdCIO 080 &#8211; DESISTENCIA CONCURSO 2015<\/a><\/p>\n<p><a href=\"https:\/\/conselheirolafaiete.mg.gov.br\/v1\/wp-content\/uploads\/2018\/12\/OF\u00cdCIO-060-DESIST\u00caNCIA-CONCURSO-2015.pdf\">OF\u00cdCIO 060 DESIST\u00caNCIA CONCURSO 2015<\/a><\/p>\n<p><a href=\"https:\/\/conselheirolafaiete.mg.gov.br\/v1\/wp-content\/uploads\/2018\/12\/OF\u00cdCIO-053-DESISTENCIA-CONCURSO-2015.pdf\">OF\u00cdCIO 053 &#8211; DESISTENCIA CONCURSO 2015<\/a><\/p>\n<p><a href=\"https:\/\/conselheirolafaiete.mg.gov.br\/v1\/wp-content\/uploads\/2018\/12\/OF\u00cdCIO-051-DESIST\u00caNCIA-CONCURSO-2015.pdf\">OF\u00cdCIO 051 DESIST\u00caNCIA CONCURSO 2015<\/a><\/p>\n<p><a href=\"https:\/\/conselheirolafaiete.mg.gov.br\/v1\/wp-content\/uploads\/2018\/12\/OF\u00cdCIO-046-DESISTENCIA-CONCURSO-2015.pdf\">OF\u00cdCIO 046 &#8211; DESISTENCIA CONCURSO 2015<\/a><\/p>\n<p><a href=\"https:\/\/conselheirolafaiete.mg.gov.br\/v1\/wp-content\/uploads\/2018\/12\/OF\u00cdCIO-023-DESIST\u00caNCIA-CONCURSO-2015.pdf\">OF\u00cdCIO 023 DESIST\u00caNCIA CONCURSO 2015<\/a><\/p>\n<p><a href=\"https:\/\/conselheirolafaiete.mg.gov.br\/v1\/wp-content\/uploads\/2018\/12\/OF\u00cdCIO-013-DESISTENCIA-CONCURSO-2015.pdf\">OF\u00cdCIO 013 &#8211; DESISTENCIA CONCURSO 2015<\/a><\/p>\n<p><a href=\"https:\/\/conselheirolafaiete.mg.gov.br\/v1\/wp-content\/uploads\/2018\/12\/OF\u00cdCIO-009-DESIST\u00caNCIA-CONCURSO-2015.pdf\">OF\u00cdCIO 009 DESIST\u00caNCIA CONCURSO 2015<\/a><\/p>\n<p><a href=\"https:\/\/conselheirolafaiete.mg.gov.br\/v1\/wp-content\/uploads\/2018\/12\/OF\u00cdCIO-007-DESIST\u00caNCIA-CONCURSO-2015.pdf\">OF\u00cdCIO 007 DESIST\u00caNCIA CONCURSO 2015<\/a><\/p>\n<p><a href=\"https:\/\/conselheirolafaiete.mg.gov.br\/v1\/wp-content\/uploads\/2018\/12\/165-DESISTENCIA-CONCURSO-2015.pdf\">165 &#8211; DESISTENCIA CONCURSO 2015<\/a><\/p>\n","protected":false},"excerpt":{"rendered":"<p>OF\u00cdCIO 227 &#8211; DESISTENCIA CONCURSO 2015 OF\u00cdCIO 218 &#8211; DESISTENCIA CONCURSO 2015 OF\u00cdCIO 214 &#8211; &#8211; DESISTENCIA CONCURSO 2015 OF\u00cdCIO 207 &#8211; DESISTENCIA CONCURSO 2015 OF\u00cdCIO 196 &#8211; DESISTENCIA CONCURSO 2015 OF\u00cdCIO 191 &#8211; DESISTENCIA CONCURSO 2015 OF\u00cdCIO 172 &#8211; DESISTENCIA CONCURSO 2015 OF\u00cdCIO 116 &#8211; DESISTENCIA CONCURSO 2015 OF\u00cdCIO 085- DESISTENCIA CONCURSO 2015 OF\u00cdCIO [&hellip;]<\/p>\n","protected":false},"author":2,"featured_media":0,"parent":0,"menu_order":0,"comment_status":"closed","ping_status":"closed","template":"","meta":{"footnotes":""},"class_list":["post-1577","page","type-page","status-publish","hentry"],"_links":{"self":[{"href":"https:\/\/conselheirolafaiete.mg.gov.br\/v1\/wp-json\/wp\/v2\/pages\/1577","targetHints":{"allow":["GET"]}}],"collection":[{"href":"https:\/\/conselheirolafaiete.mg.gov.br\/v1\/wp-json\/wp\/v2\/pages"}],"about":[{"href":"https:\/\/conselheirolafaiete.mg.gov.br\/v1\/wp-json\/wp\/v2\/types\/page"}],"author":[{"embeddable":true,"href":"https:\/\/conselheirolafaiete.mg.gov.br\/v1\/wp-json\/wp\/v2\/users\/2"}],"replies":[{"embeddable":true,"href":"https:\/\/conselheirolafaiete.mg.gov.br\/v1\/wp-json\/wp\/v2\/comments?post=1577"}],"version-history":[{"count":3,"href":"https:\/\/conselheirolafaiete.mg.gov.br\/v1\/wp-json\/wp\/v2\/pages\/1577\/revisions"}],"predecessor-version":[{"id":1600,"href":"https:\/\/conselheirolafaiete.mg.gov.br\/v1\/wp-json\/wp\/v2\/pages\/1577\/revisions\/1600"}],"wp:attachment":[{"href":"https:\/\/conselheirolafaiete.mg.gov.br\/v1\/wp-json\/wp\/v2\/media?parent=1577"}],"curies":[{"name":"wp","href":"https:\/\/api.w.org\/{rel}","templated":true}]}}