{"id":1630,"date":"2018-12-03T14:06:43","date_gmt":"2018-12-03T14:06:43","guid":{"rendered":"http:\/\/conselheirolafaiete.mg.gov.br\/v1\/?page_id=1630"},"modified":"2018-12-03T14:06:43","modified_gmt":"2018-12-03T14:06:43","slug":"convocacoes-processo-seletivo-2018","status":"publish","type":"page","link":"https:\/\/conselheirolafaiete.mg.gov.br\/v1\/convocacoes-processo-seletivo-2018\/","title":{"rendered":"Convoca\u00e7\u00f5es Processo Seletivo 2018"},"content":{"rendered":"<p><a href=\"https:\/\/conselheirolafaiete.mg.gov.br\/v1\/wp-content\/uploads\/2018\/12\/04-Convoca\u00e7ao-Processo-Seletivo.pdf\">04- Convoca\u00e7ao Processo Seletivo<\/a><\/p>\n<p><a href=\"https:\/\/conselheirolafaiete.mg.gov.br\/v1\/wp-content\/uploads\/2018\/12\/08-Retifica\u00e7\u00e3o-Convoca\u00e7ao-Processo-Seletivo.pdf\">08- Retifica\u00e7\u00e3o Convoca\u00e7ao Processo Seletivo<\/a><\/p>\n<p><a href=\"https:\/\/conselheirolafaiete.mg.gov.br\/v1\/wp-content\/uploads\/2018\/12\/12-Convoca\u00e7ao-Processo-Seletivo-001-SMS-2018.pdf\">12- Convoca\u00e7ao Processo Seletivo 001-SMS-2018<\/a><\/p>\n<p><a href=\"https:\/\/conselheirolafaiete.mg.gov.br\/v1\/wp-content\/uploads\/2018\/12\/13-Convoca\u00e7ao-Processo-Seletivo-ACS.pdf\">13- Convoca\u00e7ao Processo Seletivo ACS<\/a><\/p>\n<p><a href=\"https:\/\/conselheirolafaiete.mg.gov.br\/v1\/wp-content\/uploads\/2018\/12\/14-Convoca\u00e7ao-Processo-Seletivo-001-SMS-2018.pdf\">14- Convoca\u00e7ao Processo Seletivo 001-SMS-2018<\/a><\/p>\n<p><a href=\"https:\/\/conselheirolafaiete.mg.gov.br\/v1\/wp-content\/uploads\/2018\/12\/18-Convoca\u00e7ao-Processo-Seletivo-ACS.pdf\">18- Convoca\u00e7ao Processo Seletivo ACS<\/a><\/p>\n<p><a href=\"https:\/\/conselheirolafaiete.mg.gov.br\/v1\/wp-content\/uploads\/2018\/12\/19-Convoca\u00e7ao-Processo-Seletivo-001-SMS-2018.pdf\">19- Convoca\u00e7ao Processo Seletivo 001-SMS-2018<\/a><\/p>\n<p><a href=\"https:\/\/conselheirolafaiete.mg.gov.br\/v1\/wp-content\/uploads\/2018\/12\/20-Convoca\u00e7ao-Processo-Seletivo-001-SMS-SMDS-2017.pdf\">20- Convoca\u00e7ao Processo Seletivo 001-SMS-SMDS-2017<\/a><\/p>\n<p><a href=\"https:\/\/conselheirolafaiete.mg.gov.br\/v1\/wp-content\/uploads\/2018\/12\/21-Convoca\u00e7ao-Processo-Seletivo-001-SMS-2018.pdf\">21- Convoca\u00e7ao Processo Seletivo 001-SMS-2018<\/a><\/p>\n<p><a href=\"https:\/\/conselheirolafaiete.mg.gov.br\/v1\/wp-content\/uploads\/2018\/12\/22-Convoca\u00e7\u00e3o-S.M.Esportes.pdf\">22- Convoca\u00e7\u00e3o S.M.Esportes<\/a><\/p>\n<p><a href=\"https:\/\/conselheirolafaiete.mg.gov.br\/v1\/wp-content\/uploads\/2018\/12\/32-Convoca\u00e7ao-Processo-Seletivo-001-SMS-2018.pdf\">32- Convoca\u00e7ao Processo Seletivo 001-SMS-2018<\/a><\/p>\n<p><a href=\"https:\/\/conselheirolafaiete.mg.gov.br\/v1\/wp-content\/uploads\/2018\/12\/33-Convoca\u00e7ao-Processo-Seletivo-001-SMS-SMDS-2017.pdf\">33- Convoca\u00e7ao Processo Seletivo 001-SMS-SMDS-2017<\/a><\/p>\n<p><a href=\"https:\/\/conselheirolafaiete.mg.gov.br\/v1\/wp-content\/uploads\/2018\/12\/35-Convoca\u00e7ao-Processo-Seletivo-001-SMS-SMDS-2017.pdf\">35- Convoca\u00e7ao Processo Seletivo 001-SMS-SMDS-2017<\/a><\/p>\n<p><a href=\"https:\/\/conselheirolafaiete.mg.gov.br\/v1\/wp-content\/uploads\/2018\/12\/39-Convoca\u00e7ao-Processo-Seletivo-001-SMS-SMDS-2017.pdf\">39- Convoca\u00e7ao Processo Seletivo 001-SMS-SMDS-2017<\/a><\/p>\n<p><a href=\"https:\/\/conselheirolafaiete.mg.gov.br\/v1\/wp-content\/uploads\/2018\/12\/44-Convoca\u00e7ao-Processo-Seletivo-ACS.pdf\">44- Convoca\u00e7ao Processo Seletivo ACS<\/a><\/p>\n<p><a href=\"https:\/\/conselheirolafaiete.mg.gov.br\/v1\/wp-content\/uploads\/2018\/12\/45-Convoca\u00e7ao-Processo-Seletivo-001-SMS-2018.pdf\">45- Convoca\u00e7ao Processo Seletivo 001-SMS-2018<\/a><\/p>\n<p><a href=\"https:\/\/conselheirolafaiete.mg.gov.br\/v1\/wp-content\/uploads\/2018\/12\/48-Convoca\u00e7ao-Processo-Seletivo-001-SMS-SMDS-2017.pdf\">48- Convoca\u00e7ao Processo Seletivo 001-SMS-SMDS-2017<\/a><\/p>\n<p><a href=\"https:\/\/conselheirolafaiete.mg.gov.br\/v1\/wp-content\/uploads\/2018\/12\/51-Convoca\u00e7ao-Processo-Seletivo-ACS.pdf\">51- Convoca\u00e7ao Processo Seletivo ACS<\/a><\/p>\n<p><a href=\"https:\/\/conselheirolafaiete.mg.gov.br\/v1\/wp-content\/uploads\/2018\/12\/55-Convoca\u00e7ao-Processo-Seletivo-001-SMS-SMDS-2017.pdf\">55- Convoca\u00e7ao Processo Seletivo 001-SMS-SMDS-2017<\/a><\/p>\n<p><a href=\"https:\/\/conselheirolafaiete.mg.gov.br\/v1\/wp-content\/uploads\/2018\/12\/65-Convoca\u00e7ao-Processo-Seletivo-001-SMS-SMDS-2017.pdf\">65- Convoca\u00e7ao Processo Seletivo 001-SMS-SMDS-2017<\/a><\/p>\n<p><a href=\"https:\/\/conselheirolafaiete.mg.gov.br\/v1\/wp-content\/uploads\/2018\/12\/66-Convoca\u00e7ao-Processo-Seletivo-001-SMS-2018.pdf\">66- Convoca\u00e7ao Processo Seletivo 001-SMS-2018<\/a><\/p>\n<p><a href=\"https:\/\/conselheirolafaiete.mg.gov.br\/v1\/wp-content\/uploads\/2018\/12\/67-Convoca\u00e7ao-Processo-Seletivo-002-SMS-2018.pdf\">67- Convoca\u00e7ao Processo Seletivo 002-SMS-2018<\/a><\/p>\n<p><a href=\"https:\/\/conselheirolafaiete.mg.gov.br\/v1\/wp-content\/uploads\/2018\/12\/75-Convoca\u00e7ao-Processo-Seletivo-001-SMS-SMDS-2017.pdf\">75- Convoca\u00e7ao Processo Seletivo 001-SMS-SMDS-2017<\/a><\/p>\n<p><a href=\"https:\/\/conselheirolafaiete.mg.gov.br\/v1\/wp-content\/uploads\/2018\/12\/76-Convoca\u00e7ao-Processo-Seletivo-002-SMS-2018.pdf\">76- Convoca\u00e7ao Processo Seletivo 002-SMS-2018<\/a><\/p>\n<p><a href=\"https:\/\/conselheirolafaiete.mg.gov.br\/v1\/wp-content\/uploads\/2018\/12\/80-Convoca\u00e7ao-Processo-Seletivo-001-SMS-SMDS-2017.pdf\">80- Convoca\u00e7ao Processo Seletivo 001-SMS-SMDS-2017<\/a><\/p>\n<p><a href=\"https:\/\/conselheirolafaiete.mg.gov.br\/v1\/wp-content\/uploads\/2018\/12\/82-Convoca\u00e7ao-Processo-Seletivo-001-SMS-SMDS-2017.pdf\">82- Convoca\u00e7ao Processo Seletivo 001-SMS-SMDS-2017<\/a><\/p>\n<p><a href=\"https:\/\/conselheirolafaiete.mg.gov.br\/v1\/wp-content\/uploads\/2018\/12\/91-Convoca\u00e7ao-Processo-Seletivo-001-SMS-SMDS-2017.pdf\">91- Convoca\u00e7ao Processo Seletivo 001-SMS-SMDS-2017<\/a><\/p>\n<p><a href=\"https:\/\/conselheirolafaiete.mg.gov.br\/v1\/wp-content\/uploads\/2018\/12\/93-Convoca\u00e7ao-Processo-Seletivo-001-SMS-SMDS-2017.pdf\">93 &#8211; Convoca\u00e7ao Processo Seletivo 001-SMS-SMDS-2017<\/a><\/p>\n<p><a href=\"https:\/\/conselheirolafaiete.mg.gov.br\/v1\/wp-content\/uploads\/2018\/12\/95-CONVOCA\u00c7AO-PROCESSO-SELETIVO-001-SMS-SMDS-2017.pdf\">95 &#8211; CONVOCA\u00c7AO PROCESSO SELETIVO 001-SMS-SMDS-2017<\/a><\/p>\n<p><a href=\"https:\/\/conselheirolafaiete.mg.gov.br\/v1\/wp-content\/uploads\/2018\/12\/96-CONVOCA\u00c7\u00c3O-PROCESSO-SELETIVO-002-SMS-2018.pdf\">96- CONVOCA\u00c7\u00c3O PROCESSO SELETIVO 002-SMS-2018<\/a><\/p>\n<p><a href=\"https:\/\/conselheirolafaiete.mg.gov.br\/v1\/wp-content\/uploads\/2018\/12\/104-CONVOCA\u00c7AO-PROCESSO-SELETIVO-001-SMS-SMDS-2017.pdf\">104- CONVOCA\u00c7AO PROCESSO SELETIVO 001-SMS-SMDS-2017<\/a><\/p>\n<p><a href=\"https:\/\/conselheirolafaiete.mg.gov.br\/v1\/wp-content\/uploads\/2018\/12\/133-Convoca\u00e7ao-PS-001-SMS-2018.pdf\">133- Convoca\u00e7ao PS 001-SMS-2018<\/a><\/p>\n<p><a href=\"https:\/\/conselheirolafaiete.mg.gov.br\/v1\/wp-content\/uploads\/2018\/12\/140-Convoca\u00e7ao-PS-001-2018-SMS.pdf\">140- Convoca\u00e7ao PS 001-2018-SMS<\/a><\/p>\n<p><a href=\"https:\/\/conselheirolafaiete.mg.gov.br\/v1\/wp-content\/uploads\/2018\/12\/153-Convoca\u00e7ao-PS-003-SMS-2018.pdf\">153- Convoca\u00e7ao PS 003-SMS-2018<\/a><\/p>\n<p><a href=\"https:\/\/conselheirolafaiete.mg.gov.br\/v1\/wp-content\/uploads\/2018\/12\/180-Convoca\u00e7ao-PS-004-SMS-2018.pdf\">180- Convoca\u00e7ao PS 004-SMS-2018<\/a><\/p>\n<p><a href=\"https:\/\/conselheirolafaiete.mg.gov.br\/v1\/wp-content\/uploads\/2018\/12\/185-Convoca\u00e7ao-PS-004-SMS-2018.pdf\">185- Convoca\u00e7ao PS 004-SMS-2018<\/a><\/p>\n<p><a href=\"https:\/\/conselheirolafaiete.mg.gov.br\/v1\/wp-content\/uploads\/2018\/12\/212-Convoca\u00e7ao-Processo-Seletivo-ACS.pdf\">212-Convoca\u00e7ao Processo Seletivo ACS<\/a><\/p>\n<p><a href=\"https:\/\/conselheirolafaiete.mg.gov.br\/v1\/wp-content\/uploads\/2018\/12\/214-Convoca\u00e7\u00e3o-Processo-Seletivo-Enfermeiro.pdf\">214 Convoca\u00e7\u00e3o Processo Seletivo Enfermeiro<\/a><\/p>\n<p><a href=\"https:\/\/conselheirolafaiete.mg.gov.br\/v1\/wp-content\/uploads\/2018\/12\/218-Convoca\u00e7\u00e3o-Processo-Seletivo-Enfermeiro-Eliane.pdf\">218 Convoca\u00e7\u00e3o Processo Seletivo Enfermeiro Eliane<\/a><\/p>\n<p><a href=\"https:\/\/conselheirolafaiete.mg.gov.br\/v1\/wp-content\/uploads\/2018\/12\/05-CONVOCA\u00c7\u00c3O-Processo-Seletivo-Saude.pdf\">05 &#8211; CONVOCA\u00c7\u00c3O Processo Seletivo Saude<\/a><\/p>\n","protected":false},"excerpt":{"rendered":"<p>04- Convoca\u00e7ao Processo Seletivo 08- Retifica\u00e7\u00e3o Convoca\u00e7ao Processo Seletivo 12- Convoca\u00e7ao Processo Seletivo 001-SMS-2018 13- Convoca\u00e7ao Processo Seletivo ACS 14- Convoca\u00e7ao Processo Seletivo 001-SMS-2018 18- Convoca\u00e7ao Processo Seletivo ACS 19- Convoca\u00e7ao Processo Seletivo 001-SMS-2018 20- Convoca\u00e7ao Processo Seletivo 001-SMS-SMDS-2017 21- Convoca\u00e7ao Processo Seletivo 001-SMS-2018 22- Convoca\u00e7\u00e3o S.M.Esportes 32- Convoca\u00e7ao Processo Seletivo 001-SMS-2018 33- Convoca\u00e7ao Processo [&hellip;]<\/p>\n","protected":false},"author":2,"featured_media":0,"parent":0,"menu_order":0,"comment_status":"closed","ping_status":"closed","template":"","meta":{"footnotes":""},"class_list":["post-1630","page","type-page","status-publish","hentry"],"_links":{"self":[{"href":"https:\/\/conselheirolafaiete.mg.gov.br\/v1\/wp-json\/wp\/v2\/pages\/1630","targetHints":{"allow":["GET"]}}],"collection":[{"href":"https:\/\/conselheirolafaiete.mg.gov.br\/v1\/wp-json\/wp\/v2\/pages"}],"about":[{"href":"https:\/\/conselheirolafaiete.mg.gov.br\/v1\/wp-json\/wp\/v2\/types\/page"}],"author":[{"embeddable":true,"href":"https:\/\/conselheirolafaiete.mg.gov.br\/v1\/wp-json\/wp\/v2\/users\/2"}],"replies":[{"embeddable":true,"href":"https:\/\/conselheirolafaiete.mg.gov.br\/v1\/wp-json\/wp\/v2\/comments?post=1630"}],"version-history":[{"count":1,"href":"https:\/\/conselheirolafaiete.mg.gov.br\/v1\/wp-json\/wp\/v2\/pages\/1630\/revisions"}],"predecessor-version":[{"id":1671,"href":"https:\/\/conselheirolafaiete.mg.gov.br\/v1\/wp-json\/wp\/v2\/pages\/1630\/revisions\/1671"}],"wp:attachment":[{"href":"https:\/\/conselheirolafaiete.mg.gov.br\/v1\/wp-json\/wp\/v2\/media?parent=1630"}],"curies":[{"name":"wp","href":"https:\/\/api.w.org\/{rel}","templated":true}]}}