{"id":1672,"date":"2018-12-03T14:08:39","date_gmt":"2018-12-03T14:08:39","guid":{"rendered":"http:\/\/conselheirolafaiete.mg.gov.br\/v1\/?page_id=1672"},"modified":"2018-12-03T14:08:45","modified_gmt":"2018-12-03T14:08:45","slug":"convocacoes-processo-seletivo-2017","status":"publish","type":"page","link":"https:\/\/conselheirolafaiete.mg.gov.br\/v1\/convocacoes-processo-seletivo-2017\/","title":{"rendered":"Convoca\u00e7\u00f5es Processo Seletivo 2017"},"content":{"rendered":"<p><a href=\"https:\/\/conselheirolafaiete.mg.gov.br\/v1\/wp-content\/uploads\/2018\/12\/105-IMPRENSA-CONVOCA\u00c7\u00c3O-processo-seletivo-saude.pdf\">105 &#8211; IMPRENSA &#8211; CONVOCA\u00c7\u00c3O processo seletivo saude<\/a><\/p>\n<p><a href=\"https:\/\/conselheirolafaiete.mg.gov.br\/v1\/wp-content\/uploads\/2018\/12\/114-IMPRENSA-CONVOCA\u00c7\u00c3O-processo-seletivo-saude.pdf\">114 &#8211; IMPRENSA &#8211; CONVOCA\u00c7\u00c3O processo seletivo saude<\/a><\/p>\n<p><a href=\"https:\/\/conselheirolafaiete.mg.gov.br\/v1\/wp-content\/uploads\/2018\/12\/115-IMPRENSA-CONVOCA\u00c7\u00c3O-processo-seletivo-saude.pdf\">115 &#8211; IMPRENSA &#8211; CONVOCA\u00c7\u00c3O processo seletivo saude<\/a><\/p>\n<p><a href=\"https:\/\/conselheirolafaiete.mg.gov.br\/v1\/wp-content\/uploads\/2018\/12\/121-IMPRENSA-CONVOCA\u00c7\u00c3O-P.S.-SMA.pdf\">121 &#8211; IMPRENSA &#8211; CONVOCA\u00c7\u00c3O P.S. SMA<\/a><\/p>\n<p><a href=\"https:\/\/conselheirolafaiete.mg.gov.br\/v1\/wp-content\/uploads\/2018\/12\/122-IMPRENSA-CONVOCA\u00c7\u00c3O-processo-seletivo-saude.pdf\">122 &#8211; IMPRENSA &#8211; CONVOCA\u00c7\u00c3O processo seletivo saude<\/a><\/p>\n<p><a href=\"https:\/\/conselheirolafaiete.mg.gov.br\/v1\/wp-content\/uploads\/2018\/12\/129-IMPRENSA-CONVOCA\u00c7\u00c3O-processo-seletivo-saude.pdf\">129 &#8211; IMPRENSA &#8211; CONVOCA\u00c7\u00c3O processo seletivo saude<\/a><\/p>\n<p><a href=\"https:\/\/conselheirolafaiete.mg.gov.br\/v1\/wp-content\/uploads\/2018\/12\/130-IMPRENSA-CONVOCA\u00c7\u00c3O-processo-seletivo-saude.pdf\">130 &#8211; IMPRENSA &#8211; CONVOCA\u00c7\u00c3O processo seletivo saude<\/a><\/p>\n<p><a href=\"https:\/\/conselheirolafaiete.mg.gov.br\/v1\/wp-content\/uploads\/2018\/12\/133-IMPRENSA-CONVOCA\u00c7\u00c3O-processo-seletivo-saude.pdf\">133 &#8211; IMPRENSA &#8211; CONVOCA\u00c7\u00c3O processo seletivo saude<\/a><\/p>\n<p><a href=\"https:\/\/conselheirolafaiete.mg.gov.br\/v1\/wp-content\/uploads\/2018\/12\/140-IMPRENSA-CONVOCA\u00c7\u00c3O-processo-seletivo-saude.pdf\">140 &#8211; IMPRENSA &#8211; CONVOCA\u00c7\u00c3O processo seletivo saude<\/a><\/p>\n<p><a href=\"https:\/\/conselheirolafaiete.mg.gov.br\/v1\/wp-content\/uploads\/2018\/12\/141-IMPRENSA-CONVOCA\u00c7\u00c3O-processo-seletivo-saude.pdf\">141 &#8211; IMPRENSA &#8211; CONVOCA\u00c7\u00c3O processo seletivo saude<\/a><\/p>\n<p><a href=\"https:\/\/conselheirolafaiete.mg.gov.br\/v1\/wp-content\/uploads\/2018\/12\/OF\u00cdCIO-033-IMPRENSA-CONVOCA\u00c7\u00c3O-PROCESSO-SELETIVO-01-2017-ESPORTES-1.pdf\">OF\u00cdCIO 033 &#8211; IMPRENSA &#8211; CONVOCA\u00c7\u00c3O PROCESSO SELETIVO 01-2017 &#8211; ESPORTES<\/a><\/p>\n<p><a href=\"https:\/\/conselheirolafaiete.mg.gov.br\/v1\/wp-content\/uploads\/2018\/12\/OF\u00cdCIO-088-IMPRENSA-CONVOCA\u00c7\u00c3O-processo-seletivo-saude-1.pdf\">OF\u00cdCIO 088 &#8211; IMPRENSA &#8211; CONVOCA\u00c7\u00c3O processo seletivo saude<\/a><\/p>\n<p><a href=\"https:\/\/conselheirolafaiete.mg.gov.br\/v1\/wp-content\/uploads\/2018\/12\/OF\u00cdCIO-195-IMPRENSA-CONVOCA\u00c7\u00c3O-processo-seletivo-saude-1.pdf\">OF\u00cdCIO 195 &#8211; IMPRENSA &#8211; CONVOCA\u00c7\u00c3O processo seletivo saude<\/a><\/p>\n<p><a href=\"https:\/\/conselheirolafaiete.mg.gov.br\/v1\/wp-content\/uploads\/2018\/12\/OF\u00cdCIO-196-IMPRENSA-CONVOCA\u00c7\u00c3O-processo-seletivo-saude-1.pdf\">OF\u00cdCIO 196 &#8211; IMPRENSA &#8211; CONVOCA\u00c7\u00c3O processo seletivo saude<\/a><\/p>\n","protected":false},"excerpt":{"rendered":"<p>105 &#8211; IMPRENSA &#8211; CONVOCA\u00c7\u00c3O processo seletivo saude 114 &#8211; IMPRENSA &#8211; CONVOCA\u00c7\u00c3O processo seletivo saude 115 &#8211; IMPRENSA &#8211; CONVOCA\u00c7\u00c3O processo seletivo saude 121 &#8211; IMPRENSA &#8211; CONVOCA\u00c7\u00c3O P.S. SMA 122 &#8211; IMPRENSA &#8211; CONVOCA\u00c7\u00c3O processo seletivo saude 129 &#8211; IMPRENSA &#8211; CONVOCA\u00c7\u00c3O processo seletivo saude 130 &#8211; IMPRENSA &#8211; CONVOCA\u00c7\u00c3O processo seletivo saude [&hellip;]<\/p>\n","protected":false},"author":2,"featured_media":0,"parent":0,"menu_order":0,"comment_status":"closed","ping_status":"closed","template":"","meta":{"footnotes":""},"class_list":["post-1672","page","type-page","status-publish","hentry"],"_links":{"self":[{"href":"https:\/\/conselheirolafaiete.mg.gov.br\/v1\/wp-json\/wp\/v2\/pages\/1672","targetHints":{"allow":["GET"]}}],"collection":[{"href":"https:\/\/conselheirolafaiete.mg.gov.br\/v1\/wp-json\/wp\/v2\/pages"}],"about":[{"href":"https:\/\/conselheirolafaiete.mg.gov.br\/v1\/wp-json\/wp\/v2\/types\/page"}],"author":[{"embeddable":true,"href":"https:\/\/conselheirolafaiete.mg.gov.br\/v1\/wp-json\/wp\/v2\/users\/2"}],"replies":[{"embeddable":true,"href":"https:\/\/conselheirolafaiete.mg.gov.br\/v1\/wp-json\/wp\/v2\/comments?post=1672"}],"version-history":[{"count":1,"href":"https:\/\/conselheirolafaiete.mg.gov.br\/v1\/wp-json\/wp\/v2\/pages\/1672\/revisions"}],"predecessor-version":[{"id":1687,"href":"https:\/\/conselheirolafaiete.mg.gov.br\/v1\/wp-json\/wp\/v2\/pages\/1672\/revisions\/1687"}],"wp:attachment":[{"href":"https:\/\/conselheirolafaiete.mg.gov.br\/v1\/wp-json\/wp\/v2\/media?parent=1672"}],"curies":[{"name":"wp","href":"https:\/\/api.w.org\/{rel}","templated":true}]}}