{"id":1688,"date":"2018-12-03T14:09:07","date_gmt":"2018-12-03T14:09:07","guid":{"rendered":"http:\/\/conselheirolafaiete.mg.gov.br\/v1\/?page_id=1688"},"modified":"2018-12-03T14:12:18","modified_gmt":"2018-12-03T14:12:18","slug":"convocacoes-processo-seletivo-antes-2017","status":"publish","type":"page","link":"https:\/\/conselheirolafaiete.mg.gov.br\/v1\/convocacoes-processo-seletivo-antes-2017\/","title":{"rendered":"Convoca\u00e7\u00f5es Processo Seletivo antes 2017"},"content":{"rendered":"<p><a href=\"https:\/\/conselheirolafaiete.mg.gov.br\/v1\/wp-content\/uploads\/2018\/12\/178-CONVOCA\u00c7\u00c3O-ACE-v\u00e1rios.pdf\">178 &#8211; CONVOCA\u00c7\u00c3O &#8211; ACE &#8211; v\u00e1rios<\/a><\/p>\n<p><a href=\"https:\/\/conselheirolafaiete.mg.gov.br\/v1\/wp-content\/uploads\/2018\/12\/187-CONVOCA\u00c7\u00c3O-ACE-Roselene.pdf\">187 &#8211; CONVOCA\u00c7\u00c3O &#8211; ACE &#8211; Roselene<\/a><\/p>\n<p><a href=\"https:\/\/conselheirolafaiete.mg.gov.br\/v1\/wp-content\/uploads\/2018\/12\/249-CONVOCA\u00c7\u00c3O-SMDS-Thainara.pdf\">249 CONVOCA\u00c7\u00c3O SMDS Thainara<\/a><\/p>\n<p><a href=\"https:\/\/conselheirolafaiete.mg.gov.br\/v1\/wp-content\/uploads\/2018\/12\/261CONVOCA\u00c7\u00c3O-SMDS-Camila.pdf\">261CONVOCA\u00c7\u00c3O SMDS Camila<\/a><\/p>\n<p><a href=\"https:\/\/conselheirolafaiete.mg.gov.br\/v1\/wp-content\/uploads\/2018\/12\/263-CONVOCA\u00c7\u00c3O-ACS-Sta-Cruz.pdf\">263 &#8211; CONVOCA\u00c7\u00c3O ACS &#8211; Sta Cruz<\/a><\/p>\n<p><a href=\"https:\/\/conselheirolafaiete.mg.gov.br\/v1\/wp-content\/uploads\/2018\/12\/271-CONVOCA\u00c7\u00c3O-ACS-Rosana.pdf\">271 &#8211; CONVOCA\u00c7\u00c3O &#8211; ACS Rosana<\/a><\/p>\n<p><a href=\"https:\/\/conselheirolafaiete.mg.gov.br\/v1\/wp-content\/uploads\/2018\/12\/305-CONVOCA\u00c7\u00c3O-AGENTE-DE-COMBATE-A-ENDEMIAS.pdf\">305 &#8211; CONVOCA\u00c7\u00c3O &#8211; AGENTE DE COMBATE A ENDEMIAS<\/a><\/p>\n<p><a href=\"https:\/\/conselheirolafaiete.mg.gov.br\/v1\/wp-content\/uploads\/2018\/12\/316-CONVOCA\u00c7\u00c3O-AGENTE-DE-COMBATE-A-ENDEMIAS-II.pdf\">316 &#8211; CONVOCA\u00c7\u00c3O &#8211; AGENTE DE COMBATE A ENDEMIAS II<\/a><\/p>\n<p><a href=\"https:\/\/conselheirolafaiete.mg.gov.br\/v1\/wp-content\/uploads\/2018\/12\/334-CONVOCA\u00c7\u00c3O-AGENTE-DE-COMBATE-A-ENDEMIAS-II.pdf\">334 &#8211; CONVOCA\u00c7\u00c3O &#8211; AGENTE DE COMBATE A ENDEMIAS II<\/a><\/p>\n<p><a href=\"https:\/\/conselheirolafaiete.mg.gov.br\/v1\/wp-content\/uploads\/2018\/12\/353-CONVOCA\u00c7\u00c3O-AGENTE-DE-COMBATE-A-ENDEMIAS-II.pdf\">353 &#8211; CONVOCA\u00c7\u00c3O &#8211; AGENTE DE COMBATE A ENDEMIAS II<\/a><\/p>\n<p><a href=\"https:\/\/conselheirolafaiete.mg.gov.br\/v1\/wp-content\/uploads\/2018\/12\/393-CONVOCA\u00c7\u00c3O-ACE-Ana-Maria.pdf\">393 &#8211; CONVOCA\u00c7\u00c3O &#8211; ACE &#8211; Ana Maria<\/a><\/p>\n<p><a href=\"https:\/\/conselheirolafaiete.mg.gov.br\/v1\/wp-content\/uploads\/2018\/12\/416-CONVOCA\u00c7AO-PROC.-SELETIVO-SMDS.pdf\">416 CONVOCA\u00c7AO PROC. SELETIVO SMDS<\/a><\/p>\n<p><a href=\"https:\/\/conselheirolafaiete.mg.gov.br\/v1\/wp-content\/uploads\/2018\/12\/435-CONVOCA\u00c7AO-PROC.-SELETIVO-SMDS.pdf\">435 CONVOCA\u00c7AO PROC. SELETIVO SMDS<\/a><\/p>\n<p><a href=\"https:\/\/conselheirolafaiete.mg.gov.br\/v1\/wp-content\/uploads\/2018\/12\/Convoca\u00e7\u00e3o-Processo-Seletivo-Agente-Comunit\u00e1rio-de-Sa\u00fade.pdf\">Convoca\u00e7\u00e3o Processo Seletivo Agente Comunit\u00e1rio de Sa\u00fade<\/a><\/p>\n<p><a href=\"https:\/\/conselheirolafaiete.mg.gov.br\/v1\/wp-content\/uploads\/2018\/12\/05-CONVOCA\u00c7\u00c3O-SMDS.pdf\">05 CONVOCA\u00c7\u00c3O SMDS<\/a><\/p>\n<p><a href=\"https:\/\/conselheirolafaiete.mg.gov.br\/v1\/wp-content\/uploads\/2018\/12\/12-CONVOCA\u00c7\u00c3O-ACE-Andreza-de-Souza.pdf\">12 &#8211; CONVOCA\u00c7\u00c3O &#8211; ACE &#8211; Andreza de Souza<\/a><\/p>\n<p><a href=\"https:\/\/conselheirolafaiete.mg.gov.br\/v1\/wp-content\/uploads\/2018\/12\/15-CONVOCA\u00c7\u00c3O-PROJETO-2-TEMPO.pdf\">15 CONVOCA\u00c7\u00c3O PROJETO 2 TEMPO<\/a><\/p>\n<p><a href=\"https:\/\/conselheirolafaiete.mg.gov.br\/v1\/wp-content\/uploads\/2018\/12\/58-CONVOCA\u00c7\u00c3O-SMDS-aos-e-cozinheira.pdf\">58 CONVOCA\u00c7\u00c3O SMDS aos e cozinheira<\/a><\/p>\n<p><a href=\"https:\/\/conselheirolafaiete.mg.gov.br\/v1\/wp-content\/uploads\/2018\/12\/84-CONVOCA\u00c7\u00c3O-SMDS-2.pdf\">84 CONVOCA\u00c7\u00c3O SMDS (2)<\/a><\/p>\n<p><a href=\"https:\/\/conselheirolafaiete.mg.gov.br\/v1\/wp-content\/uploads\/2018\/12\/84-CONVOCA\u00c7\u00c3O-SMDS.pdf\">84 CONVOCA\u00c7\u00c3O SMDS<\/a><\/p>\n<p><a href=\"https:\/\/conselheirolafaiete.mg.gov.br\/v1\/wp-content\/uploads\/2018\/12\/92-CONVOCA\u00c7\u00c3O-SMDS-Roberta-2.pdf\">92 CONVOCA\u00c7\u00c3O SMDS Roberta (2)<\/a><\/p>\n<p><a href=\"https:\/\/conselheirolafaiete.mg.gov.br\/v1\/wp-content\/uploads\/2018\/12\/92-CONVOCA\u00c7\u00c3O-SMDS-Roberta.pdf\">92 CONVOCA\u00c7\u00c3O SMDS Roberta<\/a><\/p>\n<p><a href=\"https:\/\/conselheirolafaiete.mg.gov.br\/v1\/wp-content\/uploads\/2018\/12\/127-CONVOCA\u00c7\u00c3O-SMDS.pdf\">127 CONVOCA\u00c7\u00c3O SMDS<\/a><\/p>\n<p><a href=\"https:\/\/conselheirolafaiete.mg.gov.br\/v1\/wp-content\/uploads\/2018\/12\/131-CONVOCA\u00c7\u00c3O-ACE-v\u00e1rios.pdf\">131 &#8211; CONVOCA\u00c7\u00c3O &#8211; ACE &#8211; v\u00e1rios<\/a><\/p>\n<p><a href=\"https:\/\/conselheirolafaiete.mg.gov.br\/v1\/wp-content\/uploads\/2018\/12\/132-CONVOCA\u00c7\u00c3O-SMEL.pdf\">132 CONVOCA\u00c7\u00c3O SMEL<\/a><\/p>\n<p><a href=\"https:\/\/conselheirolafaiete.mg.gov.br\/v1\/wp-content\/uploads\/2018\/12\/134-CONVOCA\u00c7\u00c3O-ACE-Janayra.pdf\">134 &#8211; CONVOCA\u00c7\u00c3O &#8211; ACE &#8211; Janayra<\/a><\/p>\n<p><a href=\"https:\/\/conselheirolafaiete.mg.gov.br\/v1\/wp-content\/uploads\/2018\/12\/136-CONVOCA\u00c7\u00c3O-SMDS.pdf\">136 CONVOCA\u00c7\u00c3O SMDS<\/a><\/p>\n","protected":false},"excerpt":{"rendered":"<p>178 &#8211; CONVOCA\u00c7\u00c3O &#8211; ACE &#8211; v\u00e1rios 187 &#8211; CONVOCA\u00c7\u00c3O &#8211; ACE &#8211; Roselene 249 CONVOCA\u00c7\u00c3O SMDS Thainara 261CONVOCA\u00c7\u00c3O SMDS Camila 263 &#8211; CONVOCA\u00c7\u00c3O ACS &#8211; Sta Cruz 271 &#8211; CONVOCA\u00c7\u00c3O &#8211; ACS Rosana 305 &#8211; CONVOCA\u00c7\u00c3O &#8211; AGENTE DE COMBATE A ENDEMIAS 316 &#8211; CONVOCA\u00c7\u00c3O &#8211; AGENTE DE COMBATE A ENDEMIAS II 334 &#8211; [&hellip;]<\/p>\n","protected":false},"author":2,"featured_media":0,"parent":0,"menu_order":0,"comment_status":"closed","ping_status":"closed","template":"","meta":{"footnotes":""},"class_list":["post-1688","page","type-page","status-publish","hentry"],"_links":{"self":[{"href":"https:\/\/conselheirolafaiete.mg.gov.br\/v1\/wp-json\/wp\/v2\/pages\/1688","targetHints":{"allow":["GET"]}}],"collection":[{"href":"https:\/\/conselheirolafaiete.mg.gov.br\/v1\/wp-json\/wp\/v2\/pages"}],"about":[{"href":"https:\/\/conselheirolafaiete.mg.gov.br\/v1\/wp-json\/wp\/v2\/types\/page"}],"author":[{"embeddable":true,"href":"https:\/\/conselheirolafaiete.mg.gov.br\/v1\/wp-json\/wp\/v2\/users\/2"}],"replies":[{"embeddable":true,"href":"https:\/\/conselheirolafaiete.mg.gov.br\/v1\/wp-json\/wp\/v2\/comments?post=1688"}],"version-history":[{"count":3,"href":"https:\/\/conselheirolafaiete.mg.gov.br\/v1\/wp-json\/wp\/v2\/pages\/1688\/revisions"}],"predecessor-version":[{"id":1719,"href":"https:\/\/conselheirolafaiete.mg.gov.br\/v1\/wp-json\/wp\/v2\/pages\/1688\/revisions\/1719"}],"wp:attachment":[{"href":"https:\/\/conselheirolafaiete.mg.gov.br\/v1\/wp-json\/wp\/v2\/media?parent=1688"}],"curies":[{"name":"wp","href":"https:\/\/api.w.org\/{rel}","templated":true}]}}