{"id":17911,"date":"2024-01-19T14:14:49","date_gmt":"2024-01-19T16:14:49","guid":{"rendered":"http:\/\/conselheirolafaiete.mg.gov.br\/v1\/?page_id=17911"},"modified":"2024-01-19T14:14:49","modified_gmt":"2024-01-19T16:14:49","slug":"perguntas-frequentes","status":"publish","type":"page","link":"https:\/\/conselheirolafaiete.mg.gov.br\/v1\/perguntas-frequentes\/","title":{"rendered":"Perguntas Frequentes"},"content":{"rendered":"<p><strong>1. Quem deve divulgar os dados nas p\u00e1ginas de transpar\u00eancia?<\/strong><br \/>\nTodos os \u00f3rg\u00e3o e entidades da Administra\u00e7\u00e3o Direta e Indireta do Poder Executivo devem manter, em seus s\u00edtios na Internet, P\u00e1ginas de Transpar\u00eancia P\u00fablica.<\/p>\n<p><strong>2. Por que o Portal Transpar\u00eancia foi criado?<\/strong><br \/>\nPara atender a demanda de informa\u00e7\u00f5es sobre gest\u00e3o p\u00fablica, bem como cumprir as determina\u00e7\u00f5es constitucionais, visando \u00e0 transpar\u00eancia das contas p\u00fablicas e atendendo a Lei Complementar n\u00b0 131, de 27 de maio de 2009, e o Decreto Federal n\u00ba 10.540, de 05 de novembro de 2020.<\/p>\n<p><strong>3. Quais informa\u00e7\u00f5es podem ser encontradas no Portal?<\/strong><br \/>\nNo Portal est\u00e3o dispon\u00edveis as informa\u00e7\u00f5es sobre o Executivo Municipal, onde \u00e9 poss\u00edvel obter dados sobre: Or\u00e7amentos, Receitas, Despesas, Balan\u00e7os, Presta\u00e7\u00e3o de Contas da LRF, Contratos de Gest\u00e3o, Compras, Educa\u00e7\u00e3o Fiscal, Legisla\u00e7\u00e3o e Funcion\u00e1rios.<\/p>\n<p><strong>4. De onde s\u00e3o obtidos os dados do Portal?<\/strong><br \/>\nOs dados s\u00e3o extra\u00eddos do Sistema Operacional da Prefeitura, portanto as informa\u00e7\u00f5es s\u00e3o din\u00e2micas para Receitas e Despesas. Outras informa\u00e7\u00f5es s\u00e3o extra\u00eddas do pr\u00f3prio site da Prefeitura e algumas informa\u00e7\u00f5es est\u00e3o em formato pdf.<\/p>\n<p><strong>5. Com que frequ\u00eancia o Portal \u00e9 atualizado?<\/strong><br \/>\nA atualiza\u00e7\u00e3o do Portal \u00e9 feita diariamente, com as informa\u00e7\u00f5es do dia anterior.<\/p>\n<p><strong>6. Os dados referentes aos servidores encontram-se no Portal?<\/strong><br \/>\nSim. H\u00e1 um m\u00f3dulo com todos os funcion\u00e1rios da Prefeitura, seus cargos e \u00f3rg\u00e3os de lota\u00e7\u00e3o.<\/p>\n<p><strong>7. Como posso tirar d\u00favidas sobre termos, express\u00f5es e siglas, ou at\u00e9 mesmo algum questionamento que possa surgir?<\/strong><br \/>\nOs termos, express\u00f5es e siglas podem ser consultados no Gloss\u00e1rio, ou por meio do e-mail. D\u00favidas, sugest\u00f5es e reclama\u00e7\u00f5es podem ser feitas por meio do canal &#8220;Fale Conosco&#8221;, por e-mail ou telefone.<\/p>\n<p><strong>8. O Portal disponibiliza informa\u00e7\u00f5es sobre a arrecada\u00e7\u00e3o do Municio?<\/strong><br \/>\nSim. A informa\u00e7\u00e3o que est\u00e1 no link &#8220;Receitas&#8221; demonstra o quanto \u00e9 arrecadado e transferido para o Munic\u00edpio.<\/p>\n<p><strong>9. Que tipo de informa\u00e7\u00f5es encontro nas Despesas?<\/strong><br \/>\nS\u00e3o informa\u00e7\u00f5es sobre o total das despesas, por \u00f3rg\u00e3o, por fun\u00e7\u00e3o, por programa e\/ou por credor. H\u00e1 tamb\u00e9m informa\u00e7\u00f5es sobre valor or\u00e7ado; valor empenhado, liquidado ou pago; credor, n\u00famero do empenho; processo licitat\u00f3rio, data e descri\u00e7\u00e3o dos itens do empenho.<\/p>\n<p><strong>10. Onde est\u00e3o as despesas do Legislativo?<\/strong><br \/>\nAs despesas do Legislativo est\u00e3o no link do menu no item &#8220;Saiba +&#8221; ou no link &#8220;Portal da Transpar\u00eancia&#8221;, no endere\u00e7o: <a href=\"https:\/\/www.conselheirolafaiete.mg.leg.br\/transparencia\">https:\/\/www.conselheirolafaiete.mg.leg.br\/transparencia<\/a><\/p>\n<p><strong>11. O que encontro no menu &#8220;Legisla\u00e7\u00e3o&#8221;?<\/strong><br \/>\nNeste link \u00e9 poss\u00edvel consultar as leis e decretos do Munic\u00edpio de Conselheiro Lafaiete e tamb\u00e9m as Legisla\u00e7\u00e3o Federal.<\/p>\n<p><strong>12. Como fa\u00e7o para acompanhar a publica\u00e7\u00e3o dos atos oficiais do Munic\u00edpio de Conselheiro Lafaiete?<\/strong><br \/>\nTodos os atos oficiais s\u00e3o publicados no Di\u00e1rio Oficial Eletr\u00f4nico, dispon\u00edvel no link <a href=\"https:\/\/publicacoesmunicipais.com.br\/eatos\/conselheirolafaiete\">https:\/\/publicacoesmunicipais.com.br\/eatos\/conselheirolafaiete<\/a><\/p>\n<p><strong>13. Onde encontro o endere\u00e7o oficial, telefone, hor\u00e1rio de atendimento e e-mail dos \u00f3rg\u00e3os da Prefeitura?<\/strong><br \/>\nAs informa\u00e7\u00f5es est\u00e3o dispon\u00edveis no menu Contato.<\/p>\n","protected":false},"excerpt":{"rendered":"<p>1. Quem deve divulgar os dados nas p\u00e1ginas de transpar\u00eancia? Todos os \u00f3rg\u00e3o e entidades da Administra\u00e7\u00e3o Direta e Indireta do Poder Executivo devem manter, em seus s\u00edtios na Internet, P\u00e1ginas de Transpar\u00eancia P\u00fablica. 2. Por que o Portal Transpar\u00eancia foi criado? Para atender a demanda de informa\u00e7\u00f5es sobre gest\u00e3o p\u00fablica, bem como cumprir as [&hellip;]<\/p>\n","protected":false},"author":1,"featured_media":0,"parent":0,"menu_order":0,"comment_status":"closed","ping_status":"closed","template":"","meta":{"footnotes":""},"class_list":["post-17911","page","type-page","status-publish","hentry"],"_links":{"self":[{"href":"https:\/\/conselheirolafaiete.mg.gov.br\/v1\/wp-json\/wp\/v2\/pages\/17911","targetHints":{"allow":["GET"]}}],"collection":[{"href":"https:\/\/conselheirolafaiete.mg.gov.br\/v1\/wp-json\/wp\/v2\/pages"}],"about":[{"href":"https:\/\/conselheirolafaiete.mg.gov.br\/v1\/wp-json\/wp\/v2\/types\/page"}],"author":[{"embeddable":true,"href":"https:\/\/conselheirolafaiete.mg.gov.br\/v1\/wp-json\/wp\/v2\/users\/1"}],"replies":[{"embeddable":true,"href":"https:\/\/conselheirolafaiete.mg.gov.br\/v1\/wp-json\/wp\/v2\/comments?post=17911"}],"version-history":[{"count":1,"href":"https:\/\/conselheirolafaiete.mg.gov.br\/v1\/wp-json\/wp\/v2\/pages\/17911\/revisions"}],"predecessor-version":[{"id":17912,"href":"https:\/\/conselheirolafaiete.mg.gov.br\/v1\/wp-json\/wp\/v2\/pages\/17911\/revisions\/17912"}],"wp:attachment":[{"href":"https:\/\/conselheirolafaiete.mg.gov.br\/v1\/wp-json\/wp\/v2\/media?parent=17911"}],"curies":[{"name":"wp","href":"https:\/\/api.w.org\/{rel}","templated":true}]}}