{"id":17914,"date":"2024-01-19T14:22:43","date_gmt":"2024-01-19T16:22:43","guid":{"rendered":"http:\/\/conselheirolafaiete.mg.gov.br\/v1\/?page_id=17914"},"modified":"2024-01-19T16:13:55","modified_gmt":"2024-01-19T18:13:55","slug":"controle-interno","status":"publish","type":"page","link":"https:\/\/conselheirolafaiete.mg.gov.br\/v1\/controle-interno\/","title":{"rendered":"Controle Interno"},"content":{"rendered":"<p>[vc_row][vc_column][vc_column_text]<strong>Instru\u00e7\u00e3o Normativa n.\u00ba 01\u00a0de 10 de mar\u00e7o de 2023<\/strong><br \/>\nEstabelece normas para tombamento, registro, incorpora\u00e7\u00e3o, movimenta\u00e7\u00e3o, carga, doa\u00e7\u00e3o, controle, preserva\u00e7\u00e3o, invent\u00e1rio, cess\u00e3o e baixa de bens patrimoniais m\u00f3veis e im\u00f3veis,<br \/>\ndisciplinando as atividades de gest\u00e3o de bens m\u00f3veis e im\u00f3veis do Munic\u00edpio de Conselheiro Lafaiete\/MG.<br \/>\n<a href=\"https:\/\/conselheirolafaiete.mg.gov.br\/v1\/wp-content\/uploads\/2024\/01\/IN-001_2023_CGM_PMCL-PATRIM\u00d4NIO.pdf\">IN 001_2023_CGM_PMCL &#8211; PATRIM\u00d4NIO<\/a><br \/>\n<a href=\"https:\/\/conselheirolafaiete.mg.gov.br\/v1\/wp-content\/uploads\/2024\/01\/001-TERMO-DE-REMESSA-RECEBIMENTO-DE-MATERIAL-PERMANENTE-PARA-FINS-DE-REPARO-E-OU-MANUTENCAO.pdf\">001 &#8211; TERMO DE REMESSA-RECEBIMENTO DE MATERIAL PERMANENTE PARA FINS DE REPARO E-OU MANUTENCAO<\/a><br \/>\n<a href=\"https:\/\/conselheirolafaiete.mg.gov.br\/v1\/wp-content\/uploads\/2024\/01\/002-GUIA-DE-MOVIMENTA\u00c7\u00c3O-DE-PATRIM\u00d4NIO.pdf\">002 &#8211; GUIA DE MOVIMENTA\u00c7\u00c3O DE PATRIM\u00d4NIO<\/a><a href=\"https:\/\/conselheirolafaiete.mg.gov.br\/v1\/wp-content\/uploads\/2024\/01\/003-TERMO-DE-AUTORIZA\u00c7\u00c3O-PARA-UTILIZA\u00c7\u00c3O-DE-BEM-PARTICULAR.pdf\">003 &#8211; TERMO DE AUTORIZA\u00c7\u00c3O PARA UTILIZA\u00c7\u00c3O DE BEM PARTICULAR<\/a><br \/>\n<a href=\"https:\/\/conselheirolafaiete.mg.gov.br\/v1\/wp-content\/uploads\/2024\/01\/004-RELAT\u00d3RIO-DE-VISITACAO.pdf\">004 &#8211; RELAT\u00d3RIO DE VISITACAO<\/a><a href=\"https:\/\/conselheirolafaiete.mg.gov.br\/v1\/wp-content\/uploads\/2024\/01\/005-PEDIDO-DE-DESCARGA-PATRIMONIAL.pdf\">005 &#8211; PEDIDO DE DESCARGA PATRIMONIAL<\/a><br \/>\n<a href=\"https:\/\/conselheirolafaiete.mg.gov.br\/v1\/wp-content\/uploads\/2024\/01\/006-TERMO-DE-BAIXA-DE-BEM-PATRIMONIAL.pdf\">006 &#8211; TERMO DE BAIXA DE BEM PATRIMONIAL<\/a><br \/>\n<a href=\"https:\/\/conselheirolafaiete.mg.gov.br\/v1\/wp-content\/uploads\/2024\/01\/007-LAUDO-DE-INSERVIBILIDADE.pdf\">007 &#8211; LAUDO DE INSERVIBILIDADE<\/a><br \/>\n<a href=\"https:\/\/conselheirolafaiete.mg.gov.br\/v1\/wp-content\/uploads\/2024\/01\/008-TERMO-DE-DOA\u00c7\u00c3O-COM-ENCARGOS-OU-SEM-ENCARGOS.pdf\">008 &#8211; TERMO DE DOA\u00c7\u00c3O COM ENCARGOS OU SEM ENCARGOS<\/a><br \/>\n<a href=\"https:\/\/conselheirolafaiete.mg.gov.br\/v1\/wp-content\/uploads\/2024\/01\/009-DECRETO.pdf\">009 &#8211; DECRETO<\/a><br \/>\n<a href=\"https:\/\/conselheirolafaiete.mg.gov.br\/v1\/wp-content\/uploads\/2024\/01\/010-MINUTA-TERMO-DE-AUTORIZA\u00c7\u00c3O-DE-USO-DE-BEM-P\u00daBLICO-\u2013-GRATUITO.pdf\">010 &#8211; MINUTA TERMO DE AUTORIZA\u00c7\u00c3O DE USO DE BEM P\u00daBLICO \u2013 GRATUITO<\/a><br \/>\n<a href=\"https:\/\/conselheirolafaiete.mg.gov.br\/v1\/wp-content\/uploads\/2024\/01\/011-TERMO-DE-AUTORIZA\u00c7\u00c3O-DE-USO-DE-BEM-P\u00daBLICO-\u2013-ONEROSO.pdf\">011 &#8211; TERMO DE AUTORIZA\u00c7\u00c3O DE USO DE BEM P\u00daBLICO \u2013 ONEROSO<\/a><br \/>\n<a href=\"https:\/\/conselheirolafaiete.mg.gov.br\/v1\/wp-content\/uploads\/2024\/01\/012-CLASSE-DE-CONTAS-DO-ATIVO-IMOBILIZADO.pdf\">012 &#8211; CLASSE DE CONTAS DO ATIVO IMOBILIZADO<\/a><br \/>\n<a href=\"https:\/\/conselheirolafaiete.mg.gov.br\/v1\/wp-content\/uploads\/2024\/01\/013-COMUNICADO-DE-EXTRAVIO-DE-BENS.pdf\">013 &#8211; COMUNICADO DE EXTRAVIO DE BENS<\/a><br \/>\n<a href=\"https:\/\/conselheirolafaiete.mg.gov.br\/v1\/wp-content\/uploads\/2024\/01\/014-TERMO-DE-AUTORIZA\u00c7\u00c3O-DE-SA\u00cdDA-DE-BEM.pdf\">014 &#8211; TERMO DE AUTORIZA\u00c7\u00c3O DE SA\u00cdDA DE BEM<\/a><br \/>\n<a href=\"https:\/\/conselheirolafaiete.mg.gov.br\/v1\/wp-content\/uploads\/2024\/01\/015-TERMO-DE-CARGA-PATRIMONIAL-PARA-FINS-DE-INVENT\u00c1RIO.pdf\">015 &#8211; TERMO DE CARGA PATRIMONIAL PARA FINS DE INVENT\u00c1RIO<\/a>[\/vc_column_text][\/vc_column][\/vc_row][vc_row][vc_column][vc_column_text]<strong>Instru\u00e7\u00e3o Normativa no 02 de 10 de mar\u00e7o de 2023<br \/>\n<\/strong>&#8216;Estabelece normas para o gerenciamento e controle dos ve\u00edculos oficiais que comp\u00f5em a frota do Munic\u00edpio de Conselheiro Lafaiete e d\u00e1 outras provid\u00eancias&#8221;.<br \/>\n<a href=\"https:\/\/conselheirolafaiete.mg.gov.br\/v1\/wp-content\/uploads\/2024\/01\/IN-002_2023_CGM_PMCL-FROTAS-MUNICIPAIS.pdf\">IN 002_2023_CGM_PMCL &#8211; FROTAS MUNICIPAIS<\/a><br \/>\n<a href=\"https:\/\/conselheirolafaiete.mg.gov.br\/v1\/wp-content\/uploads\/2024\/01\/1.-REQUERIMENTO-PARA-CREDENCIAMENTO-DE-CONDUTOR-DE-VE\u00cdCULO-ANEXO-IN.pdf\">1. REQUERIMENTO PARA CREDENCIAMENTO DE CONDUTOR DE VE\u00cdCULO &#8211; ANEXO IN<\/a><br \/>\n<a href=\"https:\/\/conselheirolafaiete.mg.gov.br\/v1\/wp-content\/uploads\/2024\/01\/2.-CONTROLE-DE-ENTRADA-E-SA\u00cdDA-DE-VE\u00cdCULOS-\u2013-PREFEITURA-MUNICIPAL-DE-CONSELHEIRO-LAFAIETE-ANEXO-IN.pdf\">2. CONTROLE DE ENTRADA E SA\u00cdDA DE VE\u00cdCULOS \u2013 PREFEITURA MUNICIPAL DE CONSELHEIRO LAFAIETE &#8211; ANEXO IN<\/a><br \/>\n<a href=\"https:\/\/conselheirolafaiete.mg.gov.br\/v1\/wp-content\/uploads\/2024\/01\/3.-TERMO-DE-RESPONSABILIDADE-DE-CONDUTOR-ANEXO-IN.pdf\">3. TERMO DE RESPONSABILIDADE DE CONDUTOR &#8211; ANEXO IN<\/a><a href=\"https:\/\/conselheirolafaiete.mg.gov.br\/v1\/wp-content\/uploads\/2024\/01\/4.-REQUERIMENTO-PARA-REVALIDA\u00c7\u00c3O-DO-CREDENCIAMENTO-ANEXO-IN.pdf\">4. REQUERIMENTO PARA REVALIDA\u00c7\u00c3O DO CREDENCIAMENTO &#8211; ANEXO IN<\/a><br \/>\n<a href=\"https:\/\/conselheirolafaiete.mg.gov.br\/v1\/wp-content\/uploads\/2024\/01\/5.-NOTIFICA\u00c7\u00c3O-MULTA-ANEXO-IN.pdf\">5. NOTIFICA\u00c7\u00c3O MULTA &#8211; ANEXO IN<\/a><br \/>\n<a href=\"https:\/\/conselheirolafaiete.mg.gov.br\/v1\/wp-content\/uploads\/2024\/01\/6.-TERMO-DE-DECLARA\u00c7\u00c3O-RESPONSABILIDADE-E-SOLICITA\u00c7\u00c3O-ANEXO-IN.pdf\">6. TERMO DE DECLARA\u00c7\u00c3O, RESPONSABILIDADE E SOLICITA\u00c7\u00c3O &#8211; ANEXO IN<\/a><br \/>\n<a href=\"https:\/\/conselheirolafaiete.mg.gov.br\/v1\/wp-content\/uploads\/2024\/01\/7.-FICHA-DE-CADASTRO-DE-VE\u00cdCULO-ANEXO-IN.pdf\">7. FICHA DE CADASTRO DE VE\u00cdCULO &#8211; ANEXO IN<\/a><br \/>\n<a href=\"https:\/\/conselheirolafaiete.mg.gov.br\/v1\/wp-content\/uploads\/2024\/01\/8.-MAPA-DE-CONTROLE-DE-DESEMPENHO-E-MANUTEN\u00c7\u00c3O-DE-VE\u00cdCULO-OFICIAL-ANEXO-IN.pdf\">8. MAPA DE CONTROLE DE DESEMPENHO E MANUTEN\u00c7\u00c3O DE VE\u00cdCULO OFICIAL &#8211; ANEXO IN<\/a><br \/>\n<a href=\"https:\/\/conselheirolafaiete.mg.gov.br\/v1\/wp-content\/uploads\/2024\/01\/9.-DI\u00c1RIO-DE-BORDO-ANEXO-IN.pdf\">9. DI\u00c1RIO DE BORDO &#8211; ANEXO IN<\/a><br \/>\n<a href=\"https:\/\/conselheirolafaiete.mg.gov.br\/v1\/wp-content\/uploads\/2024\/01\/10.-TERMO-DE-VISTORIA-ANEXO-IN.pdf\">10. TERMO DE VISTORIA- ANEXO IN<\/a><br \/>\n<a href=\"https:\/\/conselheirolafaiete.mg.gov.br\/v1\/wp-content\/uploads\/2024\/01\/11.-FICHA-DE-CONTROLE-DE-ABASTECIMENTO-DE-VE\u00cdCULO-ANEXO-IN.pdf\">11. FICHA DE CONTROLE DE ABASTECIMENTO DE VE\u00cdCULO &#8211; ANEXO IN<\/a><br \/>\n<a href=\"https:\/\/conselheirolafaiete.mg.gov.br\/v1\/wp-content\/uploads\/2024\/01\/12.-REQUISI\u00c7\u00c3O-DO-VE\u00cdCULO-ANEXO-IN.pdf\">12. REQUISI\u00c7\u00c3O DO VE\u00cdCULO &#8211; ANEXO IN<\/a>[\/vc_column_text][\/vc_column][\/vc_row][vc_row][vc_column][vc_column_text]<strong>INSTRU\u00c7\u00c3O NORMATIVA N.o 003 de 10 de mar\u00e7o de 2023<br \/>\n<\/strong>&#8220;Estabelece normas sobre a requisi\u00e7\u00e3o, recebimento, devolu\u00e7\u00e3o, armazenamento e sa\u00edda de materiais dos almoxarifados da<br \/>\nPrefeitura Municipal de Conselheiro Lafaiete \u2013 MG&#8221;.<br \/>\n<a href=\"https:\/\/conselheirolafaiete.mg.gov.br\/v1\/wp-content\/uploads\/2024\/01\/IN-003_2023_CGM_PMCL-ALMOXARIFADO.pdf\">IN 003_2023_CGM_PMCL &#8211; ALMOXARIFADO<\/a><br \/>\n<a href=\"https:\/\/conselheirolafaiete.mg.gov.br\/v1\/wp-content\/uploads\/2024\/01\/001-TERMO-DE-RECEBIMENTO-PROVIS\u00d3RIO-DE-MATERIAIS.pdf\">001 &#8211; TERMO DE RECEBIMENTO PROVIS\u00d3RIO DE MATERIAIS<\/a><br \/>\n<a href=\"https:\/\/conselheirolafaiete.mg.gov.br\/v1\/wp-content\/uploads\/2024\/01\/002-TERMO-DE-RETIRADA-PROVIS\u00d3RIA.pdf\">002 &#8211; TERMO DE RETIRADA PROVIS\u00d3RIA<\/a><br \/>\n<a href=\"https:\/\/conselheirolafaiete.mg.gov.br\/v1\/wp-content\/uploads\/2024\/01\/003-TERMO-DE-RECEBIMENTO-DEFINITIDO-DE-MATERIAIS.pdf\">003 &#8211; TERMO DE RECEBIMENTO DEFINITIDO DE MATERIAIS<\/a><br \/>\n<a href=\"https:\/\/conselheirolafaiete.mg.gov.br\/v1\/wp-content\/uploads\/2024\/01\/004-TERMO-DE-DEVOLU\u00c7\u00c3O-DE-MATERIAIS.pdf\">004 &#8211; TERMO DE DEVOLU\u00c7\u00c3O DE MATERIAIS<\/a>[\/vc_column_text][\/vc_column][\/vc_row]<\/p>\n","protected":false},"excerpt":{"rendered":"<p>[vc_row][vc_column][vc_column_text]Instru\u00e7\u00e3o Normativa n.\u00ba 01\u00a0de 10 de mar\u00e7o de 2023 Estabelece normas para tombamento, registro, incorpora\u00e7\u00e3o, movimenta\u00e7\u00e3o, carga, doa\u00e7\u00e3o, controle, preserva\u00e7\u00e3o, invent\u00e1rio, cess\u00e3o e baixa de bens patrimoniais m\u00f3veis e im\u00f3veis, disciplinando as atividades de gest\u00e3o de bens m\u00f3veis e im\u00f3veis do Munic\u00edpio de Conselheiro Lafaiete\/MG. IN 001_2023_CGM_PMCL &#8211; PATRIM\u00d4NIO 001 &#8211; TERMO DE REMESSA-RECEBIMENTO DE [&hellip;]<\/p>\n","protected":false},"author":1,"featured_media":0,"parent":0,"menu_order":0,"comment_status":"closed","ping_status":"closed","template":"","meta":{"footnotes":""},"class_list":["post-17914","page","type-page","status-publish","hentry"],"_links":{"self":[{"href":"https:\/\/conselheirolafaiete.mg.gov.br\/v1\/wp-json\/wp\/v2\/pages\/17914","targetHints":{"allow":["GET"]}}],"collection":[{"href":"https:\/\/conselheirolafaiete.mg.gov.br\/v1\/wp-json\/wp\/v2\/pages"}],"about":[{"href":"https:\/\/conselheirolafaiete.mg.gov.br\/v1\/wp-json\/wp\/v2\/types\/page"}],"author":[{"embeddable":true,"href":"https:\/\/conselheirolafaiete.mg.gov.br\/v1\/wp-json\/wp\/v2\/users\/1"}],"replies":[{"embeddable":true,"href":"https:\/\/conselheirolafaiete.mg.gov.br\/v1\/wp-json\/wp\/v2\/comments?post=17914"}],"version-history":[{"count":6,"href":"https:\/\/conselheirolafaiete.mg.gov.br\/v1\/wp-json\/wp\/v2\/pages\/17914\/revisions"}],"predecessor-version":[{"id":17964,"href":"https:\/\/conselheirolafaiete.mg.gov.br\/v1\/wp-json\/wp\/v2\/pages\/17914\/revisions\/17964"}],"wp:attachment":[{"href":"https:\/\/conselheirolafaiete.mg.gov.br\/v1\/wp-json\/wp\/v2\/media?parent=17914"}],"curies":[{"name":"wp","href":"https:\/\/api.w.org\/{rel}","templated":true}]}}