{"id":191,"date":"2018-11-28T11:11:56","date_gmt":"2018-11-28T11:11:56","guid":{"rendered":"http:\/\/conselheirolafaiete.mg.gov.br\/v1\/?page_id=191"},"modified":"2018-11-28T11:29:57","modified_gmt":"2018-11-28T11:29:57","slug":"servico-de-inspecao-municipal-s-i-m","status":"publish","type":"page","link":"https:\/\/conselheirolafaiete.mg.gov.br\/v1\/servico-de-inspecao-municipal-s-i-m\/","title":{"rendered":"Servi\u00e7o de Inspe\u00e7\u00e3o Municipal \u2018S.I.M.\u2019"},"content":{"rendered":"<div>\n<h1 class=\"post-title entry-title\">Servi\u00e7o de Inspe\u00e7\u00e3o Municipal \u2018S.I.M.\u2019<\/h1>\n<\/div>\n<div>\u2013 Os arquivos com exce\u00e7\u00e3o do decreto e da lei (pdf\u00b4s) est\u00e3o disponibilizados encontram-se em formato DOC.<br \/>\n\u2013 Clique sobre o t\u00edtulo\u00a0para fazer o download.<\/div>\n<div><strong><a href=\"https:\/\/conselheirolafaiete.mg.gov.br\/v1\/wp-content\/uploads\/2018\/11\/decreto_nr_459_de_20_de_outubro_de_2016.pdf\">DECRETO N\u00ba 459, DE 20 DE OUTUBRO DE 2016.<\/a><\/strong><\/div>\n<div><\/div>\n<div>\n<p><strong><a href=\"https:\/\/conselheirolafaiete.mg.gov.br\/v1\/wp-content\/uploads\/2018\/11\/LEI_N_5812_22_DE_JULHO_DE_2016.pdf\">LEI No 5.812, DE 22 DE JULHO DE 2016.<\/a><\/strong><\/p>\n<p><a href=\"https:\/\/conselheirolafaiete.mg.gov.br\/v1\/wp-content\/uploads\/2018\/11\/Memorial-Descritivo-da-Constru\u00e7\u00e3o-2.doc\"><strong>Memorial Descritivo da Constru\u00e7\u00e3o <\/strong><\/a><\/p>\n<p><a href=\"https:\/\/conselheirolafaiete.mg.gov.br\/v1\/wp-content\/uploads\/2018\/11\/Memorial-economico-sanit\u00e1rio-vegetal.doc\"><strong>Memorial Econ\u00f4mico Sanit\u00e1rio vegetais<\/strong><\/a><\/p>\n<p><a href=\"https:\/\/conselheirolafaiete.mg.gov.br\/v1\/wp-content\/uploads\/2018\/11\/Termo-de-compromisso-corrigido.doc\"><strong>Termo-de-compromisso<\/strong><\/a><\/p>\n<\/div>\n<div><a href=\"https:\/\/conselheirolafaiete.mg.gov.br\/v1\/wp-content\/uploads\/2018\/11\/Memorial-economico-sanit\u00e1rio-carnes-pescado.doc\"><strong>Memorial Econ\u00f4mico Sanit\u00e1rio Carnes-pescado<\/strong><\/a><\/div>\n<div><a href=\"https:\/\/conselheirolafaiete.mg.gov.br\/v1\/wp-content\/uploads\/2018\/11\/Memorial-economico-sanit\u00e1rio-leite.doc\"><strong>Memorial Econ\u00f4mico Sanit\u00e1rio\u00a0Leite<\/strong><\/a><\/div>\n<div><a href=\"https:\/\/conselheirolafaiete.mg.gov.br\/v1\/wp-content\/uploads\/2018\/11\/Memorial-economico-sanit\u00e1rio-mel.doc\"><strong>Memorial Econ\u00f4mico Sanit\u00e1rio\u00a0Mel<\/strong><\/a><\/div>\n<div><a href=\"https:\/\/conselheirolafaiete.mg.gov.br\/v1\/wp-content\/uploads\/2018\/11\/Memorial-economico-sanit\u00e1rio-ovos.doc\"><strong>Memorial Econ\u00f4mico Sanit\u00e1rio\u00a0Ovos<\/strong><\/a><\/div>\n<div><a href=\"https:\/\/conselheirolafaiete.mg.gov.br\/v1\/wp-content\/uploads\/2018\/11\/REGISTRO-DE-ROTULO.doc\"><strong>Registro de R\u00f3tulo<\/strong><\/a><\/div>\n<div><a href=\"https:\/\/conselheirolafaiete.mg.gov.br\/v1\/wp-content\/uploads\/2018\/11\/Requerimento-de-Registro-vistoria-previa-aprova\u00e7\u00e3o-de-planta-e-memoriais.doc\"><strong>Requerimento de Registro \u2013 Vistoria Pr\u00e9via \u2013 Aprova\u00e7\u00e3o de Planta e Memoriais<\/strong><\/a><\/div>\n<div><a href=\"https:\/\/conselheirolafaiete.mg.gov.br\/v1\/wp-content\/uploads\/2018\/11\/Requerimento-de-vistoria-de-terreno.doc\"><strong>Requerimento de Vistoria de Terreno<\/strong><\/a><\/div>\n<div><a href=\"https:\/\/conselheirolafaiete.mg.gov.br\/v1\/wp-content\/uploads\/2018\/11\/Requerimento-de-vistoria-final.doc\"><strong>Requerimento de Vistoria Final<\/strong><\/a><\/div>\n<div><a href=\"https:\/\/conselheirolafaiete.mg.gov.br\/v1\/wp-content\/uploads\/2018\/11\/Termo-de-responsabilidade-tecnica.doc\"><strong>Termo de Responsabilidade T\u00e9cnica<\/strong><\/a><\/div>\n","protected":false},"excerpt":{"rendered":"<p>Servi\u00e7o de Inspe\u00e7\u00e3o Municipal \u2018S.I.M.\u2019 \u2013 Os arquivos com exce\u00e7\u00e3o do decreto e da lei (pdf\u00b4s) est\u00e3o disponibilizados encontram-se em formato DOC. \u2013 Clique sobre o t\u00edtulo\u00a0para fazer o download. DECRETO N\u00ba 459, DE 20 DE OUTUBRO DE 2016. LEI No 5.812, DE 22 DE JULHO DE 2016. Memorial Descritivo da Constru\u00e7\u00e3o Memorial Econ\u00f4mico Sanit\u00e1rio [&hellip;]<\/p>\n","protected":false},"author":1,"featured_media":0,"parent":0,"menu_order":0,"comment_status":"closed","ping_status":"closed","template":"","meta":{"footnotes":""},"class_list":["post-191","page","type-page","status-publish","hentry"],"_links":{"self":[{"href":"https:\/\/conselheirolafaiete.mg.gov.br\/v1\/wp-json\/wp\/v2\/pages\/191","targetHints":{"allow":["GET"]}}],"collection":[{"href":"https:\/\/conselheirolafaiete.mg.gov.br\/v1\/wp-json\/wp\/v2\/pages"}],"about":[{"href":"https:\/\/conselheirolafaiete.mg.gov.br\/v1\/wp-json\/wp\/v2\/types\/page"}],"author":[{"embeddable":true,"href":"https:\/\/conselheirolafaiete.mg.gov.br\/v1\/wp-json\/wp\/v2\/users\/1"}],"replies":[{"embeddable":true,"href":"https:\/\/conselheirolafaiete.mg.gov.br\/v1\/wp-json\/wp\/v2\/comments?post=191"}],"version-history":[{"count":5,"href":"https:\/\/conselheirolafaiete.mg.gov.br\/v1\/wp-json\/wp\/v2\/pages\/191\/revisions"}],"predecessor-version":[{"id":214,"href":"https:\/\/conselheirolafaiete.mg.gov.br\/v1\/wp-json\/wp\/v2\/pages\/191\/revisions\/214"}],"wp:attachment":[{"href":"https:\/\/conselheirolafaiete.mg.gov.br\/v1\/wp-json\/wp\/v2\/media?parent=191"}],"curies":[{"name":"wp","href":"https:\/\/api.w.org\/{rel}","templated":true}]}}