{"id":19488,"date":"2024-09-19T10:36:01","date_gmt":"2024-09-19T13:36:01","guid":{"rendered":"http:\/\/conselheirolafaiete.mg.gov.br\/v1\/?page_id=19488"},"modified":"2024-09-19T10:44:59","modified_gmt":"2024-09-19T13:44:59","slug":"audiencia-publica","status":"publish","type":"page","link":"https:\/\/conselheirolafaiete.mg.gov.br\/v1\/audiencia-publica\/","title":{"rendered":"Audi\u00eancia P\u00fablica"},"content":{"rendered":"<p><a href=\"https:\/\/conselheirolafaiete.mg.gov.br\/v1\/wp-content\/uploads\/2024\/09\/Ata-audi\u00eancia-p\u00fablica-LOA-2024.pdf\">Ata de audi\u00eancia p\u00fablica &#8211; or\u00e7amento participativo &#8211; LOA 2024<\/a><br \/>\n<a href=\"https:\/\/conselheirolafaiete.mg.gov.br\/v1\/wp-content\/uploads\/2024\/09\/Atas-audi\u00eancia-p\u00fablica-LOA-2023.pdf\">Atas de audi\u00eancia p\u00fablica &#8211; or\u00e7amento participativo &#8211; LOA 2023<\/a><\/p>\n","protected":false},"excerpt":{"rendered":"<p>Ata de audi\u00eancia p\u00fablica &#8211; or\u00e7amento participativo &#8211; LOA 2024 Atas de audi\u00eancia p\u00fablica &#8211; or\u00e7amento participativo &#8211; LOA 2023<\/p>\n","protected":false},"author":1,"featured_media":0,"parent":0,"menu_order":0,"comment_status":"closed","ping_status":"closed","template":"","meta":{"footnotes":""},"class_list":["post-19488","page","type-page","status-publish","hentry"],"_links":{"self":[{"href":"https:\/\/conselheirolafaiete.mg.gov.br\/v1\/wp-json\/wp\/v2\/pages\/19488","targetHints":{"allow":["GET"]}}],"collection":[{"href":"https:\/\/conselheirolafaiete.mg.gov.br\/v1\/wp-json\/wp\/v2\/pages"}],"about":[{"href":"https:\/\/conselheirolafaiete.mg.gov.br\/v1\/wp-json\/wp\/v2\/types\/page"}],"author":[{"embeddable":true,"href":"https:\/\/conselheirolafaiete.mg.gov.br\/v1\/wp-json\/wp\/v2\/users\/1"}],"replies":[{"embeddable":true,"href":"https:\/\/conselheirolafaiete.mg.gov.br\/v1\/wp-json\/wp\/v2\/comments?post=19488"}],"version-history":[{"count":3,"href":"https:\/\/conselheirolafaiete.mg.gov.br\/v1\/wp-json\/wp\/v2\/pages\/19488\/revisions"}],"predecessor-version":[{"id":19493,"href":"https:\/\/conselheirolafaiete.mg.gov.br\/v1\/wp-json\/wp\/v2\/pages\/19488\/revisions\/19493"}],"wp:attachment":[{"href":"https:\/\/conselheirolafaiete.mg.gov.br\/v1\/wp-json\/wp\/v2\/media?parent=19488"}],"curies":[{"name":"wp","href":"https:\/\/api.w.org\/{rel}","templated":true}]}}