{"id":20255,"date":"2025-01-14T13:12:39","date_gmt":"2025-01-14T16:12:39","guid":{"rendered":"http:\/\/conselheirolafaiete.mg.gov.br\/v1\/?page_id=20255"},"modified":"2025-02-07T16:41:04","modified_gmt":"2025-02-07T19:41:04","slug":"editais-de-autuacao-de-transito-2025","status":"publish","type":"page","link":"https:\/\/conselheirolafaiete.mg.gov.br\/v1\/editais-de-autuacao-de-transito-2025\/","title":{"rendered":"Editais de Autua\u00e7\u00e3o de Tr\u00e2nsito 2025"},"content":{"rendered":"<p><a href=\"https:\/\/conselheirolafaiete.mg.gov.br\/v1\/wp-content\/uploads\/2025\/02\/DMTT-Edital-de-Notificacao-de-Autuacao-No-003-2025.pdf\">07\/02\/2025 &#8211; DMTT &#8211; Edital de Notifica\u00e7\u00e3o de Autua\u00e7\u00e3o N\u00ba 003-2025<\/a><br \/>\n<a href=\"https:\/\/conselheirolafaiete.mg.gov.br\/v1\/wp-content\/uploads\/2025\/02\/DMTT-Edital-de-Notificacao-de-Penalidade-No-002-2025.pdf\">07\/02\/2025 &#8211; DMTT &#8211; Edital de Notifica\u00e7\u00e3o de Penalidade N\u00ba 002-2025<\/a><br \/>\n<a href=\"https:\/\/conselheirolafaiete.mg.gov.br\/v1\/wp-content\/uploads\/2025\/02\/DMTT-Edital-de-Notificacao-de-Penalidade-de-Advertencia-por-Escrito-No-002-2025.pdf\">07\/02\/2025 &#8211; DMTT &#8211; Edital de Notifica\u00e7\u00e3o de Penalidade de Advert\u00eancia por Escrito N\u00ba 002-2025<\/a><br \/>\n<a href=\"https:\/\/conselheirolafaiete.mg.gov.br\/v1\/wp-content\/uploads\/2025\/02\/BOLETIM_INFORMATIVO_DE_DEFESA_001_2025.pdf\">07\/02\/2025 &#8211; BOLETIM_INFORMATIVO_DE_DEFESA_001_2025<\/a><br \/>\n<a href=\"https:\/\/conselheirolafaiete.mg.gov.br\/v1\/wp-content\/uploads\/2025\/02\/BOLETIM_INFORMATIVO_SESSAO_01001_2025.pdf\">06\/02\/2025 &#8211; BOLETIM_INFORMATIVO_SESSAO_01001_2025<\/a><br \/>\n<a href=\"https:\/\/conselheirolafaiete.mg.gov.br\/v1\/wp-content\/uploads\/2025\/01\/DMTT-Edital-de-Notifica\u00e7\u00e3o-de-Autua\u00e7\u00e3o-N\u00ba-002-2025.pdf\">22\/01\/2025 &#8211; DMTT &#8211; Edital de Notifica\u00e7\u00e3o de Autua\u00e7\u00e3o N\u00ba 002-2025<\/a><br \/>\n<a href=\"https:\/\/conselheirolafaiete.mg.gov.br\/v1\/wp-content\/uploads\/2025\/01\/DMTT-Edital-de-Notifica\u00e7\u00e3o-de-Penalidade-N\u00ba-001-2025.pdf\">22\/01\/2025 &#8211; DMTT &#8211; Edital de Notifica\u00e7\u00e3o de Penalidade N\u00ba 001-2025<\/a><br \/>\n<a href=\"https:\/\/conselheirolafaiete.mg.gov.br\/v1\/wp-content\/uploads\/2025\/01\/DMTT-Edital-de-Notifica\u00e7\u00e3o-de-Penalidade-de-Advert\u00eancia-por-Escrito-N\u00ba-001-2025.pdf\">22\/01\/2025 &#8211; DMTT &#8211; Edital de Notifica\u00e7\u00e3o de Penalidade de Advert\u00eancia por Escrito N\u00ba 001-2025<\/a><br \/>\n<a href=\"https:\/\/conselheirolafaiete.mg.gov.br\/v1\/wp-content\/uploads\/2025\/01\/DMTT-Edital-de-Notifica\u00e7\u00e3o-de-Autua\u00e7\u00e3o-N\u00ba-001-2025.pdf\">14\/01\/2025 &#8211; DMTT &#8211; Edital de Notifica\u00e7\u00e3o de Autua\u00e7\u00e3o N\u00ba 001-2025<\/a><\/p>\n","protected":false},"excerpt":{"rendered":"<p>07\/02\/2025 &#8211; DMTT &#8211; Edital de Notifica\u00e7\u00e3o de Autua\u00e7\u00e3o N\u00ba 003-2025 07\/02\/2025 &#8211; DMTT &#8211; Edital de Notifica\u00e7\u00e3o de Penalidade N\u00ba 002-2025 07\/02\/2025 &#8211; DMTT &#8211; Edital de Notifica\u00e7\u00e3o de Penalidade de Advert\u00eancia por Escrito N\u00ba 002-2025 07\/02\/2025 &#8211; BOLETIM_INFORMATIVO_DE_DEFESA_001_2025 06\/02\/2025 &#8211; BOLETIM_INFORMATIVO_SESSAO_01001_2025 22\/01\/2025 &#8211; DMTT &#8211; Edital de Notifica\u00e7\u00e3o de Autua\u00e7\u00e3o N\u00ba 002-2025 22\/01\/2025 [&hellip;]<\/p>\n","protected":false},"author":1,"featured_media":0,"parent":0,"menu_order":0,"comment_status":"closed","ping_status":"closed","template":"","meta":{"footnotes":""},"class_list":["post-20255","page","type-page","status-publish","hentry"],"_links":{"self":[{"href":"https:\/\/conselheirolafaiete.mg.gov.br\/v1\/wp-json\/wp\/v2\/pages\/20255","targetHints":{"allow":["GET"]}}],"collection":[{"href":"https:\/\/conselheirolafaiete.mg.gov.br\/v1\/wp-json\/wp\/v2\/pages"}],"about":[{"href":"https:\/\/conselheirolafaiete.mg.gov.br\/v1\/wp-json\/wp\/v2\/types\/page"}],"author":[{"embeddable":true,"href":"https:\/\/conselheirolafaiete.mg.gov.br\/v1\/wp-json\/wp\/v2\/users\/1"}],"replies":[{"embeddable":true,"href":"https:\/\/conselheirolafaiete.mg.gov.br\/v1\/wp-json\/wp\/v2\/comments?post=20255"}],"version-history":[{"count":5,"href":"https:\/\/conselheirolafaiete.mg.gov.br\/v1\/wp-json\/wp\/v2\/pages\/20255\/revisions"}],"predecessor-version":[{"id":20342,"href":"https:\/\/conselheirolafaiete.mg.gov.br\/v1\/wp-json\/wp\/v2\/pages\/20255\/revisions\/20342"}],"wp:attachment":[{"href":"https:\/\/conselheirolafaiete.mg.gov.br\/v1\/wp-json\/wp\/v2\/media?parent=20255"}],"curies":[{"name":"wp","href":"https:\/\/api.w.org\/{rel}","templated":true}]}}