{"id":20881,"date":"2025-06-03T15:39:59","date_gmt":"2025-06-03T18:39:59","guid":{"rendered":"https:\/\/conselheirolafaiete.mg.gov.br\/v1\/?page_id=20881"},"modified":"2025-12-23T13:36:10","modified_gmt":"2025-12-23T16:36:10","slug":"convocacoes-2025","status":"publish","type":"page","link":"https:\/\/conselheirolafaiete.mg.gov.br\/v1\/convocacoes-2025\/","title":{"rendered":"Convoca\u00e7\u00f5es 2025"},"content":{"rendered":"<p><a href=\"https:\/\/conselheirolafaiete.mg.gov.br\/v1\/wp-content\/uploads\/2025\/12\/11o-EDITAL-DE-CONVOCACAO-PARA-NOMEACAO-REFERENTE-AO-CONCURSO-PUBLICO-No-001-2024.pdf\">23\/12\/2025 &#8211; 11\u00ba EDITAL DE CONVOCA\u00c7\u00c3O PARA NOMEA\u00c7\u00c3O REFERENTE AO CONCURSO P\u00daBLICO N\u00ba 001-2024<\/a><br \/>\n<a href=\"https:\/\/conselheirolafaiete.mg.gov.br\/v1\/wp-content\/uploads\/2025\/12\/10o-EDITAL-DE-CONVOCACAO-PARA-NOMEACAO-REFERENTE-AO-CONCURSO-PUBLICO-No-001-2024.pdf\">23\/12\/2025 &#8211; 10\u00ba EDITAL DE CONVOCA\u00c7\u00c3O PARA NOMEA\u00c7\u00c3O REFERENTE AO CONCURSO P\u00daBLICO N\u00ba 001-2024<\/a><br \/>\n<a href=\"https:\/\/conselheirolafaiete.mg.gov.br\/v1\/wp-content\/uploads\/2025\/12\/9o-EDITAL-DE-CONVOCACAO-PARA-NOMEACAO-REFERENTE-AO-CONCURSO-PUBLICO-No-001-2024.pdf\">15\/12\/2025 &#8211; 9\u00ba EDITAL DE CONVOCA\u00c7\u00c3O PARA NOMEA\u00c7\u00c3O REFERENTE AO CONCURSO P\u00daBLICO N\u00ba 001-2024<\/a><br \/>\n<a href=\"https:\/\/conselheirolafaiete.mg.gov.br\/v1\/wp-content\/uploads\/2025\/12\/8o-EDITAL-DE-CONVOCACAO-PARA-NOMEACAO-REFERENTE-AO-CONCURSO-PUBLICO-No-001-2024.pdf\">12\/12\/2025 &#8211; 8\u00ba EDITAL DE CONVOCA\u00c7\u00c3O PARA NOMEA\u00c7\u00c3O REFERENTE AO CONCURSO P\u00daBLICO N\u00ba 001-2024<\/a><br \/>\n<a href=\"https:\/\/conselheirolafaiete.mg.gov.br\/v1\/wp-content\/uploads\/2025\/11\/1o-EDITAL-DE-CONVOCACAO-PARA-NOMEACAO-REFERENTE-AO-CONCURSO-PUBLICO-No-002-2024.pdf\">13\/11\/2025 &#8211; 1\u00ba EDITAL DE CONVOCA\u00c7\u00c3O PARA NOMEA\u00c7\u00c3O REFERENTE AO CONCURSO P\u00daBLICO N\u00ba 002-2024<\/a><br \/>\n<a href=\"https:\/\/conselheirolafaiete.mg.gov.br\/v1\/wp-content\/uploads\/2025\/10\/RETIFICACAO-DO-CARGO-DE-ODONTOLOGO-7o-EDITAL-DE-CONVOCACAO-PARA-NOMEACAO-REFERENTE-AO-CONCURSO-PUBLICO-No-001-2024.pdf\">20\/10\/2025 &#8211; RETIFICA\u00c7\u00c3O DO CARGO DE ODONT\u00d3LOGO &#8211; 7\u00ba EDITAL DE CONVOCA\u00c7\u00c3O PARA NOMEA\u00c7\u00c3O REFERENTE AO CONCURSO P\u00daBLICO N\u00ba 001-2024<\/a><br \/>\n<a href=\"https:\/\/conselheirolafaiete.mg.gov.br\/v1\/wp-content\/uploads\/2025\/10\/7o-EDITAL-DE-CONVOCACAO-PARA-NOMEACAO-REFERENTE-AO-CONCURSO-PUBLICO-No-001-2024.pdf\">16\/10\/2025 &#8211; 7\u00ba EDITAL DE CONVOCA\u00c7\u00c3O PARA NOMEA\u00c7\u00c3O REFERENTE AO CONCURSO P\u00daBLICO N\u00ba 001-2024<\/a><br \/>\n<a href=\"https:\/\/conselheirolafaiete.mg.gov.br\/v1\/wp-content\/uploads\/2025\/09\/6o-EDITAL-DE-CONVOCACAO-PARA-NOMEACAO-REFERENTE-AO-CONCURSO-PUBLICO-No-001-2024.pdf\">19\/09\/2025 &#8211; 6\u00ba EDITAL DE CONVOCA\u00c7\u00c3O PARA NOMEA\u00c7\u00c3O REFERENTE AO CONCURSO P\u00daBLICO N\u00ba 001-2024<\/a><br \/>\n<a href=\"https:\/\/conselheirolafaiete.mg.gov.br\/v1\/wp-content\/uploads\/2025\/09\/5o-EDITAL-DE-CONVOCACAO-PARA-NOMEACAO-REFERENTE-AO-CONCURSO-PUBLICO-No-001-2024.pdf\">05\/09\/2025 &#8211; 5\u00ba EDITAL DE CONVOCA\u00c7\u00c3O PARA NOMEA\u00c7\u00c3O REFERENTE AO CONCURSO P\u00daBLICO N\u00ba 001-2024<\/a><br \/>\n<a href=\"https:\/\/conselheirolafaiete.mg.gov.br\/v1\/wp-content\/uploads\/2025\/08\/4o-EDITAL-DE-CONVOCACAO-PARA-NOMEACAO-REFERENTE-AO-CONCURSO-PUBLICO-No-001-2024.pdf\">22\/08\/2025 &#8211; 4\u00ba EDITAL DE CONVOCA\u00c7\u00c3O PARA NOMEA\u00c7\u00c3O REFERENTE AO CONCURSO P\u00daBLICO N\u00ba 001-2024<\/a><br \/>\n<a href=\"https:\/\/conselheirolafaiete.mg.gov.br\/v1\/wp-content\/uploads\/2025\/07\/3o-EDITAL-DE-CONVOCACAO-PARA-NOMEACAO-REFERENTE-AO-CONCURSO-PUBLICO-No-001-2024.pdf\">14\/07\/2025 &#8211; 3\u00ba EDITAL DE CONVOCA\u00c7\u00c3O PARA NOMEA\u00c7\u00c3O REFERENTE AO CONCURSO P\u00daBLICO N\u00ba 001-2024<\/a><br \/>\n<a href=\"https:\/\/conselheirolafaiete.mg.gov.br\/v1\/wp-content\/uploads\/2025\/07\/2o-EDITAL-DE-CONVOCACAO-PARA-NOMEACAO-REFERENTE-AO-CONCURSO-PUBLICO-No-001-2024.pdf\">07\/07\/2025 &#8211; 2\u00ba EDITAL DE CONVOCA\u00c7\u00c3O PARA NOMEA\u00c7\u00c3O REFERENTE AO CONCURSO P\u00daBLICO N\u00ba 001-2024<\/a><br \/>\n<a href=\"https:\/\/conselheirolafaiete.mg.gov.br\/v1\/wp-content\/uploads\/2025\/06\/RETIFICACAO-1o-EDITAL-DE-CONVOCACAO-PARA-NOMEACAO-REFERENTE-AO-CONCURSO-PUBLICO-No-001-2024.pdf\">05\/06\/2025 &#8211; RETIFICA\u00c7\u00c3O 1\u00ba EDITAL DE CONVOCA\u00c7\u00c3O PARA NOMEA\u00c7\u00c3O REFERENTE AO CONCURSO P\u00daBLICO N\u00ba 001-2024<\/a><br \/>\n<a href=\"https:\/\/conselheirolafaiete.mg.gov.br\/v1\/wp-content\/uploads\/2025\/06\/1o-EDITAL-DE-CONVOCACAO-PARA-NOMEACAO-REFERENTE-AO-CONCURSO-PUBLICO-No-001-2024.pdf\">03\/06\/2025 &#8211; 1\u00ba EDITAL DE CONVOCA\u00c7\u00c3O PARA NOMEA\u00c7\u00c3O REFERENTE AO CONCURSO P\u00daBLICO N\u00ba 001-2024<\/a><\/p>\n","protected":false},"excerpt":{"rendered":"<p>23\/12\/2025 &#8211; 11\u00ba EDITAL DE CONVOCA\u00c7\u00c3O PARA NOMEA\u00c7\u00c3O REFERENTE AO CONCURSO P\u00daBLICO N\u00ba 001-2024 23\/12\/2025 &#8211; 10\u00ba EDITAL DE CONVOCA\u00c7\u00c3O PARA NOMEA\u00c7\u00c3O REFERENTE AO CONCURSO P\u00daBLICO N\u00ba 001-2024 15\/12\/2025 &#8211; 9\u00ba EDITAL DE CONVOCA\u00c7\u00c3O PARA NOMEA\u00c7\u00c3O REFERENTE AO CONCURSO P\u00daBLICO N\u00ba 001-2024 12\/12\/2025 &#8211; 8\u00ba EDITAL DE CONVOCA\u00c7\u00c3O PARA NOMEA\u00c7\u00c3O REFERENTE AO CONCURSO P\u00daBLICO N\u00ba [&hellip;]<\/p>\n","protected":false},"author":1,"featured_media":0,"parent":0,"menu_order":0,"comment_status":"closed","ping_status":"closed","template":"","meta":{"footnotes":""},"class_list":["post-20881","page","type-page","status-publish","hentry"],"_links":{"self":[{"href":"https:\/\/conselheirolafaiete.mg.gov.br\/v1\/wp-json\/wp\/v2\/pages\/20881","targetHints":{"allow":["GET"]}}],"collection":[{"href":"https:\/\/conselheirolafaiete.mg.gov.br\/v1\/wp-json\/wp\/v2\/pages"}],"about":[{"href":"https:\/\/conselheirolafaiete.mg.gov.br\/v1\/wp-json\/wp\/v2\/types\/page"}],"author":[{"embeddable":true,"href":"https:\/\/conselheirolafaiete.mg.gov.br\/v1\/wp-json\/wp\/v2\/users\/1"}],"replies":[{"embeddable":true,"href":"https:\/\/conselheirolafaiete.mg.gov.br\/v1\/wp-json\/wp\/v2\/comments?post=20881"}],"version-history":[{"count":20,"href":"https:\/\/conselheirolafaiete.mg.gov.br\/v1\/wp-json\/wp\/v2\/pages\/20881\/revisions"}],"predecessor-version":[{"id":22405,"href":"https:\/\/conselheirolafaiete.mg.gov.br\/v1\/wp-json\/wp\/v2\/pages\/20881\/revisions\/22405"}],"wp:attachment":[{"href":"https:\/\/conselheirolafaiete.mg.gov.br\/v1\/wp-json\/wp\/v2\/media?parent=20881"}],"curies":[{"name":"wp","href":"https:\/\/api.w.org\/{rel}","templated":true}]}}