{"id":2150,"date":"2019-01-03T12:37:44","date_gmt":"2019-01-03T12:37:44","guid":{"rendered":"http:\/\/conselheirolafaiete.mg.gov.br\/v1\/?page_id=2150"},"modified":"2026-01-06T09:35:10","modified_gmt":"2026-01-06T12:35:10","slug":"editais-de-autuacao-de-transito","status":"publish","type":"page","link":"https:\/\/conselheirolafaiete.mg.gov.br\/v1\/editais-de-autuacao-de-transito\/","title":{"rendered":"Editais de Autua\u00e7\u00e3o de Tr\u00e2nsito"},"content":{"rendered":"<p>[vc_row][vc_column][vc_column_text]<\/p>\n<h1><strong>Editais de Autua\u00e7\u00e3o de Tr\u00e2nsito<\/strong><\/h1>\n<p>[\/vc_column_text][\/vc_column][\/vc_row][vc_row][vc_column][vc_empty_space height=&#8221;25px&#8221;][vc_btn title=&#8221;Editais de Autua\u00e7\u00e3o de Tr\u00e2nsito 2025&#8243; color=&#8221;white&#8221; i_icon_fontawesome=&#8221;fa fa-car&#8221; add_icon=&#8221;true&#8221; link=&#8221;url:https%3A%2F%2Fconselheirolafaiete.mg.gov.br%2Fv1%2Feditais-de-autuacao-de-transito-2025|||&#8221;][\/vc_column][\/vc_row][vc_row][vc_column][vc_btn title=&#8221;Editais de Autua\u00e7\u00e3o de Tr\u00e2nsito 2024&#8243; color=&#8221;white&#8221; i_icon_fontawesome=&#8221;fa fa-car&#8221; add_icon=&#8221;true&#8221; link=&#8221;url:https%3A%2F%2Fconselheirolafaiete.mg.gov.br%2Fv1%2Feditais-de-autuacao-de-transito-2024%2F|||&#8221;][\/vc_column][\/vc_row][vc_row][vc_column][vc_btn title=&#8221;Editais de Autua\u00e7\u00e3o de Tr\u00e2nsito 2023&#8243; color=&#8221;white&#8221; i_icon_fontawesome=&#8221;fa fa-car&#8221; add_icon=&#8221;true&#8221; link=&#8221;url:https%3A%2F%2Fconselheirolafaiete.mg.gov.br%2Fv1%2Feditais-de-autuacao-de-transito-2023%2F|||&#8221;][\/vc_column][\/vc_row][vc_row][vc_column][vc_btn title=&#8221;Editais de Autua\u00e7\u00e3o de Tr\u00e2nsito 2022&#8243; color=&#8221;white&#8221; i_icon_fontawesome=&#8221;fa fa-car&#8221; add_icon=&#8221;true&#8221; link=&#8221;url:https%3A%2F%2Fconselheirolafaiete.mg.gov.br%2Fv1%2Feditais-de-autuacao-de-transito-2022%2F|||&#8221;][\/vc_column][\/vc_row][vc_row][vc_column][vc_btn title=&#8221;Editais de Autua\u00e7\u00e3o de Tr\u00e2nsito 2021&#8243; color=&#8221;white&#8221; i_icon_fontawesome=&#8221;fa fa-car&#8221; add_icon=&#8221;true&#8221; link=&#8221;url:https%3A%2F%2Fconselheirolafaiete.mg.gov.br%2Fv1%2Feditais-de-autuacao-de-transito-2021%2F|||&#8221;][\/vc_column][\/vc_row][vc_row][vc_column][vc_btn title=&#8221;Editais de Autua\u00e7\u00e3o de Tr\u00e2nsito 2020&#8243; color=&#8221;white&#8221; i_icon_fontawesome=&#8221;fa fa-car&#8221; add_icon=&#8221;true&#8221; link=&#8221;url:https%3A%2F%2Fconselheirolafaiete.mg.gov.br%2Fv1%2Feditais-de-autuacao-de-transito-2020%2F|||&#8221;][\/vc_column][\/vc_row][vc_row][vc_column][vc_btn title=&#8221;Editais de Autua\u00e7\u00e3o de Tr\u00e2nsito 2019&#8243; color=&#8221;white&#8221; i_icon_fontawesome=&#8221;fa fa-car&#8221; add_icon=&#8221;true&#8221; link=&#8221;url:https%3A%2F%2Fconselheirolafaiete.mg.gov.br%2Fv1%2Feditais-de-autuacao-de-transito-2019%2F|||&#8221;][\/vc_column][\/vc_row][vc_row][vc_column][vc_btn title=&#8221;Editais de Autua\u00e7\u00e3o de Tr\u00e2nsito 2018&#8243; color=&#8221;white&#8221; i_icon_fontawesome=&#8221;fa fa-car&#8221; add_icon=&#8221;true&#8221; link=&#8221;url:https%3A%2F%2Fconselheirolafaiete.mg.gov.br%2Fv1%2Feditais-de-autuacao-de-transito-2018%2F|||&#8221;][\/vc_column][\/vc_row]<\/p>\n","protected":false},"excerpt":{"rendered":"<p>[vc_row][vc_column][vc_column_text] Editais de Autua\u00e7\u00e3o de Tr\u00e2nsito [\/vc_column_text][\/vc_column][\/vc_row][vc_row][vc_column][vc_empty_space height=&#8221;25px&#8221;][vc_btn title=&#8221;Editais de Autua\u00e7\u00e3o de Tr\u00e2nsito 2025&#8243; color=&#8221;white&#8221; i_icon_fontawesome=&#8221;fa fa-car&#8221; add_icon=&#8221;true&#8221; link=&#8221;url:https%3A%2F%2Fconselheirolafaiete.mg.gov.br%2Fv1%2Feditais-de-autuacao-de-transito-2025|||&#8221;][\/vc_column][\/vc_row][vc_row][vc_column][vc_btn title=&#8221;Editais de Autua\u00e7\u00e3o de Tr\u00e2nsito 2024&#8243; color=&#8221;white&#8221; i_icon_fontawesome=&#8221;fa fa-car&#8221; add_icon=&#8221;true&#8221; link=&#8221;url:https%3A%2F%2Fconselheirolafaiete.mg.gov.br%2Fv1%2Feditais-de-autuacao-de-transito-2024%2F|||&#8221;][\/vc_column][\/vc_row][vc_row][vc_column][vc_btn title=&#8221;Editais de Autua\u00e7\u00e3o de Tr\u00e2nsito 2023&#8243; color=&#8221;white&#8221; i_icon_fontawesome=&#8221;fa fa-car&#8221; add_icon=&#8221;true&#8221; link=&#8221;url:https%3A%2F%2Fconselheirolafaiete.mg.gov.br%2Fv1%2Feditais-de-autuacao-de-transito-2023%2F|||&#8221;][\/vc_column][\/vc_row][vc_row][vc_column][vc_btn title=&#8221;Editais de Autua\u00e7\u00e3o de Tr\u00e2nsito 2022&#8243; color=&#8221;white&#8221; i_icon_fontawesome=&#8221;fa fa-car&#8221; add_icon=&#8221;true&#8221; link=&#8221;url:https%3A%2F%2Fconselheirolafaiete.mg.gov.br%2Fv1%2Feditais-de-autuacao-de-transito-2022%2F|||&#8221;][\/vc_column][\/vc_row][vc_row][vc_column][vc_btn title=&#8221;Editais de Autua\u00e7\u00e3o [&hellip;]<\/p>\n","protected":false},"author":2,"featured_media":0,"parent":0,"menu_order":0,"comment_status":"closed","ping_status":"closed","template":"","meta":{"footnotes":""},"class_list":["post-2150","page","type-page","status-publish","hentry"],"_links":{"self":[{"href":"https:\/\/conselheirolafaiete.mg.gov.br\/v1\/wp-json\/wp\/v2\/pages\/2150","targetHints":{"allow":["GET"]}}],"collection":[{"href":"https:\/\/conselheirolafaiete.mg.gov.br\/v1\/wp-json\/wp\/v2\/pages"}],"about":[{"href":"https:\/\/conselheirolafaiete.mg.gov.br\/v1\/wp-json\/wp\/v2\/types\/page"}],"author":[{"embeddable":true,"href":"https:\/\/conselheirolafaiete.mg.gov.br\/v1\/wp-json\/wp\/v2\/users\/2"}],"replies":[{"embeddable":true,"href":"https:\/\/conselheirolafaiete.mg.gov.br\/v1\/wp-json\/wp\/v2\/comments?post=2150"}],"version-history":[{"count":12,"href":"https:\/\/conselheirolafaiete.mg.gov.br\/v1\/wp-json\/wp\/v2\/pages\/2150\/revisions"}],"predecessor-version":[{"id":22430,"href":"https:\/\/conselheirolafaiete.mg.gov.br\/v1\/wp-json\/wp\/v2\/pages\/2150\/revisions\/22430"}],"wp:attachment":[{"href":"https:\/\/conselheirolafaiete.mg.gov.br\/v1\/wp-json\/wp\/v2\/media?parent=2150"}],"curies":[{"name":"wp","href":"https:\/\/api.w.org\/{rel}","templated":true}]}}