{"id":2152,"date":"2019-01-03T12:38:41","date_gmt":"2019-01-03T12:38:41","guid":{"rendered":"http:\/\/conselheirolafaiete.mg.gov.br\/v1\/?page_id=2152"},"modified":"2019-01-03T12:46:06","modified_gmt":"2019-01-03T12:46:06","slug":"editais-de-autuacao-de-transito-2019","status":"publish","type":"page","link":"https:\/\/conselheirolafaiete.mg.gov.br\/v1\/editais-de-autuacao-de-transito-2019\/","title":{"rendered":"Editais de Autua\u00e7\u00e3o de Tr\u00e2nsito 2019"},"content":{"rendered":"<a href=\"https:\/\/conselheirolafaiete.mg.gov.br\/v1\/wp-content\/uploads\/2019\/12\/Ed-Defesa-N\u00e3o-Acolhida-045.pdf\" target=\"_blank\" >Ed Defesa N\u00e3o Acolhida 045<\/a><\/br><\/br><a href=\"https:\/\/conselheirolafaiete.mg.gov.br\/v1\/wp-content\/uploads\/2019\/12\/Defesa-Acolhida-Ed-044.pdf\" target=\"_blank\" >Defesa Acolhida Ed 044<\/a><\/br><\/br><a href=\"https:\/\/conselheirolafaiete.mg.gov.br\/v1\/wp-content\/uploads\/2019\/10\/EDITAL-042-2019-DEFESAS-ACOLHIDAS.pdf\" target=\"_blank\" >EDITAL 042-2019 DEFESAS ACOLHIDAS<\/a><\/br><\/br><a href=\"https:\/\/conselheirolafaiete.mg.gov.br\/v1\/wp-content\/uploads\/2019\/10\/EDITAL-043-2019-DEFESAS-N\u00c3O-ACOLHIDAS.pdf\" target=\"_blank\" >EDITAL 043-2019 DEFESAS N\u00c3O ACOLHIDAS<\/a><\/br><\/br><a href=\"https:\/\/conselheirolafaiete.mg.gov.br\/v1\/wp-content\/uploads\/2019\/10\/Edital-de-Notifica\u00e7\u00e3o-autua\u00e7\u00f5es-002.2019.pdf\" target=\"_blank\" >Edital de Notifica\u00e7\u00e3o autua\u00e7\u00f5es 002.2019<\/a><\/br><\/br><a href=\"https:\/\/conselheirolafaiete.mg.gov.br\/v1\/wp-content\/uploads\/2019\/10\/Edital-de-Notifica\u00e7\u00e3o-de-penalidade-002.2019.pdf\" target=\"_blank\" >Edital de Notifica\u00e7\u00e3o de penalidade 002.2019<\/a><\/br><\/br><a href=\"https:\/\/conselheirolafaiete.mg.gov.br\/v1\/wp-content\/uploads\/2019\/10\/Edital-de-Notifica\u00e7\u00e3o-de-penalidade-NIC-002.2019.pdf\" target=\"_blank\" >Edital de Notifica\u00e7\u00e3o de penalidade NIC &#8211; 002.2019<\/a><\/br><\/br><a href=\"https:\/\/conselheirolafaiete.mg.gov.br\/v1\/wp-content\/uploads\/2019\/06\/Edital-Recurso-046-2019.pdf\" target=\"_blank\" >Edital Recurso 046-2019<\/a><\/br><\/br><a href=\"https:\/\/conselheirolafaiete.mg.gov.br\/v1\/wp-content\/uploads\/2019\/06\/JARI-25_04_23-05.pdf\" target=\"_blank\" >JARI-25_04_23-05<\/a><\/br><\/br><a href=\"https:\/\/conselheirolafaiete.mg.gov.br\/v1\/wp-content\/uploads\/2019\/05\/EDITAL-041-2019-DEFESAS-N\u00c3O-ACOLHIDAS.pdf\" target=\"_blank\" >EDITAL 041-2019 DEFESAS N\u00c3O ACOLHIDAS<\/a><\/br><\/br><a href=\"https:\/\/conselheirolafaiete.mg.gov.br\/v1\/wp-content\/uploads\/2019\/05\/JARI_04_04_19.pdf\" target=\"_blank\" >JARI 04 &#8211; 04\/19<\/a><\/br><\/br><a href=\"https:\/\/conselheirolafaiete.mg.gov.br\/v1\/wp-content\/uploads\/2019\/04\/PUBLICACAO-21_02_JARI.pdf\" target=\"_blank\" >PUBLICACAO 21_02_JARI.pdf<\/a><\/br><\/br><a href=\"https:\/\/conselheirolafaiete.mg.gov.br\/v1\/wp-content\/uploads\/2019\/04\/Jari_21_02.pdf\" target=\"_blank\" >Jari_21_02<\/a><\/br><\/br>\n","protected":false},"excerpt":{"rendered":"Ed Defesa N\u00e3o Acolhida 045Defesa Acolhida Ed 044EDITAL 042-2019 DEFESAS ACOLHIDASEDITAL 043-2019 DEFESAS N\u00c3O ACOLHIDASEdital de Notifica\u00e7\u00e3o autua\u00e7\u00f5es 002.2019Edital de Notifica\u00e7\u00e3o de penalidade 002.2019Edital de Notifica\u00e7\u00e3o de penalidade NIC &#8211; 002.2019Edital Recurso 046-2019JARI-25_04_23-05EDITAL 041-2019 DEFESAS N\u00c3O ACOLHIDASJARI 04 &#8211; 04\/19PUBLICACAO 21_02_JARI.pdfJari_21_02","protected":false},"author":2,"featured_media":0,"parent":0,"menu_order":0,"comment_status":"closed","ping_status":"closed","template":"","meta":{"footnotes":""},"class_list":["post-2152","page","type-page","status-publish","hentry"],"_links":{"self":[{"href":"https:\/\/conselheirolafaiete.mg.gov.br\/v1\/wp-json\/wp\/v2\/pages\/2152","targetHints":{"allow":["GET"]}}],"collection":[{"href":"https:\/\/conselheirolafaiete.mg.gov.br\/v1\/wp-json\/wp\/v2\/pages"}],"about":[{"href":"https:\/\/conselheirolafaiete.mg.gov.br\/v1\/wp-json\/wp\/v2\/types\/page"}],"author":[{"embeddable":true,"href":"https:\/\/conselheirolafaiete.mg.gov.br\/v1\/wp-json\/wp\/v2\/users\/2"}],"replies":[{"embeddable":true,"href":"https:\/\/conselheirolafaiete.mg.gov.br\/v1\/wp-json\/wp\/v2\/comments?post=2152"}],"version-history":[{"count":3,"href":"https:\/\/conselheirolafaiete.mg.gov.br\/v1\/wp-json\/wp\/v2\/pages\/2152\/revisions"}],"predecessor-version":[{"id":2157,"href":"https:\/\/conselheirolafaiete.mg.gov.br\/v1\/wp-json\/wp\/v2\/pages\/2152\/revisions\/2157"}],"wp:attachment":[{"href":"https:\/\/conselheirolafaiete.mg.gov.br\/v1\/wp-json\/wp\/v2\/media?parent=2152"}],"curies":[{"name":"wp","href":"https:\/\/api.w.org\/{rel}","templated":true}]}}