{"id":22410,"date":"2026-01-05T12:26:37","date_gmt":"2026-01-05T15:26:37","guid":{"rendered":"https:\/\/conselheirolafaiete.mg.gov.br\/v1\/?page_id=22410"},"modified":"2026-01-05T12:26:37","modified_gmt":"2026-01-05T15:26:37","slug":"decretos-2026","status":"publish","type":"page","link":"https:\/\/conselheirolafaiete.mg.gov.br\/v1\/decretos-2026\/","title":{"rendered":"Decretos 2026"},"content":{"rendered":"<a href=\"https:\/\/conselheirolafaiete.mg.gov.br\/v1\/wp-content\/uploads\/2026\/03\/Decreto-508-de-05-de-MARCO-de-2026-UNIFICACAO-DE-AREA-APROVA-DIGITAL-PA-1142-25.pdf\" target=\"_blank\" >DECRETO 508 &#8211; APROVA UNIFICA\u00c7\u00c3O DE LOTES E D\u00c1 OUTRAS PROVID\u00caNCIAS<\/a><\/br><\/br><a href=\"https:\/\/conselheirolafaiete.mg.gov.br\/v1\/wp-content\/uploads\/2026\/03\/Decreto-507-2026-Nomeia-liquidantes-das-secretarias.pdf\" target=\"_blank\" >DECRETO 507 &#8211; DESIGNA LIQUIDANTES DE DESPESAS DA ADMINISTRA\u00c7\u00c3O P\u00daBLICA MUNICIPAL.<\/a><\/br><\/br><a href=\"https:\/\/conselheirolafaiete.mg.gov.br\/v1\/wp-content\/uploads\/2026\/03\/Decreto-504-2026-REPASSE-APAE-pipa.pdf\" target=\"_blank\" >DECRETO 504 &#8211; DEFINE E APROVA AS REGRAS DE FINANCIAMENTO DA ESTRAT\u00c9GIA DE SA\u00daDE DO PROGRAMA DE INTERVEN\u00c7\u00c3O PRECOCE AVAN\u00c7ADO (PIPA) DA REDE DE CUIDADOS \u00c0 PESSOA COM DEFICI\u00caNCIA (RCPD) DO SUS-MG, E D\u00c1 OUTRAS PROVID\u00caNCIAS.<\/a><\/br><\/br><a href=\"https:\/\/conselheirolafaiete.mg.gov.br\/v1\/wp-content\/uploads\/2026\/03\/Decreto-498-de-27-de-FEVEREIRO-de-2026-PA-1566-24-Desmembramento-de-Area-Sociedade-Radio-Carijos.pdf\" target=\"_blank\" >DECRETO 498 &#8211; APROVA DESMEMBRAMENTO DE \u00c1REA E D\u00c1 OUTRAS PROVID\u00caNCIAS<\/a><\/br><\/br><a href=\"\" target=\"_blank\" >DECRETO 496 &#8211; INSTITUI AS REGRAS PARA O PROJETO DE SA\u00daDE QUE VISA FINANCIAR DE FORMA EXCEPCIONAL OS SERVI\u00c7OS ESPECIALIZADOS DE REABILITA\u00c7\u00c3O EM DEFICI\u00caNCIA INTELECTUAL (SERDI) DA REDE DE CUIDADOS \u00c0 PESSOA COM DEFICI\u00caNCIA, NO \u00c2MBITO DO SISTEMA \u00daNICO DE SA\u00daDE DE MINAS GERAIS.<\/a><\/br><\/br><a href=\"https:\/\/conselheirolafaiete.mg.gov.br\/v1\/wp-content\/uploads\/2026\/03\/Decreto-495-2026-RECOMPOE-QUADRO-DE-EPIDEMIOLOGIA-E-VIGILANCIA-SANITARIA.pdf\" target=\"_blank\" >DECRETO 495 &#8211; NOMEIA MEMBROS PARA COMPOSI\u00c7\u00c3O DO QUADRO DO SERVI\u00c7O DE EPIDEMIOLOGIA E VIGIL\u00c2NCIA SANIT\u00c1RIA DO MUNIC\u00cdPIO E D\u00c1 OUTRAS PROVID\u00caNCIAS.<\/a><\/br><\/br><a href=\"https:\/\/conselheirolafaiete.mg.gov.br\/v1\/wp-content\/uploads\/2026\/03\/Decreto-488-2026-NOMEIA-CONSELHO-MUNICIPAL-DE-POLITICA-CULTURAL.pdf\" target=\"_blank\" >DECRETO 488 &#8211; NOMEIA MEMBROS PARA COMPOR O CONSELHO MUNICIPAL DE POL\u00cdTICA CULTURAL NO BI\u00caNIO 2026-2028.<\/a><\/br><\/br><a href=\"https:\/\/conselheirolafaiete.mg.gov.br\/v1\/wp-content\/uploads\/2026\/03\/Decreto-487-2026-REPASSE-FUNDACAO-OLHOS-DALMA.pdf\" target=\"_blank\" >DECRETO 487 &#8211; \u201cAUTORIZA O MUNIC\u00cdPIO A RECEBER RECURSOS REFERENTES A PROGRAMA\u00c7\u00d5ES INCLU\u00cdDAS NA LEI OR\u00c7AMENT\u00c1RIA ANUAL DE 2025 POR EMENDAS PARLAMENTARES NA MODALIDADE TRANSFER\u00caNCIA COM FINALIDADE DEFINIDA, NOS TERMOS DOS ARTS. 160 E 160-A DA CONSTITUI\u00c7\u00c3O DO ESTADO DE MINAS GERAIS, DESTINADOS AO REPASSE DE RECURSOS FINANCEIROS DE INVESTIMENTO PARA A POL\u00cdTICA DE APOIO E FORTALECIMENTO DA REDE DE CUIDADO \u00c0 PESSOA COM DEFICI\u00caNCIA, VISANDO \u00c0 AQUISI\u00c7\u00c3O DE EQUIPAMENTOS E MATERIAIS PERMANENTES PARA ESTABELECIMENTOS DE SA\u00daDE E MUNIC\u00cdPIOS DE MINAS GERAIS QUE MENCIONA.\u201d<\/a><\/br><\/br><a href=\"https:\/\/conselheirolafaiete.mg.gov.br\/v1\/wp-content\/uploads\/2026\/03\/Decreto-484-de-19-de-FEVEREIRO-de-2026-DESMEMBRAMENTO-e-UNIFICACAO-DE-AREA-APROVA-706-25-JG-EMPREENDIMENTOS.pdf\" target=\"_blank\" >DECRETO 484 &#8211; APROVA DESMEMBRAMENTO E UNIFICA\u00c7\u00c3O DE \u00c1REAS E D\u00c1 OUTRAS PROVID\u00caNCIAS<\/a><\/br><\/br><a href=\"https:\/\/conselheirolafaiete.mg.gov.br\/v1\/wp-content\/uploads\/2026\/03\/Decreto-478-2026-Pontos-Facultativos-Altera-o-disposto-no-art.-1o-II-do-Decreto-430-2025.pdf\" target=\"_blank\" >DECRETO 478 &#8211; ALTERA A REDA\u00c7\u00c3O DO ART. 1\u00ba, II, DO DECRETO N\u00ba 430, DE 29 DE DEZEMBRO DE 2025.<\/a><\/br><\/br><a href=\"https:\/\/conselheirolafaiete.mg.gov.br\/v1\/wp-content\/uploads\/2026\/03\/Decreto-475-2026-Prorrogacao-ISS.pdf\" target=\"_blank\" >DECRETO 475 &#8211; PRORROGA O PRAZO PARA PAGAMENTO DO ISSQN PELAS PESSOAS JUR\u00cdDICAS, CORRESPONDENTE \u00c0 COMPET\u00caNCIA DE JANEIRO\/2026, NOS TERMOS DO DISPOSTO NO ART. 5\u00ba DO DECRETO N\u00ba 475\/2025.<\/a><\/br><\/br><a href=\"https:\/\/conselheirolafaiete.mg.gov.br\/v1\/wp-content\/uploads\/2026\/03\/Decreto-474-2026-Nomeia-liquidantes-das-secretarias.pdf\" target=\"_blank\" >DECRETO 474 &#8211; DESIGNA LIQUIDANTES DE DESPESAS DA ADMINISTRA\u00c7\u00c3O P\u00daBLICA MUNICIPAL.<\/a><\/br><\/br><a href=\"https:\/\/conselheirolafaiete.mg.gov.br\/v1\/wp-content\/uploads\/2026\/03\/Decreto-472-2026-REPASSE-APAE.pdf\" target=\"_blank\" >DECRETO 472 &#8211; INSTITUI AS NORMAS GERAIS DE ADES\u00c3O, EXECU\u00c7\u00c3O, ACOMPANHAMENTO, CONTROLE E AVALIA\u00c7\u00c3O DA CONCESS\u00c3O DE INCENTIVO FINANCEIRO EXCEPCIONAL AOS MUNIC\u00cdPIOS, PARA FOMENTO DA REDE DE CUIDADOS \u00c0 PESSOA COM DEFICI\u00caNCIA DO SISTEMA \u00daNICO DE SA\u00daDE DE MINAS GERAIS.<\/a><\/br><\/br><a href=\"https:\/\/conselheirolafaiete.mg.gov.br\/v1\/wp-content\/uploads\/2026\/03\/Decreto-471-2026-NOMEIA-CONSELHO-MUNICIPAL-DA-MULHER.pdf\" target=\"_blank\" >DECRETO 471 &#8211; NOMEIA MEMBROS PARA COMPOR O CONSELHO MUNICIPAL DOS DIREITOS DA MULHER NO BI\u00caNIO 2026-2028.<\/a><\/br><\/br><a href=\"https:\/\/conselheirolafaiete.mg.gov.br\/v1\/wp-content\/uploads\/2026\/03\/Decreto-470-2026-REPASSE-HOSPITAL-SAO-VICENTE-DE-PAULO.pdf\" target=\"_blank\" >DECRETO 470 &#8211; \u201cAUTORIZA O MUNIC\u00cdPIO A RECEBER RECURSOS REFERENTES AO INCREMENTO TEMPOR\u00c1RIO AO CUSTEIO DOS SERVI\u00c7OS DE ATEN\u00c7\u00c3O ESPECIALIZADA \u00c0 SA\u00daDE.\u201d<\/a><\/br><\/br><a href=\"https:\/\/conselheirolafaiete.mg.gov.br\/v1\/wp-content\/uploads\/2026\/03\/Decreto-469-2026-Nomeia-liquidantes-das-secretarias.pdf\" target=\"_blank\" >DECRETO 469 &#8211; NOMEIA LIQUIDANTES DAS SECRETARIAS<\/a><\/br><\/br><a href=\"https:\/\/conselheirolafaiete.mg.gov.br\/v1\/wp-content\/uploads\/2026\/02\/Decreto-467-de-02-de-FEVEREIRO-de-2026-UNIFICACAO-DE-AREA-APROVA-DIGITAL-PA-336-23.pdf\" target=\"_blank\" >DECRETO 467 &#8211; APROVA UNIFICA\u00c7\u00c3O DE LOTES E D\u00c1 OUTRAS PROVID\u00caNCIAS<\/a><\/br><\/br><a href=\"https:\/\/conselheirolafaiete.mg.gov.br\/v1\/wp-content\/uploads\/2026\/02\/Decreto-456-2025-REPASSE-HOSPITAL-MATERNIDADE-SAO-JOSE-resolucao-10608.pdf\" target=\"_blank\" >DECRETO 456 &#8211; \u201cAUTORIZA O REPASSE PARA FINANCIAMENTO E EXECU\u00c7\u00c3O DO PROJETO DE SA\u00daDE PARA A POL\u00cdTICA DE ESTRUTURA\u00c7\u00c3O DA ATEN\u00c7\u00c3O HOSPITALAR E DE URG\u00caNCIA E EMERG\u00caNCIA, VISANDO \u00c0 AQUISI\u00c7\u00c3O DE EQUIPAMENTO E MATERIAIS PERMANENTES PARA ESTABELECIMENTOS DE SA\u00daDE E MUNIC\u00cdPIOS DE MINAS GERAIS.\u201d<\/a><\/br><\/br><a href=\"https:\/\/conselheirolafaiete.mg.gov.br\/v1\/wp-content\/uploads\/2026\/02\/Decreto-455-2025-REPASSE-HOSPITAL-MATERNIDADE-SAO-JOSE.pdf\" target=\"_blank\" >DECRETO 455 &#8211; \u201cAUTORIZA O REPASSE POR RESSARCIMENTO REFERENTE A ESTRAT\u00c9GIA DE SA\u00daDE INTITULADA CENTRO DE URG\u00caNCIA E ORIENTA\u00c7\u00c3O DE REPERFUS\u00c3O CARD\u00cdACA- CUORE.\u201d<\/a><\/br><\/br><a href=\"https:\/\/conselheirolafaiete.mg.gov.br\/v1\/wp-content\/uploads\/2026\/02\/Decreto-448-de-16-de-JANEIRO-de-2026-UNIFICACAO-DE-AREA-APROVA-DIGITAL-PA-2297-25.pdf\" target=\"_blank\" >DECRETO 448 &#8211; APROVA UNIFICA\u00c7\u00c3O DE LOTES E D\u00c1 OUTRAS PROVID\u00caNCIAS<\/a><\/br><\/br><a href=\"https:\/\/conselheirolafaiete.mg.gov.br\/v1\/wp-content\/uploads\/2026\/02\/Decreto-446-de-15-de-JANEIRO-de-2026-UNIFICACAO-DE-AREA-APROVA-DIGITAL-PA-2296-25.pdf\" target=\"_blank\" >DECRETO 446 &#8211; APROVA UNIFICA\u00c7\u00c3O DE LOTES E D\u00c1 OUTRAS PROVID\u00caNCIAS<\/a><\/br><\/br><a href=\"https:\/\/conselheirolafaiete.mg.gov.br\/v1\/wp-content\/uploads\/2026\/02\/Decreto-442-2026-DESIGNA-LIQUIDANTE-INOVACAO-E-TECNOLOGIA.pdf\" target=\"_blank\" >DECRETO 442 &#8211; DESIGNA LIQUIDANTE DE DESPESAS DA SECRETARIA MUNICIPAL DE INOVA\u00c7\u00c3O E TECNOLOGIA.<\/a><\/br><\/br><a href=\"https:\/\/conselheirolafaiete.mg.gov.br\/v1\/wp-content\/uploads\/2026\/02\/Decreto-441-2026-DESIGNA-LIQUIDANTE-MEIO-AMBIENTE.pdf\" target=\"_blank\" >DECRETO 441 &#8211; DESIGNA LIQUIDANTE DE DESPESAS DA SECRETARIA MUNICIPAL DE MEIO AMBIENTE E DESENVOLVIMENTO SUSTENT\u00c1VEL.<\/a><\/br><\/br><a href=\"https:\/\/conselheirolafaiete.mg.gov.br\/v1\/wp-content\/uploads\/2026\/02\/Decreto-438-2026-CREDENCIAMENTO-AUTORIZACAO-DE-FUNCIONAMENTO-EDUCACAO-INFANTIL-CRECHE-E-PRE-ESCOLA-INSTITUICAO-DE-ENSINO-MAPLE-BEAR-LAFAIETE.pdf\" target=\"_blank\" >DECRETO 438 &#8211; DISP\u00d5E SOBRE O CREDENCIAMENTO\/AUTORIZA\u00c7\u00c3O DE FUNCIONAMENTO DA EDUCA\u00c7\u00c3O INFANTIL \u2013 CRECHE E PR\u00c9-ESCOLA NA INSTITUI\u00c7\u00c3O DE ENSINO MAPLE BEAR.<\/a><\/br><\/br><a href=\"https:\/\/conselheirolafaiete.mg.gov.br\/v1\/wp-content\/uploads\/2026\/02\/Decreto-437-2026-Nomeia-liquidantes-das-secretarias.pdf\" target=\"_blank\" >DECRETO 437 &#8211; DESIGNA LIQUIDANTES DE DESPESAS DA ADMINISTRA\u00c7\u00c3O P\u00daBLICA MUNICIPAL.<\/a><\/br><\/br>\n","protected":false},"excerpt":{"rendered":"DECRETO 508 &#8211; APROVA UNIFICA\u00c7\u00c3O DE LOTES E D\u00c1 OUTRAS PROVID\u00caNCIASDECRETO 507 &#8211; DESIGNA LIQUIDANTES DE DESPESAS DA ADMINISTRA\u00c7\u00c3O P\u00daBLICA MUNICIPAL.DECRETO 504 &#8211; DEFINE E APROVA AS REGRAS DE FINANCIAMENTO DA ESTRAT\u00c9GIA DE SA\u00daDE DO PROGRAMA DE INTERVEN\u00c7\u00c3O PRECOCE AVAN\u00c7ADO (PIPA) DA REDE DE CUIDADOS \u00c0 PESSOA COM DEFICI\u00caNCIA (RCPD) DO SUS-MG, E D\u00c1 OUTRAS [...]","protected":false},"author":1,"featured_media":0,"parent":0,"menu_order":0,"comment_status":"closed","ping_status":"closed","template":"","meta":{"footnotes":""},"class_list":["post-22410","page","type-page","status-publish","hentry"],"_links":{"self":[{"href":"https:\/\/conselheirolafaiete.mg.gov.br\/v1\/wp-json\/wp\/v2\/pages\/22410","targetHints":{"allow":["GET"]}}],"collection":[{"href":"https:\/\/conselheirolafaiete.mg.gov.br\/v1\/wp-json\/wp\/v2\/pages"}],"about":[{"href":"https:\/\/conselheirolafaiete.mg.gov.br\/v1\/wp-json\/wp\/v2\/types\/page"}],"author":[{"embeddable":true,"href":"https:\/\/conselheirolafaiete.mg.gov.br\/v1\/wp-json\/wp\/v2\/users\/1"}],"replies":[{"embeddable":true,"href":"https:\/\/conselheirolafaiete.mg.gov.br\/v1\/wp-json\/wp\/v2\/comments?post=22410"}],"version-history":[{"count":1,"href":"https:\/\/conselheirolafaiete.mg.gov.br\/v1\/wp-json\/wp\/v2\/pages\/22410\/revisions"}],"predecessor-version":[{"id":22411,"href":"https:\/\/conselheirolafaiete.mg.gov.br\/v1\/wp-json\/wp\/v2\/pages\/22410\/revisions\/22411"}],"wp:attachment":[{"href":"https:\/\/conselheirolafaiete.mg.gov.br\/v1\/wp-json\/wp\/v2\/media?parent=22410"}],"curies":[{"name":"wp","href":"https:\/\/api.w.org\/{rel}","templated":true}]}}