{"id":22531,"date":"2026-01-29T17:17:04","date_gmt":"2026-01-29T20:17:04","guid":{"rendered":"https:\/\/conselheirolafaiete.mg.gov.br\/v1\/?page_id=22531"},"modified":"2026-03-02T17:06:17","modified_gmt":"2026-03-02T20:06:17","slug":"desistencias-2026","status":"publish","type":"page","link":"https:\/\/conselheirolafaiete.mg.gov.br\/v1\/desistencias-2026\/","title":{"rendered":"Desist\u00eancias 2026"},"content":{"rendered":"<p><a href=\"https:\/\/conselheirolafaiete.mg.gov.br\/v1\/wp-content\/uploads\/2026\/03\/DESISTENCIA-CONCURSO-PUBLICO-EDITAL-001-2024-PMCL-VIGIAS.pdf\">02\/03\/2026 &#8211; DESIST\u00caNCIA CONCURSO P\u00daBLICO EDITAL 001-2024-PMCL &#8211; VIGIAS<\/a><br \/>\n<a href=\"https:\/\/conselheirolafaiete.mg.gov.br\/v1\/wp-content\/uploads\/2026\/02\/DESISTENCIA-CONCURSO-PUBLICO-EDITAL-001-2024-PMCL.pdf\">09\/02\/2026 &#8211; DESIST\u00caNCIA CONCURSO P\u00daBLICO EDITAL 001-2024-PMCL<\/a><br \/>\n<a href=\"https:\/\/conselheirolafaiete.mg.gov.br\/v1\/wp-content\/uploads\/2026\/01\/EXTRATO-CONSOLIDADO-DESISTENCIA-ELIMINACAO-DE-CANDIDATOS-CONCURSO-01-2024.pdf\">29\/01\/2026 &#8211; EXTRATO CONSOLIDADO &#8211; DESIST\u00caNCIA-ELIMINA\u00c7\u00c3O DE CANDIDATOS CONCURSO 01-2024<\/a><\/p>\n","protected":false},"excerpt":{"rendered":"<p>02\/03\/2026 &#8211; DESIST\u00caNCIA CONCURSO P\u00daBLICO EDITAL 001-2024-PMCL &#8211; VIGIAS 09\/02\/2026 &#8211; DESIST\u00caNCIA CONCURSO P\u00daBLICO EDITAL 001-2024-PMCL 29\/01\/2026 &#8211; EXTRATO CONSOLIDADO &#8211; DESIST\u00caNCIA-ELIMINA\u00c7\u00c3O DE CANDIDATOS CONCURSO 01-2024<\/p>\n","protected":false},"author":1,"featured_media":0,"parent":0,"menu_order":0,"comment_status":"closed","ping_status":"closed","template":"","meta":{"footnotes":""},"class_list":["post-22531","page","type-page","status-publish","hentry"],"_links":{"self":[{"href":"https:\/\/conselheirolafaiete.mg.gov.br\/v1\/wp-json\/wp\/v2\/pages\/22531","targetHints":{"allow":["GET"]}}],"collection":[{"href":"https:\/\/conselheirolafaiete.mg.gov.br\/v1\/wp-json\/wp\/v2\/pages"}],"about":[{"href":"https:\/\/conselheirolafaiete.mg.gov.br\/v1\/wp-json\/wp\/v2\/types\/page"}],"author":[{"embeddable":true,"href":"https:\/\/conselheirolafaiete.mg.gov.br\/v1\/wp-json\/wp\/v2\/users\/1"}],"replies":[{"embeddable":true,"href":"https:\/\/conselheirolafaiete.mg.gov.br\/v1\/wp-json\/wp\/v2\/comments?post=22531"}],"version-history":[{"count":4,"href":"https:\/\/conselheirolafaiete.mg.gov.br\/v1\/wp-json\/wp\/v2\/pages\/22531\/revisions"}],"predecessor-version":[{"id":22651,"href":"https:\/\/conselheirolafaiete.mg.gov.br\/v1\/wp-json\/wp\/v2\/pages\/22531\/revisions\/22651"}],"wp:attachment":[{"href":"https:\/\/conselheirolafaiete.mg.gov.br\/v1\/wp-json\/wp\/v2\/media?parent=22531"}],"curies":[{"name":"wp","href":"https:\/\/api.w.org\/{rel}","templated":true}]}}