{"id":226,"date":"2018-11-28T15:07:54","date_gmt":"2018-11-28T15:07:54","guid":{"rendered":"http:\/\/conselheirolafaiete.mg.gov.br\/v1\/?page_id=226"},"modified":"2026-01-05T12:50:10","modified_gmt":"2026-01-05T15:50:10","slug":"leis","status":"publish","type":"page","link":"https:\/\/conselheirolafaiete.mg.gov.br\/v1\/leis\/","title":{"rendered":"Leis"},"content":{"rendered":"<p>[vc_row][vc_column][vc_column_text]<\/p>\n<h1><strong>Leis<\/strong><\/h1>\n<p>[\/vc_column_text][\/vc_column][\/vc_row][vc_row][vc_column][vc_btn title=&#8221;Leis 2026&#8243; color=&#8221;white&#8221; size=&#8221;lg&#8221; i_icon_fontawesome=&#8221;fa fa-gavel&#8221; add_icon=&#8221;true&#8221; link=&#8221;url:https%3A%2F%2Fconselheirolafaiete.mg.gov.br%2Fv1%2Fleis-2026%2F|||&#8221;]<br \/>\n[\/vc_column][\/vc_row][vc_row][vc_column][vc_btn title=&#8221;Leis 2025&#8243; color=&#8221;white&#8221; size=&#8221;lg&#8221; i_icon_fontawesome=&#8221;fa fa-gavel&#8221; add_icon=&#8221;true&#8221; link=&#8221;url:https%3A%2F%2Fconselheirolafaiete.mg.gov.br%2Fv1%2Fleis-2025%2F|||&#8221;]<br \/>\n[\/vc_column][\/vc_row][vc_row][vc_column][vc_btn title=&#8221;Leis 2024&#8243; color=&#8221;white&#8221; size=&#8221;lg&#8221; i_icon_fontawesome=&#8221;fa fa-gavel&#8221; add_icon=&#8221;true&#8221; link=&#8221;url:https%3A%2F%2Fconselheirolafaiete.mg.gov.br%2Fv1%2Fleis-2024%2F|||&#8221;][\/vc_column][\/vc_row][vc_row][vc_column][vc_btn title=&#8221;Leis 2023&#8243; color=&#8221;white&#8221; size=&#8221;lg&#8221; i_icon_fontawesome=&#8221;fa fa-gavel&#8221; add_icon=&#8221;true&#8221; link=&#8221;url:https%3A%2F%2Fconselheirolafaiete.mg.gov.br%2Fv1%2Fleis-2023%2F|||&#8221;][\/vc_column][\/vc_row][vc_row][vc_column][vc_btn title=&#8221;Leis 2022&#8243; color=&#8221;white&#8221; size=&#8221;lg&#8221; i_icon_fontawesome=&#8221;fa fa-gavel&#8221; add_icon=&#8221;true&#8221; link=&#8221;url:https%3A%2F%2Fconselheirolafaiete.mg.gov.br%2Fv1%2Fleis-2022%2F|||&#8221;][\/vc_column][\/vc_row][vc_row][vc_column][vc_btn title=&#8221;Leis 2021&#8243; color=&#8221;white&#8221; size=&#8221;lg&#8221; i_icon_fontawesome=&#8221;fa fa-gavel&#8221; add_icon=&#8221;true&#8221; link=&#8221;url:https%3A%2F%2Fconselheirolafaiete.mg.gov.br%2Fv1%2Fleis-2021%2F|||&#8221;][\/vc_column][\/vc_row][vc_row][vc_column][vc_btn title=&#8221;Leis 2020&#8243; color=&#8221;white&#8221; size=&#8221;lg&#8221; i_icon_fontawesome=&#8221;fa fa-gavel&#8221; add_icon=&#8221;true&#8221; link=&#8221;url:https%3A%2F%2Fconselheirolafaiete.mg.gov.br%2Fv1%2Fleis-2020%2F|||&#8221;][\/vc_column][\/vc_row][vc_row][vc_column][vc_btn title=&#8221;Leis 2019&#8243; color=&#8221;white&#8221; size=&#8221;lg&#8221; i_icon_fontawesome=&#8221;fa fa-gavel&#8221; add_icon=&#8221;true&#8221; link=&#8221;url:https%3A%2F%2Fconselheirolafaiete.mg.gov.br%2Fv1%2Fleis-2019%2F|||&#8221;][\/vc_column][\/vc_row][vc_row][vc_column][vc_btn title=&#8221;Leis 2018&#8243; color=&#8221;white&#8221; size=&#8221;lg&#8221; i_icon_fontawesome=&#8221;fa fa-gavel&#8221; add_icon=&#8221;true&#8221; link=&#8221;url:https%3A%2F%2Fconselheirolafaiete.mg.gov.br%2Fv1%2Fleis-2018%2F|||&#8221;][\/vc_column][\/vc_row][vc_row][vc_column][vc_btn title=&#8221;Leis 2017&#8243; color=&#8221;white&#8221; size=&#8221;lg&#8221; i_icon_fontawesome=&#8221;fa fa-gavel&#8221; add_icon=&#8221;true&#8221; link=&#8221;url:https%3A%2F%2Fconselheirolafaiete.mg.gov.br%2Fv1%2Fleis-2017%2F|||&#8221;][\/vc_column][\/vc_row][vc_row][vc_column][vc_btn title=&#8221;Legisla\u00e7\u00e3o Tribut\u00e1ria&#8221; color=&#8221;white&#8221; size=&#8221;lg&#8221; i_icon_fontawesome=&#8221;fa fa-gavel&#8221; add_icon=&#8221;true&#8221; link=&#8221;url:https%3A%2F%2Fconselheirolafaiete.mg.gov.br%2Fv1%2Flegislacao-tributaria%2F|||&#8221;][\/vc_column][\/vc_row]<\/p>\n","protected":false},"excerpt":{"rendered":"<p>[vc_row][vc_column][vc_column_text] Leis [\/vc_column_text][\/vc_column][\/vc_row][vc_row][vc_column][vc_btn title=&#8221;Leis 2026&#8243; color=&#8221;white&#8221; size=&#8221;lg&#8221; i_icon_fontawesome=&#8221;fa fa-gavel&#8221; add_icon=&#8221;true&#8221; link=&#8221;url:https%3A%2F%2Fconselheirolafaiete.mg.gov.br%2Fv1%2Fleis-2026%2F|||&#8221;] [\/vc_column][\/vc_row][vc_row][vc_column][vc_btn title=&#8221;Leis 2025&#8243; color=&#8221;white&#8221; size=&#8221;lg&#8221; i_icon_fontawesome=&#8221;fa fa-gavel&#8221; add_icon=&#8221;true&#8221; link=&#8221;url:https%3A%2F%2Fconselheirolafaiete.mg.gov.br%2Fv1%2Fleis-2025%2F|||&#8221;] [\/vc_column][\/vc_row][vc_row][vc_column][vc_btn title=&#8221;Leis 2024&#8243; color=&#8221;white&#8221; size=&#8221;lg&#8221; i_icon_fontawesome=&#8221;fa fa-gavel&#8221; add_icon=&#8221;true&#8221; link=&#8221;url:https%3A%2F%2Fconselheirolafaiete.mg.gov.br%2Fv1%2Fleis-2024%2F|||&#8221;][\/vc_column][\/vc_row][vc_row][vc_column][vc_btn title=&#8221;Leis 2023&#8243; color=&#8221;white&#8221; size=&#8221;lg&#8221; i_icon_fontawesome=&#8221;fa fa-gavel&#8221; add_icon=&#8221;true&#8221; link=&#8221;url:https%3A%2F%2Fconselheirolafaiete.mg.gov.br%2Fv1%2Fleis-2023%2F|||&#8221;][\/vc_column][\/vc_row][vc_row][vc_column][vc_btn title=&#8221;Leis 2022&#8243; color=&#8221;white&#8221; size=&#8221;lg&#8221; i_icon_fontawesome=&#8221;fa fa-gavel&#8221; add_icon=&#8221;true&#8221; link=&#8221;url:https%3A%2F%2Fconselheirolafaiete.mg.gov.br%2Fv1%2Fleis-2022%2F|||&#8221;][\/vc_column][\/vc_row][vc_row][vc_column][vc_btn title=&#8221;Leis 2021&#8243; color=&#8221;white&#8221; size=&#8221;lg&#8221; i_icon_fontawesome=&#8221;fa fa-gavel&#8221; add_icon=&#8221;true&#8221; link=&#8221;url:https%3A%2F%2Fconselheirolafaiete.mg.gov.br%2Fv1%2Fleis-2021%2F|||&#8221;][\/vc_column][\/vc_row][vc_row][vc_column][vc_btn title=&#8221;Leis 2020&#8243; [&hellip;]<\/p>\n","protected":false},"author":2,"featured_media":0,"parent":0,"menu_order":0,"comment_status":"closed","ping_status":"closed","template":"","meta":{"footnotes":""},"class_list":["post-226","page","type-page","status-publish","hentry"],"_links":{"self":[{"href":"https:\/\/conselheirolafaiete.mg.gov.br\/v1\/wp-json\/wp\/v2\/pages\/226","targetHints":{"allow":["GET"]}}],"collection":[{"href":"https:\/\/conselheirolafaiete.mg.gov.br\/v1\/wp-json\/wp\/v2\/pages"}],"about":[{"href":"https:\/\/conselheirolafaiete.mg.gov.br\/v1\/wp-json\/wp\/v2\/types\/page"}],"author":[{"embeddable":true,"href":"https:\/\/conselheirolafaiete.mg.gov.br\/v1\/wp-json\/wp\/v2\/users\/2"}],"replies":[{"embeddable":true,"href":"https:\/\/conselheirolafaiete.mg.gov.br\/v1\/wp-json\/wp\/v2\/comments?post=226"}],"version-history":[{"count":34,"href":"https:\/\/conselheirolafaiete.mg.gov.br\/v1\/wp-json\/wp\/v2\/pages\/226\/revisions"}],"predecessor-version":[{"id":22421,"href":"https:\/\/conselheirolafaiete.mg.gov.br\/v1\/wp-json\/wp\/v2\/pages\/226\/revisions\/22421"}],"wp:attachment":[{"href":"https:\/\/conselheirolafaiete.mg.gov.br\/v1\/wp-json\/wp\/v2\/media?parent=226"}],"curies":[{"name":"wp","href":"https:\/\/api.w.org\/{rel}","templated":true}]}}