{"id":2346,"date":"2019-01-22T11:46:26","date_gmt":"2019-01-22T13:46:26","guid":{"rendered":"http:\/\/conselheirolafaiete.mg.gov.br\/v1\/?page_id=2346"},"modified":"2019-12-19T12:11:11","modified_gmt":"2019-12-19T14:11:11","slug":"convocacoes-2019","status":"publish","type":"page","link":"https:\/\/conselheirolafaiete.mg.gov.br\/v1\/convocacoes-2019\/","title":{"rendered":"Convoca\u00e7\u00f5es 2019"},"content":{"rendered":"<p><a href=\"https:\/\/conselheirolafaiete.mg.gov.br\/v1\/wp-content\/uploads\/2019\/12\/OF\u00cdCIO-457-IMPRENSA-CONVOCA\u00c7\u00c3O-Concurso.pdf\">19\/12\/2019 &#8211; OF\u00cdCIO 457 -IMPRENSA -CONVOCA\u00c7\u00c3O Concurso<\/a><\/p>\n<p><a href=\"https:\/\/conselheirolafaiete.mg.gov.br\/v1\/wp-content\/uploads\/2019\/12\/OF\u00cdCIO-449-IMPRENSA-CONVOCA\u00c7\u00c3O-Concurso.pdf\">12\/12\/2019 &#8211; 449 -IMPRENSA -CONVOCA\u00c7\u00c3O Concurso<\/a><\/p>\n<p><a href=\"https:\/\/conselheirolafaiete.mg.gov.br\/v1\/wp-content\/uploads\/2019\/12\/444-IMPRENSA-CONVOCA\u00c7\u00c3O-Concurso.pdf\">04\/12\/2019 &#8211; 444 -CONVOCA\u00c7\u00c3O Concurso<\/a><\/p>\n<p><a href=\"https:\/\/conselheirolafaiete.mg.gov.br\/v1\/wp-content\/uploads\/2019\/11\/429-comunicado-de-falecimento-de-servidor-convocado.pdf\">28\/11\/2019 &#8211; 429 comunicado de falecimento de servidor convocado<\/a><\/p>\n<p><a href=\"https:\/\/conselheirolafaiete.mg.gov.br\/v1\/wp-content\/uploads\/2019\/11\/430-MPRENSA-CONVOCA\u00c7\u00c3O-Concurso.pdf\">28\/11\/2019 &#8211; 430 MPRENSA -CONVOCA\u00c7\u00c3O Concurso<\/a><\/p>\n<p><a href=\"https:\/\/conselheirolafaiete.mg.gov.br\/v1\/wp-content\/uploads\/2019\/11\/418-IMPRENSA-CONVOCA\u00c7\u00c3O-Concurso.pdf\">20\/11\/2019 &#8211; 418 -IMPRENSA -CONVOCA\u00c7\u00c3O Concurso<\/a><\/p>\n<p><a href=\"https:\/\/conselheirolafaiete.mg.gov.br\/v1\/wp-content\/uploads\/2019\/11\/413-IMPRENSA-CONVOCA\u00c7\u00c3O-Concurso-1.pdf\">13\/11\/2019 &#8211; 413 -IMPRENSA -CONVOCA\u00c7\u00c3O Concurso<\/a><\/p>\n<p><a href=\"https:\/\/conselheirolafaiete.mg.gov.br\/v1\/wp-content\/uploads\/2019\/11\/OF\u00cdCIO-411-IMPRENSA-CONVOCA\u00c7\u00c3O-Concurso.pdf\">13\/11\/2019 &#8211; OF\u00cdCIO 411 -IMPRENSA -CONVOCA\u00c7\u00c3O Concurso<\/a><\/p>\n<p><a href=\"https:\/\/conselheirolafaiete.mg.gov.br\/v1\/wp-content\/uploads\/2019\/10\/OF\u00cdCIO-381-IMPRENSA-CONVOCA\u00c7\u00c3O-Concurso.pdf\">30\/10\/2019 &#8211; OF\u00cdCIO 381 -CONVOCA\u00c7\u00c3O Concurso<\/a><\/p>\n<p><a href=\"https:\/\/conselheirolafaiete.mg.gov.br\/v1\/wp-content\/uploads\/2019\/10\/370-2019-CONVOCA\u00c7\u00c3O-Concurso.pdf\">22\/10\/2019 &#8211; 370 -2019 CONVOCA\u00c7\u00c3O Concurso<\/a><\/p>\n<p><a href=\"https:\/\/conselheirolafaiete.mg.gov.br\/v1\/wp-content\/uploads\/2019\/10\/OF\u00cdCIO-353-IMPRENSA-CONVOCA\u00c7\u00c3O-Concurso.pdf\">17\/10\/2019 &#8211; OF\u00cdCIO 353 -IMPRENSA -CONVOCA\u00c7\u00c3O Concurso<\/a><\/p>\n<p><a href=\"https:\/\/conselheirolafaiete.mg.gov.br\/v1\/wp-content\/uploads\/2019\/10\/OF\u00cdCIO-337-IMPRENSA-CONVOCA\u00c7\u00c3O-Concurso.pdf\">11\/10\/2019 &#8211; OF\u00cdCIO 337 -IMPRENSA -CONVOCA\u00c7\u00c3O Concurso<\/a><\/p>\n<p><a href=\"https:\/\/conselheirolafaiete.mg.gov.br\/v1\/wp-content\/uploads\/2019\/09\/OF\u00cdCIO-319-IMPRENSA-CONVOCA\u00c7\u00c3O-Concurso.pdf\">27\/09\/2019 &#8211; 319 -IMPRENSA -CONVOCA\u00c7\u00c3O Concurso<\/a><\/p>\n<p><a href=\"https:\/\/conselheirolafaiete.mg.gov.br\/v1\/wp-content\/uploads\/2019\/09\/OF\u00cdCIO-316-IMPRENSA-CONVOCA\u00c7\u00c3O-Concurso.pdf\">25\/09\/2019 &#8211; 316 -IMPRENSA -CONVOCA\u00c7\u00c3O Concurso<\/a><\/p>\n<p><a href=\"https:\/\/conselheirolafaiete.mg.gov.br\/v1\/wp-content\/uploads\/2019\/09\/305-IMPRENSA-CONVOCA\u00c7\u00c3O-Concurso.pdf\">17\/09\/2019 &#8211; 305 -CONVOCA\u00c7\u00c3O Concurso<\/a><\/p>\n<p><a href=\"https:\/\/conselheirolafaiete.mg.gov.br\/v1\/wp-content\/uploads\/2019\/09\/296-IMPRENSA-CONVOCA\u00c7\u00c3O-Concurso.pdf\">10\/09\/2019 &#8211; 296-IMPRENSA -CONVOCA\u00c7\u00c3O Concurso<\/a><\/p>\n<p><a href=\"https:\/\/conselheirolafaiete.mg.gov.br\/v1\/wp-content\/uploads\/2019\/09\/287-2019-CONVOCA\u00c7\u00c3O-Concurso.pdf\">04\/09\/2019 &#8211; 287 -2019 CONVOCA\u00c7\u00c3O Concurso<\/a><\/p>\n<p><a href=\"https:\/\/conselheirolafaiete.mg.gov.br\/v1\/wp-content\/uploads\/2019\/09\/285-CONVOCA\u00c7\u00c3O-VIGIA.pdf\">03\/09\/2019 &#8211; 285- CONVOCA\u00c7\u00c3O VIGIA<\/a><\/p>\n<p><a href=\"https:\/\/conselheirolafaiete.mg.gov.br\/v1\/wp-content\/uploads\/2019\/08\/277-CONVOCA\u00c7\u00c3O-CONCURSO-004-2015.pdf\">27\/08\/2019 &#8211; 277 -CONVOCA\u00c7\u00c3O CONCURSO 004-2015<\/a><\/p>\n<p><a href=\"https:\/\/conselheirolafaiete.mg.gov.br\/v1\/wp-content\/uploads\/2019\/08\/264-CONVOCA\u00c7\u00c3O-CONCURSO-004-2015.pdf\">21\/08\/2019 &#8211; 264 CONVOCA\u00c7\u00c3O CONCURSO 004-2015<\/a><\/p>\n<p><a href=\"https:\/\/conselheirolafaiete.mg.gov.br\/v1\/wp-content\/uploads\/2019\/08\/OF\u00cdCIO-254-IMPRENSA-CONVOCA\u00c7\u00c3O-Concurso.pdf\">14\/08\/2019 &#8211; OF\u00cdCIO 254 -IMPRENSA -CONVOCA\u00c7\u00c3O Concurso<\/a><\/p>\n<p><a href=\"https:\/\/conselheirolafaiete.mg.gov.br\/v1\/wp-content\/uploads\/2019\/08\/OF\u00cdCIO-239-IMPRENSA-CONVOCA\u00c7\u00c3O-Concurso-1.pdf\">06\/08\/2019 &#8211; OF\u00cdCIO 239 -IMPRENSA -CONVOCA\u00c7\u00c3O Concurso<\/a><\/p>\n<p><a href=\"https:\/\/conselheirolafaiete.mg.gov.br\/v1\/wp-content\/uploads\/2019\/07\/218-CONVOCA\u00c7\u00c3O-VIGIA.pdf\">31\/07\/2019 -218 &#8211; CONVOCA\u00c7\u00c3O VIGIA<\/a><\/p>\n<p><a href=\"https:\/\/conselheirolafaiete.mg.gov.br\/v1\/wp-content\/uploads\/2019\/07\/CONVOCA\u00c7\u00c3O-VIGIA-Oficio-204.pdf\">23\/07\/2019 &#8211; CONVOCA\u00c7\u00c3O VIGIA Oficio 204<\/a><\/p>\n<p><a href=\"https:\/\/conselheirolafaiete.mg.gov.br\/v1\/wp-content\/uploads\/2019\/07\/203-CONVOCA\u00c7\u00c3O-CONCURSO-CANTINEIRA.pdf\">17\/07\/2019 &#8211; 203 &#8211; CONVOCA\u00c7\u00c3O CONCURSO CANTINEIRA<\/a><\/p>\n<p><a href=\"https:\/\/conselheirolafaiete.mg.gov.br\/v1\/wp-content\/uploads\/2019\/07\/187-CONVOCA\u00c7\u00c3O-CONCURSO-V\u00c1RIOS-CARGOS.pdf\">09\/07\/2019 -187 &#8211; CONVOCA\u00c7\u00c3O CONCURSO V\u00c1RIOS CARGOS<\/a><\/p>\n<p><a href=\"https:\/\/conselheirolafaiete.mg.gov.br\/v1\/wp-content\/uploads\/2019\/06\/172-CONVOCA\u00c7\u00c3O-CONCURSO-VIGIA.pdf\">17\/06\/2019 &#8211; 172 &#8211; CONVOCA\u00c7\u00c3O CONCURSO VIGIA<\/a><\/p>\n<p><a href=\"https:\/\/conselheirolafaiete.mg.gov.br\/v1\/wp-content\/uploads\/2019\/06\/154-2019-CONVOCA\u00c7\u00c3O-CONCURSO-VIGIA.pdf\">06\/06\/2019 &#8211; 154 -2019 CONVOCA\u00c7\u00c3O CONCURSO VIGIA<\/a><\/p>\n<p><a href=\"https:\/\/conselheirolafaiete.mg.gov.br\/v1\/wp-content\/uploads\/2019\/06\/145-CONVOCA\u00c7\u00c3O-CONCURSO.pdf\">04\/06\/2019 &#8211; 145- CONVOCA\u00c7\u00c3O CONCURSO<\/a><\/p>\n<p><a href=\"https:\/\/conselheirolafaiete.mg.gov.br\/v1\/wp-content\/uploads\/2019\/05\/122-2019-CONVOCA\u00c7\u00c3O-CONCURSO.pdf\">20\/05\/2019 &#8211; 122 -2019 CONVOCA\u00c7\u00c3O CONCURSO<\/a><\/p>\n<p><a href=\"https:\/\/conselheirolafaiete.mg.gov.br\/v1\/wp-content\/uploads\/2019\/04\/101-2019-CONVOCA\u00c7\u00c3O-Concurso.pdf\">29\/04\/2019 &#8211; 101 -2019 CONVOCA\u00c7\u00c3O Concurso<\/a><\/p>\n<p><a href=\"https:\/\/conselheirolafaiete.mg.gov.br\/v1\/wp-content\/uploads\/2019\/04\/084-2019-CONVOCA\u00c7\u00c3O-Concurso.pdf\">01\/04\/2019 &#8211; 084 -2019 CONVOCA\u00c7\u00c3O Concurso<\/a><\/p>\n<p><a href=\"https:\/\/conselheirolafaiete.mg.gov.br\/v1\/wp-content\/uploads\/2019\/03\/058-CONVOCA\u00c7\u00c3O-Concurso.pdf\">11\/03\/2019 &#8211; 058- Convoca\u00e7\u00e3o do Concurso P\u00fablico Edital 004\/2015<\/a><\/p>\n<p><a href=\"https:\/\/conselheirolafaiete.mg.gov.br\/v1\/wp-content\/uploads\/2019\/03\/052-2019-CONVOCA\u00c7\u00c3O-Concurso.pdf\">07\/03\/2019 &#8211; 052 -2019 CONVOCA\u00c7\u00c3O CONCURSO<\/a><\/p>\n<p><a href=\"https:\/\/conselheirolafaiete.mg.gov.br\/v1\/wp-content\/uploads\/2019\/02\/046-2019-CONVOCA\u00c7\u00c3O-Concurso.pdf\">27\/02\/2019 &#8211; 046 -2019 CONVOCA\u00c7\u00c3O Concurso<\/a><\/p>\n<p><a href=\"https:\/\/conselheirolafaiete.mg.gov.br\/v1\/wp-content\/uploads\/2019\/01\/015-2019-CONVOCA\u00c7\u00c3O-CONCURSO-CELINA.pdf\">015-2019 CONVOCA\u00c7\u00c3O CONCURSO CELINA<\/a><\/p>\n<p><a href=\"https:\/\/conselheirolafaiete.mg.gov.br\/v1\/wp-content\/uploads\/2019\/01\/012-2019-CONVOCA\u00c7\u00c3O-Concurso.pdf\">012-2019 CONVOCA\u00c7\u00c3O Concurso<\/a><\/p>\n","protected":false},"excerpt":{"rendered":"<p>19\/12\/2019 &#8211; OF\u00cdCIO 457 -IMPRENSA -CONVOCA\u00c7\u00c3O Concurso 12\/12\/2019 &#8211; 449 -IMPRENSA -CONVOCA\u00c7\u00c3O Concurso 04\/12\/2019 &#8211; 444 -CONVOCA\u00c7\u00c3O Concurso 28\/11\/2019 &#8211; 429 comunicado de falecimento de servidor convocado 28\/11\/2019 &#8211; 430 MPRENSA -CONVOCA\u00c7\u00c3O Concurso 20\/11\/2019 &#8211; 418 -IMPRENSA -CONVOCA\u00c7\u00c3O Concurso 13\/11\/2019 &#8211; 413 -IMPRENSA -CONVOCA\u00c7\u00c3O Concurso 13\/11\/2019 &#8211; OF\u00cdCIO 411 -IMPRENSA -CONVOCA\u00c7\u00c3O Concurso 30\/10\/2019 &#8211; OF\u00cdCIO [&hellip;]<\/p>\n","protected":false},"author":2,"featured_media":0,"parent":0,"menu_order":0,"comment_status":"closed","ping_status":"closed","template":"","meta":{"footnotes":""},"class_list":["post-2346","page","type-page","status-publish","hentry"],"_links":{"self":[{"href":"https:\/\/conselheirolafaiete.mg.gov.br\/v1\/wp-json\/wp\/v2\/pages\/2346","targetHints":{"allow":["GET"]}}],"collection":[{"href":"https:\/\/conselheirolafaiete.mg.gov.br\/v1\/wp-json\/wp\/v2\/pages"}],"about":[{"href":"https:\/\/conselheirolafaiete.mg.gov.br\/v1\/wp-json\/wp\/v2\/types\/page"}],"author":[{"embeddable":true,"href":"https:\/\/conselheirolafaiete.mg.gov.br\/v1\/wp-json\/wp\/v2\/users\/2"}],"replies":[{"embeddable":true,"href":"https:\/\/conselheirolafaiete.mg.gov.br\/v1\/wp-json\/wp\/v2\/comments?post=2346"}],"version-history":[{"count":42,"href":"https:\/\/conselheirolafaiete.mg.gov.br\/v1\/wp-json\/wp\/v2\/pages\/2346\/revisions"}],"predecessor-version":[{"id":4274,"href":"https:\/\/conselheirolafaiete.mg.gov.br\/v1\/wp-json\/wp\/v2\/pages\/2346\/revisions\/4274"}],"wp:attachment":[{"href":"https:\/\/conselheirolafaiete.mg.gov.br\/v1\/wp-json\/wp\/v2\/media?parent=2346"}],"curies":[{"name":"wp","href":"https:\/\/api.w.org\/{rel}","templated":true}]}}