{"id":239,"date":"2018-11-28T15:53:23","date_gmt":"2018-11-28T15:53:23","guid":{"rendered":"http:\/\/conselheirolafaiete.mg.gov.br\/v1\/?page_id=239"},"modified":"2021-01-26T17:45:13","modified_gmt":"2021-01-26T19:45:13","slug":"convenios","status":"publish","type":"page","link":"https:\/\/conselheirolafaiete.mg.gov.br\/v1\/convenios\/","title":{"rendered":"Conv\u00eanios"},"content":{"rendered":"<p>\u2013 Os arquivos disponibilizados encontram-se em formato PDF.<br \/>\n\u2013 Clique sobre o t\u00edtulo para fazer o download.<br \/>\n<a href=\"https:\/\/conselheirolafaiete.mg.gov.br\/v1\/wp-content\/uploads\/2021\/01\/doc03090120210126183835.pdf\">26\/01\/2021- Aditivo do termo de ado\u00e7\u00e3o de espa\u00e7o  P\u00fablico<\/a><br \/>\n<strong><a href=\"https:\/\/conselheirolafaiete.mg.gov.br\/v1\/wp-content\/uploads\/2019\/05\/Planilha-convenios-2019.xls\">Planilha Conv\u00eanios 2019<\/a><\/strong><br \/>\n<strong><a href=\"https:\/\/conselheirolafaiete.mg.gov.br\/v1\/wp-content\/uploads\/2019\/05\/Planilha-convenios-2018.xls\">Planilha Conv\u00eanios 2018<\/a><\/strong><br \/>\n<strong><a href=\"https:\/\/conselheirolafaiete.mg.gov.br\/v1\/wp-content\/uploads\/2018\/11\/planiha-de-convenios.pdf\">Planilha Conv\u00eanios 2017<\/a><\/strong><br \/>\n<strong><a href=\"https:\/\/conselheirolafaiete.mg.gov.br\/v1\/wp-content\/uploads\/2018\/11\/Scan_20181130_142913.pdf\">Termo de cess\u00e3o com a UNA<\/a><\/strong><\/p>\n","protected":false},"excerpt":{"rendered":"<p>\u2013 Os arquivos disponibilizados encontram-se em formato PDF. \u2013 Clique sobre o t\u00edtulo para fazer o download. 26\/01\/2021- Aditivo do termo de ado\u00e7\u00e3o de espa\u00e7o P\u00fablico Planilha Conv\u00eanios 2019 Planilha Conv\u00eanios 2018 Planilha Conv\u00eanios 2017 Termo de cess\u00e3o com a UNA<\/p>\n","protected":false},"author":1,"featured_media":0,"parent":0,"menu_order":0,"comment_status":"closed","ping_status":"closed","template":"","meta":{"footnotes":""},"class_list":["post-239","page","type-page","status-publish","hentry"],"_links":{"self":[{"href":"https:\/\/conselheirolafaiete.mg.gov.br\/v1\/wp-json\/wp\/v2\/pages\/239","targetHints":{"allow":["GET"]}}],"collection":[{"href":"https:\/\/conselheirolafaiete.mg.gov.br\/v1\/wp-json\/wp\/v2\/pages"}],"about":[{"href":"https:\/\/conselheirolafaiete.mg.gov.br\/v1\/wp-json\/wp\/v2\/types\/page"}],"author":[{"embeddable":true,"href":"https:\/\/conselheirolafaiete.mg.gov.br\/v1\/wp-json\/wp\/v2\/users\/1"}],"replies":[{"embeddable":true,"href":"https:\/\/conselheirolafaiete.mg.gov.br\/v1\/wp-json\/wp\/v2\/comments?post=239"}],"version-history":[{"count":6,"href":"https:\/\/conselheirolafaiete.mg.gov.br\/v1\/wp-json\/wp\/v2\/pages\/239\/revisions"}],"predecessor-version":[{"id":1328,"href":"https:\/\/conselheirolafaiete.mg.gov.br\/v1\/wp-json\/wp\/v2\/pages\/239\/revisions\/1328"}],"wp:attachment":[{"href":"https:\/\/conselheirolafaiete.mg.gov.br\/v1\/wp-json\/wp\/v2\/media?parent=239"}],"curies":[{"name":"wp","href":"https:\/\/api.w.org\/{rel}","templated":true}]}}