{"id":2440,"date":"2019-02-04T09:21:03","date_gmt":"2019-02-04T11:21:03","guid":{"rendered":"http:\/\/conselheirolafaiete.mg.gov.br\/v1\/?page_id=2440"},"modified":"2019-12-12T15:38:26","modified_gmt":"2019-12-12T17:38:26","slug":"convocacoes-processo-seletivo-2019","status":"publish","type":"page","link":"https:\/\/conselheirolafaiete.mg.gov.br\/v1\/convocacoes-processo-seletivo-2019\/","title":{"rendered":"Convoca\u00e7\u00f5es Processo Seletivo 2019"},"content":{"rendered":"<p>[vc_row][vc_column][vc_column_text]<a href=\"https:\/\/conselheirolafaiete.mg.gov.br\/v1\/wp-content\/uploads\/2019\/11\/401-Convoca\u00e7ao-P-S01-2019-MEDICO-PLANTONISTA.pdf\">06\/11\/2019 &#8211; 401 Convoca\u00e7ao P S01-2019 MEDICO PLANTONISTA<\/a><br \/>\n<a href=\"https:\/\/conselheirolafaiete.mg.gov.br\/v1\/wp-content\/uploads\/2019\/10\/368-Convoca\u00e7ao-P-S01-2019-MEDICO-PLANTONISTA.pdf\">22\/10\/2019 &#8211; 368 Convoca\u00e7ao P S01-2019 MEDICO PLANTONISTA<\/a><br \/>\n<a href=\"https:\/\/conselheirolafaiete.mg.gov.br\/v1\/wp-content\/uploads\/2019\/08\/253-Convoca\u00e7ao-P-S-01-2019-MEDICO-PLANTONISTA-PSIQUIATRIA.pdf\">12\/08\/2019 &#8211; 253 Convoca\u00e7ao P S 01-2019 MEDICO PLANTONISTA PSIQUIATRIA<\/a><br \/>\n<a href=\"https:\/\/conselheirolafaiete.mg.gov.br\/v1\/wp-content\/uploads\/2019\/08\/246-Convoca\u00e7ao-P-S-01-2019-MEDICO-PLANTONISTA-PSIQUIATRIA.pdf\">09\/08\/2019 &#8211; 246 Convoca\u00e7ao P S 01-2019 MEDICO PLANTONISTA PSIQUIATRIA<\/a><br \/>\n<a href=\"https:\/\/conselheirolafaiete.mg.gov.br\/v1\/wp-content\/uploads\/2019\/08\/240Convoca\u00e7ao-P-S-002-2019-MEDICO-ESF.pdf\">06\/08\/2019 &#8211; 240Convoca\u00e7ao P S 002-2019 MEDICO ESF<\/a><br \/>\n<a href=\"https:\/\/conselheirolafaiete.mg.gov.br\/v1\/wp-content\/uploads\/2019\/08\/235-Convoca\u00e7ao-P-S-01-2019-MEDICO-PLANTONISTA-PSIQUIATRIA.pdf\">02\/08\/2019 &#8211; 235 Convoca\u00e7ao P S 01-2019 MEDICO PLANTONISTA PSIQUIATRIA<\/a><br \/>\n<a href=\"https:\/\/conselheirolafaiete.mg.gov.br\/v1\/wp-content\/uploads\/2019\/07\/195-Convoca\u00e7ao-P-S-01-2019-MEDICO-PLANTONISTA-PSIQUIATRIA.pdf\">11\/07\/2019 -195 Convoca\u00e7ao P S 01-2019 MEDICO PLANTONISTA PSIQUIATRIA<\/a><br \/>\n<a href=\"https:\/\/conselheirolafaiete.mg.gov.br\/v1\/wp-content\/uploads\/2019\/07\/188-Convoca\u00e7ao-P-S-01-2019-MEDICO-PLANTONISTA-PSIQUIATRIA-E-M\u00c9DICO-VETERIN\u00c1RIO.pdf\">06\/07\/2019 &#8211; 188 Convoca\u00e7ao P S 01-2019 MEDICO PLANTONISTA PSIQUIATRIA E M\u00c9DICO VETERIN\u00c1RIO<\/a><br \/>\n<a href=\"https:\/\/conselheirolafaiete.mg.gov.br\/v1\/wp-content\/uploads\/2019\/06\/181-Convoca\u00e7ao-P-S01-2019-MEDICO-PLANTONISTA.pdf\">27\/06\/2019 &#8211; 181 Convoca\u00e7ao P S01-2019 MEDICO PLANTONISTA<\/a><br \/>\n<a href=\"https:\/\/conselheirolafaiete.mg.gov.br\/v1\/wp-content\/uploads\/2019\/06\/175-Convoca\u00e7ao-P-S01-2019-MEDICO-PLANTONISTA.pdf\">24\/06\/2019 &#8211; 175 Convoca\u00e7ao P S01-2019 MEDICO PLANTONISTA<\/a><br \/>\n<a href=\"https:\/\/conselheirolafaiete.mg.gov.br\/v1\/wp-content\/uploads\/2019\/06\/165-Convoca\u00e7ao-Processo-Seletivo-MEDICO-PLANTONISTA.pdf\">13\/06\/2019 &#8211; 165 Convoca\u00e7ao Processo Seletivo MEDICO PLANTONISTA<\/a><br \/>\n<a href=\"https:\/\/conselheirolafaiete.mg.gov.br\/v1\/wp-content\/uploads\/2019\/06\/160-Convoca\u00e7ao-P-S-001-2019-MEDICO-ESF.pdf\">11\/06\/2019 &#8211; 160 Convoca\u00e7ao P S 001-2019 MEDICO ESF<\/a><br \/>\n<a href=\"https:\/\/conselheirolafaiete.mg.gov.br\/v1\/wp-content\/uploads\/2019\/06\/157-Convoca\u00e7ao-Processo-Seletivo-MEDICO-PLANTONISTA.pdf\">06\/06\/2019 &#8211;\u00a0157 Convoca\u00e7ao Processo Seletivo MEDICO PLANTONISTA<\/a><br \/>\n<a href=\"https:\/\/conselheirolafaiete.mg.gov.br\/v1\/wp-content\/uploads\/2019\/06\/141-Convoca\u00e7ao-Processo-Seletivo-MEDICO-PLANTONISTA.pdf\">03\/06\/2019 &#8211; 141 Convoca\u00e7ao Processo Seletivo MEDICO PLANTONISTA<\/a><br \/>\n<a href=\"https:\/\/conselheirolafaiete.mg.gov.br\/v1\/wp-content\/uploads\/2019\/05\/131-Convoca\u00e7ao-Processo-Seletivo-MEDICO-PLANTONISTA.pdf\">24\/05\/2019 &#8211; 131 Convoca\u00e7ao Processo Seletivo MEDICO PLANTONISTA<\/a><br \/>\n<a href=\"https:\/\/conselheirolafaiete.mg.gov.br\/v1\/wp-content\/uploads\/2019\/05\/120-Retifica\u00e7ao-Convoca\u00e7ao-Processo-Seletivo-MEDICOPLANTONISTA.pdf\">19\/05\/2019 &#8211; 120 Retifica\u00e7ao Convoca\u00e7ao Processo Seletivo MEDICOPLANTONISTA<\/a><br \/>\n<a href=\"https:\/\/conselheirolafaiete.mg.gov.br\/v1\/wp-content\/uploads\/2019\/05\/117-Convoca\u00e7ao-Processo-Seletivo-MEDICOPLANTONISTA.pdf\">16\/05\/2019 &#8211; 117 Convoca\u00e7ao Processo Seletivo MEDICOPLANTONISTA<\/a><br \/>\n<a href=\"https:\/\/conselheirolafaiete.mg.gov.br\/v1\/wp-content\/uploads\/2019\/03\/66-Convoca\u00e7ao-Processo-Seletivo-ACS.pdf\">19\/03\/2019 &#8211; 66- Convoca\u00e7ao Processo Seletivo ACS<\/a><br \/>\n<a href=\"https:\/\/conselheirolafaiete.mg.gov.br\/v1\/wp-content\/uploads\/2019\/03\/56-Convoca\u00e7ao-Processo-Seletivo-ACS.pdf\">11\/03\/2019 &#8211; 56- Convoca\u00e7ao Processo Seletivo ACS<\/a><br \/>\n<a href=\"https:\/\/conselheirolafaiete.mg.gov.br\/v1\/wp-content\/uploads\/2019\/03\/54-Convoca\u00e7ao-Processo-Seletivo-MEDICO-ESF.pdf\">11\/03\/2019 &#8211; 54- Convoca\u00e7ao Processo Seletivo MEDICO ESF<\/a><br \/>\n<a href=\"https:\/\/conselheirolafaiete.mg.gov.br\/v1\/wp-content\/uploads\/2019\/03\/49-Convoca\u00e7ao-Processo-Seletivo-MEDICO-ESF.pdf\">01\/03\/2019 &#8211; 49- Convoca\u00e7ao Processo Seletivo MEDICO ESF<\/a><br \/>\n<a href=\"https:\/\/conselheirolafaiete.mg.gov.br\/v1\/wp-content\/uploads\/2019\/02\/44-Convoca\u00e7ao-Processo-Seletivo-MEDICO-ESF.pdf\">27\/02\/2019- 44- Convoca\u00e7ao Processo Seletivo MEDICO ESF<\/a><br \/>\n<a href=\"https:\/\/conselheirolafaiete.mg.gov.br\/v1\/wp-content\/uploads\/2019\/02\/42-Convoca\u00e7ao-Processo-Seletivo-MEDICO-ESF.pdf\">22\/02\/2019 &#8211;\u00a042- Convoca\u00e7ao Processo Seletivo MEDICO ESF<\/a><br \/>\n<a href=\"https:\/\/conselheirolafaiete.mg.gov.br\/v1\/wp-content\/uploads\/2019\/02\/40-Convoca\u00e7ao-Processo-Seletivo-ACS.pdf\">20\/02\/2019 &#8211; 40- Convoca\u00e7ao Processo Seletivo ACS<\/a><br \/>\n<a href=\"https:\/\/conselheirolafaiete.mg.gov.br\/v1\/wp-content\/uploads\/2019\/02\/36-Convoca\u00e7ao-Processo-Seletivo-MEDICO-ESF.pdf\">15\/02\/2019 &#8211; 36- Convoca\u00e7ao Processo Seletivo MEDICO ESF<\/a><br \/>\n<a href=\"https:\/\/conselheirolafaiete.mg.gov.br\/v1\/wp-content\/uploads\/2019\/02\/30-Convoca\u00e7ao-Processo-Seletivo-MEDICO-ESF-2019.pdf\">12\/02\/2019 &#8211; 30- Convoca\u00e7\u00e3o Processo Seletivo MEDICO ESF<\/a><br \/>\n<a href=\"https:\/\/conselheirolafaiete.mg.gov.br\/v1\/wp-content\/uploads\/2019\/02\/29-Convoca\u00e7ao-Processo-Seletivo-ACS.pdf\">12\/02\/2019 &#8211;\u00a029 &#8211; Convoca\u00e7\u00e3o Processo Seletivo ACS<\/a><br \/>\n<a href=\"https:\/\/conselheirolafaiete.mg.gov.br\/v1\/wp-content\/uploads\/2019\/02\/26-Convoca\u00e7ao-Processo-Seletivo-001-SMDS-2018.pdf\">04\/02\/2019 &#8211; Convoca\u00e7\u00e3o do Processo Seletivo Edital 001\/2018\/SMDS<\/a>[\/vc_column_text][\/vc_column][\/vc_row]<\/p>\n","protected":false},"excerpt":{"rendered":"<p>[vc_row][vc_column][vc_column_text]06\/11\/2019 &#8211; 401 Convoca\u00e7ao P S01-2019 MEDICO PLANTONISTA 22\/10\/2019 &#8211; 368 Convoca\u00e7ao P S01-2019 MEDICO PLANTONISTA 12\/08\/2019 &#8211; 253 Convoca\u00e7ao P S 01-2019 MEDICO PLANTONISTA PSIQUIATRIA 09\/08\/2019 &#8211; 246 Convoca\u00e7ao P S 01-2019 MEDICO PLANTONISTA PSIQUIATRIA 06\/08\/2019 &#8211; 240Convoca\u00e7ao P S 002-2019 MEDICO ESF 02\/08\/2019 &#8211; 235 Convoca\u00e7ao P S 01-2019 MEDICO PLANTONISTA PSIQUIATRIA 11\/07\/2019 [&hellip;]<\/p>\n","protected":false},"author":1,"featured_media":0,"parent":0,"menu_order":0,"comment_status":"closed","ping_status":"closed","template":"","meta":{"footnotes":""},"class_list":["post-2440","page","type-page","status-publish","hentry"],"_links":{"self":[{"href":"https:\/\/conselheirolafaiete.mg.gov.br\/v1\/wp-json\/wp\/v2\/pages\/2440","targetHints":{"allow":["GET"]}}],"collection":[{"href":"https:\/\/conselheirolafaiete.mg.gov.br\/v1\/wp-json\/wp\/v2\/pages"}],"about":[{"href":"https:\/\/conselheirolafaiete.mg.gov.br\/v1\/wp-json\/wp\/v2\/types\/page"}],"author":[{"embeddable":true,"href":"https:\/\/conselheirolafaiete.mg.gov.br\/v1\/wp-json\/wp\/v2\/users\/1"}],"replies":[{"embeddable":true,"href":"https:\/\/conselheirolafaiete.mg.gov.br\/v1\/wp-json\/wp\/v2\/comments?post=2440"}],"version-history":[{"count":34,"href":"https:\/\/conselheirolafaiete.mg.gov.br\/v1\/wp-json\/wp\/v2\/pages\/2440\/revisions"}],"predecessor-version":[{"id":4240,"href":"https:\/\/conselheirolafaiete.mg.gov.br\/v1\/wp-json\/wp\/v2\/pages\/2440\/revisions\/4240"}],"wp:attachment":[{"href":"https:\/\/conselheirolafaiete.mg.gov.br\/v1\/wp-json\/wp\/v2\/media?parent=2440"}],"curies":[{"name":"wp","href":"https:\/\/api.w.org\/{rel}","templated":true}]}}