{"id":250,"date":"2018-11-28T15:56:07","date_gmt":"2018-11-28T15:56:07","guid":{"rendered":"http:\/\/conselheirolafaiete.mg.gov.br\/v1\/?page_id=250"},"modified":"2019-01-03T12:33:59","modified_gmt":"2019-01-03T12:33:59","slug":"editais-de-autuacao-de-transito-2018","status":"publish","type":"page","link":"https:\/\/conselheirolafaiete.mg.gov.br\/v1\/editais-de-autuacao-de-transito-2018\/","title":{"rendered":"Editais de Autua\u00e7\u00e3o de Tr\u00e2nsito 2018"},"content":{"rendered":"<p><a href=\"https:\/\/conselheirolafaiete.mg.gov.br\/v1\/wp-content\/uploads\/2018\/12\/SESSAO-15A.pdf\">SESSAO 15A<\/a><\/p>\n<p><a href=\"https:\/\/conselheirolafaiete.mg.gov.br\/v1\/wp-content\/uploads\/2018\/12\/SESS\u00c3O-14.pdf\">SESS\u00c3O 14<\/a><\/p>\n<p><a href=\"https:\/\/conselheirolafaiete.mg.gov.br\/v1\/wp-content\/uploads\/2018\/12\/SESS\u00c3O-09-INDEFERIDAS.pdf\">SESS\u00c3O 09 &#8211; INDEFERIDAS<\/a><\/p>\n<p><a href=\"https:\/\/conselheirolafaiete.mg.gov.br\/v1\/wp-content\/uploads\/2018\/12\/SESS\u00c3O-09-ACOLHIDAS.pdf\">SESS\u00c3O 09 &#8211; ACOLHIDAS<\/a><\/p>\n<p><a href=\"https:\/\/conselheirolafaiete.mg.gov.br\/v1\/wp-content\/uploads\/2018\/12\/NIP-25.pdf\">NIP 25<\/a><\/p>\n<p><a href=\"https:\/\/conselheirolafaiete.mg.gov.br\/v1\/wp-content\/uploads\/2018\/12\/NAI-188.pdf\">NAI 188<\/a><\/p>\n<p><a href=\"https:\/\/conselheirolafaiete.mg.gov.br\/v1\/wp-content\/uploads\/2018\/12\/MAR\u00c7O_2018.pdf\">MAR\u00c7O_2018<\/a><\/p>\n<p><a href=\"https:\/\/conselheirolafaiete.mg.gov.br\/v1\/wp-content\/uploads\/2018\/12\/maio-2-QUINZENA_2018.pdf\">maio 2 QUINZENA_2018<\/a><\/p>\n<p><a href=\"https:\/\/conselheirolafaiete.mg.gov.br\/v1\/wp-content\/uploads\/2018\/12\/maio-1-QUINZENA_2018.pdf\">maio 1 QUINZENA_2018<\/a><\/p>\n<p><a href=\"https:\/\/conselheirolafaiete.mg.gov.br\/v1\/wp-content\/uploads\/2018\/12\/Lote-21-se\u00e7\u00e3o-8-Defesas-N\u00e3o-Acolhidas.pdf\">Lote 21 se\u00e7\u00e3o 8 Defesas N\u00e3o Acolhidas<\/a><\/p>\n<p><a href=\"https:\/\/conselheirolafaiete.mg.gov.br\/v1\/wp-content\/uploads\/2018\/12\/Lote-20-se\u00e7\u00e3o-8-Defesas-Acolhidas.pdf\">Lote 20 se\u00e7\u00e3o 8 Defesas Acolhidas<\/a><\/p>\n<p><a href=\"https:\/\/conselheirolafaiete.mg.gov.br\/v1\/wp-content\/uploads\/2018\/12\/junho-2-QUINZENA_2018.pdf\">junho 2 QUINZENA_2018<\/a><\/p>\n<p><a href=\"https:\/\/conselheirolafaiete.mg.gov.br\/v1\/wp-content\/uploads\/2018\/12\/junho-1a-Quinzena.pdf\">junho 1a Quinzena<\/a><\/p>\n<p><a href=\"https:\/\/conselheirolafaiete.mg.gov.br\/v1\/wp-content\/uploads\/2018\/12\/Julho-2a-Quinzena.pdf\">Julho 2a Quinzena<\/a><\/p>\n<p><a href=\"https:\/\/conselheirolafaiete.mg.gov.br\/v1\/wp-content\/uploads\/2018\/12\/Julho-1a-Quinzena.pdf\">Julho 1a Quinzena<\/a><\/p>\n<p><a href=\"https:\/\/conselheirolafaiete.mg.gov.br\/v1\/wp-content\/uploads\/2018\/12\/JARI_JUNHO_18.pdf\">JARI_JUNHO_18<\/a><\/p>\n<p><a href=\"https:\/\/conselheirolafaiete.mg.gov.br\/v1\/wp-content\/uploads\/2018\/12\/JARI_FEVEREIRO.pdf\">JARI_FEVEREIRO<\/a><\/p>\n<p><a href=\"https:\/\/conselheirolafaiete.mg.gov.br\/v1\/wp-content\/uploads\/2018\/12\/JARI_24_05_18.pdf\">JARI_24_05_18<\/a><\/p>\n<p><a href=\"https:\/\/conselheirolafaiete.mg.gov.br\/v1\/wp-content\/uploads\/2018\/12\/JARI_16-SESSAO_-01_02_18.pdf\">JARI_16 SESSAO_ 01_02_18<\/a><\/p>\n<p><a href=\"https:\/\/conselheirolafaiete.mg.gov.br\/v1\/wp-content\/uploads\/2018\/12\/JARI_05_04_18.pdf\">JARI_05_04_18<\/a><\/p>\n<p><a href=\"https:\/\/conselheirolafaiete.mg.gov.br\/v1\/wp-content\/uploads\/2018\/12\/JARI_04_01_18_.pdf\">JARI_04_01_18_<\/a><\/p>\n<p><a href=\"https:\/\/conselheirolafaiete.mg.gov.br\/v1\/wp-content\/uploads\/2018\/12\/JARI-25_01_18_Deferidos.pdf\">JARI 25_01_18_Deferidos<\/a><\/p>\n<p><a href=\"https:\/\/conselheirolafaiete.mg.gov.br\/v1\/wp-content\/uploads\/2018\/12\/JARI-25_01_18.pdf\">JARI 25_01_18<\/a><\/p>\n<p><a href=\"https:\/\/conselheirolafaiete.mg.gov.br\/v1\/wp-content\/uploads\/2018\/12\/JARI-10_05_2018.pdf\">JARI &#8211; 10_05_2018<\/a><\/p>\n<p><a href=\"https:\/\/conselheirolafaiete.mg.gov.br\/v1\/wp-content\/uploads\/2018\/12\/JANEIRO_2018.pdf\">JANEIRO_2018<\/a><\/p>\n<p><a href=\"https:\/\/conselheirolafaiete.mg.gov.br\/v1\/wp-content\/uploads\/2018\/12\/FEVEREIRO_2018.pdf\">FEVEREIRO_2018<\/a><\/p>\n<p><a href=\"https:\/\/conselheirolafaiete.mg.gov.br\/v1\/wp-content\/uploads\/2018\/12\/Edital-Recurso-Indeferidos.pdf\">Edital Recurso Indeferidos<\/a><\/p>\n<p><a href=\"https:\/\/conselheirolafaiete.mg.gov.br\/v1\/wp-content\/uploads\/2018\/12\/Edital-Recurso-Indeferidos-036.2018.pdf\">Edital Recurso Indeferidos 036.2018<\/a><\/p>\n<p><a href=\"https:\/\/conselheirolafaiete.mg.gov.br\/v1\/wp-content\/uploads\/2018\/12\/Edital-Recurso-Deferidos.pdf\">Edital Recurso Deferidos<\/a><\/p>\n<p><a href=\"https:\/\/conselheirolafaiete.mg.gov.br\/v1\/wp-content\/uploads\/2018\/12\/Edital-notifica\u00e7\u00e3o-penalidade-003-2018.pdf\">Edital notifica\u00e7\u00e3o penalidade 003-2018<\/a><\/p>\n<p><a href=\"https:\/\/conselheirolafaiete.mg.gov.br\/v1\/wp-content\/uploads\/2018\/12\/Edital-notifica\u00e7\u00e3o-autua\u00e7\u00e3o-003-2018.docx.pdf\">Edital notifica\u00e7\u00e3o autua\u00e7\u00e3o 003-2018.docx<\/a><\/p>\n<p><a href=\"https:\/\/conselheirolafaiete.mg.gov.br\/v1\/wp-content\/uploads\/2018\/12\/Edital-notifica\u00e7\u00e3o-autua\u00e7\u00e3o-001-2018.pdf\">Edital notifica\u00e7\u00e3o autua\u00e7\u00e3o 001-2018<\/a><\/p>\n<p><a href=\"https:\/\/conselheirolafaiete.mg.gov.br\/v1\/wp-content\/uploads\/2018\/12\/Edital-Defesa-N\u00e3o-Acolhidas.pdf\">Edital Defesa N\u00e3o Acolhidas<\/a><\/p>\n<p><a href=\"https:\/\/conselheirolafaiete.mg.gov.br\/v1\/wp-content\/uploads\/2018\/12\/Edital-Defesa-Acolhidas.pdf\">Edital Defesa Acolhidas<\/a><\/p>\n<p><a href=\"https:\/\/conselheirolafaiete.mg.gov.br\/v1\/wp-content\/uploads\/2018\/12\/Edital-Defesa-029.18-N\u00e3o-Acolhidas.pdf\">Edital Defesa 029.18 N\u00e3o Acolhidas<\/a><\/p>\n<p><a href=\"https:\/\/conselheirolafaiete.mg.gov.br\/v1\/wp-content\/uploads\/2018\/12\/Edital-Defesa-028.17-Acolhidas.pdf\">Edital Defesa 028.17 Acolhidas<\/a><\/p>\n<p><a href=\"https:\/\/conselheirolafaiete.mg.gov.br\/v1\/wp-content\/uploads\/2018\/12\/Edital-decisao-26_10-a-31_10_nao-acolhidas.pdf\">Edital decisao 26_10 a 31_10_nao acolhidas<\/a><\/p>\n<p><a href=\"https:\/\/conselheirolafaiete.mg.gov.br\/v1\/wp-content\/uploads\/2018\/12\/Edital-decisao-26_10-a-31_10_acolhidas.pdf\">Edital decisao 26_10 a 31_10_acolhidas<\/a><\/p>\n<p><a href=\"https:\/\/conselheirolafaiete.mg.gov.br\/v1\/wp-content\/uploads\/2018\/12\/Edital-de-recursos-deferidos-031-2018.pdf\">Edital de recursos deferidos 031-2018<\/a><\/p>\n<p><a href=\"https:\/\/conselheirolafaiete.mg.gov.br\/v1\/wp-content\/uploads\/2018\/12\/Edital-de-recursos-acolhidos-001-2018.pdf\">Edital de recursos acolhidos 001-2018<\/a><\/p>\n<p><a href=\"https:\/\/conselheirolafaiete.mg.gov.br\/v1\/wp-content\/uploads\/2018\/12\/Edital-de-publica\u00e7\u00e3o-recurso-N\u00e3o-Acolhidos-08-2017.pdf\">Edital de publica\u00e7\u00e3o recurso N\u00e3o Acolhidos 08-2017<\/a><\/p>\n<p><a href=\"https:\/\/conselheirolafaiete.mg.gov.br\/v1\/wp-content\/uploads\/2018\/12\/Edital-de-publica\u00e7\u00e3o-recurso-Acolhidos-07-2017.pdf\">Edital de publica\u00e7\u00e3o recurso Acolhidos 07-2017<\/a><\/p>\n<p><a href=\"https:\/\/conselheirolafaiete.mg.gov.br\/v1\/wp-content\/uploads\/2018\/12\/Edital-de-Notifica\u00e7\u00e3o-NIP.pdf\">Edital de Notifica\u00e7\u00e3o NIP<\/a><\/p>\n<p><a href=\"https:\/\/conselheirolafaiete.mg.gov.br\/v1\/wp-content\/uploads\/2018\/12\/Edital-de-Notifica\u00e7\u00e3o-NAI.pdf\">Edital de Notifica\u00e7\u00e3o NAI<\/a><\/p>\n<p><a href=\"https:\/\/conselheirolafaiete.mg.gov.br\/v1\/wp-content\/uploads\/2018\/12\/Edital-de-Notifica\u00e7\u00e3o-de-penalidade-NIC-001.2018.pdf\">Edital de Notifica\u00e7\u00e3o de penalidade NIC &#8211; 001.2018<\/a><\/p>\n<p><a href=\"https:\/\/conselheirolafaiete.mg.gov.br\/v1\/wp-content\/uploads\/2018\/12\/Edital-de-Notifica\u00e7\u00e3o-de-penalidade-006.2018.pdf\">Edital de Notifica\u00e7\u00e3o de penalidade 006.2018<\/a><\/p>\n<p><a href=\"https:\/\/conselheirolafaiete.mg.gov.br\/v1\/wp-content\/uploads\/2018\/12\/Edital-de-Notifica\u00e7\u00e3o-de-penalidade-005.2018.pdf\">Edital de Notifica\u00e7\u00e3o de penalidade 005.2018<\/a><\/p>\n<p><a href=\"https:\/\/conselheirolafaiete.mg.gov.br\/v1\/wp-content\/uploads\/2018\/12\/Edital-de-Notifica\u00e7\u00e3o-de-penalidade-004.2018.pdf\">Edital de Notifica\u00e7\u00e3o de penalidade 004.2018<\/a><\/p>\n<p><a href=\"https:\/\/conselheirolafaiete.mg.gov.br\/v1\/wp-content\/uploads\/2018\/12\/Edital-de-Notifica\u00e7\u00e3o-de-penalidade-001-2018.pdf\">Edital de Notifica\u00e7\u00e3o de penalidade 001-2018<\/a><\/p>\n<p><a href=\"https:\/\/conselheirolafaiete.mg.gov.br\/v1\/wp-content\/uploads\/2018\/12\/Edital-de-Notifica\u00e7\u00e3o-autua\u00e7\u00f5es-006.2018.pdf\">Edital de Notifica\u00e7\u00e3o autua\u00e7\u00f5es 006.2018<\/a><\/p>\n<p><a href=\"https:\/\/conselheirolafaiete.mg.gov.br\/v1\/wp-content\/uploads\/2018\/12\/Edital-de-Notifica\u00e7\u00e3o-autua\u00e7\u00f5es-005.2018.pdf\">Edital de Notifica\u00e7\u00e3o autua\u00e7\u00f5es 005.2018<\/a><\/p>\n<p><a href=\"https:\/\/conselheirolafaiete.mg.gov.br\/v1\/wp-content\/uploads\/2018\/12\/Edital-de-Notifica\u00e7\u00e3o-autua\u00e7\u00f5es-004.2018.pdf\">Edital de Notifica\u00e7\u00e3o autua\u00e7\u00f5es 004.2018<\/a><\/p>\n<p><a href=\"https:\/\/conselheirolafaiete.mg.gov.br\/v1\/wp-content\/uploads\/2018\/12\/Edital-de-Defesas-N\u00e3o-Acolhidas-002-2018.pdf\">Edital de Defesas N\u00e3o Acolhidas 002-2018<\/a><\/p>\n<p><a href=\"https:\/\/conselheirolafaiete.mg.gov.br\/v1\/wp-content\/uploads\/2018\/12\/Edital-de-Defesas-Acolhias-001-2018.pdf\">Edital de Defesas Acolhias 001-2018<\/a><\/p>\n<p><a href=\"https:\/\/conselheirolafaiete.mg.gov.br\/v1\/wp-content\/uploads\/2018\/12\/EDITAL-037-2018-JARI-RECURSOS-DEFERIDOS.pdf\">EDITAL 037-2018 JARI RECURSOS DEFERIDOS<\/a><\/p>\n<p><a href=\"https:\/\/conselheirolafaiete.mg.gov.br\/v1\/wp-content\/uploads\/2018\/12\/EDITAL-035-2018-DEFESAS-N\u00c3O-ACOLHIDAS.pdf\">EDITAL 035-2018 DEFESAS N\u00c3O ACOLHIDAS<\/a><\/p>\n<p><a href=\"https:\/\/conselheirolafaiete.mg.gov.br\/v1\/wp-content\/uploads\/2018\/12\/EDITAL-034-2018-DEFESAS-ACOLHIDAS.pdf\">EDITAL 034-2018 DEFESAS ACOLHIDAS<\/a><\/p>\n<p><a href=\"https:\/\/conselheirolafaiete.mg.gov.br\/v1\/wp-content\/uploads\/2018\/12\/EDITAL-033-2018-JARI-RECURSOS-N\u00c3O-ACOLHIDOS.pdf\">EDITAL 033-2018 JARI RECURSOS N\u00c3O ACOLHIDOS<\/a><\/p>\n<p><a href=\"https:\/\/conselheirolafaiete.mg.gov.br\/v1\/wp-content\/uploads\/2018\/12\/EDITAL-032-2018-JARI-RECURSOS-ACOLHIDOS.pdf\">EDITAL 032-2018 JARI RECURSOS ACOLHIDOS<\/a><\/p>\n<p><a href=\"https:\/\/conselheirolafaiete.mg.gov.br\/v1\/wp-content\/uploads\/2018\/12\/EDITAL-031-2018-DEFESAS-N\u00c3O-ACOLHIDAS.pdf\">EDITAL 031-2018 DEFESAS N\u00c3O ACOLHIDAS<\/a><\/p>\n<p><a href=\"https:\/\/conselheirolafaiete.mg.gov.br\/v1\/wp-content\/uploads\/2018\/12\/EDITAL-030-2018-DEFESAS-ACOLHIDAS.pdf\">EDITAL 030-2018 DEFESAS ACOLHIDAS<\/a><\/p>\n<p><a href=\"https:\/\/conselheirolafaiete.mg.gov.br\/v1\/wp-content\/uploads\/2018\/12\/EDITAL-017-2017-DEFESAS-N\u00c3O-ACOLHIDAS.pdf\">EDITAL 017-2017 DEFESAS N\u00c3O ACOLHIDAS<\/a><\/p>\n<p><a href=\"https:\/\/conselheirolafaiete.mg.gov.br\/v1\/wp-content\/uploads\/2018\/12\/EDITAL-016-2017-DEFESAS-ACOLHIDAS.pdf\">EDITAL 016-2017 DEFESAS ACOLHIDAS<\/a><\/p>\n<p><a href=\"https:\/\/conselheirolafaiete.mg.gov.br\/v1\/wp-content\/uploads\/2018\/12\/EDITAL-015-2017-DEFESAS-N\u00c3O-ACOLHIDAS.pdf\">EDITAL 015-2017 DEFESAS N\u00c3O ACOLHIDAS<\/a><\/p>\n<p><a href=\"https:\/\/conselheirolafaiete.mg.gov.br\/v1\/wp-content\/uploads\/2018\/12\/EDITAL-014-2017-DEFESAS-ACOLHIDAS.pdf\">EDITAL 014-2017 DEFESAS ACOLHIDAS<\/a><\/p>\n<p><a href=\"https:\/\/conselheirolafaiete.mg.gov.br\/v1\/wp-content\/uploads\/2018\/12\/EDITAL-006-2017-JARI-RECURSOS-N\u00c3O-ACOLHIDO.pdf\">EDITAL 006-2017 JARI RECURSOS N\u00c3O ACOLHIDO<\/a><\/p>\n<p><a href=\"https:\/\/conselheirolafaiete.mg.gov.br\/v1\/wp-content\/uploads\/2018\/12\/EDITAL-005-2017-JARI-RECURSOS-ACOLHIDOS.pdf\">EDITAL 005-2017 JARI RECURSOS ACOLHIDOS<\/a><\/p>\n<p><a href=\"https:\/\/conselheirolafaiete.mg.gov.br\/v1\/wp-content\/uploads\/2018\/12\/DEFESAS-N\u00c3O-ACOLHIDAS-EDITAL-013-2016.pdf\">DEFESAS N\u00c3O ACOLHIDAS EDITAL 013-2016<\/a><\/p>\n<p><a href=\"https:\/\/conselheirolafaiete.mg.gov.br\/v1\/wp-content\/uploads\/2018\/12\/DEFESAS-N\u00c3O-ACOLHIDAS-EDITAL-011-2016.pdf\">DEFESAS N\u00c3O ACOLHIDAS EDITAL 011-2016<\/a><\/p>\n<p><a href=\"https:\/\/conselheirolafaiete.mg.gov.br\/v1\/wp-content\/uploads\/2018\/12\/DEFESAS-N\u00c3O-ACOLHIDAS-EDITAL-009-2017.pdf\">DEFESAS N\u00c3O ACOLHIDAS EDITAL 009-2017<\/a><\/p>\n<p><a href=\"https:\/\/conselheirolafaiete.mg.gov.br\/v1\/wp-content\/uploads\/2018\/12\/DEFESAS-ACOLHIDAS-012-2017.pdf\">DEFESAS ACOLHIDAS 012-2017<\/a><\/p>\n<p><a href=\"https:\/\/conselheirolafaiete.mg.gov.br\/v1\/wp-content\/uploads\/2018\/12\/DEFESAS-ACOLHIDAS-010-2017.pdf\">DEFESAS ACOLHIDAS 010-2017<\/a><\/p>\n<p><a href=\"https:\/\/conselheirolafaiete.mg.gov.br\/v1\/wp-content\/uploads\/2018\/12\/DEFESAS-ACOLHIDAS-008-2017.pdf\">DEFESAS ACOLHIDAS 008-2017<\/a><\/p>\n<p><a href=\"https:\/\/conselheirolafaiete.mg.gov.br\/v1\/wp-content\/uploads\/2018\/12\/Conselheiro-Lafaiete-cartilha-1.pdf\">Conselheiro Lafaiete cartilha (1)<\/a><\/p>\n<p><a href=\"https:\/\/conselheirolafaiete.mg.gov.br\/v1\/wp-content\/uploads\/2018\/12\/Altera\u00e7\u00f5es-de-circula\u00e7\u00e3o-de-tr\u00e2nsito-no-Bairro-Centro.pdf\">Altera\u00e7\u00f5es de circula\u00e7\u00e3o de tr\u00e2nsito no Bairro Centro<\/a><\/p>\n<p><a href=\"https:\/\/conselheirolafaiete.mg.gov.br\/v1\/wp-content\/uploads\/2018\/12\/ABRIL_2-QUINZENA_2018.pdf\">ABRIL_2 QUINZENA_2018<\/a><\/p>\n<p><a href=\"https:\/\/conselheirolafaiete.mg.gov.br\/v1\/wp-content\/uploads\/2018\/12\/ABRIL_1-QUINZENA_2018.pdf\">ABRIL_1 QUINZENA_2018<\/a><\/p>\n<p><a href=\"https:\/\/conselheirolafaiete.mg.gov.br\/v1\/wp-content\/uploads\/2018\/12\/22-03-2018_oficial.pdf\">22-03-2018_oficial<\/a><\/p>\n<p><a href=\"https:\/\/conselheirolafaiete.mg.gov.br\/v1\/wp-content\/uploads\/2018\/12\/18_JARI-01_02_18.pdf\">18_JARI 01_02_18<\/a><\/p>\n<p><a href=\"https:\/\/conselheirolafaiete.mg.gov.br\/v1\/wp-content\/uploads\/2018\/12\/17_JARI-08_02_18.pdf\">17_JARI 08_02_18<\/a><\/p>\n<p><a href=\"https:\/\/conselheirolafaiete.mg.gov.br\/v1\/wp-content\/uploads\/2018\/12\/15_03_18-JARI.pdf\">15_03_18 &#8211; JARI<\/a><\/p>\n<p><a href=\"https:\/\/conselheirolafaiete.mg.gov.br\/v1\/wp-content\/uploads\/2018\/12\/13-SESS\u00c3O_11_01_18_INDEFERIDOS.pdf\">13 SESS\u00c3O_11_01_18_INDEFERIDOS<\/a><\/p>\n<p><a href=\"https:\/\/conselheirolafaiete.mg.gov.br\/v1\/wp-content\/uploads\/2018\/12\/12-SESSAO-11_01_18.pdf\">12 SESSAO 11_01_18<\/a><\/p>\n<p><a href=\"https:\/\/conselheirolafaiete.mg.gov.br\/v1\/wp-content\/uploads\/2018\/12\/01-03_18_JARI.pdf\">01-03_18_JARI<\/a><\/p>\n","protected":false},"excerpt":{"rendered":"<p>SESSAO 15A SESS\u00c3O 14 SESS\u00c3O 09 &#8211; INDEFERIDAS SESS\u00c3O 09 &#8211; ACOLHIDAS NIP 25 NAI 188 MAR\u00c7O_2018 maio 2 QUINZENA_2018 maio 1 QUINZENA_2018 Lote 21 se\u00e7\u00e3o 8 Defesas N\u00e3o Acolhidas Lote 20 se\u00e7\u00e3o 8 Defesas Acolhidas junho 2 QUINZENA_2018 junho 1a Quinzena Julho 2a Quinzena Julho 1a Quinzena JARI_JUNHO_18 JARI_FEVEREIRO JARI_24_05_18 JARI_16 SESSAO_ 01_02_18 JARI_05_04_18 [&hellip;]<\/p>\n","protected":false},"author":1,"featured_media":0,"parent":0,"menu_order":0,"comment_status":"closed","ping_status":"closed","template":"","meta":{"footnotes":""},"class_list":["post-250","page","type-page","status-publish","hentry"],"_links":{"self":[{"href":"https:\/\/conselheirolafaiete.mg.gov.br\/v1\/wp-json\/wp\/v2\/pages\/250","targetHints":{"allow":["GET"]}}],"collection":[{"href":"https:\/\/conselheirolafaiete.mg.gov.br\/v1\/wp-json\/wp\/v2\/pages"}],"about":[{"href":"https:\/\/conselheirolafaiete.mg.gov.br\/v1\/wp-json\/wp\/v2\/types\/page"}],"author":[{"embeddable":true,"href":"https:\/\/conselheirolafaiete.mg.gov.br\/v1\/wp-json\/wp\/v2\/users\/1"}],"replies":[{"embeddable":true,"href":"https:\/\/conselheirolafaiete.mg.gov.br\/v1\/wp-json\/wp\/v2\/comments?post=250"}],"version-history":[{"count":4,"href":"https:\/\/conselheirolafaiete.mg.gov.br\/v1\/wp-json\/wp\/v2\/pages\/250\/revisions"}],"predecessor-version":[{"id":2149,"href":"https:\/\/conselheirolafaiete.mg.gov.br\/v1\/wp-json\/wp\/v2\/pages\/250\/revisions\/2149"}],"wp:attachment":[{"href":"https:\/\/conselheirolafaiete.mg.gov.br\/v1\/wp-json\/wp\/v2\/media?parent=250"}],"curies":[{"name":"wp","href":"https:\/\/api.w.org\/{rel}","templated":true}]}}