{"id":252,"date":"2018-11-28T15:56:47","date_gmt":"2018-11-28T15:56:47","guid":{"rendered":"http:\/\/conselheirolafaiete.mg.gov.br\/v1\/?page_id=252"},"modified":"2021-04-26T10:11:03","modified_gmt":"2021-04-26T12:11:03","slug":"editais-de-leiloes","status":"publish","type":"page","link":"https:\/\/conselheirolafaiete.mg.gov.br\/v1\/editais-de-leiloes\/","title":{"rendered":"Editais de Leil\u00f5es"},"content":{"rendered":"<div class=\"entry-content clearfix\">\n<div>\u2013 Os arquivos disponibilizados encontram-se em formato PDF.<br \/>\n\u2013 Clique sobre o t\u00edtulo\u00a0para fazer o download.<\/div>\n<\/div>\n<ul>\n<li>HOMOLOGA\u00c7\u00c3O DO LEIL\u00c3O P\u00daBLICO ONLINE E PRESENCIAL n\u00ba 01\/2014 \u2013 04\/04\/2016 &#8211; | <a href=\"https:\/\/conselheirolafaiete.mg.gov.br\/v1\/wp-content\/uploads\/2021\/04\/HOMOLOGACAO-DE-LEILAO-PUBLICO-04-04-2016.pdf\"><strong>Ver edital<\/strong><\/a><br \/>\n<hr \/>\n<\/li>\n<\/ul>\n<ul>\n<li>EDITAL DE LEIL\u00c3O P\u00daBLICO ONLINE E PRESENCIAL n\u00ba 01\/2014 &#8211; | <a href=\"https:\/\/conselheirolafaiete.mg.gov.br\/v1\/wp-content\/uploads\/2021\/04\/EDITAL-DE-LEILA\u0303O-PU\u0301BLICO-RETIFICADO-2016.pdf\"><strong>Ver edital<\/strong><\/a><\/li>\n<\/ul>\n","protected":false},"excerpt":{"rendered":"<p>\u2013 Os arquivos disponibilizados encontram-se em formato PDF. \u2013 Clique sobre o t\u00edtulo\u00a0para fazer o download. HOMOLOGA\u00c7\u00c3O DO LEIL\u00c3O P\u00daBLICO ONLINE E PRESENCIAL n\u00ba 01\/2014 \u2013 04\/04\/2016 &#8211; | Ver edital EDITAL DE LEIL\u00c3O P\u00daBLICO ONLINE E PRESENCIAL n\u00ba 01\/2014 &#8211; | Ver edital<\/p>\n","protected":false},"author":1,"featured_media":0,"parent":0,"menu_order":0,"comment_status":"closed","ping_status":"closed","template":"","meta":{"footnotes":""},"class_list":["post-252","page","type-page","status-publish","hentry"],"_links":{"self":[{"href":"https:\/\/conselheirolafaiete.mg.gov.br\/v1\/wp-json\/wp\/v2\/pages\/252","targetHints":{"allow":["GET"]}}],"collection":[{"href":"https:\/\/conselheirolafaiete.mg.gov.br\/v1\/wp-json\/wp\/v2\/pages"}],"about":[{"href":"https:\/\/conselheirolafaiete.mg.gov.br\/v1\/wp-json\/wp\/v2\/types\/page"}],"author":[{"embeddable":true,"href":"https:\/\/conselheirolafaiete.mg.gov.br\/v1\/wp-json\/wp\/v2\/users\/1"}],"replies":[{"embeddable":true,"href":"https:\/\/conselheirolafaiete.mg.gov.br\/v1\/wp-json\/wp\/v2\/comments?post=252"}],"version-history":[{"count":3,"href":"https:\/\/conselheirolafaiete.mg.gov.br\/v1\/wp-json\/wp\/v2\/pages\/252\/revisions"}],"predecessor-version":[{"id":7124,"href":"https:\/\/conselheirolafaiete.mg.gov.br\/v1\/wp-json\/wp\/v2\/pages\/252\/revisions\/7124"}],"wp:attachment":[{"href":"https:\/\/conselheirolafaiete.mg.gov.br\/v1\/wp-json\/wp\/v2\/media?parent=252"}],"curies":[{"name":"wp","href":"https:\/\/api.w.org\/{rel}","templated":true}]}}