{"id":254,"date":"2018-11-28T15:57:56","date_gmt":"2018-11-28T15:57:56","guid":{"rendered":"http:\/\/conselheirolafaiete.mg.gov.br\/v1\/?page_id=254"},"modified":"2020-01-10T12:29:25","modified_gmt":"2020-01-10T14:29:25","slug":"marco-regulatorio","status":"publish","type":"page","link":"https:\/\/conselheirolafaiete.mg.gov.br\/v1\/marco-regulatorio\/","title":{"rendered":"Marco regulat\u00f3rio"},"content":{"rendered":"<p>\u2013 Os arquivos disponibilizados encontram-se em formato PDF.<br \/>\n\u2013 Clique sobre o t\u00edtulo para fazer o download.<\/p>\n<p><a href=\"https:\/\/conselheirolafaiete.mg.gov.br\/v1\/wp-content\/uploads\/2019\/11\/Resultado-Final-Chamamento-Esporte-Edital-n\u00ba-001-2019-SMEL-publicar-jornal-Correio.pdf\">26\/11\/2019 &#8211; Resultado Final Chamamento Esporte Edital n\u00ba 001 2019-SMEL<\/a><\/p>\n<p><a href=\"https:\/\/conselheirolafaiete.mg.gov.br\/v1\/wp-content\/uploads\/2019\/10\/Resultado-Final-Chamamento-Esporte-Edital-n\u00ba-001.2019-SMEL-publicar-jornal-Correio.pdf\">30\/10\/2019 &#8211; Resultado Final Chamamento Esporte Edital n\u00ba 001.2019-SMEL<\/a><\/p>\n<p><a href=\"https:\/\/conselheirolafaiete.mg.gov.br\/v1\/wp-content\/uploads\/2019\/10\/Resultado-Preliminar-Chamamento-Esporte-Edital-n\u00ba-001.2019-SMEL-publicar-site.pdf\">17\/10\/2019 &#8211; Resultado Preliminar Chamamento Esporte Edital n\u00ba 001.2019-SMEL &#8211; publicar site<\/a><\/p>\n<p><a href=\"https:\/\/conselheirolafaiete.mg.gov.br\/v1\/wp-content\/uploads\/2019\/10\/JUSTIFICATIVA-INEXIGIBILIDADE-APAC-m\u00e3o-de-obra-apenados.pdf\">09\/10\/2019 &#8211; JUSTIFICATIVA INEXIGIBILIDADE APAC &#8211; m\u00e3o de obra apenados<\/a><\/p>\n<p><a href=\"https:\/\/conselheirolafaiete.mg.gov.br\/v1\/wp-content\/uploads\/2019\/09\/PUBLICAR-JUSTIFICATIVA-INEXIGIBILIDADE-DE-CHAMAMENTO-P\u00daBLICO.pdf\">19\/09\/2019 &#8211; JUSTIFICATIVA INEXIGIBILIDADE DE CHAMAMENTO P\u00daBLICO<\/a><\/p>\n<p><a href=\"https:\/\/conselheirolafaiete.mg.gov.br\/v1\/wp-content\/uploads\/2019\/09\/Edital-Chamamento-P\u00fablico-Atividades-Esportivas-01.2019.pdf\">04\/09\/2019 &#8211; Edital-Chamamento-P\u00fablico-Atividades-Esportivas 01.2019<\/a><\/p>\n<p><a href=\"https:\/\/conselheirolafaiete.mg.gov.br\/v1\/wp-content\/uploads\/2019\/07\/Edital-CAC-2019-Chamamento-n\u00ba-2.pdf\">03\/07\/2019 &#8211; Edital CAC 2019<\/a><\/p>\n<p><a href=\"https:\/\/conselheirolafaiete.mg.gov.br\/v1\/wp-content\/uploads\/2019\/05\/Resultado-An\u00e1lise-de-Recursos-Chamamento-Edital-CMDCA-n\u00ba-001.2019.pdf\">23\/05\/2019 &#8211; Resultado An\u00e1lise de Recursos Chamamento Edital CMDCA n\u00ba 001.2019<\/a><\/p>\n<p><a href=\"https:\/\/conselheirolafaiete.mg.gov.br\/v1\/wp-content\/uploads\/2019\/05\/Resultado-Final-Chamamento-Edital-CMDCA-n\u00ba-001.2019.pdf\">23\/05\/2019 &#8211; Resultado Final Chamamento Edital CMDCA n\u00ba 001.2019<\/a><\/p>\n<p><a href=\"https:\/\/conselheirolafaiete.mg.gov.br\/v1\/wp-content\/uploads\/2019\/05\/Resultado-Preliminar-Chamamento-Edital-CMDCA-n\u00ba-001.2019.pdf\">10\/05\/2019 &#8211; Resultado Preliminar Chamamento Edital CMDCA n\u00ba 001.2019<\/a><\/p>\n<p><a href=\"https:\/\/conselheirolafaiete.mg.gov.br\/v1\/wp-content\/uploads\/2019\/03\/Edital-CMDCA-n\u00ba-001.2019-\u00cdNTEGRA.pdf\">Edital CMDCA n\u00ba 001.2019 &#8211; \u00cdNTEGRA<\/a><\/p>\n<p><a href=\"https:\/\/conselheirolafaiete.mg.gov.br\/v1\/wp-content\/uploads\/2018\/11\/Resultado-Preliminar-Coleta-Seletiva.pdf\">Resultado Preliminar Coleta Seletiva<\/a><\/p>\n<p><a href=\"https:\/\/conselheirolafaiete.mg.gov.br\/v1\/wp-content\/uploads\/2018\/11\/Resultado-Preliminar-Chamamento-Esporte.pdf\">Resultado Preliminar Chamamento Esporte<\/a><\/p>\n<p><a href=\"https:\/\/conselheirolafaiete.mg.gov.br\/v1\/wp-content\/uploads\/2018\/11\/Resultado-Preliminar-Chamamento-Cultura.pdf\">Resultado Preliminar Chamamento Cultura<\/a><\/p>\n<p><a href=\"https:\/\/conselheirolafaiete.mg.gov.br\/v1\/wp-content\/uploads\/2018\/11\/Resultado-Preliminar-Chamamento-Cultura-Jornal.pdf\">Resultado Preliminar Chamamento Cultura &#8211; Jornal<\/a><\/p>\n<p><a href=\"https:\/\/conselheirolafaiete.mg.gov.br\/v1\/wp-content\/uploads\/2018\/11\/Relat\u00f3rio-de-Execu\u00e7\u00e3o-do-Objeto_Modelo-PB.pdf\">Relat\u00f3rio de Execu\u00e7\u00e3o do Objeto_Modelo PB<\/a><\/p>\n<p><a href=\"https:\/\/conselheirolafaiete.mg.gov.br\/v1\/wp-content\/uploads\/2018\/11\/NOTA-T\u00c9CNICA-JUSTIFICATIVA-DE-INEXIGIBILIDADE-DE-CHAMAMENTO-P\u00daBLICO-UNDIME.pdf\">NOTA T\u00c9CNICA &#8211; JUSTIFICATIVA DE INEXIGIBILIDADE DE CHAMAMENTO P\u00daBLICO UNDIME<\/a><\/p>\n<p><a href=\"https:\/\/conselheirolafaiete.mg.gov.br\/v1\/wp-content\/uploads\/2018\/11\/NOTA-T\u00c9CNICA-JUSTIFICATIVA-DE-INEXIGIBILIDADE-DE-CHAMAMENTO-P\u00daBLICO-COGEMAS.pdf\">NOTA T\u00c9CNICA &#8211; JUSTIFICATIVA DE INEXIGIBILIDADE DE CHAMAMENTO P\u00daBLICO COGEMAS<\/a><\/p>\n<p><a href=\"https:\/\/conselheirolafaiete.mg.gov.br\/v1\/wp-content\/uploads\/2018\/11\/modelo_de_edital_de_chamamento_publico_para_termo_de_fomento__setembro_de_2016_.pdf\">Edital_de_chamamento_publico_para_termo_de_fomento__setembro_de_2016_<\/a><\/p>\n<p><a href=\"https:\/\/conselheirolafaiete.mg.gov.br\/v1\/wp-content\/uploads\/2018\/11\/MODELO-TERMO-DE-FOMENTO-COLABORA\u00c7\u00c3O.pdf\">TERMO DE FOMENTO-COLABORA\u00c7\u00c3O<\/a><\/p>\n<p><a href=\"https:\/\/conselheirolafaiete.mg.gov.br\/v1\/wp-content\/uploads\/2018\/11\/MANIFESTA\u00c7\u00c3O-Chamamento-MROSC-Cultura-Xadrez-Dance.pdf\">MANIFESTA\u00c7\u00c3O Chamamento MROSC Cultura &#8211; Xadrez Dance<\/a><\/p>\n<p><a href=\"https:\/\/conselheirolafaiete.mg.gov.br\/v1\/wp-content\/uploads\/2018\/11\/MANIFESTA\u00c7\u00c3O-Chamamento-MROSC-Cultura-LESMA.pdf\">MANIFESTA\u00c7\u00c3O Chamamento MROSC Cultura &#8211; LESMA<\/a><\/p>\n<p><a href=\"https:\/\/conselheirolafaiete.mg.gov.br\/v1\/wp-content\/uploads\/2018\/11\/JUSTIFICATIVA-INEXIGIBILIDADE-DE-CHAMAMENTO-P\u00daBLICO.pdf\">JUSTIFICATIVA INEXIGIBILIDADE DE CHAMAMENTO P\u00daBLICO<\/a><\/p>\n<p><a href=\"https:\/\/conselheirolafaiete.mg.gov.br\/v1\/wp-content\/uploads\/2018\/11\/JUSTIFICATIVA-INEXIGIBILIDADE-DE-CHAMAMENTO-P\u00daBLICO-UNDIME.pdf\">JUSTIFICATIVA INEXIGIBILIDADE DE CHAMAMENTO P\u00daBLICO UNDIME<\/a><\/p>\n<p><a href=\"https:\/\/conselheirolafaiete.mg.gov.br\/v1\/wp-content\/uploads\/2018\/11\/JUSTIFICATIVA-INEXIGIBILIDADE-DE-CHAMAMENTO-P\u00daBLICO-UNDIME-publicar-jornal.pdf\">JUSTIFICATIVA INEXIGIBILIDADE DE CHAMAMENTO P\u00daBLICO UNDIME &#8211; publicar jornal<\/a><\/p>\n<p><a href=\"https:\/\/conselheirolafaiete.mg.gov.br\/v1\/wp-content\/uploads\/2018\/11\/JUSTIFICATIVA-INEXIGIBILIDADE-DE-CHAMAMENTO-P\u00daBLICO-COGEMAS.pdf\">JUSTIFICATIVA INEXIGIBILIDADE DE CHAMAMENTO P\u00daBLICO COGEMAS<\/a><\/p>\n<p><a href=\"https:\/\/conselheirolafaiete.mg.gov.br\/v1\/wp-content\/uploads\/2018\/11\/JUSTIFICATIVA-INEXIGIBILIDADE-DE-CHAMAMENTO-P\u00daBLICO-COGEMAS-publicar-jornal.pdf\">JUSTIFICATIVA INEXIGIBILIDADE DE CHAMAMENTO P\u00daBLICO COGEMAS &#8211; publicar jornal<\/a><\/p>\n<p><a href=\"https:\/\/conselheirolafaiete.mg.gov.br\/v1\/wp-content\/uploads\/2018\/11\/INEXIGIBILIDADE-002-16-ORGANIZA\u00c7\u00d5ES-SOCIAIS-DE-ACOLHIMENTO1.pdf\">INEXIGIBILIDADE-002-16-ORGANIZA\u00c7\u00d5ES-SOCIAIS-DE-ACOLHIMENTO1<\/a><\/p>\n<p><a href=\"https:\/\/conselheirolafaiete.mg.gov.br\/v1\/wp-content\/uploads\/2018\/11\/EDITAL-DE-CHAMAMENTO-P\u00daBLICO-ESPORTE-2017.pdf\">EDITAL DE CHAMAMENTO P\u00daBLICO ESPORTE 2017<\/a><\/p>\n<p><a href=\"https:\/\/conselheirolafaiete.mg.gov.br\/v1\/wp-content\/uploads\/2018\/11\/Edital-Chamamento-p\u00fablico-SECULT-2017-\u00cdNTEGRA-PUBLICAR-NO-S\u00cdTIO-DO-MUNIC\u00cdPIO.pdf\">Edital Chamamento p\u00fablico SECULT 2017 &#8211; \u00cdNTEGRA &#8211; PUBLICAR NO S\u00cdTIO DO MUNIC\u00cdPIO<\/a><\/p>\n<p><a href=\"https:\/\/conselheirolafaiete.mg.gov.br\/v1\/wp-content\/uploads\/2018\/11\/Edital-Chamamento-P\u00fablico-SECULT-2017-EXTRATO-PUBLICAR-JORNAL-CORREIO.pdf\">Edital Chamamento P\u00fablico SECULT 2017 &#8211; EXTRATO &#8211; PUBLICAR JORNAL CORREIO<\/a><\/p>\n<p><a href=\"https:\/\/conselheirolafaiete.mg.gov.br\/v1\/wp-content\/uploads\/2018\/11\/Edital-Chamamento-P\u00fablico-n\u00ba-02.2018-CMDCA.pdf\">Edital Chamamento P\u00fablico n\u00ba 02.2018 CMDCA<\/a><\/p>\n<p><a href=\"https:\/\/conselheirolafaiete.mg.gov.br\/v1\/wp-content\/uploads\/2018\/11\/Edital-Chamamento-P\u00fablico-n\u00ba-02.2018-CMDCA-alterado-em-28.08.2018.pdf\">Edital Chamamento P\u00fablico n\u00ba 02.2018 CMDCA &#8211; alterado em 28.08.2018<\/a><\/p>\n<p><a href=\"https:\/\/conselheirolafaiete.mg.gov.br\/v1\/wp-content\/uploads\/2018\/11\/Edital-Chamamento-P\u00fablico-Coleta-Seletiva-\u00cdNTEGRA-PUBLICAR-SITIE-DO-MUNIC\u00cdPIO.pdf\">Edital Chamamento P\u00fablico Coleta Seletiva \u00cdNTEGRA &#8211; PUBLICAR SITIE DO MUNIC\u00cdPIO<\/a><\/p>\n<p><a href=\"https:\/\/conselheirolafaiete.mg.gov.br\/v1\/wp-content\/uploads\/2018\/11\/Edital-Chamamento-P\u00fablico-Coleta-Seletiva-28.06.pdf\">Edital Chamamento P\u00fablico Coleta Seletiva 28.06<\/a><\/p>\n<p><a href=\"https:\/\/conselheirolafaiete.mg.gov.br\/v1\/wp-content\/uploads\/2018\/11\/Edital-Chamamento-P\u00fablico-Atividades-Esportivas.pdf\">Edital Chamamento P\u00fablico Atividades Esportivas<\/a><\/p>\n<p><a href=\"https:\/\/conselheirolafaiete.mg.gov.br\/v1\/wp-content\/uploads\/2018\/11\/Edital-Chamamento-P\u00fablico-Atividades-Esportivas-PUBLICAR-JORNAL-CORREIO.pdf\">Edital Chamamento P\u00fablico Atividades Esportivas &#8211; PUBLICAR JORNAL CORREIO<\/a><\/p>\n<p><a href=\"https:\/\/conselheirolafaiete.mg.gov.br\/v1\/wp-content\/uploads\/2018\/11\/Edital-Chamamento-001-2018-SECULT-\u00cdNTEGRA-PUBLICAR-NO-S\u00cdTIO-DO-MUNIC\u00cdPIO.pdf\">Edital Chamamento 001-2018 &#8211; SECULT &#8211; \u00cdNTEGRA &#8211; PUBLICAR NO S\u00cdTIO DO MUNIC\u00cdPIO<\/a><\/p>\n<p><a href=\"https:\/\/conselheirolafaiete.mg.gov.br\/v1\/wp-content\/uploads\/2018\/11\/Edital-01-2018-Chamamento-P\u00fablico-SECULT-EXTRATO-PUBLICAR-JORNAL-CORREIO.pdf\">Edital 01-2018 &#8211; Chamamento P\u00fablico SECULT &#8211; EXTRATO &#8211; PUBLICAR JORNAL CORREIO<\/a><\/p>\n<p>&nbsp;<\/p>\n","protected":false},"excerpt":{"rendered":"<p>\u2013 Os arquivos disponibilizados encontram-se em formato PDF. \u2013 Clique sobre o t\u00edtulo para fazer o download. 26\/11\/2019 &#8211; Resultado Final Chamamento Esporte Edital n\u00ba 001 2019-SMEL 30\/10\/2019 &#8211; Resultado Final Chamamento Esporte Edital n\u00ba 001.2019-SMEL 17\/10\/2019 &#8211; Resultado Preliminar Chamamento Esporte Edital n\u00ba 001.2019-SMEL &#8211; publicar site 09\/10\/2019 &#8211; JUSTIFICATIVA INEXIGIBILIDADE APAC &#8211; m\u00e3o [&hellip;]<\/p>\n","protected":false},"author":1,"featured_media":0,"parent":0,"menu_order":0,"comment_status":"closed","ping_status":"closed","template":"","meta":{"footnotes":""},"class_list":["post-254","page","type-page","status-publish","hentry"],"_links":{"self":[{"href":"https:\/\/conselheirolafaiete.mg.gov.br\/v1\/wp-json\/wp\/v2\/pages\/254","targetHints":{"allow":["GET"]}}],"collection":[{"href":"https:\/\/conselheirolafaiete.mg.gov.br\/v1\/wp-json\/wp\/v2\/pages"}],"about":[{"href":"https:\/\/conselheirolafaiete.mg.gov.br\/v1\/wp-json\/wp\/v2\/types\/page"}],"author":[{"embeddable":true,"href":"https:\/\/conselheirolafaiete.mg.gov.br\/v1\/wp-json\/wp\/v2\/users\/1"}],"replies":[{"embeddable":true,"href":"https:\/\/conselheirolafaiete.mg.gov.br\/v1\/wp-json\/wp\/v2\/comments?post=254"}],"version-history":[{"count":23,"href":"https:\/\/conselheirolafaiete.mg.gov.br\/v1\/wp-json\/wp\/v2\/pages\/254\/revisions"}],"predecessor-version":[{"id":2753,"href":"https:\/\/conselheirolafaiete.mg.gov.br\/v1\/wp-json\/wp\/v2\/pages\/254\/revisions\/2753"}],"wp:attachment":[{"href":"https:\/\/conselheirolafaiete.mg.gov.br\/v1\/wp-json\/wp\/v2\/media?parent=254"}],"curies":[{"name":"wp","href":"https:\/\/api.w.org\/{rel}","templated":true}]}}