{"id":267,"date":"2018-12-18T08:00:16","date_gmt":"2018-12-18T08:00:16","guid":{"rendered":"http:\/\/conselheirolafaiete.mg.gov.br\/v1\/?page_id=267"},"modified":"2020-11-30T16:14:18","modified_gmt":"2020-11-30T18:14:18","slug":"lista-de-aprovados-processo-seletivo","status":"publish","type":"page","link":"https:\/\/conselheirolafaiete.mg.gov.br\/v1\/lista-de-aprovados-processo-seletivo\/","title":{"rendered":"Lista de Aprovados Processo Seletivo"},"content":{"rendered":"<div class=\"entry-content clearfix\">\n<div>\u2013 Os arquivos disponibilizados encontram-se em formato PDF.<br \/>\n\u2013 Clique sobre o t\u00edtulo\u00a0para fazer o download.<\/div>\n<div><\/div>\n<div>\n<ul>\n<li><a href=\"https:\/\/conselheirolafaiete.mg.gov.br\/v1\/wp-content\/uploads\/2020\/11\/OF\u00cdCIO-371-RESULTADO-PARCIAL-EDITAL-001-SMA-VIGIA-TG.pdf\">30\/11\/2020 &#8211; 15:13 h &#8211; OF\u00cdCIO 371 &#8211; RESULTADO PARCIAL EDITAL 001-SMA- VIGIA TG<\/a><\/li>\n<li><a href=\"https:\/\/conselheirolafaiete.mg.gov.br\/v1\/wp-content\/uploads\/2020\/01\/Resultato-oficial-processo-seletivo-Mei.pdf\">24\/01\/2020 &#8211; Processo seletivo MEI &#8211; RESULTADO FINAL oficial &#8211; ORDEM CLASSIFICA\u00c7\u00c3O<\/a><\/li>\n<li>07\/08\/2019 &#8211;\u00a0Resultado Preliminar da Prova &#8211; Conselho Tutelar <strong><a href=\"https:\/\/conselheirolafaiete.mg.gov.br\/v1\/wp-content\/uploads\/2019\/08\/Resultado-Preliminar-da-Prova-Conselho-Tutelar_NA-\u00cdNTEGRA.pdf\">| Ver Resultado<\/a><\/strong><\/li>\n<li>25\/07\/2019 &#8211;\u00a0Resultado final est\u00e1gio obras <strong><a href=\"https:\/\/conselheirolafaiete.mg.gov.br\/v1\/wp-content\/uploads\/2019\/07\/Resultado-final-est\u00e1gio-obras.pdf\">| Ver Resultado<\/a><\/strong><\/li>\n<li>23\/07\/2019 &#8211;\u00a0Resultado Final do Processo Seletivo 02-2019-SMS-PMCL &#8211; M\u00e9dico ESF <a href=\"https:\/\/conselheirolafaiete.mg.gov.br\/v1\/wp-content\/uploads\/2019\/07\/Resultado-Final-do-Processo-Seletivo-02-2019-SMS-PMCL-M\u00e9dico-ESF.pdf\"><strong>| Ver Resultado<\/strong><\/a><\/li>\n<li>23\/07\/2019 &#8211;\u00a0III COMUNICADO DESIST\u00caNCIA E CONVOCA\u00c7\u00c3O PR\u00d3XIMOS COLOCADOS X Processo Seletivo Estagio Direito 2019 | <a href=\"https:\/\/conselheirolafaiete.mg.gov.br\/v1\/wp-content\/uploads\/2019\/07\/III-COMUNICADO-DESIST\u00caNCIA-E-CONVOCA\u00c7\u00c3O-PR\u00d3XIMOS-COLOCADOS-X-Processo-Seletivo-Estagio-Direito-2019.pdf\"><strong>Ver resultado<\/strong><\/a><\/li>\n<li>22\/07\/2019 &#8211; 16:55h &#8211; Resultado Parcial do Processo Seletivo n\u00ba 002\/2019 &#8211; M\u00e9dico ESF | <strong><a href=\"https:\/\/conselheirolafaiete.mg.gov.br\/v1\/wp-content\/uploads\/2019\/07\/Resultado-Parcial-do-Processo-Seletivo-02-2019-SMS-PMCL-M\u00e9dico-ESF.pdf\">Ver resultado<\/a><\/strong><\/li>\n<li>18\/07\/2019 &#8211;\u00a0Resultado Preliminar Conselho Tutelar | <a href=\"https:\/\/conselheirolafaiete.mg.gov.br\/v1\/wp-content\/uploads\/2019\/07\/Resultado-Preliminar-Conselho-Tutelar.pdf\"><strong>Ver Resultado<\/strong><\/a><\/li>\n<li>02\/07\/2019 &#8211;\u00a0Resultado Final X Processo Seletivo Estagio Direito 2019\u00a0| <a href=\"https:\/\/conselheirolafaiete.mg.gov.br\/v1\/wp-content\/uploads\/2019\/07\/Resultado-Final-X-Processo-Seletivo-Estagio-Direito-2019.pdf\"><strong>Ver Resultado<\/strong><\/a><\/li>\n<li>17\/06\/2019 &#8211; Resultado Preliminar X Processo Seletivo Estagio Direito 2019 | <a href=\"https:\/\/conselheirolafaiete.mg.gov.br\/v1\/wp-content\/uploads\/2019\/06\/Resultado-Preliminar-X-Processo-Seletivo-Estagio-Direito-2019.pdf\"><strong>Ver Resultado<\/strong><\/a><\/li>\n<li>31\/05\/2019 &#8211; Resultado Final Processo Seletivo 01-2019-SMS-PMCL- M\u00c9DICO VETERIN\u00c1RIO | <a href=\"https:\/\/conselheirolafaiete.mg.gov.br\/v1\/wp-content\/uploads\/2019\/05\/Resultado-Final-Processo-Seletivo-01-2019-SMS-PMCL-M\u00c9DICO-VETERIN\u00c1RIO.pdf\"><strong>Ver Resultado<\/strong><\/a><\/li>\n<li>31\/05\/2019 &#8211; Resultado Final Processo Seletivo 01-2019-SMS-PMCL- M\u00c9DICO PLANTONISTA URG\u00caNCIA E EMERG\u00caNCIA | <a href=\"https:\/\/conselheirolafaiete.mg.gov.br\/v1\/wp-content\/uploads\/2019\/05\/Resultado-Final-Processo-Seletivo-01-2019-SMS-PMCL-M\u00c9DICO-PLANTONISTA-URG\u00caNCIA-E-EMERG\u00caNCIA.pdf\"><strong>Ver Resultado<\/strong><\/a><\/li>\n<li>31\/05\/2019 &#8211; Resultado Final Processo Seletivo 01-2019-SMS-PMCL- M\u00c9DICO PLANTONISTA PSIQUIATRA | <a href=\"https:\/\/conselheirolafaiete.mg.gov.br\/v1\/wp-content\/uploads\/2019\/05\/Resultado-Final-Processo-Seletivo-01-2019-SMS-PMCL-M\u00c9DICO-PLANTONISTA-PSIQUIATRA.pdf\"><strong>Ver Resultado<\/strong><\/a><\/li>\n<li>31\/05\/2019 &#8211; Resultado Final Processo Seletivo 01-2019-SMS-PMCL- M\u00c9DICO ESF | <a href=\"https:\/\/conselheirolafaiete.mg.gov.br\/v1\/wp-content\/uploads\/2019\/05\/Resultado-Final-Processo-Seletivo-01-2019-SMS-PMCL-M\u00c9DICO-ESF.pdf\"><strong>Ver Resultado<\/strong><\/a><\/li>\n<li>28\/05\/2019 &#8211; Resultado Parcial &#8211; M\u00e9dico ESF &#8211; Processo Seletivo 01-2019-SMS-PMCL | <a href=\"https:\/\/conselheirolafaiete.mg.gov.br\/v1\/wp-content\/uploads\/2019\/05\/Resultado-Parcial-M\u00e9dico-ESF-Processo-Seletivo-01-2019-SMS-PMCL.pdf\"><strong>Ver Resultado<\/strong><\/a><\/li>\n<li>27\/05\/2019 &#8211; Resultado Parcial &#8211; M\u00e9dico Plantonista &#8211; Psiquiatria &#8211; Processo Seletivo 01-2019-SMS-PMCL | <a href=\"https:\/\/conselheirolafaiete.mg.gov.br\/v1\/wp-content\/uploads\/2019\/05\/Resultado-Parcial-M\u00e9dico-Plantonista-Psiquiatria-Processo-Seletivo-01-2019-SMS-PMCL.pdf\"><strong>Ver Resultado<\/strong><\/a><\/li>\n<li>27\/05\/2019 &#8211; <span id=\"title\" title=\"Resultado Parcial - M\u00e9dico Plantonista - Urg\u00eancia e Emerg\u00eancia - Processo Seletivo 01-2019-SMS-PMCL.pdf\">Resultado Parcial &#8211; M\u00e9dico Plantonista &#8211; Urg\u00eancia e Emerg\u00eancia &#8211; Processo Seletivo 01-2019-SMS-PMCL<\/span>| <a href=\"https:\/\/conselheirolafaiete.mg.gov.br\/v1\/wp-content\/uploads\/2019\/05\/Resultado-Parcial-M\u00e9dico-Plantonista-Urg\u00eancia-e-Emerg\u00eancia-Processo-Seletivo-01-2019-SMS-PMCL.pdf\"><strong>Ver Resultado<\/strong><\/a><\/li>\n<li>27\/05\/2019 &#8211; Resultado Parcial &#8211; M\u00e9dico &#8211; Veterin\u00e1rio &#8211; Processo Seletivo 01-2019-SMS-PMCL\u00a0| <a href=\"https:\/\/conselheirolafaiete.mg.gov.br\/v1\/wp-content\/uploads\/2019\/05\/Resultado-Parcial-M\u00e9dico-Veterin\u00e1rio-Processo-Seletivo-01-2019-SMS-PMCL.pdf\"><strong>Ver Resultado<\/strong><\/a><\/li>\n<li>30\/01\/2019 &#8211;\u00a0PROCESSO SELETIVO MEI 2019 RETIFICA\u00c7\u00c3O\u00a0| <a href=\"https:\/\/conselheirolafaiete.mg.gov.br\/v1\/wp-content\/uploads\/2019\/01\/PROCESSO-SELETIVO-MEI-2019-RETIFICA\u00c7\u00c3O.pdf\"><strong>Ver Resultado<\/strong><\/a><\/li>\n<li>24\/01\/2019 &#8211; PROCESSO SELETIVO PEI 2019 RESULTADO FINAL | <a href=\"https:\/\/conselheirolafaiete.mg.gov.br\/v1\/wp-content\/uploads\/2019\/01\/PROCESSO-SELETIVO-PEI-2019-RETIFICA\u00c7\u00c3O.pdf\"><strong>Ver Resultado<\/strong><\/a><\/li>\n<li>24\/01\/2019 &#8211; PROCESSO SELETIVO MEI 2019 RESULTADO FINAL | <a href=\"https:\/\/conselheirolafaiete.mg.gov.br\/v1\/wp-content\/uploads\/2019\/01\/PROCESSO-SELETIVO-MEI-2019-RESULTADO-FINAL-1.pdf\"><strong>Ver Resultado<\/strong><\/a><\/li>\n<\/ul>\n<\/div>\n<ul>\n<li>02\/01\/2018 &#8211; RESULTADO FINAL DO PROCESSO SELETIVO 001\/2018\/SMDS | <a href=\"https:\/\/conselheirolafaiete.mg.gov.br\/v1\/wp-content\/uploads\/2019\/01\/Resultado-final-processo-seletivo.pdf\"><strong>Ver Lista de Aprovados<\/strong><\/a><\/li>\n<\/ul>\n<div>\n<ul>\n<li>18\/12\/2018 \u2013 RESULTADO PRELIMINAR PROCESSO SELETIVO &#8211; | <a href=\"https:\/\/conselheirolafaiete.mg.gov.br\/v1\/wp-content\/uploads\/2018\/12\/Resultado-preliminar-processo-seletivo-0012018SMDS.pdf\"><strong>Ver Lista de Aprovados<\/strong><\/a><\/li>\n<\/ul>\n<\/div>\n<\/div>\n<ul>\n<li>06\/09\/2017 \u2013 Resultado Final I Processo Seletivo Unificado &#8211; | <a href=\"http:\/\/conselheirolafaiete.mg.gov.br\/transparencia\/wp-content\/uploads\/2018\/06\/Resultado-Final-I-Processo-Seletivo-Unificado.pdf\"><strong>Ver Lista de Aprovados<\/strong><\/a><br \/>\n<hr \/>\n<\/li>\n<\/ul>\n<ul>\n<li>25\/08\/2017 \u2013 Resultado Preliminar I Processo Seletivo Unificado &#8211; | <a href=\"http:\/\/conselheirolafaiete.mg.gov.br\/transparencia\/wp-content\/uploads\/2018\/06\/Resultado-Preliminar-I-Processo-Seletivo-Unificado.pdf\"><strong>Ver Lista de Aprovados<\/strong><\/a><br \/>\n<hr \/>\n<\/li>\n<\/ul>\n<ul>\n<li>24\/02\/2017 \u2013 RESULTADO DO PROCESSO SELETIVO-N.\u00ba 01\/2017\/S.M.Esportes e Lazer &#8211; | <a href=\"http:\/\/conselheirolafaiete.mg.gov.br\/transparencia\/wp-content\/uploads\/2018\/06\/R20001.pdf\"><strong>Ver Lista de Aprovados<\/strong><\/a><br \/>\n<hr \/>\n<\/li>\n<\/ul>\n<ul>\n<li>11\/07\/2018 \u2013 Resultado Preliminar IX Processo Seletivo Unificado para Est\u00e1gio remunerado de Direito-2018 &#8211; | <a href=\"http:\/\/conselheirolafaiete.mg.gov.br\/transparencia\/wp-content\/uploads\/2018\/07\/Resultado-Preliminar-IX-Processo-Seletivo-Unificado.pdf\"><strong>Ver Lista de Aprovados<\/strong><\/a><br \/>\n<hr \/>\n<\/li>\n<\/ul>\n<ul>\n<li>17\/07\/2018 \u2013 Resultado Final IX Processo Seletivo Unificado para Est\u00e1gio Remunerado de Direito-2018 &#8211; | <a href=\"http:\/\/conselheirolafaiete.mg.gov.br\/transparencia\/wp-content\/uploads\/2018\/07\/Resultado-Final-IX-Processo-Seletivo-Unificado-2018.pdf\"><strong>Ver Lista de Aprovados<\/strong><\/a><br \/>\n<hr \/>\n<\/li>\n<\/ul>\n<ul>\n<li>26\/07\/2018 \u2013 Resultado Final Processo Seletivo 03-2018-SMS \u2013 Enfermeiro &#8211; | <a href=\"http:\/\/conselheirolafaiete.mg.gov.br\/transparencia\/wp-content\/uploads\/2018\/07\/Resultado-Final-Processo-Seletivo-03-2018-SMS-Enfermeiro.pdf\"><strong>Ver Lista de Aprovados<\/strong><\/a><br \/>\n<hr \/>\n<\/li>\n<\/ul>\n<ul>\n<li>Resultado Final Processo Seletivo 03-2018-SMS \u2013 M\u00e9dico &#8211; | <a href=\"http:\/\/conselheirolafaiete.mg.gov.br\/transparencia\/wp-content\/uploads\/2018\/07\/Resultado-Final-Processo-Seletivo-03-2018-SMS-M\u00e9dico.pdf\"><strong>Ver Lista de Aprovados<\/strong><\/a><br \/>\n<hr \/>\n<\/li>\n<\/ul>\n<ul>\n<li>Resultado Final Processo Seletivo 03-2018-SMS \u2013 Cuidador &#8211; | <a href=\"http:\/\/conselheirolafaiete.mg.gov.br\/transparencia\/wp-content\/uploads\/2018\/07\/Resultado-Final-Processo-Seletivo-03-2018-SMS-Cuidador.pdf\"><strong>Ver Lista de Aprovados<\/strong><\/a><br \/>\n<hr \/>\n<\/li>\n<\/ul>\n<ul>\n<li>27\/07\/2018 \u2013 Retifica\u00e7\u00e3o do Resultado Final Processo Seletivo 03-2018-SMS \u2013 Cuidador &#8211; | <a href=\"http:\/\/conselheirolafaiete.mg.gov.br\/transparencia\/wp-content\/uploads\/2018\/07\/Retifica\u00e7\u00e3o-do-Resultado-Final-Processo-Seletivo-03-2018-SMS-Cuidador.pdf\"><strong>Ver Lista de Aprovados<\/strong><\/a><br \/>\n<hr \/>\n<\/li>\n<\/ul>\n<ul>\n<li>11\/09\/2018 \u2013 Resultado Final I Processo Seletivo para Concess\u00e3o de Est\u00e1gio Remunerado &#8211; | <a href=\"http:\/\/conselheirolafaiete.mg.gov.br\/transparencia\/wp-content\/uploads\/2018\/09\/Resultado-Final-I-Processo-Seletivo-para-Concess\u00e3o-de-Est\u00e1gio-Remunerado1.pdf\"><strong>Ver Lista de Aprovados<\/strong><\/a><\/li>\n<li><a href=\"https:\/\/conselheirolafaiete.mg.gov.br\/v1\/wp-content\/uploads\/2019\/02\/Retifica\u00e7\u00e3o-do-Resultado-Final-do-Processo-Seletivo-n\u00ba-004-2017-SMS-para-ACS-das-ESF-S\u00e3o-Jo\u00e3o-I-e-II.pdf\">Retifica\u00e7\u00e3o do Resultado Final do Processo Seletivo n\u00ba 004-2017-SMS para ACS das ESF S\u00e3o Jo\u00e3o I e II<\/a><\/li>\n<li><a href=\"https:\/\/conselheirolafaiete.mg.gov.br\/v1\/wp-content\/uploads\/2019\/02\/Resultado-Final-do-Processo-Seletivo-para-ACS.pdf\">Resultado Final do Processo Seletivo para ACS<\/a><\/li>\n<li><a href=\"https:\/\/conselheirolafaiete.mg.gov.br\/v1\/wp-content\/uploads\/2019\/02\/Resultado-Parcial-do-Processo-Seletivo-para-ACS.pdf\">Resultado Parcial do Processo Seletivo para ACS<\/a><br \/>\n<hr \/>\n<\/li>\n<\/ul>\n","protected":false},"excerpt":{"rendered":"<p>\u2013 Os arquivos disponibilizados encontram-se em formato PDF. \u2013 Clique sobre o t\u00edtulo\u00a0para fazer o download. 30\/11\/2020 &#8211; 15:13 h &#8211; OF\u00cdCIO 371 &#8211; RESULTADO PARCIAL EDITAL 001-SMA- VIGIA TG 24\/01\/2020 &#8211; Processo seletivo MEI &#8211; RESULTADO FINAL oficial &#8211; ORDEM CLASSIFICA\u00c7\u00c3O 07\/08\/2019 &#8211;\u00a0Resultado Preliminar da Prova &#8211; Conselho Tutelar | Ver Resultado 25\/07\/2019 &#8211;\u00a0Resultado [&hellip;]<\/p>\n","protected":false},"author":1,"featured_media":0,"parent":0,"menu_order":0,"comment_status":"closed","ping_status":"closed","template":"","meta":{"footnotes":""},"class_list":["post-267","page","type-page","status-publish","hentry"],"_links":{"self":[{"href":"https:\/\/conselheirolafaiete.mg.gov.br\/v1\/wp-json\/wp\/v2\/pages\/267","targetHints":{"allow":["GET"]}}],"collection":[{"href":"https:\/\/conselheirolafaiete.mg.gov.br\/v1\/wp-json\/wp\/v2\/pages"}],"about":[{"href":"https:\/\/conselheirolafaiete.mg.gov.br\/v1\/wp-json\/wp\/v2\/types\/page"}],"author":[{"embeddable":true,"href":"https:\/\/conselheirolafaiete.mg.gov.br\/v1\/wp-json\/wp\/v2\/users\/1"}],"replies":[{"embeddable":true,"href":"https:\/\/conselheirolafaiete.mg.gov.br\/v1\/wp-json\/wp\/v2\/comments?post=267"}],"version-history":[{"count":25,"href":"https:\/\/conselheirolafaiete.mg.gov.br\/v1\/wp-json\/wp\/v2\/pages\/267\/revisions"}],"predecessor-version":[{"id":5998,"href":"https:\/\/conselheirolafaiete.mg.gov.br\/v1\/wp-json\/wp\/v2\/pages\/267\/revisions\/5998"}],"wp:attachment":[{"href":"https:\/\/conselheirolafaiete.mg.gov.br\/v1\/wp-json\/wp\/v2\/media?parent=267"}],"curies":[{"name":"wp","href":"https:\/\/api.w.org\/{rel}","templated":true}]}}