{"id":41,"date":"2018-11-27T21:33:33","date_gmt":"2018-11-27T21:33:33","guid":{"rendered":"http:\/\/td_uid_2_5bfdb82dee008"},"modified":"2026-02-12T10:40:23","modified_gmt":"2026-02-12T13:40:23","slug":"news","status":"publish","type":"page","link":"https:\/\/conselheirolafaiete.mg.gov.br\/v1\/","title":{"rendered":"home"},"content":{"rendered":"<p>[vc_row][vc_column width=&#8221;2\/3&#8243;][vc_row_inner css=&#8221;.vc_custom_1705680788632{margin-top: 0px !important;margin-right: 0px !important;margin-bottom: 0px !important;margin-left: 0px !important;border-top-width: 0px !important;border-right-width: 0px !important;border-bottom-width: 0px !important;border-left-width: 0px !important;padding-top: 0px !important;padding-right: 0px !important;padding-bottom: 0px !important;padding-left: 0px !important;}&#8221;][vc_column_inner width=&#8221;1\/2&#8243; css=&#8221;.vc_custom_1705680755744{margin-top: 5px !important;margin-right: 5px !important;margin-bottom: 5px !important;margin-left: 5px !important;border-top-width: 2px !important;border-right-width: 2px !important;border-bottom-width: 2px !important;border-left-width: 2px !important;padding-top: 5px !important;padding-right: 5px !important;padding-bottom: 5px !important;padding-left: 5px !important;border-left-color: #ffffff !important;border-right-color: #ffffff !important;border-top-color: #ffffff !important;border-bottom-color: #ffffff !important;}&#8221;][vc_btn title=&#8221;PERGUNTAS FREQUENTES&#8221; shape=&#8221;square&#8221; color=&#8221;green&#8221; align=&#8221;center&#8221; i_icon_fontawesome=&#8221;fa fa-question-circle&#8221; button_block=&#8221;true&#8221; add_icon=&#8221;true&#8221; link=&#8221;url:https%3A%2F%2Fconselheirolafaiete.mg.gov.br%2Fv1%2Fperguntas-frequentes%2F|||&#8221;][\/vc_column_inner][vc_column_inner width=&#8221;1\/2&#8243; css=&#8221;.vc_custom_1705680731424{margin-top: 5px !important;margin-right: 5px !important;margin-bottom: 5px !important;margin-left: 5px !important;border-top-width: 2px !important;border-right-width: 2px !important;border-bottom-width: 2px !important;border-left-width: 2px !important;padding-top: 5px !important;padding-right: 5px !important;padding-bottom: 5px !important;padding-left: 5px !important;}&#8221;][vc_btn title=&#8221;CONTROLE INTERNO&#8221; shape=&#8221;square&#8221; color=&#8221;green&#8221; align=&#8221;center&#8221; i_icon_fontawesome=&#8221;fa fa-handshake-o&#8221; button_block=&#8221;true&#8221; add_icon=&#8221;true&#8221; link=&#8221;url:https%3A%2F%2Fconselheirolafaiete.mg.gov.br%2Fv1%2Fcontrole-interno%2F|||&#8221;][\/vc_column_inner][\/vc_row_inner][vc_column_text]<\/p>\n<p style=\"text-align: justify;\"><strong>Bem-vindo ao Portal da Transpar\u00eancia<\/strong><\/p>\n<p><em>No Portal da Transpar\u00eancia s\u00e3o divulgadas a remunera\u00e7\u00e3o bruta do servidor e os descontos do abate teto e os descontos obrigat\u00f3rios por lei, quais sejam, o Imposto de Renda Retido na Fonte (IRRF) e a Contribui\u00e7\u00e3o Previdenci\u00e1ria.<\/em><\/p>\n<p><em>Descontos de natureza pessoal do servidor, como empr\u00e9stimos consignados, contribui\u00e7\u00f5es sindicais, descontos de assist\u00eancia sa\u00fade, de pens\u00f5es aliment\u00edcias, ou outros de cunho pessoal, relativos \u00e0 intimidade, vida privada, honra e imagem, n\u00e3o s\u00e3o informados no Portal da Transpar\u00eancia.<\/em><\/p>\n<p><em>Por esses motivos, o campo &#8220;remunera\u00e7\u00e3o ap\u00f3s dedu\u00e7\u00f5es&#8221; divulgado no Portal da Transpar\u00eancia pode apresentar diverg\u00eancias em rela\u00e7\u00e3o a informa\u00e7\u00e3o &#8220;l\u00edquido a receber&#8221; informado no contracheque do cada servidor p\u00fablico.<\/em><\/p>\n<p>O portal da transpar\u00eancia \u00e9 a ferramenta dispon\u00edvel para que a popula\u00e7\u00e3o possa fiscalizar as a\u00e7\u00f5es da prefeitura, tendo como objetivo atender \u00e0s demandas por informa\u00e7\u00f5es sobre a administra\u00e7\u00e3o p\u00fablica, provendo acesso aos dados cont\u00e1beis, de planejamento e execu\u00e7\u00e3o or\u00e7ament\u00e1ria, trazendo dados completos e atualizados sobre Receita, Despesa, Servidores P\u00fablicos e Presta\u00e7\u00e3o de Contas em Geral.<br \/>\nLei de Acesso \u00e0 Informa\u00e7\u00e3o<br \/>\nA Lei n\u00ba <a href=\"http:\/\/www.planalto.gov.br\/ccivil_03\/_ato2011-2014\/2011\/lei\/l12527.htm\">12.527<\/a>, sancionada pela Presidenta da Rep\u00fablica em 18 de novembro de 2011, tem o prop\u00f3sito de regulamentar o direito constitucional de acesso dos cidad\u00e3os \u00e0s informa\u00e7\u00f5es p\u00fablicas e seus dispositivos s\u00e3o aplic\u00e1veis aos tr\u00eas Poderes da Uni\u00e3o, Estados, Distrito Federal e Munic\u00edpios. Isto significa um importante passo para a consolida\u00e7\u00e3o democr\u00e1tica do Brasil e tamb\u00e9m para o sucesso das a\u00e7\u00f5es de preven\u00e7\u00e3o da corrup\u00e7\u00e3o no pa\u00eds. Por tornar poss\u00edvel uma maior participa\u00e7\u00e3o popular e o controle social das a\u00e7\u00f5es governamentais, o acesso da sociedade \u00e0s informa\u00e7\u00f5es p\u00fablicas permite que ocorra uma melhoria na gest\u00e3o p\u00fablica.<br \/>\nO acesso \u00e0 informa\u00e7\u00e3o p\u00fablica tamb\u00e9m est\u00e1 previsto na Constitui\u00e7\u00e3o Federal, no artigo 5\u00ba, inciso XXXIII do Cap\u00edtulo I \u2013 dos Direitos e Deveres Individuais e Coletivos \u2013 que disp\u00f5e que: \u201ctodos t\u00eam direito a receber dos \u00f3rg\u00e3os p\u00fablicos informa\u00e7\u00f5es de seu interesse particular, ou de interesse coletivo ou geral, que ser\u00e3o prestadas no prazo da lei, sob pena de responsabilidade, ressalvadas aquelas cujo sigilo seja imprescind\u00edvel \u00e0 seguran\u00e7a da sociedade e do Estado\u201d. E, ainda no Art. 5\u00ba, inciso XIV, Art. 37, \u00a7 3\u00ba, inciso II e no Art. 216, \u00a7 2\u00ba. S\u00e3o estes os dispositivos que a Lei de Acesso a Informa\u00e7\u00f5es regulamenta, estabelecendo requisitos m\u00ednimos para a divulga\u00e7\u00e3o de informa\u00e7\u00f5es p\u00fablicas e procedimentos para facilitar e agilizar o seu acesso por qualquer pessoa.<br \/>\nNo \u00e2mbito estadual a lei de acesso a informa\u00e7\u00e3o \u00e9 regulamentada pelo <a href=\"http:\/\/www.transparencia.mg.gov.br\/images\/stories\/decreto-45969.pdf\">DECRETO 45969, DE 24\/05\/2012<\/a><strong><br \/>\n<\/strong><\/p>\n<p style=\"text-align: justify;\"><a href=\"http:\/\/www.planalto.gov.br\/ccivil_03\/_ato2011-2014\/2011\/lei\/l12527.htm\"><strong>Acesse a lei na \u00edntegra.<\/strong><\/a><\/p>\n<p>[\/vc_column_text][\/vc_column][vc_column width=&#8221;1\/3&#8243;][vc_column_text css=&#8221;.vc_custom_1684170713525{background-color: #2474d4 !important;}&#8221;]<a href=\"https:\/\/publicacoesmunicipais.com.br\/eatos\/conselheirolafaiete\"><img loading=\"lazy\" decoding=\"async\" class=\"wp-image-14537 size-full aligncenter\" src=\"https:\/\/conselheirolafaiete.mg.gov.br\/v1\/wp-content\/uploads\/2023\/05\/eatos.jpg\" alt=\"\" width=\"190\" height=\"112\" \/><\/a>[\/vc_column_text][vc_column_text]<\/p>\n<p style=\"text-align: center;\"><a class=\"vc_general vc_btn3 vc_btn3-size-lg vc_btn3-shape-rounded vc_btn3-style-modern vc_btn3-block vc_btn3-icon-left vc_btn3-color-green\" title=\"\" href=\"https:\/\/transparencia.betha.cloud\/#\/yXRacnT0lru0mXvIrD7yfw==\">Portal Transpar\u00eancia Municipal<\/a><\/p>\n<p>[\/vc_column_text][vc_column_text]<a class=\"vc_general vc_btn3 vc_btn3-size-lg vc_btn3-shape-rounded vc_btn3-style-modern vc_btn3-block vc_btn3-icon-left vc_btn3-color-green\" title=\"\" href=\"http:\/\/www.transparencia.mg.gov.br\/busca?searchword=Conselheiro%20Lafaiete&amp;searchphrase=all\">Portal Transpar\u00eancia Estadual<\/a>[\/vc_column_text][vc_column_text]<a class=\"vc_general vc_btn3 vc_btn3-size-lg vc_btn3-shape-rounded vc_btn3-style-modern vc_btn3-block vc_btn3-icon-left vc_btn3-color-green\" title=\"\" href=\"http:\/\/transparencia.gov.br\/localidades\/3118304-conselheiro-lafaiete\">Portal Transpar\u00eancia Federal<\/a>[\/vc_column_text][vc_column_text]<a class=\"vc_general vc_btn3 vc_btn3-size-lg vc_btn3-shape-rounded vc_btn3-style-modern vc_btn3-block vc_btn3-icon-left vc_btn3-color-green\" title=\"\" href=\"https:\/\/fiscalizandocomtce.tce.mg.gov.br\/\">Portal Transpar\u00eancia TCE\/MG<\/a>[\/vc_column_text][vc_column_text]<a class=\"vc_general vc_btn3 vc_btn3-size-lg vc_btn3-shape-rounded vc_btn3-style-modern vc_btn3-block vc_btn3-icon-left vc_btn3-color-green\" title=\"\" href=\"http:\/\/geoobras.tce.mg.gov.br\/cidadao\/default.aspx\">Portal Geo-Obras TCE\/MG\/MG<\/a>[\/vc_column_text][vc_column_text]<a class=\"vc_general vc_btn3 vc_btn3-size-lg vc_btn3-shape-rounded vc_btn3-style-modern vc_btn3-block vc_btn3-icon-left vc_btn3-color-green\" title=\"\" href=\"https:\/\/docs.google.com\/spreadsheets\/d\/e\/2PACX-1vSFE4VaLznThLvOjUHEJ0a-gcGeGnUHx8B6G8qBr3UOkSw6I2x1ywIakX09GT-vGZAIZ1fqqOk_T7VP\/pubhtml\">Emendas Impositivas Municipais<\/a>[\/vc_column_text][vc_column_text css=&#8221;.vc_custom_1755263089224{margin-top: 8px !important;margin-bottom: 8px !important;border-top-width: 8px !important;border-bottom-width: 8px !important;padding-top: 8px !important;padding-bottom: 8px !important;background-color: #5eadad !important;border-top-color: #ffffff !important;border-bottom-color: #ffffff !important;}&#8221;]<\/p>\n<div class=\"smicon-component wpb_animate_when_almost_visible wpb_top-to-bottom animate-element \">\n<div class=\"smicon-box icon-top icon-circle-solid\">\n<h3 class=\"smicon-title\"><\/h3>\n<\/div>\n<\/div>\n<div class=\"wpb_wrapper wpb_text_column td_block_wrap td_block_wrap vc_column_text td_uid_17_5bf5f9d9ac1d9_rand td-pb-border-top td_block_template_1\" data-td-block-uid=\"td_uid_17_5bf5f9d9ac1d9\">\n<p><img loading=\"lazy\" decoding=\"async\" class=\"aligncenter wp-image-1323 size-medium\" src=\"https:\/\/conselheirolafaiete.mg.gov.br\/v1\/wp-content\/uploads\/2018\/11\/Ouvidoria-e1543599032682-300x120.png\" alt=\"\" width=\"300\" height=\"120\" \/><span style=\"color: #ffffff;\">Registro de manifesta\u00e7\u00f5es <strong>Ouvidoria SUS<\/strong> &#8211; <a style=\"color: #ffffff;\" href=\"https:\/\/ouvidor.saude.gov.br\/public\/form-web\/registrar\"><strong>CLIQUE AQUI<\/strong><\/a><\/span><\/p>\n<p><span style=\"color: #ffffff;\">Para demais manifesta\u00e7\u00f5es: <em>ouvidoria@conselheirolafaiete.mg.gov.br<\/em><\/span><\/p>\n<\/div>\n<p>[\/vc_column_text][\/vc_column][\/vc_row]<\/p>\n","protected":false},"excerpt":{"rendered":"<p>[vc_row][vc_column width=&#8221;2\/3&#8243;][vc_row_inner css=&#8221;.vc_custom_1705680788632{margin-top: 0px !important;margin-right: 0px !important;margin-bottom: 0px !important;margin-left: 0px !important;border-top-width: 0px !important;border-right-width: 0px !important;border-bottom-width: 0px !important;border-left-width: 0px !important;padding-top: 0px !important;padding-right: 0px !important;padding-bottom: 0px !important;padding-left: 0px !important;}&#8221;][vc_column_inner width=&#8221;1\/2&#8243; css=&#8221;.vc_custom_1705680755744{margin-top: 5px !important;margin-right: 5px !important;margin-bottom: 5px !important;margin-left: 5px !important;border-top-width: 2px !important;border-right-width: 2px !important;border-bottom-width: 2px !important;border-left-width: 2px !important;padding-top: 5px !important;padding-right: 5px !important;padding-bottom: 5px !important;padding-left: 5px !important;border-left-color: #ffffff !important;border-right-color: [&hellip;]<\/p>\n","protected":false},"author":1,"featured_media":0,"parent":0,"menu_order":0,"comment_status":"open","ping_status":"closed","template":"","meta":{"footnotes":""},"class_list":["post-41","page","type-page","status-publish","hentry"],"_links":{"self":[{"href":"https:\/\/conselheirolafaiete.mg.gov.br\/v1\/wp-json\/wp\/v2\/pages\/41","targetHints":{"allow":["GET"]}}],"collection":[{"href":"https:\/\/conselheirolafaiete.mg.gov.br\/v1\/wp-json\/wp\/v2\/pages"}],"about":[{"href":"https:\/\/conselheirolafaiete.mg.gov.br\/v1\/wp-json\/wp\/v2\/types\/page"}],"author":[{"embeddable":true,"href":"https:\/\/conselheirolafaiete.mg.gov.br\/v1\/wp-json\/wp\/v2\/users\/1"}],"replies":[{"embeddable":true,"href":"https:\/\/conselheirolafaiete.mg.gov.br\/v1\/wp-json\/wp\/v2\/comments?post=41"}],"version-history":[{"count":29,"href":"https:\/\/conselheirolafaiete.mg.gov.br\/v1\/wp-json\/wp\/v2\/pages\/41\/revisions"}],"predecessor-version":[{"id":22592,"href":"https:\/\/conselheirolafaiete.mg.gov.br\/v1\/wp-json\/wp\/v2\/pages\/41\/revisions\/22592"}],"wp:attachment":[{"href":"https:\/\/conselheirolafaiete.mg.gov.br\/v1\/wp-json\/wp\/v2\/media?parent=41"}],"curies":[{"name":"wp","href":"https:\/\/api.w.org\/{rel}","templated":true}]}}