{"id":4342,"date":"2020-01-03T11:53:25","date_gmt":"2020-01-03T13:53:25","guid":{"rendered":"http:\/\/conselheirolafaiete.mg.gov.br\/v1\/?page_id=4342"},"modified":"2020-01-03T11:54:10","modified_gmt":"2020-01-03T13:54:10","slug":"leis-2020","status":"publish","type":"page","link":"https:\/\/conselheirolafaiete.mg.gov.br\/v1\/leis-2020\/","title":{"rendered":"Leis 2020"},"content":{"rendered":"<a href=\"https:\/\/conselheirolafaiete.mg.gov.br\/v1\/wp-content\/uploads\/2020\/12\/Lei-Complementar-129-2020-ALTERA-A-LEI-865-67-QUE-INSTITUI-O-C\u00d3DIGO-DE-POSTURAS-DO-MUNIC\u00cdPIO.pdf\" target=\"_blank\" >LEI COMPLEMENTAR 129 ALTERA A LEI N\u00ba 865\/67, QUE INSTITUI O C\u00d3DIGO DE POSTURAS DO MUNIC\u00cdPIO<\/a><\/br><\/br><a href=\"https:\/\/conselheirolafaiete.mg.gov.br\/v1\/wp-content\/uploads\/2020\/12\/Lei-Municipal-6.038-2020-INSTITUI-NO-MUNIC\u00cdPIO-DE-CONSELHEIRO-LAFAIETE-A-SEMANA-MUNICIPAL-DE-CONSCIENTIZA\u00c7\u00c3O-E-COMBATE-\u00c0S-ZOONOSES.pdf\" target=\"_blank\" >Lei Municipal 6.038 INSTITUI A SEMANA MUNICIPAL DE CONSCIENTIZA\u00c7\u00c3O E COMBATE \u00c0S ZOONOSES<\/a><\/br><\/br><a href=\"https:\/\/conselheirolafaiete.mg.gov.br\/v1\/wp-content\/uploads\/2020\/12\/ANEXOS-DA-LEI-6.037.zip\" target=\"_blank\" >ANEXOS DA LEI 6.037<\/a><\/br><\/br><a href=\"https:\/\/conselheirolafaiete.mg.gov.br\/v1\/wp-content\/uploads\/2020\/12\/Lei-Municipal-6.037-2020-ALTERA-OS-ANEXOS-DO-PLANO-PLURIANUAL-\u2013-PPA-DO-QUADRI\u00caNIO-DE-2018-A-2021-INSTITU\u00cdDO-PELA-LEI-N\u00ba-5.883-17.pdf\" target=\"_blank\" >Lei Municipal 6.037 ALTERA OS ANEXOS DO PLANO PLURIANUAL \u2013 PPA DO QUADRI\u00caNIO DE 2018 A 2021, INSTITU\u00cdDO PELA LEI N\u00ba 5.883, DE 19 DE DEZEMBRO DE 2017 E D\u00c1 OUTRAS PROVID\u00caNCIAS<\/a><\/br><\/br><a href=\"https:\/\/conselheirolafaiete.mg.gov.br\/v1\/wp-content\/uploads\/2020\/12\/ANEXOS-DA-LEI-6.036.zip\" target=\"_blank\" >ANEXOS DA LEI 6.036<\/a><\/br><\/br><a href=\"https:\/\/conselheirolafaiete.mg.gov.br\/v1\/wp-content\/uploads\/2020\/12\/Lei-Municipal-6.036-2020-ESTIMA-A-RECEITA-E-FIXA-A-DESPESA-PARA-O-EXERC\u00cdCIO-FINANCEIRO-DE-2021-2.pdf\" target=\"_blank\" >Lei Municipal 6.036 ESTIMA A RECEITA E FIXA A DESPESA PARA O EXERC\u00cdCIO FINANCEIRO DE 2021, E D\u00c1 OUTRAS PROVID\u00caNCIAS<\/a><\/br><\/br><a href=\"https:\/\/conselheirolafaiete.mg.gov.br\/v1\/wp-content\/uploads\/2020\/12\/Lei-Municipal-6.035-2020-FIXA-OS-FERIADOS-MUNICIPAIS-PARA-O-ANO-DE-2021.pdf\" target=\"_blank\" >Lei Municipal 6.035 FIXA OS FERIADOS MUNICIPAIS PARA O ANO DE 2021 E D\u00c1 OUTRAS PROVID\u00caNCIAS<\/a><\/br><\/br><a href=\"https:\/\/conselheirolafaiete.mg.gov.br\/v1\/wp-content\/uploads\/2020\/12\/Lei-Municipal-6.034-2020-ALTERA-DISPOSITIVOS-DO-ART.-4\u00ba-E-ACRESCENTA-DISPOSITIVOS-AO-ART.-6\u00ba-TODOS-DA-LEI-5872-17-QUE-ESTABELECE-O-ABAIRRAMENTO-E-AS-REGI\u00d5ES-DO-MUNIC\u00cdPIO.pdf\" target=\"_blank\" >Lei Municipal 6.034 ALTERA OS INCISOS II, III E VI, DO \u00a734, O INCISO XIV, DO \u00a760, AMBOS DO ART. 4\u00ba, E ACRESCENTA OS INCISOS XXIX E XXX, AO \u00a73\u00ba, E OS INCISOS XLI E XLII, AO \u00a74\u00ba, AMBOS DO ART. 6\u00ba, TODOS DA LEI N\u00ba 5.872, DE 14 DE SETEMBRO DE 2017, QUE ESTABELECE O ABAIRRAMENTO E AS REGI\u00d5ES DO MUNIC\u00cdPIO DE CONSELHEIRO LAFAIETE<\/a><\/br><\/br><a href=\"https:\/\/conselheirolafaiete.mg.gov.br\/v1\/wp-content\/uploads\/2020\/12\/Lei-Municipal-6.033-2020-ACRESCENTA-O-INCISO-IX-AO-\u00a711-AO-ART.-4\u00ba-DA-LEI-5872-17-QUE-ESTABELECE-O-ABAIRRAMENTO-DO-MUNIC\u00cdPIO-INCLUINDO-LOGRADOURO-AO-BAIRRO-BELLAVINHA.pdf\" target=\"_blank\" >Lei Municipal 6.033 ACRESCENTA O INCISO IX AO \u00a711 AO ART. 4\u00ba DA LEI No 5.872, DE 14 DE SETEMBRO DE 2017, QUE ESTABELECE O ABAIRRAMENTO E AS REGI\u00d5ES DO MUNIC\u00cdPIO DE CONSELHEIRO LAFAIETE, INCLUINDO LOGRADOURO AO BAIRRO BELLAVINHA E ALTERA DENOMINA\u00c7\u00c3O DO INCISO XI DO \u00a747 DO ART. 4\u00ba, DA REFERIDA LEI.<\/a><\/br><\/br><a href=\"https:\/\/conselheirolafaiete.mg.gov.br\/v1\/wp-content\/uploads\/2020\/12\/Lei-Municipal-6.032-2020-ALTERA-O-ART.-11-DA-LEI-5893-18-QUE-INSTITUI-O-REGIME-DE-ADIANTAMENTO-QUE-TRATA-O-ART.-68-DA-LEI-FEDERAL-4320-64-NA-C\u00c2MARA-MUNICIPAL.pdf\" target=\"_blank\" >Lei Municipal 6.032 ALTERA O ART. 11 DA LEI N\u00ba 5.893, DE 07 DE MAIO DE 2018, QUE \u201cINSTITUI O REGIME DE ADIANTAMENTO QUE TRATA O ART. 68 DA LEI FEDERAL NO 4.320\/64, NA C\u00c2MARA MUNICIPAL DE CONSELHEIRO LAFAIETE, REVOGA A RESOLU\u00c7\u00c3O N\u00ba 06, DE 07 DE AGOSTO DE 2009, E D\u00c1 OUTRAS PROVID\u00caNCIAS\u201d<\/a><\/br><\/br><a href=\"https:\/\/conselheirolafaiete.mg.gov.br\/v1\/wp-content\/uploads\/2020\/12\/Lei-Municipal-6.031-2020-ACRESCENTA-DISPOSITIVOS-AO-ART.-4\u00ba-DA-LEI-5872-17-QUE-ESTABELECE-O-ABAIRRAMENTO-INCLUINDO-LOGRADOURO-\u00c0-VILA-DAS-ANDORINHAS.pdf\" target=\"_blank\" >Lei Municipal 6.031 ACRESCENTA OS INCISOS II E III AO \u00a7105 AO ART. 4\u00ba DA LEI N\u00ba 5.872, DE 14 DE SETEMBRO DE 2017, QUE ESTABELECE O ABAIRRAMENTO E AS REGI\u00d5ES DO MUNIC\u00cdPIO DE CONSELHEIRO LAFAIETE, INCLUINDO LOGRADOURO \u00c0 VILA DAS ANDORINHAS E ALTERA DENOMINA\u00c7\u00c3O DO INCISO VII DO \u00a757, DO ART. 4\u00ba, DA REFERIDA LEI<\/a><\/br><\/br><a href=\"https:\/\/conselheirolafaiete.mg.gov.br\/v1\/wp-content\/uploads\/2020\/12\/Lei-Municipal-6.030-2020-ACRESCENTA-DISPOSITIVOS-AOS-ARTS.-3\u00ba-E-4\u00ba-DA-LEI-5872-17-QUE-ESTABELECE-O-ABAIRRAMENTO-DO-MUNIC\u00cdPIO-INCLUINDO-A-VILA-DAS-ANDORINHAS.pdf\" target=\"_blank\" >Lei Municipal 6.030 ACRESCENTA O INCISO CV AO ART. 3\u00ba E O \u00a7105 E O INCISO I AO ART. 4\u00ba DA LEI N\u00ba 5.872, DE 14 DE SETEMBRO DE 2017, QUE ESTABELECE O ABAIRRAMENTO E AS REGI\u00d5ES DO MUNIC\u00cdPIO DE CONSELHEIRO LAFAIETE, INCLUINDO A VILA DAS ANDORINHAS E SEU LOGRADOURO \u00c0 REFERIDA LEI<\/a><\/br><\/br><a href=\"https:\/\/conselheirolafaiete.mg.gov.br\/v1\/wp-content\/uploads\/2020\/12\/Lei-Municipal-6.029-2020-ACRESCENTA-O-INCISO-VIII-AO-\u00a711-AO-ART.-4\u00ba-DA-LEI-N\u00ba-5.872-17-QUE-ESTABELECE-O-ABAIRRAMENTO-E-AS-REGI\u00d5ES-DO-MUNIC\u00cdPIO-INCLUINDO-LOGRADOURO-AO-BAIRRO-BELLAVINHA.pdf\" target=\"_blank\" >Lei Municipal 6.029 ACRESCENTA O INCISO VIII AO \u00a711 AO ART. 4\u00ba DA LEI No 5.872, DE 14 DE SETEMBRO DE 2017, QUE ESTABELECE O ABAIRRAMENTO E AS REGI\u00d5ES DO MUNIC\u00cdPIO DE CONSELHEIRO LAFAIETE, INCLUINDO LOGRADOURO AO BAIRRO BELLAVINHA<\/a><\/br><\/br><a href=\"https:\/\/conselheirolafaiete.mg.gov.br\/v1\/wp-content\/uploads\/2020\/12\/Lei-Complementar-128-2020-suporte-de-telecomunica\u00e7\u00e3o.pdf\" target=\"_blank\" >LEI COMPLEMENTAR 128 DISP\u00d5E SOBRE NORMAS URBAN\u00cdSTICAS ESPEC\u00cdFICAS PARA A INSTALA\u00c7\u00c3O DE INFRAESTRUTURA DE SUPORTE PARA EQUIPAMENTOS E ELEMENTOS DAS REDES DE TELECOMUNICA\u00c7\u00d5ES<\/a><\/br><\/br><a href=\"https:\/\/conselheirolafaiete.mg.gov.br\/v1\/wp-content\/uploads\/2020\/10\/LEI-COMPLEMENTAR-127-APROVA-REGULARIZA\u00c7\u00c3O-DO-LOTEAMENTO-CIDADE-JARDIM-COM-ACESSO-CONTROLADO-SUBSTITUI-PARCIALMENTE-\u00c1REA-INSTITUCIONAL-E-DESAFETA-TOTALIDADE-DE-LOTES-P\u00daBLICOS.pdf\" target=\"_blank\" >LEI COMPLEMENTAR 127 APROVA REGULARIZA\u00c7\u00c3O DO LOTEAMENTO CIDADE JARDIM COM ACESSO CONTROLADO, SUBSTITUI PARCIALMENTE \u00c1REA INSTITUCIONAL E DESAFETA TOTALIDADE DE LOTES P\u00daBLICOS<\/a><\/br><\/br><a href=\"https:\/\/conselheirolafaiete.mg.gov.br\/v1\/wp-content\/uploads\/2020\/10\/Lei-Municipal-6.028-2020-INSTITUI-NO-MUNIC\u00cdPIO-A-SEMANA-DE-CONSCIENTIZA\u00c7\u00c3O-DO-L\u00daPUS.pdf\" target=\"_blank\" >Lei Municipal 6.028  INSTITUI NO MUNIC\u00cdPIO DE CONSELHEIRO LAFAIETE A SEMANA DE CONSCIENTIZA\u00c7\u00c3O DO L\u00daPUS.<\/a><\/br><\/br><a href=\"https:\/\/conselheirolafaiete.mg.gov.br\/v1\/wp-content\/uploads\/2020\/10\/Lei-complementar-126-PERMUTA-JO\u00c3O-CELSO.pdf\" target=\"_blank\" >LEI COMPLEMENTAR 126 DESMEMBRA \u00c1REA E AUTORIZA O MUNIC\u00cdPIO DE CONSELHEIRO LAFAIETE A PERMUTAR IM\u00d3VEL QUE ESPECIFICA COM JO\u00c3O CELSO DE MORAES E D\u00c1 OUTRAS PROVID\u00caNCIAS.<\/a><\/br><\/br><a href=\"https:\/\/conselheirolafaiete.mg.gov.br\/v1\/wp-content\/uploads\/2020\/10\/Lei-Municipal-6.027-2020-DISP\u00d5E-SOBRE-A-EMISS\u00c3O-DE-CERTID\u00c3O-DE-N\u00daMERO-DE-IM\u00d3VEIS-EM-SITUA\u00c7\u00c3O-IRREGULAR-CONSOLIDADOS-AT\u00c9-31-DE-DEZEMBRO-DE-2019.pdf\" target=\"_blank\" >Lei Municipal 6.027 DISP\u00d5E SOBRE A EMISS\u00c3O DE CERTID\u00c3O DE N\u00daMERO DE IM\u00d3VEIS EM SITUA\u00c7\u00c3O IRREGULAR CONSOLIDADOS AT\u00c9 31 DE DEZEMBRO DE 2019, PARA FINS DE LIGA\u00c7\u00c3O DE \u00c1GUA E ENERGIA EL\u00c9TRICA<\/a><\/br><\/br><a href=\"https:\/\/conselheirolafaiete.mg.gov.br\/v1\/wp-content\/uploads\/2020\/09\/Lei-Municipal-6.026-2020-DISP\u00d5E-SOBRE-A-CARACTERIZA\u00c7\u00c3O-DE-CELEBRA\u00c7\u00d5ES-RELIGIOSAS-COMO-ATIVIDADES-ESSENCIAIS-EM-ESTADO-DE-EMERG\u00caNCIA-E-OU-ESTADO-DE-CALAMIDADE-P\u00daBLICA.pdf\" target=\"_blank\" >Lei Municipal 6.026 DISP\u00d5E SOBRE A CARACTERIZA\u00c7\u00c3O DE CELEBRA\u00c7\u00d5ES RELIGIOSAS COMO ATIVIDADES ESSENCIAIS EM ESTADO DE EMERG\u00caNCIA E\/OU ESTADO DE CALAMIDADE P\u00daBLICA<\/a><\/br><\/br><a href=\"https:\/\/conselheirolafaiete.mg.gov.br\/v1\/wp-content\/uploads\/2020\/07\/Lei-Municipal-6.025-2020-DISP\u00d5E-SOBRE-AS-DIRETRIZES-PARA-ELABORA\u00c7\u00c3O-E-EXECU\u00c7\u00c3O-DA-LEI-OR\u00c7AMENT\u00c1RIA-DE-2021.pdf\" target=\"_blank\" >Lei Municipal 6.025 DISP\u00d5E SOBRE AS DIRETRIZES PARA ELABORA\u00c7\u00c3O E EXECU\u00c7\u00c3O DA LEI OR\u00c7AMENT\u00c1RIA DE 2021, E D\u00c1 OUTRAS PROVID\u00caNCIAS<\/a><\/br><\/br><a href=\"https:\/\/conselheirolafaiete.mg.gov.br\/v1\/wp-content\/uploads\/2020\/07\/Lei-Municipal-6.024-2020-TORNA-OBRIGAT\u00d3RIO-O-USO-DE-M\u00c1SCARAS-DURANTE-A-SITUA\u00c7\u00c3O-DE-EMERG\u00caNCIA-EM-SA\u00daDE-P\u00daBLICA-NO-MUNIC\u00cdPIO-DE-CONSELHEIRO-LAFAIETE.pdf\" target=\"_blank\" >Lei Municipal 6.024 TORNA OBRIGAT\u00d3RIO O USO DE M\u00c1SCARAS DURANTE A SITUA\u00c7\u00c3O DE EMERG\u00caNCIA EM SA\u00daDE P\u00daBLICA NO MUNIC\u00cdPIO DE CONSELHEIRO LAFAIETE E D\u00c1 OUTRAS PROVID\u00caNCIAS<\/a><\/br><\/br><a href=\"https:\/\/conselheirolafaiete.mg.gov.br\/v1\/wp-content\/uploads\/2020\/07\/Lei-Municipal-6.023-2020-ALTERA-A-LEI-MUNICIPAL-5818-16-QUE-DISP\u00d5E-SOBRE-A-EMISS\u00c3O-DE-ALVAR\u00c1-DE-FUNCIONAMENTO-PROVIS\u00d3RIO.pdf\" target=\"_blank\" >Lei Municipal 6.023 ALTERA A LEI MUNICIPAL N\u00ba 5.818, DE 30 DE AGOSTO DE 2016, QUE \u201cDISP\u00d5E SOBRE A EMISS\u00c3O DE ALVAR\u00c1 DE FUNCIONAMENTO PROVIS\u00d3RIO\u201d E D\u00c1 OUTRAS PROVID\u00caNCIAS<\/a><\/br><\/br><a href=\"https:\/\/conselheirolafaiete.mg.gov.br\/v1\/wp-content\/uploads\/2020\/07\/Lei-Complementar-125-2020-ALTERA-DISPOSITIVOS-DA-LC-001-96-QUE-REGULAMENTA-O-ART.-34-DA-LEI-ORG\u00c2NICA-DO-MUNIC\u00cdPIO-E-DISP\u00d5E-SOBRE-A-CRIA\u00c7\u00c3O-DA-TRIBUNA-POPULAR.pdf\" target=\"_blank\" >Lei Complementar 125 ALTERA DISPOSITIVOS DA LEI COMPLEMENTAR N\u00ba 001, DE 30 DE DEZEMBRO DE 1996, QUE REGULAMENTA O ART. 34 DA LEI ORG\u00c2NICA DO MUNIC\u00cdPIO DE CONSELHEIRO LAFAIETE E DISP\u00d5E SOBRE A CRIA\u00c7\u00c3O DA TRIBUNA POPULAR, E D\u00c1 OUTRAS PROVID\u00caNCIAS<\/a><\/br><\/br><a href=\"https:\/\/conselheirolafaiete.mg.gov.br\/v1\/wp-content\/uploads\/2020\/07\/Lei-Municipal-6.022-2020-DISP\u00d5E-SOBRE-A-RATIFICA\u00c7\u00c3O-DO-QUINTO-TERMO-ADITIVO-AO-CONTRATO-DO-CODAP.pdf\" target=\"_blank\" >Lei Municipal 6.022 DISP\u00d5E SOBRE A RATIFICA\u00c7\u00c3O DO QUINTO TERMO ADITIVO AO CONTRATO DE CONSTITUI\u00c7\u00c3O DO CONS\u00d3RCIO P\u00daBLICO PARA O DESENVOLVIMENTO DO ALTO PARAOPEBA &#8211; CODAP, E D\u00c1 OUTRAS PROVID\u00caNCIAS<\/a><\/br><\/br><a href=\"https:\/\/conselheirolafaiete.mg.gov.br\/v1\/wp-content\/uploads\/2020\/06\/Lei-Municipal-6.021-2020-AUTORIZA-ABERTURA-DE-CR\u00c9DITOS-ADICIONAIS-ESPECIAIS-POR-ANULA\u00c7\u00c3O-PARCIAL-NO-OR\u00c7AMENTO-VIGENTE-E-D\u00c1-OUTRAS-PROVID\u00caNCIAS.pdf\" target=\"_blank\" >Lei Municipal 6.021 AUTORIZA ABERTURA DE CR\u00c9DITOS ADICIONAIS ESPECIAIS, POR ANULA\u00c7\u00c3O PARCIAL, NO OR\u00c7AMENTO VIGENTE, E D\u00c1 OUTRAS PROVID\u00caNCIAS<\/a><\/br><\/br><a href=\"https:\/\/conselheirolafaiete.mg.gov.br\/v1\/wp-content\/uploads\/2020\/06\/Lei-Municipal-6.020-2020-ALTERA-ANEXOS-DO-PPA-DO-QUADRI\u00caNIO-DE-2018-A-2021-INSTITU\u00cdDO-PELA-LEI-5883-17-PARA-INCLUS\u00c3O-DE-ATIVIDADE.pdf\" target=\"_blank\" >Lei Municipal 6.020 ALTERA ANEXOS DO PLANO PLURIANUAL \u2013 PPA DO QUADRI\u00caNIO DE 2018 A 2021, INSTITU\u00cdDO PELA LEI N\u00ba 5.883, DE 19 DE DEZEMBRO DE 2017, PARA INCLUS\u00c3O DE ATIVIDADE, E D\u00c1 OUTRAS PROVID\u00caNCIAS<\/a><\/br><\/br><a href=\"https:\/\/conselheirolafaiete.mg.gov.br\/v1\/wp-content\/uploads\/2020\/05\/Lei-Municipal-6.019-2020-INSTITUI-NO-CALEND\u00c1RIO-OFICIAL-DO-MUNIC\u00cdPIO-DE-CONSELHEIRO-LAFAIETE-A-SEMANA-MUNICIPAL-DE-INFORMA\u00c7\u00c3O-E-CONSCIENTIZA\u00c7\u00c3O-SOBRE-O-TDAH.pdf\" target=\"_blank\" >Lei Municipal 6.019 INSTITUI NO CALEND\u00c1RIO OFICIAL DO MUNIC\u00cdPIO DE CONSELHEIRO LAFAIETE A \u201cSEMANA MUNICIPAL DE INFORMA\u00c7\u00c3O E CONSCIENTIZA\u00c7\u00c3O SOBRE O TRANSTORNO DO D\u00c9FICIT DE ATEN\u00c7\u00c3O COM HIPERATIVIDADE (TDAH)\u201d<\/a><\/br><\/br><a href=\"https:\/\/conselheirolafaiete.mg.gov.br\/v1\/wp-content\/uploads\/2020\/05\/Lei-Municipal-6.018-2020-ALTERA-LEI-5187-10-QUE-DISP\u00d5E-SOBRE-DEMARCA\u00c7\u00c3O-DE-FAIXA-PARA-PEDESTRES-NAS-CAL\u00c7ADAS-LIM\u00cdTROFES-DOS-POSTOS-DE-COMBIST\u00cdVEIS.pdf\" target=\"_blank\" >Lei Municipal 6.018 ALTERA A LEI N\u00ba 5.187, DE 20 DE MAIO DE 2010, QUE DISP\u00d5E SOBRE A OBRIGATORIEDADE DOS POSTOS DE SERVI\u00c7O DE ABASTECIMENTO DE COMBUST\u00cdVEIS DEMARCAREM FAIXA PARA PEDESTRES NAS CAL\u00c7ADAS LIM\u00cdTROFES<\/a><\/br><\/br><a href=\"https:\/\/conselheirolafaiete.mg.gov.br\/v1\/wp-content\/uploads\/2020\/04\/Lei-Municipal-6.017-2020-PRO\u00cdBE-FOGOS-DE-ARTIF\u00cdCIO-BEM-COMO-QUAISQUER-ARTEFATOS-PIROT\u00c9CNICOS-DE-EFEITO-SONORO-RUIDOSO-NO-MUNIC\u00cdPIO.pdf\" target=\"_blank\" >Lei Municipal 6.017 PRO\u00cdBE O MANUSEIO, A UTILIZA\u00c7\u00c3O, A QUEIMA E A SOLTURA DE FOGOS DE ESTAMPIDOS E DE ARTIF\u00cdCIOS, ASSIM COMO DE QUAISQUER ARTEFATOS PIROT\u00c9CNICOS DE EFEITO SONORO RUIDOSO NO MUNIC\u00cdPIO DE CONSELHEIRO LAFAIETE E D\u00c1 OUTRAS PROVID\u00caNCIAS<\/a><\/br><\/br><a href=\"https:\/\/conselheirolafaiete.mg.gov.br\/v1\/wp-content\/uploads\/2020\/04\/Lei-Municipal-6.016-2020-ACRESCE-DISPOSITIVOS-A-ARTIGO-DA-LEI-MUNICIPAL-5.906-18-QUE-DISP\u00d5E-SOBRE-A-CRIA\u00c7\u00c3O-DO-CONSELHO-MUN.-DE-DES.-ECON.-E-FUNDO-DE-DES.-ECON..pdf\" target=\"_blank\" >Lei Municipal 6.016 ACRESCE DISPOSITIVOS A ARTIGO DA LEI MUNICIPAL N\u00ba 5.906, DE 06 DE JUNHO DE 2018, QUE \u201cDISP\u00d5E SOBRE A CRIA\u00c7\u00c3O DO CONSELHO MUNICIPAL DE DESENVOLVIMENTO ECON\u00d4MICO DE CONSELHEIRO LAFAIETE \u2013 CODEC, E DO FUNDO DE DESENVOLVIMENTO ECON\u00d4MICO DE CONSELHEIRO LAFAIETE \u2013 FUNDE\u201d E D\u00c1 OUTRAS PROVID\u00caNCIAS<\/a><\/br><\/br><a href=\"https:\/\/conselheirolafaiete.mg.gov.br\/v1\/wp-content\/uploads\/2020\/04\/Lei-Municipal-6.015-2020-INSTITUI-NO-MUNIC\u00cdPIO-DE-CONSELHEIRO-LAFAIETE-O-DIA-DA-CONSCIENTIZA\u00c7\u00c3O-SOBRE-A-EPILEPSIA.pdf\" target=\"_blank\" >Lei Municipal 6.015 INSTITUI NO MUNIC\u00cdPIO DE CONSELHEIRO LAFAIETE O DIA DA CONSCIENTIZA\u00c7\u00c3O SOBRE A EPILEPSIA<\/a><\/br><\/br><a href=\"https:\/\/conselheirolafaiete.mg.gov.br\/v1\/wp-content\/uploads\/2020\/04\/Lei-Complementar-124-2020-AUTORIZA-A-ALIENA\u00c7\u00c3O-DE-\u00c1REA-LINDEIRA-NA-RUA-HENRIQUE-DOS-SANTOS-NO-BAIRRO-CACHOEIRA-E-D\u00c1-OUTRAS-PROVID\u00caNCIAS.pdf\" target=\"_blank\" >Lei Complementar 124 AUTORIZA A ALIENA\u00c7\u00c3O DE \u00c1REA LINDEIRA NA RUA HENRIQUE DOS SANTOS, NO BAIRRO CACHOEIRA, E D\u00c1 OUTRAS PROVID\u00caNCIAS<\/a><\/br><\/br><a href=\"https:\/\/conselheirolafaiete.mg.gov.br\/v1\/wp-content\/uploads\/2020\/03\/Lei-Municipal-6.014-2020-D\u00c1-NOVA-REDA\u00c7\u00c3O-AO-ARTIGO-4\u00baD-DA-LEI-5149-09-INCLU\u00cdDO-PELO-ART.-9\u00ba-DA-LEI-6003-19.pdf\" target=\"_blank\" >Lei Municipal 6.014 D\u00c1 NOVA REDA\u00c7\u00c3O AO ARTIGO 4\u00baD DA LEI MUNICIPAL N\u00ba 5.149, DE 18 DE DEZEMBRO DE 2009, INCLU\u00cdDO PELO ART. 9\u00ba DA LEI MUNICIPAL N\u00ba 6.003, DE 26 DE DEZEMBRO DE 2019<\/a><\/br><\/br><a href=\"https:\/\/conselheirolafaiete.mg.gov.br\/v1\/wp-content\/uploads\/2020\/03\/Lei-Municipal-6.013-2020-DISP\u00d5E-SOBRE-O-PROGRAMA-ARTES-MARCIAIS-NA-ESCOLA-INCLUINDO-AS-ARTES-MARCIAIS-NAS-ESCOLAS-MUNICIPAIS-DO-MUNIC\u00cdPIO.pdf\" target=\"_blank\" >Lei Municipal 6.013 DISP\u00d5E SOBRE O PROGRAMA \u201cARTES MARCIAIS NA ESCOLA\u201d INCLUINDO AS ARTES MARCIAIS NAS ESCOLAS MUNICIPAIS DO MUNIC\u00cdPIO DE CONSELHEIRO LAFAIETE<\/a><\/br><\/br><a href=\"https:\/\/conselheirolafaiete.mg.gov.br\/v1\/wp-content\/uploads\/2020\/03\/Lei-Municipal-6.012-2020-ALTERA-O-ART.-3o-DA-LEI-MUNICIPAL-No-5.089-DE-11-DE-MAR\u00c7O-DE-2009-COM-REDA\u00c7\u00c3O-DADA-PELA-LEI-5489-13.pdf\" target=\"_blank\" >Lei Municipal 6.012 ALTERA O ART. 3\u00ba DA LEI MUNICIPAL 5.089-09, COM REDA\u00c7\u00c3O DADA PELA LEI 5.489-13<\/a><\/br><\/br><a href=\"https:\/\/conselheirolafaiete.mg.gov.br\/v1\/wp-content\/uploads\/2020\/03\/Lei-Municipal-6.011-2020-DISP\u00d5E-SOBRE-A-REVIS\u00c3O-DOS-SUBS\u00cdDIOS-DOS-VEREADORES-DO-MUNIC\u00cdPIO-DE-CONSELHEIRO-LAFAIETE-CONFORME-ESTABELECIDO-NO-ART.-2\u00ba-DA-LEI-5.799-16.pdf\" target=\"_blank\" >Lei Municipal 6.011 DISP\u00d5E SOBRE A REVIS\u00c3O DOS SUBS\u00cdDIOS DOS VEREADORES DO MUNIC\u00cdPIO DE CONSELHEIRO LAFAIETE, CONFORME ESTABELECIDO NO ART. 2\u00ba DA LEI 5.799-16<\/a><\/br><\/br><a href=\"https:\/\/conselheirolafaiete.mg.gov.br\/v1\/wp-content\/uploads\/2020\/03\/Lei-Municipal-6.010-2020-DISP\u00d5E-SOBRE-A-REVIS\u00c3O-DOS-SUBS\u00cdDIOS-DO-PREFEITO-DO-VICE-PREFEITO-E-DOS-SECRET\u00c1RIOS-MUNICIPAIS-NOS-TERMOS-DO-ART.-5\u00ba-DA-LEI-5798-16.pdf\" target=\"_blank\" >Lei Municipal 6.010 DISP\u00d5E SOBRE A REVIS\u00c3O DOS SUBS\u00cdDIOS DO PREFEITO, DO VICE-PREFEITO E DOS SECRET\u00c1RIOS MUNICIPAIS, CONFORME ESTABELECIDO NO ART. 5\u00ba DA LEI 5.798-16<\/a><\/br><\/br><a href=\"https:\/\/conselheirolafaiete.mg.gov.br\/v1\/wp-content\/uploads\/2020\/03\/Lei-Municipal-6.009-2020-CONCEDE-REVIS\u00c3O-GERAL-ANUAL-AOS-VENCIMENTOS-DOS-SERVIDORES-DA-C\u00c2MARA-MUNICIPAL-E-ALTERA-OS-ANEXOS-III-E-IV-DA-LEI-5147-09.pdf\" target=\"_blank\" >Lei Municipal 6.009 CONCEDE REVIS\u00c3O GERAL ANUAL AOS VENCIMENTOS DOS SERVIDORES DA C\u00c2MARA MUNICIPAL DE CONSELHEIRO LAFAIETE E ALTERA OS ANEXOS III E IV DA LEI 5.147-09<\/a><\/br><\/br><a href=\"https:\/\/conselheirolafaiete.mg.gov.br\/v1\/wp-content\/uploads\/2020\/03\/Lei-Municipal-6.008-2020-DISP\u00d5E-SOBRE-O-REAJUSTE-DA-UNIDADE-PADR\u00c3O-DE-VENCIMENTOS-\u2013-UPV-VENCIMENTOS-EM-REAIS.pdf\" target=\"_blank\" >Lei Municipal 6.008 DISP\u00d5E SOBRE O REAJUSTE DA UNIDADE PADR\u00c3O DE VENCIMENTOS \u2013 UPV, VENCIMENTOS EM REAIS, E D\u00c1 OUTRAS PROVID\u00caNCIAS<\/a><\/br><\/br><a href=\"https:\/\/conselheirolafaiete.mg.gov.br\/v1\/wp-content\/uploads\/2020\/03\/Lei-Municipal-6.007-2020-INSTITUI-NO-MUNIC\u00cdPIO-A-SEMANA-MUNICIPAL-DA-FIBROMIALGIA-E-D\u00c1-OUTRAS-PROVID\u00caNCIAS-1.pdf\" target=\"_blank\" >Lei Municipal 6.007 INSTITUI NO MUNIC\u00cdPIO DE CONSELHEIRO LAFAIETE A SEMANA MUNICIPAL DA FIBROMIALGIA E D\u00c1 OUTRAS PROVID\u00caNCIAS<\/a><\/br><\/br><a href=\"https:\/\/conselheirolafaiete.mg.gov.br\/v1\/wp-content\/uploads\/2020\/01\/Lei-Municipal-6.006-2020-ALTERA-O-ARTIGO-2\u00ba-DA-LEI-MUNICIPAL-4393-00-QUE-CRIA-NOVO-CONSELHO-DE-ALIMENTA\u00c7\u00c3O-ESCOLAR-COM-ADAPTA\u00c7\u00c3O-AO-DISPOSTO-NA-MEDIDA-PROVIS\u00d3RIA-1979-19-DE-02-06-2000.pdf\" target=\"_blank\" >Lei Municipal 6.006 ALTERA O ARTIGO 2\u00ba DA LEI MUNICIPAL 4.393\/2000, QUE &#8220;CRIA NOVO CONSELHO DE ALIMENTA\u00c7\u00c3O ESCOLAR COM ADAPTA\u00c7\u00c3O AO DISPOSTO NA MEDIDA PROVIS\u00d3RIA 1979-19 DE 02\/06\/2000&#8221;<\/a><\/br><\/br><a href=\"https:\/\/conselheirolafaiete.mg.gov.br\/v1\/wp-content\/uploads\/2020\/01\/Lei-Municipal-6.005-2020-INCLUI-NO-CALEND\u00c1RIO-OFICIAL-DO-MUNIC\u00cdPIO-DE-CONSELHEIRO-LAFAIETE-O-O-DIA-DO-JOVEM-CRIST\u00c3O-E-D\u00c1-OUTRAS-PROVID\u00caNCIAS.pdf\" target=\"_blank\" >Lei Municipal 6.005 INCLUI NO CALEND\u00c1RIO OFICIAL DO MUNIC\u00cdPIO DE CONSELHEIRO LAFAIETE O &#8220;DIA DO JOVEM CRIST\u00c3O&#8221; E D\u00c1 OUTRAS PROVID\u00caNCIAS<\/a><\/br><\/br><a href=\"https:\/\/conselheirolafaiete.mg.gov.br\/v1\/wp-content\/uploads\/2020\/01\/Lei-Complementar-123-2020-AUTORIZA-O-MUNIC\u00cdPIO-DE-CONSELHEIRO-LAFAIETE-A-PERMUTAR-IM\u00d3VEL-DE-SUA-PROPRIEDADE-QUE-ESPECIFICA-COM-ALO\u00cdSIO-GON\u00c7ALVES-CAMPOS-E-OUTROS.pdf\" target=\"_blank\" >Lei Complementar 123 AUTORIZA O MUNIC\u00cdPIO DE CONSELHEIRO LAFAIETE A PERMUTAR IM\u00d3VEL DE SUA PROPRIEDADE QUE ESPECIFICA COM ALO\u00cdSIO GON\u00c7ALVES CAMPOS E OUTROS E D\u00c1 OUTRAS PROVID\u00caNCIAS<\/a><\/br><\/br><a href=\"https:\/\/conselheirolafaiete.mg.gov.br\/v1\/wp-content\/uploads\/2020\/01\/Lei-Complementar-122-2020-INCLUI-OS-ARTIGOS-99-A-E-185-A-NA-LEI-MUNICIPAL-293-56-DISP\u00d5E-SOBRE-O-ABONO-DE-FALTA-DE-SERVIDOR-QUANDO-DA-APRESENTA\u00c7\u00c3O-DE-ATESTADO-M\u00c9DICO.pdf\" target=\"_blank\" >Lei Complementar 122 INCLUI OS ARTIGOS 99-A E 185-A NA LEI MUNICIPAL 293-56, QUE DISP\u00d5E SOBRE O ESTATUTO DOS FUNCION\u00c1RIOS MUNICIPAIS, PARA FINS DE REGULAMENTAR O ABONO DE FALTA DE SERVIDOR QUANDO DA APRESENTA\u00c7\u00c3O DE ATESTADO M\u00c9DICO<\/a><\/br><\/br><a href=\"https:\/\/conselheirolafaiete.mg.gov.br\/v1\/wp-content\/uploads\/2020\/01\/Lei-Complementar-121-2020-ALTERA-A-REDA\u00c7\u00c3O-DA-LEI-COMPLEMENTAR-031-11-QUE-DISP\u00d5E-SOBRE-O-USO-E-A-OCUPA\u00c7\u00c3O-DO-SOLO-URBANO-NO-MUNIC\u00cdPIO.pdf\" target=\"_blank\" >Lei Complementar 121 ALTERA A REDA\u00c7\u00c3O DA LEI COMPLEMENTAR 031-2011 QUE &#8220;DISP\u00d5E SOBRE O USO E A OCUPA\u00c7\u00c3O DO SOLO URBANO NO MUNIC\u00cdPIO DE CONSELHEIRO LAFAIETE&#8221;<\/a><\/br><\/br>\n","protected":false},"excerpt":{"rendered":"LEI COMPLEMENTAR 129 ALTERA A LEI N\u00ba 865\/67, QUE INSTITUI O C\u00d3DIGO DE POSTURAS DO MUNIC\u00cdPIOLei Municipal 6.038 INSTITUI A SEMANA MUNICIPAL DE CONSCIENTIZA\u00c7\u00c3O E COMBATE \u00c0S ZOONOSESANEXOS DA LEI 6.037Lei Municipal 6.037 ALTERA OS ANEXOS DO PLANO PLURIANUAL \u2013 PPA DO QUADRI\u00caNIO DE 2018 A 2021, INSTITU\u00cdDO PELA LEI N\u00ba 5.883, DE 19 DE [...]","protected":false},"author":1,"featured_media":0,"parent":0,"menu_order":0,"comment_status":"closed","ping_status":"closed","template":"","meta":{"footnotes":""},"class_list":["post-4342","page","type-page","status-publish","hentry"],"_links":{"self":[{"href":"https:\/\/conselheirolafaiete.mg.gov.br\/v1\/wp-json\/wp\/v2\/pages\/4342","targetHints":{"allow":["GET"]}}],"collection":[{"href":"https:\/\/conselheirolafaiete.mg.gov.br\/v1\/wp-json\/wp\/v2\/pages"}],"about":[{"href":"https:\/\/conselheirolafaiete.mg.gov.br\/v1\/wp-json\/wp\/v2\/types\/page"}],"author":[{"embeddable":true,"href":"https:\/\/conselheirolafaiete.mg.gov.br\/v1\/wp-json\/wp\/v2\/users\/1"}],"replies":[{"embeddable":true,"href":"https:\/\/conselheirolafaiete.mg.gov.br\/v1\/wp-json\/wp\/v2\/comments?post=4342"}],"version-history":[{"count":2,"href":"https:\/\/conselheirolafaiete.mg.gov.br\/v1\/wp-json\/wp\/v2\/pages\/4342\/revisions"}],"predecessor-version":[{"id":4345,"href":"https:\/\/conselheirolafaiete.mg.gov.br\/v1\/wp-json\/wp\/v2\/pages\/4342\/revisions\/4345"}],"wp:attachment":[{"href":"https:\/\/conselheirolafaiete.mg.gov.br\/v1\/wp-json\/wp\/v2\/media?parent=4342"}],"curies":[{"name":"wp","href":"https:\/\/api.w.org\/{rel}","templated":true}]}}