{"id":4459,"date":"2020-01-22T15:51:20","date_gmt":"2020-01-22T17:51:20","guid":{"rendered":"http:\/\/conselheirolafaiete.mg.gov.br\/v1\/?page_id=4459"},"modified":"2020-12-28T16:47:45","modified_gmt":"2020-12-28T18:47:45","slug":"convocacoes-processo-seletivo-2020","status":"publish","type":"page","link":"https:\/\/conselheirolafaiete.mg.gov.br\/v1\/convocacoes-processo-seletivo-2020\/","title":{"rendered":"Convoca\u00e7\u00f5es Processo Seletivo 2020"},"content":{"rendered":"<p><a href=\"https:\/\/conselheirolafaiete.mg.gov.br\/v1\/wp-content\/uploads\/2020\/12\/OF\u00cdCIO-395-CONVOCA\u00c7AO-011-2020.pdf\">28\/12\/2020 &#8211; OF\u00cdCIO 395 &#8211; CONVOCA\u00c7AO 011-2020<\/a><br \/>\n<a href=\"https:\/\/conselheirolafaiete.mg.gov.br\/v1\/wp-content\/uploads\/2020\/12\/OF\u00cdCIO-385-CONVOCA\u00c7AO-001-2020-SMA.pdf\">03\/12\/2020 &#8211; OF\u00cdCIO 385 &#8211; CONVOCA\u00c7AO 001-2020-SMA<\/a><br \/>\n<a href=\"https:\/\/conselheirolafaiete.mg.gov.br\/v1\/wp-content\/uploads\/2020\/11\/OF\u00cdCIO-369-CONVOCA\u00c7AO-003-2020-e-011-2020.pdf\">24\/11\/2020 &#8211; CONVOCA\u00c7AO 003-2020 e 011-2020<\/a><br \/>\n<a href=\"https:\/\/conselheirolafaiete.mg.gov.br\/v1\/wp-content\/uploads\/2020\/11\/OF\u00cdCIO-367-CONVOCA\u00c7AO-003-2020-e-011-2020.pdf\">20\/11\/2020 &#8211; OF\u00cdCIO 367 &#8211; CONVOCA\u00c7AO 003-2020 e 011-2020<\/a><br \/>\n<a href=\"https:\/\/conselheirolafaiete.mg.gov.br\/v1\/wp-content\/uploads\/2020\/10\/OF\u00cdCIO-346-CONVOCA\u00c7AO-005-2020-e-011-2020.pdf\">23\/10\/2020 &#8211; OF\u00cdCIO 346 &#8211; CONVOCA\u00c7AO 005-2020 e 011-2020<\/a><br \/>\n<a href=\"https:\/\/conselheirolafaiete.mg.gov.br\/v1\/wp-content\/uploads\/2020\/10\/OF\u00cdCIO-339-CONVOCA\u00c7AO-003-2019.pdf\">09\/10\/2020 &#8211; OF\u00cdCIO 339 &#8211; CONVOCA\u00c7AO 003-2019<\/a><br \/>\n<a href=\"https:\/\/conselheirolafaiete.mg.gov.br\/v1\/wp-content\/uploads\/2020\/08\/OF\u00cdCIO-305-CONVOCA\u00c7AO-PS-005-e-009-2020.pdf\">26\/08\/2020 &#8211; OF\u00cdCIO 305 &#8211; CONVOCA\u00c7AO PS 005 e 009-2020<\/a><br \/>\n<a href=\"https:\/\/conselheirolafaiete.mg.gov.br\/v1\/wp-content\/uploads\/2020\/08\/OF\u00cdCIO-304-CONVOCA\u00c7AO-PS-003-2020.pdf\">24\/08\/2020 &#8211; OF\u00cdCIO 304 &#8211; CONVOCA\u00c7AO PS 003-2020<\/a><br \/>\n<a href=\"https:\/\/conselheirolafaiete.mg.gov.br\/v1\/wp-content\/uploads\/2020\/08\/OF\u00cdCIO-301-CONVOCA\u00c7AO-PS-005-2020-1-1.pdf\">20\/08\/2020 &#8211; OF\u00cdCIO 301 &#8211; CONVOCA\u00c7AO PS 005-2020 (1) (1)<\/a><br \/>\n<a href=\"https:\/\/conselheirolafaiete.mg.gov.br\/v1\/wp-content\/uploads\/2020\/08\/OF\u00cdCIO-289-CONVOCA\u00c7AO-PS-003-2020.pdf\">13\/08\/2020 &#8211; OF\u00cdCIO 289 &#8211; CONVOCA\u00c7AO PS 003-2020<\/a><br \/>\n<a href=\"https:\/\/conselheirolafaiete.mg.gov.br\/v1\/wp-content\/uploads\/2020\/08\/OF\u00cdCIO-286-CONVOCA\u00c7AO-PS-006-2020.pdf\">10\/08\/2020 &#8211; OF\u00cdCIO 286 &#8211; CONVOCA\u00c7AO PS 006-2020<\/a><br \/>\n<a href=\"https:\/\/conselheirolafaiete.mg.gov.br\/v1\/wp-content\/uploads\/2020\/07\/OF\u00cdCIO-271-CONVOCA\u00c7AO-PS-006-0073.pdf\">28\/07\/2020 &#8211; OF\u00cdCIO 271 &#8211; CONVOCA\u00c7AO PS 006-0073<\/a><br \/>\n<a href=\"https:\/\/conselheirolafaiete.mg.gov.br\/v1\/wp-content\/uploads\/2020\/07\/OF\u00cdCIO-267-CONVOCA\u00c7AO-COVID-19-PS-003.pdf\">24\/07\/2020 &#8211; OF\u00cdCIO 267 &#8211; CONVOCA\u00c7AO COVID-19 PS 003<\/a><br \/>\n<a href=\"https:\/\/conselheirolafaiete.mg.gov.br\/v1\/wp-content\/uploads\/2020\/07\/OF\u00cdCIO-263-CONVOCA\u00c7AO-COVID-19-PS-003.pdf\">23\/07\/2020 &#8211; OF\u00cdCIO 263 &#8211; CONVOCA\u00c7AO COVID-19 PS 003<\/a><br \/>\n<a href=\"https:\/\/conselheirolafaiete.mg.gov.br\/v1\/wp-content\/uploads\/2020\/07\/OF\u00cdCIO-260-CONVOCA\u00c7AO-COVID-19-PS-003.pdf\">22\/07\/2020 &#8211; OF\u00cdCIO 260 &#8211; CONVOCA\u00c7AO COVID-19 PS 003<\/a><br \/>\n<a href=\"https:\/\/conselheirolafaiete.mg.gov.br\/v1\/wp-content\/uploads\/2020\/07\/OF\u00cdCIO-256-CONVOCA\u00c7AO-003-2019-sms-e-006-2020-sms.pdf\">20\/07\/2020 &#8211; OF\u00cdCIO 256 &#8211; CONVOCA\u00c7AO 003-2019-sms e 006-2020-sms<\/a><br \/>\n<a href=\"https:\/\/conselheirolafaiete.mg.gov.br\/v1\/wp-content\/uploads\/2020\/07\/OF\u00cdCIO-249-CONVOCA\u00c7AO-COVID-19-PS-003-005-006-007-2020.pdf\">17\/07\/2020 &#8211; OF\u00cdCIO 249 &#8211; CONVOCA\u00c7AO COVID-19 PS 003-005- 006-007 2020<\/a><br \/>\n<a href=\"https:\/\/conselheirolafaiete.mg.gov.br\/v1\/wp-content\/uploads\/2020\/07\/OF\u00cdCIO-248-CONVOCA\u00c7AO-COVID-19-PS-003-005-006-007-2020.pdf\">17\/07\/2020 &#8211; OF\u00cdCIO 248 &#8211; CONVOCA\u00c7AO COVID-19 PS 003-005- 006-007 2020<\/a><br \/>\n<a href=\"https:\/\/conselheirolafaiete.mg.gov.br\/v1\/wp-content\/uploads\/2020\/07\/OF\u00cdCIO-243-CONVOCA\u00c7AO-COVID-19-PS-003-005-006-007-2020.pdf\">16\/07\/2020 &#8211; OF\u00cdCIO 243 &#8211; CONVOCA\u00c7AO COVID-19 PS 003-005- 006-007 2020<\/a><br \/>\n<a href=\"https:\/\/conselheirolafaiete.mg.gov.br\/v1\/wp-content\/uploads\/2020\/07\/OF\u00cdCIO-241-CONVOCA\u00c7AO-COVID-19-PS-003-005-006-007-2020.pdf\">14\/07\/2020 &#8211; OF\u00cdCIO 241 &#8211; CONVOCA\u00c7AO COVID-19 PS 003-005- 006-007 2020<\/a><br \/>\n<a href=\"https:\/\/conselheirolafaiete.mg.gov.br\/v1\/wp-content\/uploads\/2020\/07\/OF\u00cdCIO-237-CONVOCA\u00c7AO-COVID-19-PS-003-005-006-007-2020-1.pdf\">10\/07\/2020 &#8211; OF\u00cdCIO 237 &#8211; CONVOCA\u00c7AO COVID-19 PS 003-005- 006-007 2020 (1)<\/a><br \/>\n<a href=\"https:\/\/conselheirolafaiete.mg.gov.br\/v1\/wp-content\/uploads\/2020\/07\/OF\u00cdCIO-235-CONVOCA\u00c7AO-COVID-19-PS-003-2020.pdf\">09\/07\/2020 &#8211; OF\u00cdCIO 235 &#8211; CONVOCA\u00c7AO COVID-19 PS 003-2020<\/a><br \/>\n<a href=\"https:\/\/conselheirolafaiete.mg.gov.br\/v1\/wp-content\/uploads\/2020\/07\/OF\u00cdCIO-233-CONVOCA\u00c7AO-COVID-19-PS-003-2020.pdf\">08\/07\/2020 &#8211; OF\u00cdCIO 233 &#8211; CONVOCA\u00c7AO COVID-19 PS 003-2020<\/a><br \/>\n<a href=\"https:\/\/conselheirolafaiete.mg.gov.br\/v1\/wp-content\/uploads\/2020\/07\/OF\u00cdCIO-229-CONVOCA\u00c7AO-COVID-19-PS-003-2020.pdf\">06\/07\/2020 &#8211;\u00a0OF\u00cdCIO 229 &#8211; CONVOCA\u00c7AO COVID-19 PS 003-2020<\/a><br \/>\n<a href=\"https:\/\/conselheirolafaiete.mg.gov.br\/v1\/wp-content\/uploads\/2020\/07\/OF\u00cdCIO-224-CONVOCA\u00c7AO-COVID-19-PS-003-2020.pdf\">03\/07\/2020 &#8211; OF\u00cdCIO 224 &#8211; CONVOCA\u00c7AO COVID-19 PS 003-2020<\/a><br \/>\n<a href=\"https:\/\/conselheirolafaiete.mg.gov.br\/v1\/wp-content\/uploads\/2020\/07\/OF\u00cdCIO-220-CONVOCA\u00c7AO-COVID-19-PS-003-2020.pdf\">01\/07\/2020 &#8211; OF\u00cdCIO 220 &#8211; CONVOCA\u00c7AO COVID-19 PS 003-2020<\/a><br \/>\n<a href=\"https:\/\/conselheirolafaiete.mg.gov.br\/v1\/wp-content\/uploads\/2020\/06\/OF\u00cdCIO-218-CONVOCA\u00c7AO-COVID-19-PS-003-2020.pdf\">30\/06\/2020 &#8211; OF\u00cdCIO 218 &#8211; CONVOCA\u00c7AO COVID-19 PS 003-2020<\/a><br \/>\n<a href=\"https:\/\/conselheirolafaiete.mg.gov.br\/v1\/wp-content\/uploads\/2020\/06\/OF\u00cdCIO-213-CONVOCA\u00c7AO-COVID-19-PS-003-2020.pdf\">26\/06\/2020 &#8211; OF\u00cdCIO 213 &#8211; CONVOCA\u00c7AO COVID-19 PS 003-2020<\/a><br \/>\n<a href=\"https:\/\/conselheirolafaiete.mg.gov.br\/v1\/wp-content\/uploads\/2020\/06\/OF\u00cdCIO-208-CONVOCA\u00c7AO-COVID-19-PS-003-2020.pdf\">24\/06\/2020 &#8211; OF\u00cdCIO 208 &#8211; CONVOCA\u00c7AO COVID-19 PS 003-2020<\/a><br \/>\n<a href=\"https:\/\/conselheirolafaiete.mg.gov.br\/v1\/wp-content\/uploads\/2020\/06\/OF\u00cdCIO-203-CONVOCA\u00c7AO-COVID-19-PS-003-2020.pdf\">22\/06\/2020 &#8211; OF\u00cdCIO 203 &#8211; CONVOCA\u00c7AO COVID-19 PS 003-2020<\/a><br \/>\n<a href=\"https:\/\/conselheirolafaiete.mg.gov.br\/v1\/wp-content\/uploads\/2020\/06\/OF\u00cdCIO-199-CONVOCA\u00c7AO-COVID-19-PS-003-2020.pdf\">17\/06\/2020 &#8211; OF\u00cdCIO 199 &#8211; CONVOCA\u00c7AO COVID-19 PS 003-2020<\/a><br \/>\n<a href=\"https:\/\/conselheirolafaiete.mg.gov.br\/v1\/wp-content\/uploads\/2020\/06\/OF\u00cdCIO-197-CONVOCA\u00c7AO-COVID-19-PS-003-2020.pdf\">15\/06\/2020 &#8211; OF\u00cdCIO 197 &#8211; CONVOCA\u00c7AO COVID-19 PS 003-2020<\/a><br \/>\n<a href=\"https:\/\/conselheirolafaiete.mg.gov.br\/v1\/wp-content\/uploads\/2020\/06\/OF\u00cdCIO-194-CONVOCA\u00c7AO-COVID-19-PS-003-2020.pdf\">10\/06\/2020 &#8211; OF\u00cdCIO 194 &#8211; CONVOCA\u00c7AO COVID-19 PS 003-2020<\/a><br \/>\n<a href=\"https:\/\/conselheirolafaiete.mg.gov.br\/v1\/wp-content\/uploads\/2020\/06\/OF\u00cdCIO-191-CONVOCA\u00c7AO-COVID-19-PS-003-2020.pdf\">09\/06\/2020 &#8211; OF\u00cdCIO 191 &#8211; CONVOCA\u00c7AO COVID-19 PS 003-2020<\/a><br \/>\n<a href=\"https:\/\/conselheirolafaiete.mg.gov.br\/v1\/wp-content\/uploads\/2020\/06\/OF\u00cdCIO-184-CONVOCA\u00c7AO-COVID-19-PS-003-2020.pdf\">08\/06\/2020 &#8211; OF\u00cdCIO 184 &#8211; CONVOCA\u00c7AO COVID-19 PS 003-2020<\/a><br \/>\n<a href=\"https:\/\/conselheirolafaiete.mg.gov.br\/v1\/wp-content\/uploads\/2020\/05\/OF\u00cdCIO-179-CONVOCA\u00c7AO-COVID-19-PS-003-2020.pdf\">26\/05\/2020 &#8211; OF\u00cdCIO 179 &#8211; CONVOCA\u00c7AO COVID-19 PS 003-2020<\/a><br \/>\n<a href=\"https:\/\/conselheirolafaiete.mg.gov.br\/v1\/wp-content\/uploads\/2020\/05\/OF\u00cdCIO-176-CONVOCA\u00c7AO-COVID-19-PS-003-2020.pdf\">25\/05\/2020 &#8211; OF\u00cdCIO 176 &#8211; CONVOCA\u00c7AO COVID-19 PS 003-2020<\/a><br \/>\n<a href=\"https:\/\/conselheirolafaiete.mg.gov.br\/v1\/wp-content\/uploads\/2020\/05\/OF\u00cdCIO-175-CONVOCA\u00c7AO-COVID-19-PS-003-2020.pdf\">22\/05\/2020 &#8211; OF\u00cdCIO 175 &#8211; CONVOCA\u00c7AO COVID-19 PS 003-2020<\/a><br \/>\n<a href=\"https:\/\/conselheirolafaiete.mg.gov.br\/v1\/wp-content\/uploads\/2020\/05\/OF\u00cdCIO-173-CONVOCA\u00c7AO-COVID-19-PS-003-2020.pdf\">20\/05\/2020 &#8211; OF\u00cdCIO 173- CONVOCA\u00c7AO COVID-19 PS 003-2020<\/a><br \/>\n<a href=\"https:\/\/conselheirolafaiete.mg.gov.br\/v1\/wp-content\/uploads\/2020\/05\/OFICIO-171-CONVOCA\u00c7AO-COVID-19-PS-004-2020.pdf\">19\/05\/2020 &#8211; OFICIO 171- CONVOCA\u00c7AO COVID-19 PS 004-2020<\/a><br \/>\n<a href=\"https:\/\/conselheirolafaiete.mg.gov.br\/v1\/wp-content\/uploads\/2020\/05\/OF\u00cdCIO-167-CONVOCA\u00c7AO-COVID-19-PS-003-2020-2.pdf\">18\/05\/2020 &#8211; OF\u00cdCIO 167- CONVOCA\u00c7AO COVID-19 PS 003-2020 (2)<\/a><br \/>\n<a href=\"https:\/\/conselheirolafaiete.mg.gov.br\/v1\/wp-content\/uploads\/2020\/05\/165-CONVOCA\u00c7AO-PS-003-2019.pdf\">15\/05\/2020 &#8211; 18:39 hs &#8211; 165- CONVOCA\u00c7AO PS 003-2019<\/a><br \/>\n<a href=\"https:\/\/conselheirolafaiete.mg.gov.br\/v1\/wp-content\/uploads\/2020\/05\/ERRATA_CONVOCA\u00c7AO-COVID-19-PS-003-2020.pdf\">08\/05\/2020 &#8211; ERRATA_CONVOCA\u00c7AO COVID-19 PS 003-2020<\/a><\/p>\n<p><strong>*ATEN\u00c7\u00c3O FAVOR OBSERVAR OS HOR\u00c1RIOS ESTIPULADOS NA CONVOCA\u00c7\u00c3O PARA EVITAR AGLOMERA\u00c7\u00d5ES<\/strong><br \/>\n<a href=\"https:\/\/conselheirolafaiete.mg.gov.br\/v1\/wp-content\/uploads\/2020\/05\/CONVOCA\u00c7AO-COVID-19-PS-003-2020.pdf\">08\/05\/2020 &#8211; CONVOCA\u00c7AO COVID-19 PS 003-2020<\/a><br \/>\n<strong>*ATEN\u00c7\u00c3O FAVOR OBSERVAR OS HOR\u00c1RIOS ESTIPULADOS NA CONVOCA\u00c7\u00c3O PARA EVITAR AGLOMERA\u00c7\u00d5ES<\/strong><br \/>\n<a href=\"https:\/\/conselheirolafaiete.mg.gov.br\/v1\/wp-content\/uploads\/2020\/04\/155-CONVOCA\u00c7AO-ENFERMEIRO-PS-003-2019.pdf\">28\/04\/2020 &#8211; 155- CONVOCA\u00c7AO ENFERMEIRO PS 003-2019<\/a><br \/>\n<a href=\"https:\/\/conselheirolafaiete.mg.gov.br\/v1\/wp-content\/uploads\/2020\/04\/152-CONVOCA\u00c7AO-ENFERMEIRO-PS-003-2019.pdf\">24\/04\/2020 &#8211; 152- CONVOCA\u00c7AO ENFERMEIRO PS 003-2019<\/a><br \/>\n<a href=\"https:\/\/conselheirolafaiete.mg.gov.br\/v1\/wp-content\/uploads\/2020\/04\/145-CONVOCA\u00c7AO-ENFERMEIRO-PS-003-2019.pdf\">15\/04\/2020 &#8211; 145- CONVOCA\u00c7AO ENFERMEIRO PS 003-2019<\/a><br \/>\n<a href=\"https:\/\/conselheirolafaiete.mg.gov.br\/v1\/wp-content\/uploads\/2020\/04\/136-CONVOCA\u00c7AO-PS-003-2019.pdf\">02\/04\/2020 &#8211; 136- CONVOCA\u00c7AO PS 003-2019<\/a><br \/>\n<a href=\"https:\/\/conselheirolafaiete.mg.gov.br\/v1\/wp-content\/uploads\/2020\/04\/137-CONVOCA\u00c7AO-PS-002-2020.pdf\">02\/04\/2020 &#8211; 137- CONVOCA\u00c7AO PS 002-2020<\/a><br \/>\n<a href=\"https:\/\/conselheirolafaiete.mg.gov.br\/v1\/wp-content\/uploads\/2020\/03\/130-CONVOCA\u00c7AO-PS-002-2020.pdf\">25\/03\/2020 &#8211; 130- CONVOCA\u00c7AO PS 002-2020<\/a><br \/>\n<a href=\"https:\/\/conselheirolafaiete.mg.gov.br\/v1\/wp-content\/uploads\/2020\/03\/122Convoca\u00e7\u00e3o-Processo-Seletivo-Estagio-001-20119.pdf\">19\/03\/2020 &#8211; 122Convoca\u00e7\u00e3o Processo Seletivo Estagio 001-20119<\/a><br \/>\n<a href=\"https:\/\/conselheirolafaiete.mg.gov.br\/v1\/wp-content\/uploads\/2020\/03\/117-Convoca\u00e7ao-P-S-01-2019-M\u00c9DICO-VETERIN\u00c1RIO.pdf\">17\/03\/2020 &#8211; 117 Convoca\u00e7ao P S 01-2019 M\u00c9DICO VETERIN\u00c1RIO<\/a><br \/>\n<a href=\"https:\/\/conselheirolafaiete.mg.gov.br\/v1\/wp-content\/uploads\/2020\/02\/086Convoca\u00e7\u00e3o-Processo-Seletivo-003-20119.pdf\">13\/02\/2020 &#8211; 086Convoca\u00e7\u00e3o Processo Seletivo 003-20119<\/a><br \/>\n<a href=\"https:\/\/conselheirolafaiete.mg.gov.br\/v1\/wp-content\/uploads\/2020\/02\/082-CONVOCA\u00c7AO-PS-003-2019.pdf\">11\/02\/2020 &#8211; 082- CONVOCA\u00c7AO PS 003-2019<\/a><br \/>\n<a href=\"https:\/\/conselheirolafaiete.mg.gov.br\/v1\/wp-content\/uploads\/2020\/02\/078-Convoca\u00e7\u00e3o-Processo-Seletivo-003-20119.pdf\">07\/02\/2020 &#8211; 078 Convoca\u00e7\u00e3o Processo Seletivo 003-20119<\/a><br \/>\n<a href=\"https:\/\/conselheirolafaiete.mg.gov.br\/v1\/wp-content\/uploads\/2020\/02\/Errata.pdf\">06\/02\/2020 &#8211; of\u00edcio 074\/2020 referente a errata da convoca\u00e7\u00e3o do Processo Seletivo edital 003\/2019.<\/a><br \/>\n<a href=\"https:\/\/conselheirolafaiete.mg.gov.br\/v1\/wp-content\/uploads\/2020\/02\/073-CONVOCA\u00c7AO-PS-003-2019.pdf\">06\/02\/2020 &#8211; 073- CONVOCA\u00c7AO PS 003-2019<\/a><br \/>\n<a href=\"https:\/\/conselheirolafaiete.mg.gov.br\/v1\/wp-content\/uploads\/2020\/02\/069-Convoca\u00e7\u00e3o-Processo-Seletivo-003-20119.pdf\">05\/02\/2020 &#8211; 069 Convoca\u00e7\u00e3o Processo Seletivo 003-20119<\/a><br \/>\n<a href=\"https:\/\/conselheirolafaiete.mg.gov.br\/v1\/wp-content\/uploads\/2020\/01\/043-CONVOCA\u00c7AO-PS-003-2019.pdf\">22\/01\/2020 &#8211; 043- CONVOCA\u00c7AO PS 003-2019<\/a><\/p>\n","protected":false},"excerpt":{"rendered":"<p>28\/12\/2020 &#8211; OF\u00cdCIO 395 &#8211; CONVOCA\u00c7AO 011-2020 03\/12\/2020 &#8211; OF\u00cdCIO 385 &#8211; CONVOCA\u00c7AO 001-2020-SMA 24\/11\/2020 &#8211; CONVOCA\u00c7AO 003-2020 e 011-2020 20\/11\/2020 &#8211; OF\u00cdCIO 367 &#8211; CONVOCA\u00c7AO 003-2020 e 011-2020 23\/10\/2020 &#8211; OF\u00cdCIO 346 &#8211; CONVOCA\u00c7AO 005-2020 e 011-2020 09\/10\/2020 &#8211; OF\u00cdCIO 339 &#8211; CONVOCA\u00c7AO 003-2019 26\/08\/2020 &#8211; OF\u00cdCIO 305 &#8211; CONVOCA\u00c7AO PS 005 e 009-2020 [&hellip;]<\/p>\n","protected":false},"author":1,"featured_media":0,"parent":0,"menu_order":0,"comment_status":"closed","ping_status":"closed","template":"","meta":{"footnotes":""},"class_list":["post-4459","page","type-page","status-publish","hentry"],"_links":{"self":[{"href":"https:\/\/conselheirolafaiete.mg.gov.br\/v1\/wp-json\/wp\/v2\/pages\/4459","targetHints":{"allow":["GET"]}}],"collection":[{"href":"https:\/\/conselheirolafaiete.mg.gov.br\/v1\/wp-json\/wp\/v2\/pages"}],"about":[{"href":"https:\/\/conselheirolafaiete.mg.gov.br\/v1\/wp-json\/wp\/v2\/types\/page"}],"author":[{"embeddable":true,"href":"https:\/\/conselheirolafaiete.mg.gov.br\/v1\/wp-json\/wp\/v2\/users\/1"}],"replies":[{"embeddable":true,"href":"https:\/\/conselheirolafaiete.mg.gov.br\/v1\/wp-json\/wp\/v2\/comments?post=4459"}],"version-history":[{"count":64,"href":"https:\/\/conselheirolafaiete.mg.gov.br\/v1\/wp-json\/wp\/v2\/pages\/4459\/revisions"}],"predecessor-version":[{"id":6123,"href":"https:\/\/conselheirolafaiete.mg.gov.br\/v1\/wp-json\/wp\/v2\/pages\/4459\/revisions\/6123"}],"wp:attachment":[{"href":"https:\/\/conselheirolafaiete.mg.gov.br\/v1\/wp-json\/wp\/v2\/media?parent=4459"}],"curies":[{"name":"wp","href":"https:\/\/api.w.org\/{rel}","templated":true}]}}