{"id":4664,"date":"2020-03-11T10:38:27","date_gmt":"2020-03-11T12:38:27","guid":{"rendered":"http:\/\/conselheirolafaiete.mg.gov.br\/v1\/?page_id=4664"},"modified":"2023-10-16T11:34:43","modified_gmt":"2023-10-16T14:34:43","slug":"legislacao-tributaria","status":"publish","type":"page","link":"https:\/\/conselheirolafaiete.mg.gov.br\/v1\/legislacao-tributaria\/","title":{"rendered":"Legisla\u00e7\u00e3o Tribut\u00e1ria"},"content":{"rendered":"<p><strong><a href=\"https:\/\/conselheirolafaiete.mg.gov.br\/v1\/wp-content\/uploads\/2020\/03\/Lei-complementar-101-DISP\u00d5E-SOBRE-O-IMPOSTO-SOBRE-SERVI\u00c7OS-DE-QUALQUER-NATUREZA-\u2013-ISSQN-REVOGA-A-LEI-COMPLEMENTAR-N\u00b0-22.pdf\">Lei-complementar-101-DISP\u00d5E-SOBRE-O-IMPOSTO-SOBRE-SERVI\u00c7OS-DE-QUALQUER-NATUREZA-\u2013-ISSQN-REVOGA-A-LEI-COMPLEMENTAR-N\u00b0-22<\/a><\/strong><\/p>\n<p><strong><a href=\"https:\/\/conselheirolafaiete.mg.gov.br\/v1\/wp-content\/uploads\/2022\/09\/Lei-Complementar-n\u00ba-083-de-2015-C\u00f3digo-Sanit\u00e1rio.pdf\">Lei Complementar n\u00ba 083 de 2015 &#8211; C\u00f3digo Sanit\u00e1rio<\/a><\/strong><\/p>\n<p><strong><a href=\"https:\/\/conselheirolafaiete.mg.gov.br\/v1\/wp-content\/uploads\/2022\/09\/Lei-n\u00ba-2239-1980-C\u00f3digo-Tribut\u00e1rio-compilado-at\u00e9-2021-1.pdf\"><span style=\"font-size: 10.0pt; font-family: 'Verdana',sans-serif;\">Lei n\u00ba 2239\/1980 &#8211; C\u00f3digo Tribut\u00e1rio Compilado at\u00e9 2021<\/span><\/a><\/strong><\/p>\n<p><strong><a href=\"https:\/\/conselheirolafaiete.mg.gov.br\/v1\/wp-content\/uploads\/2023\/10\/Decreto-339-DISP\u00d5E-SOBRE-A-REGULAMENTA\u00c7\u00c3O-DA-CO-BRAN\u00c7A-DO-IMPOSTO-DE-TRANSMISS\u00c3O-DE-BENS-IM\u00d3VEIS-\u201cINTER-VIVOS\u201d-\u2013-ITBI.pdf\">Decreto-339-DISP\u00d5E-SOBRE-A-REGULAMENTA\u00c7\u00c3O-DA-CO-BRAN\u00c7A-DO-IMPOSTO-DE-TRANSMISS\u00c3O-DE-BENS-IM\u00d3VEIS-\u201cINTER-VIVOS\u201d-\u2013-ITBI<\/a><\/strong><\/p>\n<p><strong><a href=\"https:\/\/conselheirolafaiete.mg.gov.br\/v1\/wp-content\/uploads\/2023\/10\/Lei-2.718-INSTITUI-NO-MUNIC\u00cdPIO-DE-CONSELHEIRO-LAFAIETE-O-IMPOSTO-DE-TRANSNISS\u00c3O-DE-BENS-IM\u00d3VEIS-INTER-VIVOS-E-DE-DIREITOS-A-ELA-RELATIVOS-E-D\u00c1-OUTRAS-PROVID\u00caNCIAS..pdf\">Lei 2.718 INSTITUI, NO MUNIC\u00cdPIO DE CONSELHEIRO LAFAIETE, O IMPOSTO DE TRANSNISS\u00c3O DE BENS IM\u00d3VEIS INTER-VIVOS E DE DIREITOS A ELA RELATIVOS E D\u00c1 OUTRAS PROVID\u00caNCIAS.<\/a><\/strong><\/p>\n<p><strong><a href=\"https:\/\/conselheirolafaiete.mg.gov.br\/v1\/wp-content\/uploads\/2023\/10\/Lei_6.070-INCLUI-DISPOSITIVOS-NA-LEI-MUNICIPAL-N\u00ba-2.718-DE-25-DE-JANEIRO-DE-1989-DISPONDO-SOBRE-A-ISEN\u00c7\u00c3O-DO-IMPOSTO-DE.pdf\">Lei_6.070 &#8211; INCLUI DISPOSITIVOS NA LEI MUNICIPAL N\u00ba 2.718, DE 25 DE JANEIRO DE 1989, DISPONDO SOBRE A ISEN\u00c7\u00c3O DO IMPOSTO DE<\/a><\/strong><\/p>\n<p><strong><a href=\"https:\/\/conselheirolafaiete.mg.gov.br\/v1\/wp-content\/uploads\/2023\/10\/Lei-6.248-2023-DISP\u00d5E-SOBRE-A-\u201cCONTRIBUI\u00c7\u00c3O-DESTINADA-AO-CUSTEIO-DE-ILUMINA\u00c7\u00c3O-P\u00daBLICA-\u2013-CIP\u201d-NO-\u00c2MBITO-DO-MUNIC\u00cdPIO-DE-CONSELHEIRO-LAFAIETE-E-D\u00c1-OUTRAS-PROVID\u00caNCIAS..pdf\">Lei-6.248-2023 &#8211; DISP\u00d5E SOBRE A \u201cCONTRIBUI\u00c7\u00c3O DESTINADA AO CUSTEIO DE ILUMINA\u00c7\u00c3O P\u00daBLICA \u2013 CIP\u201d NO \u00c2MBITO DO MUNIC\u00cdPIO DE CONSELHEIRO LAFAIETE E D\u00c1 OUTRAS PROVID\u00caNCIAS.<\/a><\/strong><\/p>\n","protected":false},"excerpt":{"rendered":"<p>Lei-complementar-101-DISP\u00d5E-SOBRE-O-IMPOSTO-SOBRE-SERVI\u00c7OS-DE-QUALQUER-NATUREZA-\u2013-ISSQN-REVOGA-A-LEI-COMPLEMENTAR-N\u00b0-22 Lei Complementar n\u00ba 083 de 2015 &#8211; C\u00f3digo Sanit\u00e1rio Lei n\u00ba 2239\/1980 &#8211; C\u00f3digo Tribut\u00e1rio Compilado at\u00e9 2021 Decreto-339-DISP\u00d5E-SOBRE-A-REGULAMENTA\u00c7\u00c3O-DA-CO-BRAN\u00c7A-DO-IMPOSTO-DE-TRANSMISS\u00c3O-DE-BENS-IM\u00d3VEIS-\u201cINTER-VIVOS\u201d-\u2013-ITBI Lei 2.718 INSTITUI, NO MUNIC\u00cdPIO DE CONSELHEIRO LAFAIETE, O IMPOSTO DE TRANSNISS\u00c3O DE BENS IM\u00d3VEIS INTER-VIVOS E DE DIREITOS A ELA RELATIVOS E D\u00c1 OUTRAS PROVID\u00caNCIAS. Lei_6.070 &#8211; INCLUI DISPOSITIVOS NA LEI MUNICIPAL N\u00ba 2.718, [&hellip;]<\/p>\n","protected":false},"author":1,"featured_media":0,"parent":0,"menu_order":0,"comment_status":"closed","ping_status":"closed","template":"","meta":{"footnotes":""},"class_list":["post-4664","page","type-page","status-publish","hentry"],"_links":{"self":[{"href":"https:\/\/conselheirolafaiete.mg.gov.br\/v1\/wp-json\/wp\/v2\/pages\/4664","targetHints":{"allow":["GET"]}}],"collection":[{"href":"https:\/\/conselheirolafaiete.mg.gov.br\/v1\/wp-json\/wp\/v2\/pages"}],"about":[{"href":"https:\/\/conselheirolafaiete.mg.gov.br\/v1\/wp-json\/wp\/v2\/types\/page"}],"author":[{"embeddable":true,"href":"https:\/\/conselheirolafaiete.mg.gov.br\/v1\/wp-json\/wp\/v2\/users\/1"}],"replies":[{"embeddable":true,"href":"https:\/\/conselheirolafaiete.mg.gov.br\/v1\/wp-json\/wp\/v2\/comments?post=4664"}],"version-history":[{"count":9,"href":"https:\/\/conselheirolafaiete.mg.gov.br\/v1\/wp-json\/wp\/v2\/pages\/4664\/revisions"}],"predecessor-version":[{"id":17128,"href":"https:\/\/conselheirolafaiete.mg.gov.br\/v1\/wp-json\/wp\/v2\/pages\/4664\/revisions\/17128"}],"wp:attachment":[{"href":"https:\/\/conselheirolafaiete.mg.gov.br\/v1\/wp-json\/wp\/v2\/media?parent=4664"}],"curies":[{"name":"wp","href":"https:\/\/api.w.org\/{rel}","templated":true}]}}