{"id":4955,"date":"2020-05-14T11:52:46","date_gmt":"2020-05-14T13:52:46","guid":{"rendered":"http:\/\/conselheirolafaiete.mg.gov.br\/v1\/?page_id=4955"},"modified":"2020-05-14T11:52:46","modified_gmt":"2020-05-14T13:52:46","slug":"deliberacoes-do-comite-extraordinario-covid-19","status":"publish","type":"page","link":"https:\/\/conselheirolafaiete.mg.gov.br\/v1\/deliberacoes-do-comite-extraordinario-covid-19\/","title":{"rendered":"Delibera\u00e7\u00f5es do Comit\u00ea Extraordin\u00e1rio COVID 19"},"content":{"rendered":"<ul>\n<li><a href=\"https:\/\/conselheirolafaiete.mg.gov.br\/v1\/wp-content\/uploads\/2020\/04\/DELIBERA%C3%87%C3%83O-DO-COMIT%C3%8A-EXTRAORDIN%C3%81RIO-CL-COVID-001.pdf\">07\/04\/2020 \u2013 DELIBERA\u00c7\u00c3O DO COMIT\u00ca EXTRAORDIN\u00c1RIO CL COVID 001<\/a><\/li>\n<li><a href=\"https:\/\/conselheirolafaiete.mg.gov.br\/v1\/wp-content\/uploads\/2020\/04\/DELIBERA%C3%87%C3%83O-DO-COMIT%C3%8A-EXTRAORDIN%C3%81RIO-CL-COVID-002.pdf\">07\/04\/2020 \u2013 DELIBERA\u00c7\u00c3O DO COMIT\u00ca EXTRAORDIN\u00c1RIO CL COVID 002<\/a><\/li>\n<li><a href=\"https:\/\/conselheirolafaiete.mg.gov.br\/v1\/wp-content\/uploads\/2020\/04\/DELIBERA%C3%87%C3%83O-DO-COMIT%C3%8A-EXTRAORDIN%C3%81RIO-CL-COVID-003-1.pdf\">07\/04\/2020 \u2013 DELIBERA\u00c7\u00c3O DO COMIT\u00ca EXTRAORDIN\u00c1RIO CL COVID 003<\/a><\/li>\n<li><a href=\"https:\/\/conselheirolafaiete.mg.gov.br\/v1\/wp-content\/uploads\/2020\/04\/DELIBERA%C3%87%C3%83O-DO-COMIT%C3%8A-EXTRAORDIN%C3%81RIO-CL-COVID-004-1.pdf\">08\/04\/2020 \u2013 DELIBERA\u00c7\u00c3O DO COMIT\u00ca EXTRAORDIN\u00c1RIO CL COVID 004<\/a><\/li>\n<li><a href=\"https:\/\/conselheirolafaiete.mg.gov.br\/v1\/wp-content\/uploads\/2020\/04\/DELIBERA%C3%87%C3%83O-DO-COMIT%C3%8A-EXTRAORDIN%C3%81RIO-CL-COVID-005-este.pdf\">08\/04\/2020 \u2013 DELIBERA\u00c7\u00c3O DO COMIT\u00ca EXTRAORDIN\u00c1RIO CL COVID 005<\/a><\/li>\n<\/ul>\n","protected":false},"excerpt":{"rendered":"<p>07\/04\/2020 \u2013 DELIBERA\u00c7\u00c3O DO COMIT\u00ca EXTRAORDIN\u00c1RIO CL COVID 001 07\/04\/2020 \u2013 DELIBERA\u00c7\u00c3O DO COMIT\u00ca EXTRAORDIN\u00c1RIO CL COVID 002 07\/04\/2020 \u2013 DELIBERA\u00c7\u00c3O DO COMIT\u00ca EXTRAORDIN\u00c1RIO CL COVID 003 08\/04\/2020 \u2013 DELIBERA\u00c7\u00c3O DO COMIT\u00ca EXTRAORDIN\u00c1RIO CL COVID 004 08\/04\/2020 \u2013 DELIBERA\u00c7\u00c3O DO COMIT\u00ca EXTRAORDIN\u00c1RIO CL COVID 005<\/p>\n","protected":false},"author":1,"featured_media":0,"parent":0,"menu_order":0,"comment_status":"closed","ping_status":"closed","template":"","meta":{"footnotes":""},"class_list":["post-4955","page","type-page","status-publish","hentry"],"_links":{"self":[{"href":"https:\/\/conselheirolafaiete.mg.gov.br\/v1\/wp-json\/wp\/v2\/pages\/4955","targetHints":{"allow":["GET"]}}],"collection":[{"href":"https:\/\/conselheirolafaiete.mg.gov.br\/v1\/wp-json\/wp\/v2\/pages"}],"about":[{"href":"https:\/\/conselheirolafaiete.mg.gov.br\/v1\/wp-json\/wp\/v2\/types\/page"}],"author":[{"embeddable":true,"href":"https:\/\/conselheirolafaiete.mg.gov.br\/v1\/wp-json\/wp\/v2\/users\/1"}],"replies":[{"embeddable":true,"href":"https:\/\/conselheirolafaiete.mg.gov.br\/v1\/wp-json\/wp\/v2\/comments?post=4955"}],"version-history":[{"count":1,"href":"https:\/\/conselheirolafaiete.mg.gov.br\/v1\/wp-json\/wp\/v2\/pages\/4955\/revisions"}],"predecessor-version":[{"id":4956,"href":"https:\/\/conselheirolafaiete.mg.gov.br\/v1\/wp-json\/wp\/v2\/pages\/4955\/revisions\/4956"}],"wp:attachment":[{"href":"https:\/\/conselheirolafaiete.mg.gov.br\/v1\/wp-json\/wp\/v2\/media?parent=4955"}],"curies":[{"name":"wp","href":"https:\/\/api.w.org\/{rel}","templated":true}]}}