{"id":4981,"date":"2020-05-19T11:47:54","date_gmt":"2020-05-19T13:47:54","guid":{"rendered":"http:\/\/conselheirolafaiete.mg.gov.br\/v1\/?page_id=4981"},"modified":"2020-12-15T16:22:27","modified_gmt":"2020-12-15T18:22:27","slug":"editais-de-autuacao-de-transito-2020","status":"publish","type":"page","link":"https:\/\/conselheirolafaiete.mg.gov.br\/v1\/editais-de-autuacao-de-transito-2020\/","title":{"rendered":"Editais de Autua\u00e7\u00e3o de Tr\u00e2nsito 2020"},"content":{"rendered":"<p><a href=\"https:\/\/conselheirolafaiete.mg.gov.br\/v1\/wp-content\/uploads\/2020\/12\/EDITAL-052.20-DEFESA-ACOLHIDA.pdf\">EDITAL 052.20 DEFESA ACOLHIDA<\/a><\/p>\n<p><a href=\"https:\/\/conselheirolafaiete.mg.gov.br\/v1\/wp-content\/uploads\/2020\/12\/EDITAL-052.20-JARI-RECURSO-ACOLHIDOS.pdf\">EDITAL 052.20 JARI RECURSO ACOLHIDOS<\/a><\/p>\n<p><a href=\"https:\/\/conselheirolafaiete.mg.gov.br\/v1\/wp-content\/uploads\/2020\/12\/EDITAL-053.20-DEFESA-N\u00c3O-ACOLHIDA.pdf\">EDITAL 053.20 DEFESA N\u00c3O ACOLHIDA<\/a><br \/>\n<a href=\"https:\/\/conselheirolafaiete.mg.gov.br\/v1\/wp-content\/uploads\/2020\/10\/Edital-de-Notific\u00e3o-Autua\u00e7\u00e3o.pdf\">21.09.2020 &#8211; Edital de Notific\u00e3o Autua\u00e7\u00e3o<\/a><\/p>\n<p><a href=\"https:\/\/conselheirolafaiete.mg.gov.br\/v1\/wp-content\/uploads\/2020\/10\/Edital-de-Notifica\u00e7\u00e3o-Multa.pdf\">21.09.2020 &#8211; Edital de Notifica\u00e7\u00e3o &#8211; Multa<\/a><\/p>\n<p><a href=\"https:\/\/conselheirolafaiete.mg.gov.br\/v1\/wp-content\/uploads\/2020\/10\/Edital-de-Notifica\u00e7\u00e3o-Condutor-Infrator.pdf\">21.09.2020 &#8211; Edital de Notifica\u00e7\u00e3o &#8211; Condutor Infrator<\/a><\/p>\n<p><a href=\"https:\/\/conselheirolafaiete.mg.gov.br\/v1\/wp-content\/uploads\/2020\/07\/Edital-050-2020-DEFESAS-ACOLHIDAS.pdf\">25\/07\/2020 &#8211; Edital 050-2020 DEFESAS ACOLHIDAS<\/a><\/p>\n<p><a href=\"https:\/\/conselheirolafaiete.mg.gov.br\/v1\/wp-content\/uploads\/2020\/07\/Edital-051-2020-DEFESAS-N\u00c3O-ACOLHIDAS.pdf\">25\/07\/2020 &#8211; Edital 051-2020 DEFESAS N\u00c3O ACOLHIDAS<\/a><\/p>\n<p><a href=\"https:\/\/conselheirolafaiete.mg.gov.br\/v1\/wp-content\/uploads\/2020\/06\/Edital-de-recursos-Indeferidos-051-2020.pdf\">Edital de recursos Indeferidos 051-2020<\/a><\/p>\n<p><a href=\"https:\/\/conselheirolafaiete.mg.gov.br\/v1\/wp-content\/uploads\/2020\/06\/Edital-de-recursos-Acolhidos-050-2020.pdf\">Edital de recursos Acolhidos 050-2020<\/a><\/p>\n<p><a href=\"https:\/\/conselheirolafaiete.mg.gov.br\/v1\/wp-content\/uploads\/2020\/06\/EDITAL-048.2020-DEFESAS-ACOLHIDAS.pdf\">EDITAL 048.2020 DEFESAS ACOLHIDAS<\/a><\/p>\n<p><a href=\"https:\/\/conselheirolafaiete.mg.gov.br\/v1\/wp-content\/uploads\/2020\/06\/EDITAL-049.2020-DEFESAS-N\u00c3O-ACOLHIDAS.pdf\">EDITAL 049.2020 DEFESAS N\u00c3O ACOLHIDAS<\/a><\/p>\n<p><a href=\"https:\/\/conselheirolafaiete.mg.gov.br\/v1\/wp-content\/uploads\/2020\/06\/EDITAL-DE-PENALIDADE-001.2020.pdf\">EDITAL DE PENALIDADE 001.2020<\/a><\/p>\n<p><a href=\"https:\/\/conselheirolafaiete.mg.gov.br\/v1\/wp-content\/uploads\/2020\/06\/EDITAL-DE-AUTUA\u00c7\u00c3O-001.2020.pdf\">EDITAL DE AUTUA\u00c7\u00c3O 001.2020<\/a><\/p>\n<p><a href=\"https:\/\/conselheirolafaiete.mg.gov.br\/v1\/wp-content\/uploads\/2020\/06\/EDITAL-DE-NIC-001.2020.pdf\">EDITAL DE NIC 001.2020<\/a><\/p>\n<p><a href=\"https:\/\/conselheirolafaiete.mg.gov.br\/v1\/wp-content\/uploads\/2020\/05\/EDITAL-DE-PENALIDADE-001.2020.pdf\">EDITAL DE PENALIDADE 001.2020<\/a><\/p>\n<p><a href=\"https:\/\/conselheirolafaiete.mg.gov.br\/v1\/wp-content\/uploads\/2020\/05\/EDITAL-048.2020-DEFESAS-ACOLHIDAS.pdf\">EDITAL 048.2020 DEFESAS ACOLHIDAS<\/a><\/p>\n<p><a href=\"https:\/\/conselheirolafaiete.mg.gov.br\/v1\/wp-content\/uploads\/2020\/05\/EDITAL-049.2020-DEFESAS-N\u00c3O-ACOLHIDAS.pdf\">EDITAL 049.2020 DEFESAS N\u00c3O ACOLHIDAS<\/a><\/p>\n<p><a href=\"https:\/\/conselheirolafaiete.mg.gov.br\/v1\/wp-content\/uploads\/2020\/05\/EDITAL-DE-AUTUA\u00c7\u00c3O-001.2020.pdf\">EDITAL DE AUTUA\u00c7\u00c3O 001.2020<\/a><\/p>\n<p><a href=\"https:\/\/conselheirolafaiete.mg.gov.br\/v1\/wp-content\/uploads\/2020\/05\/EDITAL-DE-NIC-001.2020.pdf\">EDITAL DE NIC 001.2020<\/a><\/p>\n","protected":false},"excerpt":{"rendered":"<p>EDITAL 052.20 DEFESA ACOLHIDA EDITAL 052.20 JARI RECURSO ACOLHIDOS EDITAL 053.20 DEFESA N\u00c3O ACOLHIDA 21.09.2020 &#8211; Edital de Notific\u00e3o Autua\u00e7\u00e3o 21.09.2020 &#8211; Edital de Notifica\u00e7\u00e3o &#8211; Multa 21.09.2020 &#8211; Edital de Notifica\u00e7\u00e3o &#8211; Condutor Infrator 25\/07\/2020 &#8211; Edital 050-2020 DEFESAS ACOLHIDAS 25\/07\/2020 &#8211; Edital 051-2020 DEFESAS N\u00c3O ACOLHIDAS Edital de recursos Indeferidos 051-2020 Edital de [&hellip;]<\/p>\n","protected":false},"author":1,"featured_media":0,"parent":0,"menu_order":0,"comment_status":"closed","ping_status":"closed","template":"","meta":{"footnotes":""},"class_list":["post-4981","page","type-page","status-publish","hentry"],"_links":{"self":[{"href":"https:\/\/conselheirolafaiete.mg.gov.br\/v1\/wp-json\/wp\/v2\/pages\/4981","targetHints":{"allow":["GET"]}}],"collection":[{"href":"https:\/\/conselheirolafaiete.mg.gov.br\/v1\/wp-json\/wp\/v2\/pages"}],"about":[{"href":"https:\/\/conselheirolafaiete.mg.gov.br\/v1\/wp-json\/wp\/v2\/types\/page"}],"author":[{"embeddable":true,"href":"https:\/\/conselheirolafaiete.mg.gov.br\/v1\/wp-json\/wp\/v2\/users\/1"}],"replies":[{"embeddable":true,"href":"https:\/\/conselheirolafaiete.mg.gov.br\/v1\/wp-json\/wp\/v2\/comments?post=4981"}],"version-history":[{"count":8,"href":"https:\/\/conselheirolafaiete.mg.gov.br\/v1\/wp-json\/wp\/v2\/pages\/4981\/revisions"}],"predecessor-version":[{"id":6042,"href":"https:\/\/conselheirolafaiete.mg.gov.br\/v1\/wp-json\/wp\/v2\/pages\/4981\/revisions\/6042"}],"wp:attachment":[{"href":"https:\/\/conselheirolafaiete.mg.gov.br\/v1\/wp-json\/wp\/v2\/media?parent=4981"}],"curies":[{"name":"wp","href":"https:\/\/api.w.org\/{rel}","templated":true}]}}