{"id":7470,"date":"2021-06-02T10:36:18","date_gmt":"2021-06-02T13:36:18","guid":{"rendered":"http:\/\/conselheirolafaiete.mg.gov.br\/v1\/?page_id=7470"},"modified":"2021-06-02T10:38:04","modified_gmt":"2021-06-02T13:38:04","slug":"processos-administrativos","status":"publish","type":"page","link":"https:\/\/conselheirolafaiete.mg.gov.br\/v1\/processos-administrativos\/","title":{"rendered":"Processos Administrativos"},"content":{"rendered":"<a href=\"https:\/\/conselheirolafaiete.mg.gov.br\/v1\/wp-content\/uploads\/2023\/04\/Extrato-de-Publica\u00e7\u00e3o-PA-02-2023-3T-Log\u00edstica.pdf\" target=\"_blank\" >Processo Administrativo n\u00ba 02-2023<\/a><\/br><\/br><a href=\"https:\/\/conselheirolafaiete.mg.gov.br\/v1\/wp-content\/uploads\/2023\/04\/Extrato-de-Publica\u00e7\u00e3o-PA-01-2023-ECM.pdf\" target=\"_blank\" >Processo Administrativo n\u00ba 01-2023<\/a><\/br><\/br><a href=\"https:\/\/conselheirolafaiete.mg.gov.br\/v1\/wp-content\/uploads\/2021\/12\/07-Publica\u00e7\u00e3o-Processo-Administrativo-07-12-2021.pdf\" target=\"_blank\" >Extrato de Publica\u00e7\u00e3o n\u00b0. 07\/2021<\/a><\/br><\/br><a href=\"https:\/\/conselheirolafaiete.mg.gov.br\/v1\/wp-content\/uploads\/2021\/10\/06-Publica\u00e7\u00e3o-Processo-Administrativo-06-10-2021-1.pdf\" target=\"_blank\" >Extrato de Publica\u00e7\u00e3o n\u00b0 06\/2021<\/a><\/br><\/br><a href=\"https:\/\/conselheirolafaiete.mg.gov.br\/v1\/wp-content\/uploads\/2021\/09\/05-Publica\u00e7\u00e3o-Processo-Administrativo-01-09-2021.pdf\" target=\"_blank\" >Extrato de Publica\u00e7\u00e3o n\u00b0 05\/2021<\/a><\/br><\/br><a href=\"https:\/\/conselheirolafaiete.mg.gov.br\/v1\/wp-content\/uploads\/2021\/08\/04-Publica\u00e7\u00e3o-Processo-Administrativo-10-08-2021.pdf\" target=\"_blank\" >Extrato de Publica\u00e7\u00e3o n\u00b0 04\/2021<\/a><\/br><\/br><a href=\"https:\/\/conselheirolafaiete.mg.gov.br\/v1\/wp-content\/uploads\/2021\/07\/03-Publica\u00e7\u00e3o-Processo-Administrativo-23-07-2021-Recupera\u00e7\u00e3o-Autom\u00e1tica.pdf\" target=\"_blank\" >Extrato de Publica\u00e7\u00e3o n\u00b0 03\/2021<\/a><\/br><\/br><a href=\"https:\/\/conselheirolafaiete.mg.gov.br\/v1\/wp-content\/uploads\/2021\/06\/02-Publica\u00e7\u00e3o-Processo-Administrativo-28-06-2021.pdf\" target=\"_blank\" >Extrato de Publica\u00e7\u00e3o n\u00ba 02\/2021<\/a><\/br><\/br><a href=\"https:\/\/conselheirolafaiete.mg.gov.br\/v1\/wp-content\/uploads\/2021\/06\/Publica\u00e7\u00e3o-Processo-Administrativo-10-06-2021.pdf\" target=\"_blank\" >Extrato de Publica\u00e7\u00e3o n\u00ba 01\/2021 &#8211; P.A. 002\/2021<\/a><\/br><\/br>\n","protected":false},"excerpt":{"rendered":"Processo Administrativo n\u00ba 02-2023Processo Administrativo n\u00ba 01-2023Extrato de Publica\u00e7\u00e3o n\u00b0. 07\/2021Extrato de Publica\u00e7\u00e3o n\u00b0 06\/2021Extrato de Publica\u00e7\u00e3o n\u00b0 05\/2021Extrato de Publica\u00e7\u00e3o n\u00b0 04\/2021Extrato de Publica\u00e7\u00e3o n\u00b0 03\/2021Extrato de Publica\u00e7\u00e3o n\u00ba 02\/2021Extrato de Publica\u00e7\u00e3o n\u00ba 01\/2021 &#8211; P.A. 002\/2021","protected":false},"author":1,"featured_media":0,"parent":0,"menu_order":0,"comment_status":"closed","ping_status":"closed","template":"","meta":{"footnotes":""},"class_list":["post-7470","page","type-page","status-publish","hentry"],"_links":{"self":[{"href":"https:\/\/conselheirolafaiete.mg.gov.br\/v1\/wp-json\/wp\/v2\/pages\/7470","targetHints":{"allow":["GET"]}}],"collection":[{"href":"https:\/\/conselheirolafaiete.mg.gov.br\/v1\/wp-json\/wp\/v2\/pages"}],"about":[{"href":"https:\/\/conselheirolafaiete.mg.gov.br\/v1\/wp-json\/wp\/v2\/types\/page"}],"author":[{"embeddable":true,"href":"https:\/\/conselheirolafaiete.mg.gov.br\/v1\/wp-json\/wp\/v2\/users\/1"}],"replies":[{"embeddable":true,"href":"https:\/\/conselheirolafaiete.mg.gov.br\/v1\/wp-json\/wp\/v2\/comments?post=7470"}],"version-history":[{"count":3,"href":"https:\/\/conselheirolafaiete.mg.gov.br\/v1\/wp-json\/wp\/v2\/pages\/7470\/revisions"}],"predecessor-version":[{"id":7474,"href":"https:\/\/conselheirolafaiete.mg.gov.br\/v1\/wp-json\/wp\/v2\/pages\/7470\/revisions\/7474"}],"wp:attachment":[{"href":"https:\/\/conselheirolafaiete.mg.gov.br\/v1\/wp-json\/wp\/v2\/media?parent=7470"}],"curies":[{"name":"wp","href":"https:\/\/api.w.org\/{rel}","templated":true}]}}