{"id":33098,"date":"2019-08-28T16:36:47","date_gmt":"2019-08-28T18:36:47","guid":{"rendered":"http:\/\/conselheirolafaiete.mg.gov.br\/v2\/?page_id=33098"},"modified":"2019-08-28T16:46:50","modified_gmt":"2019-08-28T18:46:50","slug":"locaisehorarios","status":"publish","type":"page","link":"https:\/\/conselheirolafaiete.mg.gov.br\/v2\/locaisehorarios\/","title":{"rendered":"Locais e hor\u00e1rios de Atendimento"},"content":{"rendered":"\n<table id=\"tablepress-1\" class=\"tablepress tablepress-id-1\">\n<thead>\n<tr class=\"row-1\">\n\t<th class=\"column-1\">Setor<\/th><th class=\"column-2\">Servi\u00e7os prestados<\/th><th class=\"column-3\">Endere\u00e7o<\/th><th class=\"column-4\">Telefone<\/th><th class=\"column-5\">Documento para acesso<\/th><th class=\"column-6\">Hor\u00e1rio de funcionamento<\/th>\n<\/tr>\n<\/thead>\n<tbody class=\"row-striping row-hover\">\n<tr class=\"row-2\">\n\t<td class=\"column-1\">CEO - Centro de Especialidades Odontol\u00f3gicas<\/td><td class=\"column-2\">Atendimento \u00e0s Especialidades Odontol\u00f3gicas: Endodontia, Periodontia, Cirurgia, Odontopediatria e                            PNE - Atendimento \u00e0 Pacientes com Necessidades Especiais<\/td><td class=\"column-3\">Rua: Jos\u00e9 Domingos Alves Ba\u00eata, S\/N - Centro<\/td><td class=\"column-4\">3769-9050                                    3769-8114<\/td><td class=\"column-5\">- Cart\u00e3o do SUS                                     - Documento de identidade             -Refer\u00eancia da Aten\u00e7\u00e3o B\u00e1sica          ( Encaminhamento)<\/td><td class=\"column-6\">De 2\u00aa \u00e0 6\u00aa feira               7:00h \u00e0s 11:00h                                                 13:00 \u00e0s 17:00h<\/td>\n<\/tr>\n<tr class=\"row-3\">\n\t<td class=\"column-1\">UPA - Unidade de Pronto Atendimento                                   ( Pronto Socorro)<\/td><td class=\"column-2\">Atendimento \u00e0 urg\u00eancias e emerg\u00eancias<\/td><td class=\"column-3\">Av. Prefeito M\u00e1rio Rodrigues Pereira, 175 - Centro<\/td><td class=\"column-4\">3769-2553<\/td><td class=\"column-5\">- Cart\u00e3o do SUS                                     - Documento de identidade<\/td><td class=\"column-6\">De 2\u00aa \u00e0 6\u00aa feira :                       7:00 \u00e0s 12:00                         13:00 \u00e0s 18:00                                            S\u00e1bados, domingos e feriados:                            7:00 \u00e0s 19:00                           ( Sobreaviso)<\/td>\n<\/tr>\n<tr class=\"row-4\">\n\t<td class=\"column-1\">PSFAlbinop\u00f3lis I<\/td><td class=\"column-2\">Atendimento \u00e0 urg\u00eancias e tratamentos b\u00e1sicos de odontologia<\/td><td class=\"column-3\">Av. Pedro Silva, 440 - Albin\u00f3polis<\/td><td class=\"column-4\">3769-2659<\/td><td class=\"column-5\">- Cart\u00e3o do SUS                                     - Documento de identidade<\/td><td class=\"column-6\">De 2\u00aa \u00e0 6\u00aa feira               7:00h \u00e0s 11:00h                                                 13:00 \u00e0s 17:00h<\/td>\n<\/tr>\n<tr class=\"row-5\">\n\t<td class=\"column-1\">PSF Albinop\u00f3lis II<\/td><td class=\"column-2\">Atendimento \u00e0 urg\u00eancias e tratamentos b\u00e1sicos de odontologia<\/td><td class=\"column-3\">Av: Pedro Silva, 440 - Albin\u00f3polis<\/td><td class=\"column-4\">3769-2659<\/td><td class=\"column-5\">- Cart\u00e3o do SUS                                     - Documento de identidade<\/td><td class=\"column-6\">De 2\u00aa \u00e0 6\u00aa feira               7:00h \u00e0s 11:00h                                                 13:00 \u00e0s 17:00h<\/td>\n<\/tr>\n<tr class=\"row-6\">\n\t<td class=\"column-1\">PSF Vila Rezende<\/td><td class=\"column-2\">Atendimento \u00e0 urg\u00eancias e tratamentos b\u00e1sicos de odontologia<\/td><td class=\"column-3\">R: Pedro Belavinha , 300 - Belavinha<\/td><td class=\"column-4\">3769-2680<\/td><td class=\"column-5\">- Cart\u00e3o do SUS                                     - Documento de identidade<\/td><td class=\"column-6\">De 2\u00aa \u00e0 6\u00aa feira               7:00h \u00e0s 11:00h                                                 13:00 \u00e0s 17:00h<\/td>\n<\/tr>\n<tr class=\"row-7\">\n\t<td class=\"column-1\">PSF Morro da Mina<\/td><td class=\"column-2\">Atendimento \u00e0 urg\u00eancias e tratamentos b\u00e1sicos de odontologia<\/td><td class=\"column-3\">R: Pedro Belavinha , 300 - Belavinha<\/td><td class=\"column-4\">3769-2680<\/td><td class=\"column-5\">- Cart\u00e3o do SUS                                     - Documento de identidade<\/td><td class=\"column-6\">De 2\u00aa \u00e0 6\u00aa feira               7:00h \u00e0s 11:00h                                                 13:00 \u00e0s 17:00h<\/td>\n<\/tr>\n<tr class=\"row-8\">\n\t<td class=\"column-1\">PSF Santa Cruz<\/td><td class=\"column-2\">Atendimento \u00e0 urg\u00eancias e tratamentos b\u00e1sicos de odontologia<\/td><td class=\"column-3\">R: Hermilio Rodrigues Pereira, 150 - Santa Terezinha<\/td><td class=\"column-4\">3769-2672<\/td><td class=\"column-5\">- Cart\u00e3o do SUS                                     - Documento de identidade<\/td><td class=\"column-6\">De 2\u00aa \u00e0 6\u00aa feira               7:00h \u00e0s 11:00h                                                 13:00 \u00e0s 17:00h<\/td>\n<\/tr>\n<tr class=\"row-9\">\n\t<td class=\"column-1\">PSF Santu\u00e1rio                                                                           (Funciona no Posto Regional do Santu\u00e1rio)<\/td><td class=\"column-2\">Atendimento \u00e0 urg\u00eancias e tratamentos b\u00e1sicos de odontologia<\/td><td class=\"column-3\">Pra\u00e7a Astor Viana, s\/n - Sagrado Cora\u00e7\u00e3o de Jesus<\/td><td class=\"column-4\">3769-2620<\/td><td class=\"column-5\">- Cart\u00e3o do SUS                                     - Documento de identidade<\/td><td class=\"column-6\">De 2\u00aa \u00e0 6\u00aa feira               7:00h \u00e0s 11:00h                                                 13:00 \u00e0s 17:00h<\/td>\n<\/tr>\n<tr class=\"row-10\">\n\t<td class=\"column-1\">PSF Gag\u00e9<\/td><td class=\"column-2\">Atendimento \u00e0 urg\u00eancias e tratamentos b\u00e1sicos de odontologia<\/td><td class=\"column-3\">R: Monteiro de Castro, 106 - Gag\u00e9<\/td><td class=\"column-4\">3728-1050<\/td><td class=\"column-5\">- Cart\u00e3o do SUS                                     - Documento de identidade<\/td><td class=\"column-6\">4\u00aa e 5\u00aa feira                       7:00h \u00e0s 11:00h                                                 13:00 \u00e0s 17:00h<\/td>\n<\/tr>\n<tr class=\"row-11\">\n\t<td class=\"column-1\">Escola Municipal J\u00falia Miranda Nogueira<\/td><td class=\"column-2\">Atendimento \u00e0 urg\u00eancias e tratamentos b\u00e1sicos de odontologia<\/td><td class=\"column-3\">R: Alexandrina de Queir\u00f3s, 25 - S\u00e3o Jo\u00e3o<\/td><td class=\"column-4\">3769-2663<\/td><td class=\"column-5\">- Cart\u00e3o do SUS                                     - Documento de identidade<\/td><td class=\"column-6\">De 2\u00aa \u00e0 6\u00aa feira               7:00h \u00e0s 11:00h                                                 13:00 \u00e0s 17:00h<\/td>\n<\/tr>\n<tr class=\"row-12\">\n\t<td class=\"column-1\">Escola Municipal Jair Noronha<\/td><td class=\"column-2\">Atendimento \u00e0 urg\u00eancias e tratamentos b\u00e1sicos de odontologia<\/td><td class=\"column-3\">R: Francisco Lobo, 2.684 - Moinhos<\/td><td class=\"column-4\">3769-2596<\/td><td class=\"column-5\">- Cart\u00e3o do SUS                                     - Documento de identidade<\/td><td class=\"column-6\">De 2\u00aa \u00e0 6\u00aa feira               7:00h \u00e0s 11:00h                                                 13:00 \u00e0s 17:00h<\/td>\n<\/tr>\n<tr class=\"row-13\">\n\t<td class=\"column-1\">Escola Municipal Professor Doriol Beato<\/td><td class=\"column-2\">Atendimento \u00e0 urg\u00eancias e tratamentos b\u00e1sicos de odontologia<\/td><td class=\"column-3\">R: Senador Milton Campos, 610 - Ang\u00e9lica<\/td><td class=\"column-4\">3769-2587<\/td><td class=\"column-5\">- Cart\u00e3o do SUS                                     - Documento de identidade<\/td><td class=\"column-6\">De 2\u00aa \u00e0 6\u00aa feira               7:00h \u00e0s 11:00h                                                 13:00 \u00e0s 17:00h<\/td>\n<\/tr>\n<tr class=\"row-14\">\n\t<td class=\"column-1\">Escola Municipal Prof. Olavo Mendes Brand\u00e3o<\/td><td class=\"column-2\">Atendimento \u00e0 urg\u00eancias e tratamentos b\u00e1sicos de odontologia<\/td><td class=\"column-3\">R: Bernardo Guimar\u00e3es, 76 - Queluz<\/td><td class=\"column-4\">3769-2535<\/td><td class=\"column-5\">- Cart\u00e3o do SUS                                     - Documento de identidade<\/td><td class=\"column-6\">De 2\u00aa \u00e0 6\u00aa feira               7:00h \u00e0s 11:00h                                                 13:00 \u00e0s 17:00h<\/td>\n<\/tr>\n<tr class=\"row-15\">\n\t<td class=\"column-1\">Escola Estadual Narciso de Queir\u00f3s<\/td><td class=\"column-2\">Atendimento \u00e0 urg\u00eancias e tratamentos b\u00e1sicos de odontologia<\/td><td class=\"column-3\">R: Bar\u00e3o de Sua\u00e7u\u00ed, 231 - Santa Efig\u00eania<\/td><td class=\"column-4\">3763-8292<\/td><td class=\"column-5\">- Cart\u00e3o do SUS                                     - Documento de identidade<\/td><td class=\"column-6\">De 2\u00aa \u00e0 6\u00aa feira               7:00h \u00e0s 11:00h                                                 13:00 \u00e0s 17:00h<\/td>\n<\/tr>\n<tr class=\"row-16\">\n\t<td class=\"column-1\">Escola Estadual  Professor Astor Viana<\/td><td class=\"column-2\">Atendimento \u00e0 urg\u00eancias e tratamentos b\u00e1sicos de odontologia<\/td><td class=\"column-3\">R: Joemy Faria, 314 - Progresso<\/td><td class=\"column-4\">3763-5124<\/td><td class=\"column-5\">- Cart\u00e3o do SUS                                     - Documento de identidade<\/td><td class=\"column-6\">De 2\u00aa \u00e0 6\u00aa feira               7:00h \u00e0s 11:00h                                                 13:00 \u00e0s 17:00h<\/td>\n<\/tr>\n<tr class=\"row-17\">\n\t<td class=\"column-1\">Escola Estadual Luiz de Melo Viana Sobrinho<\/td><td class=\"column-2\">Atendimento \u00e0 urg\u00eancias e tratamentos b\u00e1sicos de odontologia<\/td><td class=\"column-3\">Av. Santa Matilde, 885 - Santa Matilde<\/td><td class=\"column-4\">3762-4069<\/td><td class=\"column-5\">- Cart\u00e3o do SUS                                     - Documento de identidade<\/td><td class=\"column-6\">De 2\u00aa \u00e0 6\u00aa feira               7:00h \u00e0s 11:00h                                                 13:00 \u00e0s 17:00h<\/td>\n<\/tr>\n<tr class=\"row-18\">\n\t<td class=\"column-1\">Escola Estadual Monsenhor Ant\u00f4nio Jos\u00e9 Ferreira<\/td><td class=\"column-2\">Atendimento \u00e0 urg\u00eancias e tratamentos b\u00e1sicos de odontologia<\/td><td class=\"column-3\">R: Jo\u00e3o Martins Pereira, 80 - Paulo VI<\/td><td class=\"column-4\">3761-1373<\/td><td class=\"column-5\">- Cart\u00e3o do SUS                                     - Documento de identidade<\/td><td class=\"column-6\">De 2\u00aa \u00e0 6\u00aa feira               7:00h \u00e0s 11:00h                                                 13:00 \u00e0s 17:00h<\/td>\n<\/tr>\n<tr class=\"row-19\">\n\t<td class=\"column-1\">Unidade de Sa\u00fade - Almeidas                               (Escola Arnaldo  Rodrigues Pereira )<\/td><td class=\"column-2\">Atendimento \u00e0 urg\u00eancias e tratamentos b\u00e1sicos de odontologia<\/td><td class=\"column-3\">BR - 482  Km 7<\/td><td class=\"column-4\">-<\/td><td class=\"column-5\">- Cart\u00e3o do SUS                                     - Documento de identidade<\/td><td class=\"column-6\">6\u00aa feira                                         7:00h \u00e0s 11:00h<\/td>\n<\/tr>\n<tr class=\"row-20\">\n\t<td class=\"column-1\">Posto de Sa\u00fade Padre Lobo da Silveira                                               ( Rancho Novo)<\/td><td class=\"column-2\">Atendimento \u00e0 urg\u00eancias e tratamentos b\u00e1sicos de odontologia<\/td><td class=\"column-3\">R: Jos\u00e9 Felipe, S\/N- Rancho Novo<\/td><td class=\"column-4\">-<\/td><td class=\"column-5\">- Cart\u00e3o do SUS                                     - Documento de identidade<\/td><td class=\"column-6\">4\u00aa e 5\u00aa feira                       7:00 \u00e0s 11:00h                             6\u00aa feira                                               13:00 \u00e0s 17:00h<\/td>\n<\/tr>\n<tr class=\"row-21\">\n\t<td class=\"column-1\">CPS - Centro de Promo\u00e7\u00e3o    \u00e0 Sa\u00fade<\/td><td class=\"column-2\">Atendimento \u00e0 urg\u00eancias e tratamentos b\u00e1sicos de odontologia, para os pacientes em tratamento na unidade.<\/td><td class=\"column-3\">R: Avenida D. Pedro II, 190-S\u00e3o Sebasti\u00e3o<\/td><td class=\"column-4\">3769-9054<\/td><td class=\"column-5\">- Cart\u00e3o do SUS                                     - Documento de identidade<\/td><td class=\"column-6\">3\u00aa e 5\u00aa feira                       7:00 \u00e0s 11:00h                                                                13:00 \u00e0s 17:00h<\/td>\n<\/tr>\n<tr class=\"row-22\">\n\t<td class=\"column-1\">CRS Padre Corn\u00e9lio Moerel S\u00c3O JO\u00c3O<\/td><td class=\"column-2\">Atendimento \u00e0 urg\u00eancias e tratamentos b\u00e1sicos de odontologia<\/td><td class=\"column-3\">R: Adolfo Siqueira, 676 - S\u00e3o Jo\u00e3o<\/td><td class=\"column-4\">3769-2556<\/td><td class=\"column-5\">- Cart\u00e3o do SUS                                     - Documento de identidade<\/td><td class=\"column-6\">De 2\u00aa \u00e0 6\u00aa feira               7:00h \u00e0s 11:00h                                                 13:00 \u00e0s 17:00h<\/td>\n<\/tr>\n<tr class=\"row-23\">\n\t<td class=\"column-1\">CRS Odilon Amaral Bhering BARREIRA<\/td><td class=\"column-2\">Atendimento \u00e0 urg\u00eancias e tratamentos b\u00e1sicos de odontologia<\/td><td class=\"column-3\">R: Hermilio Rodrigues Pereira, 150 - Santa Terezinha<\/td><td class=\"column-4\">3769-2674<\/td><td class=\"column-5\">- Cart\u00e3o do SUS                                     - Documento de identidade<\/td><td class=\"column-6\">De 2\u00aa \u00e0 6\u00aa feira               7:00h \u00e0s 11:00h                                                 13:00 \u00e0s 17:00h<\/td>\n<\/tr>\n<\/tbody>\n<\/table>\n<!-- #tablepress-1 from cache -->\n","protected":false},"excerpt":{"rendered":"SetorServi\u00e7os prestadosEndere\u00e7oTelefoneDocumento para acessoHor\u00e1rio de funcionamento CEO - Centro de Especialidades Odontol\u00f3gicasAtendimento \u00e0s Especialidades Odontol\u00f3gicas: Endodontia, Periodontia, Cirurgia, Odontopediatria e PNE - Atendimento \u00e0 Pacientes com Necessidades EspeciaisRua: Jos\u00e9 Domingos Alves Ba\u00eata, S\/N - Centro3769-9050 3769-8114- Cart\u00e3o do SUS - Documento de identidade -Refer\u00eancia da Aten\u00e7\u00e3o B\u00e1sica ( Encaminhamento)De 2\u00aa \u00e0 6\u00aa feira 7:00h \u00e0s [...]","protected":false},"author":5,"featured_media":0,"parent":0,"menu_order":0,"comment_status":"closed","ping_status":"closed","template":"","meta":{"footnotes":""},"class_list":["post-33098","page","type-page","status-publish","hentry"],"_links":{"self":[{"href":"https:\/\/conselheirolafaiete.mg.gov.br\/v2\/wp-json\/wp\/v2\/pages\/33098","targetHints":{"allow":["GET"]}}],"collection":[{"href":"https:\/\/conselheirolafaiete.mg.gov.br\/v2\/wp-json\/wp\/v2\/pages"}],"about":[{"href":"https:\/\/conselheirolafaiete.mg.gov.br\/v2\/wp-json\/wp\/v2\/types\/page"}],"author":[{"embeddable":true,"href":"https:\/\/conselheirolafaiete.mg.gov.br\/v2\/wp-json\/wp\/v2\/users\/5"}],"replies":[{"embeddable":true,"href":"https:\/\/conselheirolafaiete.mg.gov.br\/v2\/wp-json\/wp\/v2\/comments?post=33098"}],"version-history":[{"count":2,"href":"https:\/\/conselheirolafaiete.mg.gov.br\/v2\/wp-json\/wp\/v2\/pages\/33098\/revisions"}],"predecessor-version":[{"id":33103,"href":"https:\/\/conselheirolafaiete.mg.gov.br\/v2\/wp-json\/wp\/v2\/pages\/33098\/revisions\/33103"}],"wp:attachment":[{"href":"https:\/\/conselheirolafaiete.mg.gov.br\/v2\/wp-json\/wp\/v2\/media?parent=33098"}],"curies":[{"name":"wp","href":"https:\/\/api.w.org\/{rel}","templated":true}]}}