{"id":94029,"date":"2026-01-09T10:06:37","date_gmt":"2026-01-09T12:06:37","guid":{"rendered":"https:\/\/conselheirolafaiete.mg.gov.br\/v2\/?page_id=94029"},"modified":"2026-01-09T10:06:37","modified_gmt":"2026-01-09T12:06:37","slug":"editais-semed-2026","status":"publish","type":"page","link":"https:\/\/conselheirolafaiete.mg.gov.br\/v2\/editais-semed-2026\/","title":{"rendered":"Editais Semed 2026"},"content":{"rendered":"<h4><strong>RESOLU\u00c7\u00d5ES:<\/strong><\/h4>\n<a href=\"https:\/\/conselheirolafaiete.mg.gov.br\/v2\/wp-content\/uploads\/2026\/04\/RESOLUCAO-RECOMPOSICAO.pdf\" target=\"_blank\" >RESOLU\u00c7\u00c3O N\u00ba 004-2026. Disp\u00f5e sobre a organiza\u00e7\u00e3o, implementa\u00e7\u00e3o, contrata\u00e7\u00e3o e monitoramento das a\u00e7\u00f5es de Recomposi\u00e7\u00e3o das Aprendizagens na Rede Municipal de Ensino de Conselheiro Lafaiete, em conson\u00e2ncia com a Portaria SEMED n\u00ba34\/2025.<\/a><\/br><\/br><a href=\"https:\/\/conselheirolafaiete.mg.gov.br\/v2\/wp-content\/uploads\/2026\/02\/Resolucao-SEMED-03-2026-Compressed.pdf\" target=\"_blank\" >RESOLU\u00c7\u00c3O N\u00ba 003-2026. Estabelece normas e procedimentos para a organiza\u00e7\u00e3o, sele\u00e7\u00e3o e contrata\u00e7\u00e3o de profissionais para a Educa\u00e7\u00e3o Especial no \u00e2mbito da Secretaria Municipal de Educa\u00e7\u00e3o do Munic\u00edpio de Conselheiro Lafaiete\/MG, e d\u00e1 outras provid\u00eancias.<\/a><\/br><\/br><a href=\"https:\/\/conselheirolafaiete.mg.gov.br\/v2\/wp-content\/uploads\/2026\/01\/Resolucao-Semed-001-26.pdf\" target=\"_blank\" >RESOLU\u00c7\u00c3O N\u00ba 001-2026. Estabelece normas para contrata\u00e7\u00e3o de pessoal para o exerc\u00edcio de fun\u00e7\u00e3o p\u00fablica na Secretaria Municipal de Educa\u00e7\u00e3o e d\u00e1 outras provid\u00eancias.<\/a><\/br><\/br>\n<h4><strong>EDITAIS:<\/strong><\/h4>\n<a href=\"https:\/\/conselheirolafaiete.mg.gov.br\/v2\/wp-content\/uploads\/2026\/04\/EDITAL-034-ASE-CANTINEIRA-AUX.-ESC-PEI-PEBII-06-04-26-1.pdf\" target=\"_blank\" >EDITAL N\u00ba 034 &#8211; ASE, CANTINEIRA, AUXILIAR ESCOLAR, PEI E PEBII &#8211; 06-04-26<\/a><\/br><\/br><a href=\"https:\/\/conselheirolafaiete.mg.gov.br\/v2\/wp-content\/uploads\/2026\/03\/EDITAL-033-ASEAUX.-ESC.-PEI-PEBI-SRMPEBII-30-03-26.pdf\" target=\"_blank\" >EDITAL N\u00ba 033 &#8211; ASE, AUXILIAR ESCOLAR, PEI, PEBI, PEBI &#8211; SALA DE RECURSOS, PEBII &#8211; 30-03-26<\/a><\/br><\/br><a href=\"https:\/\/conselheirolafaiete.mg.gov.br\/v2\/wp-content\/uploads\/2026\/03\/ERRATA-No-01-26.pdf\" target=\"_blank\" >ERRATA EDITAL 032 &#8211; MEI &#8211; 27-03-26<\/a><\/br><\/br><a href=\"https:\/\/conselheirolafaiete.mg.gov.br\/v2\/wp-content\/uploads\/2026\/03\/EDITAL-032-MEI-27-03-26.pdf\" target=\"_blank\" >EDITAL 032 &#8211; MEI &#8211; 27-03-26<\/a><\/br><\/br><a href=\"https:\/\/conselheirolafaiete.mg.gov.br\/v2\/wp-content\/uploads\/2026\/03\/EDITAL-031-ASE-PEBIPEBII-24-03-26.pdf\" target=\"_blank\" >EDITAL 031 -ASE, PEBI,PEBII &#8211; 24-03-26<\/a><\/br><\/br><a href=\"https:\/\/conselheirolafaiete.mg.gov.br\/v2\/wp-content\/uploads\/2026\/03\/EDITAL-030-ASE-AUX.-SEC.-AUX.-ESC.-ANALISTA-PEBII-20-03-26.pdf\" target=\"_blank\" >EDITAL N\u00ba 030 &#8211; ASE, AUXILIAR DE SECRETARIA, AUXILIAR ESCOLAR,  PEBII &#8211; 20-03-26<\/a><\/br><\/br><a href=\"https:\/\/conselheirolafaiete.mg.gov.br\/v2\/wp-content\/uploads\/2026\/03\/EDITAL-029-ASE-AUX.-ESC.-PEBI-PEI-PEI-SRM-PEBII-18-03-26.pdf\" target=\"_blank\" >EDITAL N\u00ba 029 &#8211; ASE, AUXILIAR ESCOLAR, ANALISTA EDUCACIONAL, PEBI, PEI, PEI-SALA DE RECURSOS, PEBII &#8211; 18-03-26<\/a><\/br><\/br><a href=\"https:\/\/conselheirolafaiete.mg.gov.br\/v2\/wp-content\/uploads\/2026\/03\/EDITAL-028-CANTINEIRA-AUX.-ESC.-PEBI-PEBI-PEBII-16-03-26.pdf\" target=\"_blank\" >EDITAL 028 -CANTINEIRA, AUXILIAR ESCOLAR, ANALISTA EDUCACIONAL, PEBI, PEBII &#8211; 16-03-26<\/a><\/br><\/br><a href=\"https:\/\/conselheirolafaiete.mg.gov.br\/v2\/wp-content\/uploads\/2026\/03\/EDITAL-027-ASE-AUX.-ESC.PEI-e-PEBI-SRM-PEBII-13-03-26-1.pdf\" target=\"_blank\" >EDITAL N\u00ba 027 &#8211; ASE, AUXILIAR ESCOLAR, PEI, PEI- SALA DE RECURSOS, PEBI, PEBI &#8211; SALA DE RECURSOS, PEBII &#8211; 13-03-26<\/a><\/br><\/br><a href=\"https:\/\/conselheirolafaiete.mg.gov.br\/v2\/wp-content\/uploads\/2026\/03\/EDITAL-026-PEBI-SALA-DE-RECURSOS-PEBII-11-03-26.pdf\" target=\"_blank\" >EDITAL N\u00ba 026 &#8211; PEBI &#8211; SALA DE RECURSOS, PEBII &#8211; 11-03-26<\/a><\/br><\/br><a href=\"https:\/\/conselheirolafaiete.mg.gov.br\/v2\/wp-content\/uploads\/2026\/03\/EDITAL-025-ASE-AUX.-SEC.-AUX.-ESC.-10-03-26-3.pdf\" target=\"_blank\" >EDITAL N\u00ba 025 &#8211; ASE, AUXILIAR DE SECRETARIA, AUXILIAR ESCOLAR &#8211; 10-03-26<\/a><\/br><\/br><a href=\"https:\/\/conselheirolafaiete.mg.gov.br\/v2\/wp-content\/uploads\/2026\/03\/EDITAL-024-PEI-PEBI-10-03-26.pdf\" target=\"_blank\" >EDITAL N\u00ba 024 &#8211; PEI, PEBI, PEBI &#8211; SALA DE RECURSOS &#8211; 10-03-26<\/a><\/br><\/br><a href=\"https:\/\/conselheirolafaiete.mg.gov.br\/v2\/wp-content\/uploads\/2026\/03\/EDITAL-023-PEI-PEBII-05-03-26.pdf\" target=\"_blank\" >EDITAL 023 &#8211; PEI, PEBII &#8211; 05-03-26<\/a><\/br><\/br><a href=\"https:\/\/conselheirolafaiete.mg.gov.br\/v2\/wp-content\/uploads\/2026\/03\/EDITAL-022-ASE-CANTINEIRA-PEI-PEBI-05-03-26.pdf\" target=\"_blank\" >EDITAL N\u00ba 022 &#8211; ASE, CANTINEIRA, PEI, PEBI &#8211; 05-03-26<\/a><\/br><\/br><a href=\"https:\/\/conselheirolafaiete.mg.gov.br\/v2\/wp-content\/uploads\/2026\/03\/EDITAL-021-PEBI-PEBII-03-03-26-4.pdf\" target=\"_blank\" >EDITAL N\u00ba 021 &#8211; PEBI, PEBII &#8211; 03-03-26<\/a><\/br><\/br>\n","protected":false},"excerpt":{"rendered":"<p>RESOLU\u00c7\u00d5ES: EDITAIS:<\/p>\n","protected":false},"author":5,"featured_media":0,"parent":0,"menu_order":0,"comment_status":"closed","ping_status":"closed","template":"","meta":{"footnotes":""},"class_list":["post-94029","page","type-page","status-publish","hentry"],"_links":{"self":[{"href":"https:\/\/conselheirolafaiete.mg.gov.br\/v2\/wp-json\/wp\/v2\/pages\/94029","targetHints":{"allow":["GET"]}}],"collection":[{"href":"https:\/\/conselheirolafaiete.mg.gov.br\/v2\/wp-json\/wp\/v2\/pages"}],"about":[{"href":"https:\/\/conselheirolafaiete.mg.gov.br\/v2\/wp-json\/wp\/v2\/types\/page"}],"author":[{"embeddable":true,"href":"https:\/\/conselheirolafaiete.mg.gov.br\/v2\/wp-json\/wp\/v2\/users\/5"}],"replies":[{"embeddable":true,"href":"https:\/\/conselheirolafaiete.mg.gov.br\/v2\/wp-json\/wp\/v2\/comments?post=94029"}],"version-history":[{"count":1,"href":"https:\/\/conselheirolafaiete.mg.gov.br\/v2\/wp-json\/wp\/v2\/pages\/94029\/revisions"}],"predecessor-version":[{"id":94030,"href":"https:\/\/conselheirolafaiete.mg.gov.br\/v2\/wp-json\/wp\/v2\/pages\/94029\/revisions\/94030"}],"wp:attachment":[{"href":"https:\/\/conselheirolafaiete.mg.gov.br\/v2\/wp-json\/wp\/v2\/media?parent=94029"}],"curies":[{"name":"wp","href":"https:\/\/api.w.org\/{rel}","templated":true}]}}